{"id":2458,"date":"2020-03-28T20:33:15","date_gmt":"2020-03-28T19:33:15","guid":{"rendered":"https:\/\/redtaag.com\/produit\/android-pda-handheld-ticketscanner-sb-cwu1\/"},"modified":"2024-08-12T00:19:44","modified_gmt":"2024-08-11T22:19:44","slug":"android-pda-handheld-ticketscanner-sb-cwu1","status":"publish","type":"product","link":"https:\/\/redtaag.com\/nl\/produit\/android-pda-handheld-ticketscanner-sb-cwu1\/","title":{"rendered":"Android PDA handheld ticketscanner SB-CWU1"},"content":{"rendered":"<p><b>Even krachtig<\/b> (zelfde leeskop) als de oorspronkelijk gekwalificeerde scanner, dit model heeft <b>geen holster<span class=\"Apple-converted-space\">\u00a0<\/span><\/b><\/p>\n<p>Ze worden geleverd met de vooraf ge\u00efnstalleerde <a href=\"https:\/\/play.google.com\/store\/apps\/details?id=com.redtaag.scanner.redtaag\">Redtaag app<\/a>. Klaar voor gebruik, koppel het aan uw instantie door een scanner in je backoffice toe te voegen en scan de configuratiecode (of stuur de code om gescand te worden naar je toegangscontrolepersoneel)<\/p>\n<p>Het is makkelijk te gebruiken en je kan de scanner configureren vanuit je backoffice om te bepalen welke evenementen en deuren hij kan controleren. De handheld scanners worden automatisch geactualiseerd, waardoor je controlepersoneel daarvoor niets hoef te doen.<\/p>\n<p>Je kan een of meerdere scanners gebruiken per deur, afhankelijk van de behoeften van de toegangscontrole. Je kan de verkoop voortzetten na de start van de controles. In de online modus worden de ticketscans ge\u00fcpdatet in de rapporteringsbackoffice, zodat je in real time weet hoe vol je evenement is.<\/p>\n<p>De nieuwe versies van de controle-app worden automatisch bijgewerkt via Play Store. De scanners zijn bestendig tegen het vallen en tegen waterspetters. Ze kunnen zowel online als offline gebruikt worden.<\/p>\n","protected":false},"excerpt":{"rendered":"<p>PDA op basis van Android waarmee je je tickets en de tickets van je resellers (Fnac, France Billet, Digitick, &#8230;) en je coproducenten kan scannen.<\/p>\n<p><b>Nieuwe handheld scanner<\/b> compatibel gemaakt met Redtaag, zodat klanten hun lezers kunnen blijven gebruiken met een andere oplossing voor ticketverkoop<\/p>\n","protected":false},"featured_media":2466,"comment_status":"closed","ping_status":"closed","template":"","meta":{"_price":"395","_stock":"7.000000","_tribe_ticket_header":"","_tribe_default_ticket_provider":"","_tribe_ticket_capacity":"7","_ticket_start_date":"","_ticket_end_date":"","_tribe_ticket_show_description":"","_tribe_ticket_show_not_going":false,"_tribe_ticket_use_global_stock":"","_tribe_ticket_global_stock_level":"","_global_stock_mode":"","_global_stock_cap":"","_tribe_rsvp_for_event":"","_tribe_ticket_going_count":"","_tribe_ticket_not_going_count":"","_tribe_tickets_list":"[]","_tribe_ticket_has_attendee_info_fields":false},"product_brand":[],"product_cat":[],"product_tag":[],"class_list":{"0":"post-2458","1":"product","2":"type-product","3":"status-publish","4":"has-post-thumbnail","6":"tm-no-options","8":"first","9":"instock","10":"sale","11":"taxable","12":"shipping-taxable","13":"purchasable","14":"product-type-simple"},"yoast_head":"<!-- This site is optimized with the Yoast SEO plugin v27.4 - https:\/\/yoast.com\/product\/yoast-seo-wordpress\/ -->\n<title>Android PDA handheld ticketscanner SB-CWU1 - Logiciel de billetterie en ligne (solution fullweb) pour th\u00e9\u00e2tres, salles de spectacle vivant, ...<\/title>\n<meta name=\"robots\" content=\"index, follow, max-snippet:-1, max-image-preview:large, max-video-preview:-1\" \/>\n<link rel=\"canonical\" href=\"https:\/\/redtaag.com\/nl\/produit\/android-pda-handheld-ticketscanner-sb-cwu1\/\" \/>\n<meta property=\"og:locale\" content=\"nl_NL\" \/>\n<meta property=\"og:type\" content=\"article\" \/>\n<meta property=\"og:title\" content=\"Android PDA handheld ticketscanner SB-CWU1 - Logiciel de billetterie en ligne (solution fullweb) pour th\u00e9\u00e2tres, salles de spectacle vivant, ...\" \/>\n<meta property=\"og:description\" content=\"PDA op basis van Android waarmee je je tickets en de tickets van je resellers (Fnac, France Billet, Digitick, ...) en je coproducenten kan scannen.  Nieuwe handheld scanner compatibel gemaakt met Redtaag, zodat klanten hun lezers kunnen blijven gebruiken met een andere oplossing voor ticketverkoop\" \/>\n<meta property=\"og:url\" content=\"https:\/\/redtaag.com\/nl\/produit\/android-pda-handheld-ticketscanner-sb-cwu1\/\" \/>\n<meta property=\"og:site_name\" content=\"Logiciel de billetterie en ligne (solution fullweb) pour th\u00e9\u00e2tres, salles de spectacle vivant, ...\" \/>\n<meta property=\"article:modified_time\" content=\"2024-08-11T22:19:44+00:00\" \/>\n<meta property=\"og:image\" content=\"https:\/\/redtaag.com\/site-rtgv2\/wp-content\/uploads\/2020\/03\/pda-scanner-douchette-billets-android-face-dos.jpg\" \/>\n\t<meta property=\"og:image:width\" content=\"1134\" \/>\n\t<meta property=\"og:image:height\" content=\"850\" \/>\n\t<meta property=\"og:image:type\" content=\"image\/jpeg\" \/>\n<meta name=\"twitter:card\" content=\"summary_large_image\" \/>\n<meta name=\"twitter:label1\" content=\"Geschatte leestijd\" \/>\n\t<meta name=\"twitter:data1\" content=\"1 minuut\" \/>\n<script type=\"application\/ld+json\" class=\"yoast-schema-graph\">{\"@context\":\"https:\\\/\\\/schema.org\",\"@graph\":[{\"@type\":\"WebPage\",\"@id\":\"https:\\\/\\\/redtaag.com\\\/nl\\\/produit\\\/android-pda-handheld-ticketscanner-sb-cwu1\\\/\",\"url\":\"https:\\\/\\\/redtaag.com\\\/nl\\\/produit\\\/android-pda-handheld-ticketscanner-sb-cwu1\\\/\",\"name\":\"Android PDA handheld ticketscanner SB-CWU1 - Logiciel de billetterie en ligne (solution fullweb) pour th\u00e9\u00e2tres, salles de spectacle vivant, ...\",\"isPartOf\":{\"@id\":\"https:\\\/\\\/redtaag.com\\\/nl\\\/#website\"},\"primaryImageOfPage\":{\"@id\":\"https:\\\/\\\/redtaag.com\\\/nl\\\/produit\\\/android-pda-handheld-ticketscanner-sb-cwu1\\\/#primaryimage\"},\"image\":{\"@id\":\"https:\\\/\\\/redtaag.com\\\/nl\\\/produit\\\/android-pda-handheld-ticketscanner-sb-cwu1\\\/#primaryimage\"},\"thumbnailUrl\":\"https:\\\/\\\/i0.wp.com\\\/redtaag.com\\\/site-rtgv2\\\/wp-content\\\/uploads\\\/2020\\\/03\\\/pda-scanner-douchette-billets-android-face-dos.jpg?fit=1134%2C850&ssl=1\",\"datePublished\":\"2020-03-28T19:33:15+00:00\",\"dateModified\":\"2024-08-11T22:19:44+00:00\",\"breadcrumb\":{\"@id\":\"https:\\\/\\\/redtaag.com\\\/nl\\\/produit\\\/android-pda-handheld-ticketscanner-sb-cwu1\\\/#breadcrumb\"},\"inLanguage\":\"nl-NL\",\"potentialAction\":[{\"@type\":\"ReadAction\",\"target\":[\"https:\\\/\\\/redtaag.com\\\/nl\\\/produit\\\/android-pda-handheld-ticketscanner-sb-cwu1\\\/\"]}]},{\"@type\":\"ImageObject\",\"inLanguage\":\"nl-NL\",\"@id\":\"https:\\\/\\\/redtaag.com\\\/nl\\\/produit\\\/android-pda-handheld-ticketscanner-sb-cwu1\\\/#primaryimage\",\"url\":\"https:\\\/\\\/i0.wp.com\\\/redtaag.com\\\/site-rtgv2\\\/wp-content\\\/uploads\\\/2020\\\/03\\\/pda-scanner-douchette-billets-android-face-dos.jpg?fit=1134%2C850&ssl=1\",\"contentUrl\":\"https:\\\/\\\/i0.wp.com\\\/redtaag.com\\\/site-rtgv2\\\/wp-content\\\/uploads\\\/2020\\\/03\\\/pda-scanner-douchette-billets-android-face-dos.jpg?fit=1134%2C850&ssl=1\",\"width\":1134,\"height\":850},{\"@type\":\"BreadcrumbList\",\"@id\":\"https:\\\/\\\/redtaag.com\\\/nl\\\/produit\\\/android-pda-handheld-ticketscanner-sb-cwu1\\\/#breadcrumb\",\"itemListElement\":[{\"@type\":\"ListItem\",\"position\":1,\"name\":\"Accueil\",\"item\":\"https:\\\/\\\/redtaag.com\\\/nl\\\/?lang=nl\"},{\"@type\":\"ListItem\",\"position\":2,\"name\":\"Boutique\",\"item\":\"https:\\\/\\\/redtaag.com\\\/boutique\\\/\"},{\"@type\":\"ListItem\",\"position\":3,\"name\":\"Android PDA handheld ticketscanner SB-CWU1\"}]},{\"@type\":\"WebSite\",\"@id\":\"https:\\\/\\\/redtaag.com\\\/nl\\\/#website\",\"url\":\"https:\\\/\\\/redtaag.com\\\/nl\\\/\",\"name\":\"Logiciel de billetterie en ligne (solution fullweb) pour th\u00e9\u00e2tres, salles de spectacle vivant, ...\",\"description\":\"Logiciel de billetterie fullweb connect\u00e9 \u00e0 votre banque ou au tr\u00e9sor public\",\"publisher\":{\"@id\":\"https:\\\/\\\/redtaag.com\\\/nl\\\/#organization\"},\"potentialAction\":[{\"@type\":\"SearchAction\",\"target\":{\"@type\":\"EntryPoint\",\"urlTemplate\":\"https:\\\/\\\/redtaag.com\\\/nl\\\/?s={search_term_string}\"},\"query-input\":{\"@type\":\"PropertyValueSpecification\",\"valueRequired\":true,\"valueName\":\"search_term_string\"}}],\"inLanguage\":\"nl-NL\"},{\"@type\":\"Organization\",\"@id\":\"https:\\\/\\\/redtaag.com\\\/nl\\\/#organization\",\"name\":\"Voodootix SAS\",\"url\":\"https:\\\/\\\/redtaag.com\\\/nl\\\/\",\"logo\":{\"@type\":\"ImageObject\",\"inLanguage\":\"nl-NL\",\"@id\":\"https:\\\/\\\/redtaag.com\\\/nl\\\/#\\\/schema\\\/logo\\\/image\\\/\",\"url\":\"https:\\\/\\\/i2.wp.com\\\/redtaag.com\\\/site-rtgv2\\\/wp-content\\\/uploads\\\/2019\\\/06\\\/redtaag_logo_dark.png?fit=328%2C47&ssl=1\",\"contentUrl\":\"https:\\\/\\\/i2.wp.com\\\/redtaag.com\\\/site-rtgv2\\\/wp-content\\\/uploads\\\/2019\\\/06\\\/redtaag_logo_dark.png?fit=328%2C47&ssl=1\",\"width\":328,\"height\":47,\"caption\":\"Voodootix SAS\"},\"image\":{\"@id\":\"https:\\\/\\\/redtaag.com\\\/nl\\\/#\\\/schema\\\/logo\\\/image\\\/\"}}]}<\/script>\n<!-- \/ Yoast SEO plugin. -->","yoast_head_json":{"title":"Android PDA handheld ticketscanner SB-CWU1 - Logiciel de billetterie en ligne (solution fullweb) pour th\u00e9\u00e2tres, salles de spectacle vivant, ...","robots":{"index":"index","follow":"follow","max-snippet":"max-snippet:-1","max-image-preview":"max-image-preview:large","max-video-preview":"max-video-preview:-1"},"canonical":"https:\/\/redtaag.com\/nl\/produit\/android-pda-handheld-ticketscanner-sb-cwu1\/","og_locale":"nl_NL","og_type":"article","og_title":"Android PDA handheld ticketscanner SB-CWU1 - Logiciel de billetterie en ligne (solution fullweb) pour th\u00e9\u00e2tres, salles de spectacle vivant, ...","og_description":"PDA op basis van Android waarmee je je tickets en de tickets van je resellers (Fnac, France Billet, Digitick, ...) en je coproducenten kan scannen.  Nieuwe handheld scanner compatibel gemaakt met Redtaag, zodat klanten hun lezers kunnen blijven gebruiken met een andere oplossing voor ticketverkoop","og_url":"https:\/\/redtaag.com\/nl\/produit\/android-pda-handheld-ticketscanner-sb-cwu1\/","og_site_name":"Logiciel de billetterie en ligne (solution fullweb) pour th\u00e9\u00e2tres, salles de spectacle vivant, ...","article_modified_time":"2024-08-11T22:19:44+00:00","og_image":[{"width":1134,"height":850,"url":"https:\/\/redtaag.com\/site-rtgv2\/wp-content\/uploads\/2020\/03\/pda-scanner-douchette-billets-android-face-dos.jpg","type":"image\/jpeg"}],"twitter_card":"summary_large_image","twitter_misc":{"Geschatte leestijd":"1 minuut"},"schema":{"@context":"https:\/\/schema.org","@graph":[{"@type":"WebPage","@id":"https:\/\/redtaag.com\/nl\/produit\/android-pda-handheld-ticketscanner-sb-cwu1\/","url":"https:\/\/redtaag.com\/nl\/produit\/android-pda-handheld-ticketscanner-sb-cwu1\/","name":"Android PDA handheld ticketscanner SB-CWU1 - Logiciel de billetterie en ligne (solution fullweb) pour th\u00e9\u00e2tres, salles de spectacle vivant, ...","isPartOf":{"@id":"https:\/\/redtaag.com\/nl\/#website"},"primaryImageOfPage":{"@id":"https:\/\/redtaag.com\/nl\/produit\/android-pda-handheld-ticketscanner-sb-cwu1\/#primaryimage"},"image":{"@id":"https:\/\/redtaag.com\/nl\/produit\/android-pda-handheld-ticketscanner-sb-cwu1\/#primaryimage"},"thumbnailUrl":"https:\/\/i0.wp.com\/redtaag.com\/site-rtgv2\/wp-content\/uploads\/2020\/03\/pda-scanner-douchette-billets-android-face-dos.jpg?fit=1134%2C850&ssl=1","datePublished":"2020-03-28T19:33:15+00:00","dateModified":"2024-08-11T22:19:44+00:00","breadcrumb":{"@id":"https:\/\/redtaag.com\/nl\/produit\/android-pda-handheld-ticketscanner-sb-cwu1\/#breadcrumb"},"inLanguage":"nl-NL","potentialAction":[{"@type":"ReadAction","target":["https:\/\/redtaag.com\/nl\/produit\/android-pda-handheld-ticketscanner-sb-cwu1\/"]}]},{"@type":"ImageObject","inLanguage":"nl-NL","@id":"https:\/\/redtaag.com\/nl\/produit\/android-pda-handheld-ticketscanner-sb-cwu1\/#primaryimage","url":"https:\/\/i0.wp.com\/redtaag.com\/site-rtgv2\/wp-content\/uploads\/2020\/03\/pda-scanner-douchette-billets-android-face-dos.jpg?fit=1134%2C850&ssl=1","contentUrl":"https:\/\/i0.wp.com\/redtaag.com\/site-rtgv2\/wp-content\/uploads\/2020\/03\/pda-scanner-douchette-billets-android-face-dos.jpg?fit=1134%2C850&ssl=1","width":1134,"height":850},{"@type":"BreadcrumbList","@id":"https:\/\/redtaag.com\/nl\/produit\/android-pda-handheld-ticketscanner-sb-cwu1\/#breadcrumb","itemListElement":[{"@type":"ListItem","position":1,"name":"Accueil","item":"https:\/\/redtaag.com\/nl\/?lang=nl"},{"@type":"ListItem","position":2,"name":"Boutique","item":"https:\/\/redtaag.com\/boutique\/"},{"@type":"ListItem","position":3,"name":"Android PDA handheld ticketscanner SB-CWU1"}]},{"@type":"WebSite","@id":"https:\/\/redtaag.com\/nl\/#website","url":"https:\/\/redtaag.com\/nl\/","name":"Logiciel de billetterie en ligne (solution fullweb) pour th\u00e9\u00e2tres, salles de spectacle vivant, ...","description":"Logiciel de billetterie fullweb connect\u00e9 \u00e0 votre banque ou au tr\u00e9sor public","publisher":{"@id":"https:\/\/redtaag.com\/nl\/#organization"},"potentialAction":[{"@type":"SearchAction","target":{"@type":"EntryPoint","urlTemplate":"https:\/\/redtaag.com\/nl\/?s={search_term_string}"},"query-input":{"@type":"PropertyValueSpecification","valueRequired":true,"valueName":"search_term_string"}}],"inLanguage":"nl-NL"},{"@type":"Organization","@id":"https:\/\/redtaag.com\/nl\/#organization","name":"Voodootix SAS","url":"https:\/\/redtaag.com\/nl\/","logo":{"@type":"ImageObject","inLanguage":"nl-NL","@id":"https:\/\/redtaag.com\/nl\/#\/schema\/logo\/image\/","url":"https:\/\/i2.wp.com\/redtaag.com\/site-rtgv2\/wp-content\/uploads\/2019\/06\/redtaag_logo_dark.png?fit=328%2C47&ssl=1","contentUrl":"https:\/\/i2.wp.com\/redtaag.com\/site-rtgv2\/wp-content\/uploads\/2019\/06\/redtaag_logo_dark.png?fit=328%2C47&ssl=1","width":328,"height":47,"caption":"Voodootix SAS"},"image":{"@id":"https:\/\/redtaag.com\/nl\/#\/schema\/logo\/image\/"}}]}},"jetpack_sharing_enabled":true,"_links":{"self":[{"href":"https:\/\/redtaag.com\/nl\/wp-json\/wp\/v2\/product\/2458","targetHints":{"allow":["GET"]}}],"collection":[{"href":"https:\/\/redtaag.com\/nl\/wp-json\/wp\/v2\/product"}],"about":[{"href":"https:\/\/redtaag.com\/nl\/wp-json\/wp\/v2\/types\/product"}],"replies":[{"embeddable":true,"href":"https:\/\/redtaag.com\/nl\/wp-json\/wp\/v2\/comments?post=2458"}],"wp:featuredmedia":[{"embeddable":true,"href":"https:\/\/redtaag.com\/nl\/wp-json\/wp\/v2\/media\/2466"}],"wp:attachment":[{"href":"https:\/\/redtaag.com\/nl\/wp-json\/wp\/v2\/media?parent=2458"}],"wp:term":[{"taxonomy":"product_brand","embeddable":true,"href":"https:\/\/redtaag.com\/nl\/wp-json\/wp\/v2\/product_brand?post=2458"},{"taxonomy":"product_cat","embeddable":true,"href":"https:\/\/redtaag.com\/nl\/wp-json\/wp\/v2\/product_cat?post=2458"},{"taxonomy":"product_tag","embeddable":true,"href":"https:\/\/redtaag.com\/nl\/wp-json\/wp\/v2\/product_tag?post=2458"}],"curies":[{"name":"wp","href":"https:\/\/api.w.org\/{rel}","templated":true}]}}