{"id":2455,"date":"2020-03-29T17:21:59","date_gmt":"2020-03-29T15:21:59","guid":{"rendered":"https:\/\/redtaag.com\/produit\/android-pda-handheld-ticketscanner-sb-pl40-niet-meer-beschikbaar\/"},"modified":"2020-03-29T17:21:59","modified_gmt":"2020-03-29T15:21:59","slug":"android-pda-handheld-ticketscanner-sb-pl40-niet-meer-beschikbaar","status":"publish","type":"product","link":"https:\/\/redtaag.com\/nl\/produit\/android-pda-handheld-ticketscanner-sb-pl40-niet-meer-beschikbaar\/","title":{"rendered":"Android PDA handheld ticketscanner SB-PL40 (niet meer beschikbaar)"},"content":{"rendered":"<p>Deze Android PDA handheld scanner is altijd compatibel met onze oplossingen en onze app voor het scannen van tickets. Hij is echter niet langer te koop, want we hebben hem vervangen door het <a href=\"https:\/\/redtaag.com\/produit\/pda-douchette-scanner-a-billet-android-sb-pl40l\/\">nieuwe model<\/a>.<\/p>\n","protected":false},"excerpt":{"rendered":"<p>PDA op basis van Android waarmee je je tickets en de tickets van je resellers (Fnac, France Billet, Digitick, &#8230;) en je coproducenten kan scannen.<\/p>\n","protected":false},"featured_media":0,"comment_status":"closed","ping_status":"closed","template":"","meta":{"_price":"395","_stock":"","_tribe_ticket_header":"","_tribe_default_ticket_provider":"","_tribe_ticket_capacity":"0","_ticket_start_date":"","_ticket_end_date":"","_tribe_ticket_show_description":"","_tribe_ticket_show_not_going":false,"_tribe_ticket_use_global_stock":"","_tribe_ticket_global_stock_level":"","_global_stock_mode":"","_global_stock_cap":"","_tribe_rsvp_for_event":"","_tribe_ticket_going_count":"","_tribe_ticket_not_going_count":"","_tribe_tickets_list":"[]","_tribe_ticket_has_attendee_info_fields":false},"product_brand":[],"product_cat":[],"product_tag":[75],"class_list":{"0":"post-2455","1":"product","2":"type-product","3":"status-publish","5":"product_tag-uit-de-stock-gehaald","6":"tm-no-options","8":"first","9":"instock","10":"taxable","11":"shipping-taxable","12":"purchasable","13":"product-type-simple"},"yoast_head":"<!-- This site is optimized with the Yoast SEO plugin v27.4 - https:\/\/yoast.com\/product\/yoast-seo-wordpress\/ -->\n<title>Android PDA handheld ticketscanner SB-PL40 (niet meer beschikbaar) - Logiciel de billetterie en ligne (solution fullweb) pour th\u00e9\u00e2tres, salles de spectacle vivant, ...<\/title>\n<meta name=\"robots\" content=\"index, follow, max-snippet:-1, max-image-preview:large, max-video-preview:-1\" \/>\n<link rel=\"canonical\" href=\"https:\/\/redtaag.com\/nl\/produit\/android-pda-handheld-ticketscanner-sb-pl40-niet-meer-beschikbaar\/\" \/>\n<meta property=\"og:locale\" content=\"nl_NL\" \/>\n<meta property=\"og:type\" content=\"article\" \/>\n<meta property=\"og:title\" content=\"Android PDA handheld ticketscanner SB-PL40 (niet meer beschikbaar) - Logiciel de billetterie en ligne (solution fullweb) pour th\u00e9\u00e2tres, salles de spectacle vivant, ...\" \/>\n<meta property=\"og:description\" content=\"PDA op basis van Android waarmee je je tickets en de tickets van je resellers (Fnac, France Billet, Digitick, ...) en je coproducenten kan scannen.\" \/>\n<meta property=\"og:url\" content=\"https:\/\/redtaag.com\/nl\/produit\/android-pda-handheld-ticketscanner-sb-pl40-niet-meer-beschikbaar\/\" \/>\n<meta property=\"og:site_name\" content=\"Logiciel de billetterie en ligne (solution fullweb) pour th\u00e9\u00e2tres, salles de spectacle vivant, ...\" \/>\n<meta name=\"twitter:card\" content=\"summary_large_image\" \/>\n<script type=\"application\/ld+json\" class=\"yoast-schema-graph\">{\"@context\":\"https:\\\/\\\/schema.org\",\"@graph\":[{\"@type\":\"WebPage\",\"@id\":\"https:\\\/\\\/redtaag.com\\\/nl\\\/produit\\\/android-pda-handheld-ticketscanner-sb-pl40-niet-meer-beschikbaar\\\/\",\"url\":\"https:\\\/\\\/redtaag.com\\\/nl\\\/produit\\\/android-pda-handheld-ticketscanner-sb-pl40-niet-meer-beschikbaar\\\/\",\"name\":\"Android PDA handheld ticketscanner SB-PL40 (niet meer beschikbaar) - Logiciel de billetterie en ligne (solution fullweb) pour th\u00e9\u00e2tres, salles de spectacle vivant, ...\",\"isPartOf\":{\"@id\":\"https:\\\/\\\/redtaag.com\\\/nl\\\/#website\"},\"datePublished\":\"2020-03-29T15:21:59+00:00\",\"breadcrumb\":{\"@id\":\"https:\\\/\\\/redtaag.com\\\/nl\\\/produit\\\/android-pda-handheld-ticketscanner-sb-pl40-niet-meer-beschikbaar\\\/#breadcrumb\"},\"inLanguage\":\"nl-NL\",\"potentialAction\":[{\"@type\":\"ReadAction\",\"target\":[\"https:\\\/\\\/redtaag.com\\\/nl\\\/produit\\\/android-pda-handheld-ticketscanner-sb-pl40-niet-meer-beschikbaar\\\/\"]}]},{\"@type\":\"BreadcrumbList\",\"@id\":\"https:\\\/\\\/redtaag.com\\\/nl\\\/produit\\\/android-pda-handheld-ticketscanner-sb-pl40-niet-meer-beschikbaar\\\/#breadcrumb\",\"itemListElement\":[{\"@type\":\"ListItem\",\"position\":1,\"name\":\"Accueil\",\"item\":\"https:\\\/\\\/redtaag.com\\\/nl\\\/?lang=nl\"},{\"@type\":\"ListItem\",\"position\":2,\"name\":\"Boutique\",\"item\":\"https:\\\/\\\/redtaag.com\\\/boutique\\\/\"},{\"@type\":\"ListItem\",\"position\":3,\"name\":\"Android PDA handheld ticketscanner SB-PL40 (niet meer beschikbaar)\"}]},{\"@type\":\"WebSite\",\"@id\":\"https:\\\/\\\/redtaag.com\\\/nl\\\/#website\",\"url\":\"https:\\\/\\\/redtaag.com\\\/nl\\\/\",\"name\":\"Logiciel de billetterie en ligne (solution fullweb) pour th\u00e9\u00e2tres, salles de spectacle vivant, ...\",\"description\":\"Logiciel de billetterie fullweb connect\u00e9 \u00e0 votre banque ou au tr\u00e9sor public\",\"publisher\":{\"@id\":\"https:\\\/\\\/redtaag.com\\\/nl\\\/#organization\"},\"potentialAction\":[{\"@type\":\"SearchAction\",\"target\":{\"@type\":\"EntryPoint\",\"urlTemplate\":\"https:\\\/\\\/redtaag.com\\\/nl\\\/?s={search_term_string}\"},\"query-input\":{\"@type\":\"PropertyValueSpecification\",\"valueRequired\":true,\"valueName\":\"search_term_string\"}}],\"inLanguage\":\"nl-NL\"},{\"@type\":\"Organization\",\"@id\":\"https:\\\/\\\/redtaag.com\\\/nl\\\/#organization\",\"name\":\"Voodootix SAS\",\"url\":\"https:\\\/\\\/redtaag.com\\\/nl\\\/\",\"logo\":{\"@type\":\"ImageObject\",\"inLanguage\":\"nl-NL\",\"@id\":\"https:\\\/\\\/redtaag.com\\\/nl\\\/#\\\/schema\\\/logo\\\/image\\\/\",\"url\":\"https:\\\/\\\/i2.wp.com\\\/redtaag.com\\\/site-rtgv2\\\/wp-content\\\/uploads\\\/2019\\\/06\\\/redtaag_logo_dark.png?fit=328%2C47&ssl=1\",\"contentUrl\":\"https:\\\/\\\/i2.wp.com\\\/redtaag.com\\\/site-rtgv2\\\/wp-content\\\/uploads\\\/2019\\\/06\\\/redtaag_logo_dark.png?fit=328%2C47&ssl=1\",\"width\":328,\"height\":47,\"caption\":\"Voodootix SAS\"},\"image\":{\"@id\":\"https:\\\/\\\/redtaag.com\\\/nl\\\/#\\\/schema\\\/logo\\\/image\\\/\"}}]}<\/script>\n<!-- \/ Yoast SEO plugin. -->","yoast_head_json":{"title":"Android PDA handheld ticketscanner SB-PL40 (niet meer beschikbaar) - Logiciel de billetterie en ligne (solution fullweb) pour th\u00e9\u00e2tres, salles de spectacle vivant, ...","robots":{"index":"index","follow":"follow","max-snippet":"max-snippet:-1","max-image-preview":"max-image-preview:large","max-video-preview":"max-video-preview:-1"},"canonical":"https:\/\/redtaag.com\/nl\/produit\/android-pda-handheld-ticketscanner-sb-pl40-niet-meer-beschikbaar\/","og_locale":"nl_NL","og_type":"article","og_title":"Android PDA handheld ticketscanner SB-PL40 (niet meer beschikbaar) - Logiciel de billetterie en ligne (solution fullweb) pour th\u00e9\u00e2tres, salles de spectacle vivant, ...","og_description":"PDA op basis van Android waarmee je je tickets en de tickets van je resellers (Fnac, France Billet, Digitick, ...) en je coproducenten kan scannen.","og_url":"https:\/\/redtaag.com\/nl\/produit\/android-pda-handheld-ticketscanner-sb-pl40-niet-meer-beschikbaar\/","og_site_name":"Logiciel de billetterie en ligne (solution fullweb) pour th\u00e9\u00e2tres, salles de spectacle vivant, ...","twitter_card":"summary_large_image","schema":{"@context":"https:\/\/schema.org","@graph":[{"@type":"WebPage","@id":"https:\/\/redtaag.com\/nl\/produit\/android-pda-handheld-ticketscanner-sb-pl40-niet-meer-beschikbaar\/","url":"https:\/\/redtaag.com\/nl\/produit\/android-pda-handheld-ticketscanner-sb-pl40-niet-meer-beschikbaar\/","name":"Android PDA handheld ticketscanner SB-PL40 (niet meer beschikbaar) - Logiciel de billetterie en ligne (solution fullweb) pour th\u00e9\u00e2tres, salles de spectacle vivant, ...","isPartOf":{"@id":"https:\/\/redtaag.com\/nl\/#website"},"datePublished":"2020-03-29T15:21:59+00:00","breadcrumb":{"@id":"https:\/\/redtaag.com\/nl\/produit\/android-pda-handheld-ticketscanner-sb-pl40-niet-meer-beschikbaar\/#breadcrumb"},"inLanguage":"nl-NL","potentialAction":[{"@type":"ReadAction","target":["https:\/\/redtaag.com\/nl\/produit\/android-pda-handheld-ticketscanner-sb-pl40-niet-meer-beschikbaar\/"]}]},{"@type":"BreadcrumbList","@id":"https:\/\/redtaag.com\/nl\/produit\/android-pda-handheld-ticketscanner-sb-pl40-niet-meer-beschikbaar\/#breadcrumb","itemListElement":[{"@type":"ListItem","position":1,"name":"Accueil","item":"https:\/\/redtaag.com\/nl\/?lang=nl"},{"@type":"ListItem","position":2,"name":"Boutique","item":"https:\/\/redtaag.com\/boutique\/"},{"@type":"ListItem","position":3,"name":"Android PDA handheld ticketscanner SB-PL40 (niet meer beschikbaar)"}]},{"@type":"WebSite","@id":"https:\/\/redtaag.com\/nl\/#website","url":"https:\/\/redtaag.com\/nl\/","name":"Logiciel de billetterie en ligne (solution fullweb) pour th\u00e9\u00e2tres, salles de spectacle vivant, ...","description":"Logiciel de billetterie fullweb connect\u00e9 \u00e0 votre banque ou au tr\u00e9sor public","publisher":{"@id":"https:\/\/redtaag.com\/nl\/#organization"},"potentialAction":[{"@type":"SearchAction","target":{"@type":"EntryPoint","urlTemplate":"https:\/\/redtaag.com\/nl\/?s={search_term_string}"},"query-input":{"@type":"PropertyValueSpecification","valueRequired":true,"valueName":"search_term_string"}}],"inLanguage":"nl-NL"},{"@type":"Organization","@id":"https:\/\/redtaag.com\/nl\/#organization","name":"Voodootix SAS","url":"https:\/\/redtaag.com\/nl\/","logo":{"@type":"ImageObject","inLanguage":"nl-NL","@id":"https:\/\/redtaag.com\/nl\/#\/schema\/logo\/image\/","url":"https:\/\/i2.wp.com\/redtaag.com\/site-rtgv2\/wp-content\/uploads\/2019\/06\/redtaag_logo_dark.png?fit=328%2C47&ssl=1","contentUrl":"https:\/\/i2.wp.com\/redtaag.com\/site-rtgv2\/wp-content\/uploads\/2019\/06\/redtaag_logo_dark.png?fit=328%2C47&ssl=1","width":328,"height":47,"caption":"Voodootix SAS"},"image":{"@id":"https:\/\/redtaag.com\/nl\/#\/schema\/logo\/image\/"}}]}},"jetpack_sharing_enabled":true,"_links":{"self":[{"href":"https:\/\/redtaag.com\/nl\/wp-json\/wp\/v2\/product\/2455","targetHints":{"allow":["GET"]}}],"collection":[{"href":"https:\/\/redtaag.com\/nl\/wp-json\/wp\/v2\/product"}],"about":[{"href":"https:\/\/redtaag.com\/nl\/wp-json\/wp\/v2\/types\/product"}],"replies":[{"embeddable":true,"href":"https:\/\/redtaag.com\/nl\/wp-json\/wp\/v2\/comments?post=2455"}],"wp:attachment":[{"href":"https:\/\/redtaag.com\/nl\/wp-json\/wp\/v2\/media?parent=2455"}],"wp:term":[{"taxonomy":"product_brand","embeddable":true,"href":"https:\/\/redtaag.com\/nl\/wp-json\/wp\/v2\/product_brand?post=2455"},{"taxonomy":"product_cat","embeddable":true,"href":"https:\/\/redtaag.com\/nl\/wp-json\/wp\/v2\/product_cat?post=2455"},{"taxonomy":"product_tag","embeddable":true,"href":"https:\/\/redtaag.com\/nl\/wp-json\/wp\/v2\/product_tag?post=2455"}],"curies":[{"name":"wp","href":"https:\/\/api.w.org\/{rel}","templated":true}]}}