{"id":2448,"date":"2020-04-03T18:32:02","date_gmt":"2020-04-03T16:32:02","guid":{"rendered":"https:\/\/redtaag.com\/produit\/handheld-ticketscanner-voor-windows-niet-langer-beschikbaar\/"},"modified":"2020-04-03T18:32:02","modified_gmt":"2020-04-03T16:32:02","slug":"handheld-ticketscanner-voor-windows-niet-langer-beschikbaar","status":"publish","type":"product","link":"https:\/\/redtaag.com\/nl\/produit\/handheld-ticketscanner-voor-windows-niet-langer-beschikbaar\/","title":{"rendered":"Handheld ticketscanner voor Windows (niet langer beschikbaar)"},"content":{"rendered":"<p><a href=\"https:\/\/www.honeywellaidc.com\/fr-fr\/products\/computer-devices\/handheld\/dolphin-6110\">De eerste scannermodellen<\/a> die met Redtaag werden gebruikt, werden in 2018 stopgezet ten voordele van goedkopere Android-modellen met een intu\u00eftiever besturingssysteem dat gemakkelijk kan worden ge\u00fcpgraded.<\/p>\n<p>Deze op Windows CE gebaseerde handhelds zijn nog steeds compatibel met onze oplossingen, maar wij ontwikkelen niet langer updates voor onze besturingssoftware voor deze handhelds. Dit zijn de beproefde modellen die dezelfde functionaliteit hebben als de nieuwe op Android gebaseerde modellen.<\/p>\n<p>De nieuwe versies van de controle-app worden automatisch bijgewerkt via Play Store. De scanners zijn bestendig tegen het vallen en tegen waterspetters. Ze kunnen zowel online als offline gebruikt worden.<\/p>\n<p>\u2192 Redtaag software voor toegangscontrole voor Windows <a href=\"https:\/\/redtaag.com\/site-rtgv2\/wp-content\/uploads\/2020\/04\/Redtaag_6100_V8.1.zip\">downloaden<\/a><\/p>\n","protected":false},"excerpt":{"rendered":"<p><a href=\"https:\/\/www.honeywellaidc.com\/fr-fr\/products\/computer-devices\/handheld\/dolphin-6110\">Ticketscanner<\/a> voor Windows die altijd werkt met onze oplossingen, maar\u00a0<strong>wordt niet meer verdeeld en beschikt niet over nieuwe software ontwikkeling<\/strong><\/p>\n","protected":false},"featured_media":2449,"comment_status":"closed","ping_status":"closed","template":"","meta":{"_price":"750","_stock":"","_tribe_ticket_header":"","_tribe_default_ticket_provider":"","_tribe_ticket_capacity":"0","_ticket_start_date":"","_ticket_end_date":"","_tribe_ticket_show_description":"","_tribe_ticket_show_not_going":false,"_tribe_ticket_use_global_stock":"","_tribe_ticket_global_stock_level":"","_global_stock_mode":"","_global_stock_cap":"","_tribe_rsvp_for_event":"","_tribe_ticket_going_count":"","_tribe_ticket_not_going_count":"","_tribe_tickets_list":"[]","_tribe_ticket_has_attendee_info_fields":false},"product_brand":[],"product_cat":[],"product_tag":[75],"class_list":{"0":"post-2448","1":"product","2":"type-product","3":"status-publish","4":"has-post-thumbnail","6":"product_tag-uit-de-stock-gehaald","7":"tm-no-options","9":"first","10":"outofstock","11":"taxable","12":"shipping-taxable","13":"purchasable","14":"product-type-simple"},"yoast_head":"<!-- This site is optimized with the Yoast SEO plugin v27.4 - https:\/\/yoast.com\/product\/yoast-seo-wordpress\/ -->\n<title>Handheld ticketscanner voor Windows (niet langer beschikbaar) - Logiciel de billetterie en ligne (solution fullweb) pour th\u00e9\u00e2tres, salles de spectacle vivant, ...<\/title>\n<meta name=\"robots\" content=\"index, follow, max-snippet:-1, max-image-preview:large, max-video-preview:-1\" \/>\n<link rel=\"canonical\" href=\"https:\/\/redtaag.com\/nl\/produit\/handheld-ticketscanner-voor-windows-niet-langer-beschikbaar\/\" \/>\n<meta property=\"og:locale\" content=\"nl_NL\" \/>\n<meta property=\"og:type\" content=\"article\" \/>\n<meta property=\"og:title\" content=\"Handheld ticketscanner voor Windows (niet langer beschikbaar) - Logiciel de billetterie en ligne (solution fullweb) pour th\u00e9\u00e2tres, salles de spectacle vivant, ...\" \/>\n<meta property=\"og:description\" content=\"Ticketscanner voor Windows die altijd werkt met onze oplossingen, maar\u00a0wordt niet meer verdeeld en beschikt niet over nieuwe software ontwikkeling\" \/>\n<meta property=\"og:url\" content=\"https:\/\/redtaag.com\/nl\/produit\/handheld-ticketscanner-voor-windows-niet-langer-beschikbaar\/\" \/>\n<meta property=\"og:site_name\" content=\"Logiciel de billetterie en ligne (solution fullweb) pour th\u00e9\u00e2tres, salles de spectacle vivant, ...\" \/>\n<meta property=\"og:image\" content=\"https:\/\/redtaag.com\/site-rtgv2\/wp-content\/uploads\/2020\/04\/scanner-redtaag-scaled.jpg\" \/>\n\t<meta property=\"og:image:width\" content=\"2560\" \/>\n\t<meta property=\"og:image:height\" content=\"1920\" \/>\n\t<meta property=\"og:image:type\" content=\"image\/jpeg\" \/>\n<meta name=\"twitter:card\" content=\"summary_large_image\" \/>\n<meta name=\"twitter:label1\" content=\"Geschatte leestijd\" \/>\n\t<meta name=\"twitter:data1\" content=\"1 minuut\" \/>\n<script type=\"application\/ld+json\" class=\"yoast-schema-graph\">{\"@context\":\"https:\\\/\\\/schema.org\",\"@graph\":[{\"@type\":\"WebPage\",\"@id\":\"https:\\\/\\\/redtaag.com\\\/nl\\\/produit\\\/handheld-ticketscanner-voor-windows-niet-langer-beschikbaar\\\/\",\"url\":\"https:\\\/\\\/redtaag.com\\\/nl\\\/produit\\\/handheld-ticketscanner-voor-windows-niet-langer-beschikbaar\\\/\",\"name\":\"Handheld ticketscanner voor Windows (niet langer beschikbaar) - Logiciel de billetterie en ligne (solution fullweb) pour th\u00e9\u00e2tres, salles de spectacle vivant, ...\",\"isPartOf\":{\"@id\":\"https:\\\/\\\/redtaag.com\\\/nl\\\/#website\"},\"primaryImageOfPage\":{\"@id\":\"https:\\\/\\\/redtaag.com\\\/nl\\\/produit\\\/handheld-ticketscanner-voor-windows-niet-langer-beschikbaar\\\/#primaryimage\"},\"image\":{\"@id\":\"https:\\\/\\\/redtaag.com\\\/nl\\\/produit\\\/handheld-ticketscanner-voor-windows-niet-langer-beschikbaar\\\/#primaryimage\"},\"thumbnailUrl\":\"https:\\\/\\\/i0.wp.com\\\/redtaag.com\\\/site-rtgv2\\\/wp-content\\\/uploads\\\/2020\\\/04\\\/scanner-redtaag-scaled.jpg?fit=2560%2C1920&ssl=1\",\"datePublished\":\"2020-04-03T16:32:02+00:00\",\"breadcrumb\":{\"@id\":\"https:\\\/\\\/redtaag.com\\\/nl\\\/produit\\\/handheld-ticketscanner-voor-windows-niet-langer-beschikbaar\\\/#breadcrumb\"},\"inLanguage\":\"nl-NL\",\"potentialAction\":[{\"@type\":\"ReadAction\",\"target\":[\"https:\\\/\\\/redtaag.com\\\/nl\\\/produit\\\/handheld-ticketscanner-voor-windows-niet-langer-beschikbaar\\\/\"]}]},{\"@type\":\"ImageObject\",\"inLanguage\":\"nl-NL\",\"@id\":\"https:\\\/\\\/redtaag.com\\\/nl\\\/produit\\\/handheld-ticketscanner-voor-windows-niet-langer-beschikbaar\\\/#primaryimage\",\"url\":\"https:\\\/\\\/i0.wp.com\\\/redtaag.com\\\/site-rtgv2\\\/wp-content\\\/uploads\\\/2020\\\/04\\\/scanner-redtaag-scaled.jpg?fit=2560%2C1920&ssl=1\",\"contentUrl\":\"https:\\\/\\\/i0.wp.com\\\/redtaag.com\\\/site-rtgv2\\\/wp-content\\\/uploads\\\/2020\\\/04\\\/scanner-redtaag-scaled.jpg?fit=2560%2C1920&ssl=1\",\"width\":2560,\"height\":1920},{\"@type\":\"BreadcrumbList\",\"@id\":\"https:\\\/\\\/redtaag.com\\\/nl\\\/produit\\\/handheld-ticketscanner-voor-windows-niet-langer-beschikbaar\\\/#breadcrumb\",\"itemListElement\":[{\"@type\":\"ListItem\",\"position\":1,\"name\":\"Accueil\",\"item\":\"https:\\\/\\\/redtaag.com\\\/nl\\\/?lang=nl\"},{\"@type\":\"ListItem\",\"position\":2,\"name\":\"Boutique\",\"item\":\"https:\\\/\\\/redtaag.com\\\/boutique\\\/\"},{\"@type\":\"ListItem\",\"position\":3,\"name\":\"Handheld ticketscanner voor Windows (niet langer beschikbaar)\"}]},{\"@type\":\"WebSite\",\"@id\":\"https:\\\/\\\/redtaag.com\\\/nl\\\/#website\",\"url\":\"https:\\\/\\\/redtaag.com\\\/nl\\\/\",\"name\":\"Logiciel de billetterie en ligne (solution fullweb) pour th\u00e9\u00e2tres, salles de spectacle vivant, ...\",\"description\":\"Logiciel de billetterie fullweb connect\u00e9 \u00e0 votre banque ou au tr\u00e9sor public\",\"publisher\":{\"@id\":\"https:\\\/\\\/redtaag.com\\\/nl\\\/#organization\"},\"potentialAction\":[{\"@type\":\"SearchAction\",\"target\":{\"@type\":\"EntryPoint\",\"urlTemplate\":\"https:\\\/\\\/redtaag.com\\\/nl\\\/?s={search_term_string}\"},\"query-input\":{\"@type\":\"PropertyValueSpecification\",\"valueRequired\":true,\"valueName\":\"search_term_string\"}}],\"inLanguage\":\"nl-NL\"},{\"@type\":\"Organization\",\"@id\":\"https:\\\/\\\/redtaag.com\\\/nl\\\/#organization\",\"name\":\"Voodootix SAS\",\"url\":\"https:\\\/\\\/redtaag.com\\\/nl\\\/\",\"logo\":{\"@type\":\"ImageObject\",\"inLanguage\":\"nl-NL\",\"@id\":\"https:\\\/\\\/redtaag.com\\\/nl\\\/#\\\/schema\\\/logo\\\/image\\\/\",\"url\":\"https:\\\/\\\/i2.wp.com\\\/redtaag.com\\\/site-rtgv2\\\/wp-content\\\/uploads\\\/2019\\\/06\\\/redtaag_logo_dark.png?fit=328%2C47&ssl=1\",\"contentUrl\":\"https:\\\/\\\/i2.wp.com\\\/redtaag.com\\\/site-rtgv2\\\/wp-content\\\/uploads\\\/2019\\\/06\\\/redtaag_logo_dark.png?fit=328%2C47&ssl=1\",\"width\":328,\"height\":47,\"caption\":\"Voodootix SAS\"},\"image\":{\"@id\":\"https:\\\/\\\/redtaag.com\\\/nl\\\/#\\\/schema\\\/logo\\\/image\\\/\"}}]}<\/script>\n<!-- \/ Yoast SEO plugin. -->","yoast_head_json":{"title":"Handheld ticketscanner voor Windows (niet langer beschikbaar) - Logiciel de billetterie en ligne (solution fullweb) pour th\u00e9\u00e2tres, salles de spectacle vivant, ...","robots":{"index":"index","follow":"follow","max-snippet":"max-snippet:-1","max-image-preview":"max-image-preview:large","max-video-preview":"max-video-preview:-1"},"canonical":"https:\/\/redtaag.com\/nl\/produit\/handheld-ticketscanner-voor-windows-niet-langer-beschikbaar\/","og_locale":"nl_NL","og_type":"article","og_title":"Handheld ticketscanner voor Windows (niet langer beschikbaar) - Logiciel de billetterie en ligne (solution fullweb) pour th\u00e9\u00e2tres, salles de spectacle vivant, ...","og_description":"Ticketscanner voor Windows die altijd werkt met onze oplossingen, maar\u00a0wordt niet meer verdeeld en beschikt niet over nieuwe software ontwikkeling","og_url":"https:\/\/redtaag.com\/nl\/produit\/handheld-ticketscanner-voor-windows-niet-langer-beschikbaar\/","og_site_name":"Logiciel de billetterie en ligne (solution fullweb) pour th\u00e9\u00e2tres, salles de spectacle vivant, ...","og_image":[{"width":2560,"height":1920,"url":"https:\/\/redtaag.com\/site-rtgv2\/wp-content\/uploads\/2020\/04\/scanner-redtaag-scaled.jpg","type":"image\/jpeg"}],"twitter_card":"summary_large_image","twitter_misc":{"Geschatte leestijd":"1 minuut"},"schema":{"@context":"https:\/\/schema.org","@graph":[{"@type":"WebPage","@id":"https:\/\/redtaag.com\/nl\/produit\/handheld-ticketscanner-voor-windows-niet-langer-beschikbaar\/","url":"https:\/\/redtaag.com\/nl\/produit\/handheld-ticketscanner-voor-windows-niet-langer-beschikbaar\/","name":"Handheld ticketscanner voor Windows (niet langer beschikbaar) - Logiciel de billetterie en ligne (solution fullweb) pour th\u00e9\u00e2tres, salles de spectacle vivant, ...","isPartOf":{"@id":"https:\/\/redtaag.com\/nl\/#website"},"primaryImageOfPage":{"@id":"https:\/\/redtaag.com\/nl\/produit\/handheld-ticketscanner-voor-windows-niet-langer-beschikbaar\/#primaryimage"},"image":{"@id":"https:\/\/redtaag.com\/nl\/produit\/handheld-ticketscanner-voor-windows-niet-langer-beschikbaar\/#primaryimage"},"thumbnailUrl":"https:\/\/i0.wp.com\/redtaag.com\/site-rtgv2\/wp-content\/uploads\/2020\/04\/scanner-redtaag-scaled.jpg?fit=2560%2C1920&ssl=1","datePublished":"2020-04-03T16:32:02+00:00","breadcrumb":{"@id":"https:\/\/redtaag.com\/nl\/produit\/handheld-ticketscanner-voor-windows-niet-langer-beschikbaar\/#breadcrumb"},"inLanguage":"nl-NL","potentialAction":[{"@type":"ReadAction","target":["https:\/\/redtaag.com\/nl\/produit\/handheld-ticketscanner-voor-windows-niet-langer-beschikbaar\/"]}]},{"@type":"ImageObject","inLanguage":"nl-NL","@id":"https:\/\/redtaag.com\/nl\/produit\/handheld-ticketscanner-voor-windows-niet-langer-beschikbaar\/#primaryimage","url":"https:\/\/i0.wp.com\/redtaag.com\/site-rtgv2\/wp-content\/uploads\/2020\/04\/scanner-redtaag-scaled.jpg?fit=2560%2C1920&ssl=1","contentUrl":"https:\/\/i0.wp.com\/redtaag.com\/site-rtgv2\/wp-content\/uploads\/2020\/04\/scanner-redtaag-scaled.jpg?fit=2560%2C1920&ssl=1","width":2560,"height":1920},{"@type":"BreadcrumbList","@id":"https:\/\/redtaag.com\/nl\/produit\/handheld-ticketscanner-voor-windows-niet-langer-beschikbaar\/#breadcrumb","itemListElement":[{"@type":"ListItem","position":1,"name":"Accueil","item":"https:\/\/redtaag.com\/nl\/?lang=nl"},{"@type":"ListItem","position":2,"name":"Boutique","item":"https:\/\/redtaag.com\/boutique\/"},{"@type":"ListItem","position":3,"name":"Handheld ticketscanner voor Windows (niet langer beschikbaar)"}]},{"@type":"WebSite","@id":"https:\/\/redtaag.com\/nl\/#website","url":"https:\/\/redtaag.com\/nl\/","name":"Logiciel de billetterie en ligne (solution fullweb) pour th\u00e9\u00e2tres, salles de spectacle vivant, ...","description":"Logiciel de billetterie fullweb connect\u00e9 \u00e0 votre banque ou au tr\u00e9sor public","publisher":{"@id":"https:\/\/redtaag.com\/nl\/#organization"},"potentialAction":[{"@type":"SearchAction","target":{"@type":"EntryPoint","urlTemplate":"https:\/\/redtaag.com\/nl\/?s={search_term_string}"},"query-input":{"@type":"PropertyValueSpecification","valueRequired":true,"valueName":"search_term_string"}}],"inLanguage":"nl-NL"},{"@type":"Organization","@id":"https:\/\/redtaag.com\/nl\/#organization","name":"Voodootix SAS","url":"https:\/\/redtaag.com\/nl\/","logo":{"@type":"ImageObject","inLanguage":"nl-NL","@id":"https:\/\/redtaag.com\/nl\/#\/schema\/logo\/image\/","url":"https:\/\/i2.wp.com\/redtaag.com\/site-rtgv2\/wp-content\/uploads\/2019\/06\/redtaag_logo_dark.png?fit=328%2C47&ssl=1","contentUrl":"https:\/\/i2.wp.com\/redtaag.com\/site-rtgv2\/wp-content\/uploads\/2019\/06\/redtaag_logo_dark.png?fit=328%2C47&ssl=1","width":328,"height":47,"caption":"Voodootix SAS"},"image":{"@id":"https:\/\/redtaag.com\/nl\/#\/schema\/logo\/image\/"}}]}},"jetpack_sharing_enabled":true,"_links":{"self":[{"href":"https:\/\/redtaag.com\/nl\/wp-json\/wp\/v2\/product\/2448","targetHints":{"allow":["GET"]}}],"collection":[{"href":"https:\/\/redtaag.com\/nl\/wp-json\/wp\/v2\/product"}],"about":[{"href":"https:\/\/redtaag.com\/nl\/wp-json\/wp\/v2\/types\/product"}],"replies":[{"embeddable":true,"href":"https:\/\/redtaag.com\/nl\/wp-json\/wp\/v2\/comments?post=2448"}],"wp:featuredmedia":[{"embeddable":true,"href":"https:\/\/redtaag.com\/nl\/wp-json\/wp\/v2\/media\/2449"}],"wp:attachment":[{"href":"https:\/\/redtaag.com\/nl\/wp-json\/wp\/v2\/media?parent=2448"}],"wp:term":[{"taxonomy":"product_brand","embeddable":true,"href":"https:\/\/redtaag.com\/nl\/wp-json\/wp\/v2\/product_brand?post=2448"},{"taxonomy":"product_cat","embeddable":true,"href":"https:\/\/redtaag.com\/nl\/wp-json\/wp\/v2\/product_cat?post=2448"},{"taxonomy":"product_tag","embeddable":true,"href":"https:\/\/redtaag.com\/nl\/wp-json\/wp\/v2\/product_tag?post=2448"}],"curies":[{"name":"wp","href":"https:\/\/api.w.org\/{rel}","templated":true}]}}