{"id":2443,"date":"2020-04-03T19:21:15","date_gmt":"2020-04-03T17:21:15","guid":{"rendered":"https:\/\/redtaag.com\/produit\/ticketprinter-epson-tmt88-vi\/"},"modified":"2020-04-03T19:21:15","modified_gmt":"2020-04-03T17:21:15","slug":"ticketprinter-epson-tmt88-vi","status":"publish","type":"product","link":"https:\/\/redtaag.com\/nl\/produit\/ticketprinter-epson-tmt88-vi\/","title":{"rendered":"Ticketprinter Epson TMT88-VI"},"content":{"rendered":"<p>Ticketprinter met geavanceerde connectiviteit en cloud-ondersteuning<\/p>\n<p><a href=\"https:\/\/www.epson.fr\/viewcon\/corporatesite\/products\/mainunits\/overview\/20555\">De OmniLink TM-T88VI<\/a> beschikt over multi-interface connectiviteit om te voldoen aan huidige en toekomstige behoeften. Met ingebouwde Ethernet- en USB-aansluitingen, evenals Bluetooth\u00ae en draadloze opties, ondersteunt de TM-T88VI traditionele kassa&#8217;s, mobiele apparaten en cloudservers. Je kan printen van onze webtoepassingen met behulp van Epsons ePOS\u2122-afdruktechnologie. De ge\u00efntegreerde cloud-functionaliteit maakt het ook mogelijk firmware-updates op afstand uit te voeren met OmniLink Merchant Services. Bovendien maakt NFC Bluetooth-koppeling mogelijk voor tabletconnectiviteit en printerselectie.<\/p>\n","protected":false},"excerpt":{"rendered":"<p>Deze ticketprinter kan alleen <a href=\"https:\/\/redtaag.com\/fonctionnalites\/billets-tous-canaux-papier-digitaux\/\">tickets op rol afdrukken. Hij is compacter dan Star en kan daarom gemakkelijk vervoerd worden om ge\u00efnstalleerd te worden in een verkooppunt buiten het terrein. Hij maakt verbinding met de cloud printserver van je instantie via een Lan interface en optioneel via WiFi.<\/a><\/p>\n","protected":false},"featured_media":0,"comment_status":"closed","ping_status":"closed","template":"","meta":{"_price":"375","_stock":"8.000000","_tribe_ticket_header":"","_tribe_default_ticket_provider":"","_tribe_ticket_capacity":"8","_ticket_start_date":"","_ticket_end_date":"","_tribe_ticket_show_description":"","_tribe_ticket_show_not_going":false,"_tribe_ticket_use_global_stock":"","_tribe_ticket_global_stock_level":"","_global_stock_mode":"","_global_stock_cap":"","_tribe_rsvp_for_event":"","_tribe_ticket_going_count":"","_tribe_ticket_not_going_count":"","_tribe_tickets_list":"[]","_tribe_ticket_has_attendee_info_fields":false},"product_brand":[],"product_cat":[74],"product_tag":[],"class_list":{"0":"post-2443","1":"product","2":"type-product","3":"status-publish","5":"product_cat-ticketprinters","6":"tm-no-options","8":"first","9":"instock","10":"taxable","11":"shipping-taxable","12":"purchasable","13":"product-type-simple"},"yoast_head":"<!-- This site is optimized with the Yoast SEO plugin v27.4 - https:\/\/yoast.com\/product\/yoast-seo-wordpress\/ -->\n<title>Ticketprinter Epson TMT88-VI - Logiciel de billetterie en ligne (solution fullweb) pour th\u00e9\u00e2tres, salles de spectacle vivant, ...<\/title>\n<meta name=\"robots\" content=\"index, follow, max-snippet:-1, max-image-preview:large, max-video-preview:-1\" \/>\n<link rel=\"canonical\" href=\"https:\/\/redtaag.com\/nl\/produit\/ticketprinter-epson-tmt88-vi\/\" \/>\n<meta property=\"og:locale\" content=\"nl_NL\" \/>\n<meta property=\"og:type\" content=\"article\" \/>\n<meta property=\"og:title\" content=\"Ticketprinter Epson TMT88-VI - Logiciel de billetterie en ligne (solution fullweb) pour th\u00e9\u00e2tres, salles de spectacle vivant, ...\" \/>\n<meta property=\"og:description\" content=\"Deze ticketprinter kan alleen tickets op rol afdrukken. Hij is compacter dan Star en kan daarom gemakkelijk vervoerd worden om ge\u00efnstalleerd te worden in een verkooppunt buiten het terrein. Hij maakt verbinding met de cloud printserver van je instantie via een Lan interface en optioneel via WiFi.\" \/>\n<meta property=\"og:url\" content=\"https:\/\/redtaag.com\/nl\/produit\/ticketprinter-epson-tmt88-vi\/\" \/>\n<meta property=\"og:site_name\" content=\"Logiciel de billetterie en ligne (solution fullweb) pour th\u00e9\u00e2tres, salles de spectacle vivant, ...\" \/>\n<meta name=\"twitter:card\" content=\"summary_large_image\" \/>\n<script type=\"application\/ld+json\" class=\"yoast-schema-graph\">{\"@context\":\"https:\\\/\\\/schema.org\",\"@graph\":[{\"@type\":\"WebPage\",\"@id\":\"https:\\\/\\\/redtaag.com\\\/nl\\\/produit\\\/ticketprinter-epson-tmt88-vi\\\/\",\"url\":\"https:\\\/\\\/redtaag.com\\\/nl\\\/produit\\\/ticketprinter-epson-tmt88-vi\\\/\",\"name\":\"Ticketprinter Epson TMT88-VI - Logiciel de billetterie en ligne (solution fullweb) pour th\u00e9\u00e2tres, salles de spectacle vivant, ...\",\"isPartOf\":{\"@id\":\"https:\\\/\\\/redtaag.com\\\/nl\\\/#website\"},\"datePublished\":\"2020-04-03T17:21:15+00:00\",\"breadcrumb\":{\"@id\":\"https:\\\/\\\/redtaag.com\\\/nl\\\/produit\\\/ticketprinter-epson-tmt88-vi\\\/#breadcrumb\"},\"inLanguage\":\"nl-NL\",\"potentialAction\":[{\"@type\":\"ReadAction\",\"target\":[\"https:\\\/\\\/redtaag.com\\\/nl\\\/produit\\\/ticketprinter-epson-tmt88-vi\\\/\"]}]},{\"@type\":\"BreadcrumbList\",\"@id\":\"https:\\\/\\\/redtaag.com\\\/nl\\\/produit\\\/ticketprinter-epson-tmt88-vi\\\/#breadcrumb\",\"itemListElement\":[{\"@type\":\"ListItem\",\"position\":1,\"name\":\"Accueil\",\"item\":\"https:\\\/\\\/redtaag.com\\\/nl\\\/?lang=nl\"},{\"@type\":\"ListItem\",\"position\":2,\"name\":\"Boutique\",\"item\":\"https:\\\/\\\/redtaag.com\\\/boutique\\\/\"},{\"@type\":\"ListItem\",\"position\":3,\"name\":\"Ticketprinter Epson TMT88-VI\"}]},{\"@type\":\"WebSite\",\"@id\":\"https:\\\/\\\/redtaag.com\\\/nl\\\/#website\",\"url\":\"https:\\\/\\\/redtaag.com\\\/nl\\\/\",\"name\":\"Logiciel de billetterie en ligne (solution fullweb) pour th\u00e9\u00e2tres, salles de spectacle vivant, ...\",\"description\":\"Logiciel de billetterie fullweb connect\u00e9 \u00e0 votre banque ou au tr\u00e9sor public\",\"publisher\":{\"@id\":\"https:\\\/\\\/redtaag.com\\\/nl\\\/#organization\"},\"potentialAction\":[{\"@type\":\"SearchAction\",\"target\":{\"@type\":\"EntryPoint\",\"urlTemplate\":\"https:\\\/\\\/redtaag.com\\\/nl\\\/?s={search_term_string}\"},\"query-input\":{\"@type\":\"PropertyValueSpecification\",\"valueRequired\":true,\"valueName\":\"search_term_string\"}}],\"inLanguage\":\"nl-NL\"},{\"@type\":\"Organization\",\"@id\":\"https:\\\/\\\/redtaag.com\\\/nl\\\/#organization\",\"name\":\"Voodootix SAS\",\"url\":\"https:\\\/\\\/redtaag.com\\\/nl\\\/\",\"logo\":{\"@type\":\"ImageObject\",\"inLanguage\":\"nl-NL\",\"@id\":\"https:\\\/\\\/redtaag.com\\\/nl\\\/#\\\/schema\\\/logo\\\/image\\\/\",\"url\":\"https:\\\/\\\/i2.wp.com\\\/redtaag.com\\\/site-rtgv2\\\/wp-content\\\/uploads\\\/2019\\\/06\\\/redtaag_logo_dark.png?fit=328%2C47&ssl=1\",\"contentUrl\":\"https:\\\/\\\/i2.wp.com\\\/redtaag.com\\\/site-rtgv2\\\/wp-content\\\/uploads\\\/2019\\\/06\\\/redtaag_logo_dark.png?fit=328%2C47&ssl=1\",\"width\":328,\"height\":47,\"caption\":\"Voodootix SAS\"},\"image\":{\"@id\":\"https:\\\/\\\/redtaag.com\\\/nl\\\/#\\\/schema\\\/logo\\\/image\\\/\"}}]}<\/script>\n<!-- \/ Yoast SEO plugin. -->","yoast_head_json":{"title":"Ticketprinter Epson TMT88-VI - Logiciel de billetterie en ligne (solution fullweb) pour th\u00e9\u00e2tres, salles de spectacle vivant, ...","robots":{"index":"index","follow":"follow","max-snippet":"max-snippet:-1","max-image-preview":"max-image-preview:large","max-video-preview":"max-video-preview:-1"},"canonical":"https:\/\/redtaag.com\/nl\/produit\/ticketprinter-epson-tmt88-vi\/","og_locale":"nl_NL","og_type":"article","og_title":"Ticketprinter Epson TMT88-VI - Logiciel de billetterie en ligne (solution fullweb) pour th\u00e9\u00e2tres, salles de spectacle vivant, ...","og_description":"Deze ticketprinter kan alleen tickets op rol afdrukken. Hij is compacter dan Star en kan daarom gemakkelijk vervoerd worden om ge\u00efnstalleerd te worden in een verkooppunt buiten het terrein. Hij maakt verbinding met de cloud printserver van je instantie via een Lan interface en optioneel via WiFi.","og_url":"https:\/\/redtaag.com\/nl\/produit\/ticketprinter-epson-tmt88-vi\/","og_site_name":"Logiciel de billetterie en ligne (solution fullweb) pour th\u00e9\u00e2tres, salles de spectacle vivant, ...","twitter_card":"summary_large_image","schema":{"@context":"https:\/\/schema.org","@graph":[{"@type":"WebPage","@id":"https:\/\/redtaag.com\/nl\/produit\/ticketprinter-epson-tmt88-vi\/","url":"https:\/\/redtaag.com\/nl\/produit\/ticketprinter-epson-tmt88-vi\/","name":"Ticketprinter Epson TMT88-VI - Logiciel de billetterie en ligne (solution fullweb) pour th\u00e9\u00e2tres, salles de spectacle vivant, ...","isPartOf":{"@id":"https:\/\/redtaag.com\/nl\/#website"},"datePublished":"2020-04-03T17:21:15+00:00","breadcrumb":{"@id":"https:\/\/redtaag.com\/nl\/produit\/ticketprinter-epson-tmt88-vi\/#breadcrumb"},"inLanguage":"nl-NL","potentialAction":[{"@type":"ReadAction","target":["https:\/\/redtaag.com\/nl\/produit\/ticketprinter-epson-tmt88-vi\/"]}]},{"@type":"BreadcrumbList","@id":"https:\/\/redtaag.com\/nl\/produit\/ticketprinter-epson-tmt88-vi\/#breadcrumb","itemListElement":[{"@type":"ListItem","position":1,"name":"Accueil","item":"https:\/\/redtaag.com\/nl\/?lang=nl"},{"@type":"ListItem","position":2,"name":"Boutique","item":"https:\/\/redtaag.com\/boutique\/"},{"@type":"ListItem","position":3,"name":"Ticketprinter Epson TMT88-VI"}]},{"@type":"WebSite","@id":"https:\/\/redtaag.com\/nl\/#website","url":"https:\/\/redtaag.com\/nl\/","name":"Logiciel de billetterie en ligne (solution fullweb) pour th\u00e9\u00e2tres, salles de spectacle vivant, ...","description":"Logiciel de billetterie fullweb connect\u00e9 \u00e0 votre banque ou au tr\u00e9sor public","publisher":{"@id":"https:\/\/redtaag.com\/nl\/#organization"},"potentialAction":[{"@type":"SearchAction","target":{"@type":"EntryPoint","urlTemplate":"https:\/\/redtaag.com\/nl\/?s={search_term_string}"},"query-input":{"@type":"PropertyValueSpecification","valueRequired":true,"valueName":"search_term_string"}}],"inLanguage":"nl-NL"},{"@type":"Organization","@id":"https:\/\/redtaag.com\/nl\/#organization","name":"Voodootix SAS","url":"https:\/\/redtaag.com\/nl\/","logo":{"@type":"ImageObject","inLanguage":"nl-NL","@id":"https:\/\/redtaag.com\/nl\/#\/schema\/logo\/image\/","url":"https:\/\/i2.wp.com\/redtaag.com\/site-rtgv2\/wp-content\/uploads\/2019\/06\/redtaag_logo_dark.png?fit=328%2C47&ssl=1","contentUrl":"https:\/\/i2.wp.com\/redtaag.com\/site-rtgv2\/wp-content\/uploads\/2019\/06\/redtaag_logo_dark.png?fit=328%2C47&ssl=1","width":328,"height":47,"caption":"Voodootix SAS"},"image":{"@id":"https:\/\/redtaag.com\/nl\/#\/schema\/logo\/image\/"}}]}},"jetpack_sharing_enabled":true,"_links":{"self":[{"href":"https:\/\/redtaag.com\/nl\/wp-json\/wp\/v2\/product\/2443","targetHints":{"allow":["GET"]}}],"collection":[{"href":"https:\/\/redtaag.com\/nl\/wp-json\/wp\/v2\/product"}],"about":[{"href":"https:\/\/redtaag.com\/nl\/wp-json\/wp\/v2\/types\/product"}],"replies":[{"embeddable":true,"href":"https:\/\/redtaag.com\/nl\/wp-json\/wp\/v2\/comments?post=2443"}],"wp:attachment":[{"href":"https:\/\/redtaag.com\/nl\/wp-json\/wp\/v2\/media?parent=2443"}],"wp:term":[{"taxonomy":"product_brand","embeddable":true,"href":"https:\/\/redtaag.com\/nl\/wp-json\/wp\/v2\/product_brand?post=2443"},{"taxonomy":"product_cat","embeddable":true,"href":"https:\/\/redtaag.com\/nl\/wp-json\/wp\/v2\/product_cat?post=2443"},{"taxonomy":"product_tag","embeddable":true,"href":"https:\/\/redtaag.com\/nl\/wp-json\/wp\/v2\/product_tag?post=2443"}],"curies":[{"name":"wp","href":"https:\/\/api.w.org\/{rel}","templated":true}]}}