{"id":2438,"date":"2020-04-04T18:10:17","date_gmt":"2020-04-04T16:10:17","guid":{"rendered":"https:\/\/redtaag.com\/produit\/ticketprinter-star-tsp700ii-module-hi-x-connect-voeding\/"},"modified":"2020-04-04T18:10:17","modified_gmt":"2020-04-04T16:10:17","slug":"ticketprinter-star-tsp700ii-module-hi-x-connect-voeding","status":"publish","type":"product","link":"https:\/\/redtaag.com\/nl\/produit\/ticketprinter-star-tsp700ii-module-hi-x-connect-voeding\/","title":{"rendered":"Ticketprinter Star TSP700II + module HI-X-connect + voeding"},"content":{"rendered":"<p>Om met Redtaag te werken, heeft de <a href=\"https:\/\/star-emea.com\/products\/tsp700ii\/?lang=fr\">Star TSP700II<\/a> printer een verplichte <a href=\"https:\/\/star-emea.com\/products\/hi-x-connect\/\">Hi X connect<\/a> module nodig. Hiermee kan je de printer aansluiten met een netwerkkabel en optioneel een wifi-dongle toevoegen om de printer op WiFi aan te sluiten. Dit product is dus een pakket bestaande uit de printer, de HI X connect module en de voeding (meestal afzonderlijk verkrijgbaar)<\/p>\n<p>De TSP700 is een zeer robuuste en snelle printer voor het afdrukken van grote volumes aan tickets van hoge kwaliteit met tekst, logo&#8217;s en barcodes met een snelheid van 250 mm per seconde. de TSP700II is compatibel met de meeste besturingssystemen, waaronder Windows, iOS en Android.<\/p>\n<p>Het ontwerp is compact en veelzijdig, er zijn veel accessoires en het accepteert zeer dik papier op rol of met ticketvoet.<\/p>\n","protected":false},"excerpt":{"rendered":"<p>Deze ticketprinter kan tickets afdrukken <a href=\"https:\/\/redtaag.com\/fonctionnalites\/billets-tous-canaux-papier-digitaux\/\">op een rol <\/a>en op een<a href=\"https:\/\/redtaag.com\/fonctionnalites\/billets-tous-canaux-papier-digitaux\/\"> ticketvoet <\/a>om de traditionele look te behouden (niet nodig voor ticketbeveiliging of toegangscontrole met Redtaag). Hoewel deze minder compact is dan de Epson, kan ze toch vervoerd worden voor de installatie in een verkooppunt buiten het terrein. Hij maakt verbinding met de cloud printserver van je instantie via een Lan interface en optioneel via WiFi.<\/p>\n","protected":false},"featured_media":0,"comment_status":"closed","ping_status":"closed","template":"","meta":{"_price":"485","_stock":"","_tribe_ticket_header":"","_tribe_default_ticket_provider":"","_tribe_ticket_capacity":"0","_ticket_start_date":"","_ticket_end_date":"","_tribe_ticket_show_description":"","_tribe_ticket_show_not_going":false,"_tribe_ticket_use_global_stock":"","_tribe_ticket_global_stock_level":"","_global_stock_mode":"","_global_stock_cap":"","_tribe_rsvp_for_event":"","_tribe_ticket_going_count":"","_tribe_ticket_not_going_count":"","_tribe_tickets_list":"[]","_tribe_ticket_has_attendee_info_fields":false},"product_brand":[],"product_cat":[74],"product_tag":[],"class_list":{"0":"post-2438","1":"product","2":"type-product","3":"status-publish","5":"product_cat-ticketprinters","6":"tm-no-options","8":"first","9":"instock","10":"taxable","11":"shipping-taxable","12":"purchasable","13":"product-type-variable"},"yoast_head":"<!-- This site is optimized with the Yoast SEO plugin v27.3 - https:\/\/yoast.com\/product\/yoast-seo-wordpress\/ -->\n<title>Ticketprinter Star TSP700II + module HI-X-connect + voeding - Logiciel de billetterie en ligne (solution fullweb) pour th\u00e9\u00e2tres, salles de spectacle vivant, ...<\/title>\n<meta name=\"robots\" content=\"index, follow, max-snippet:-1, max-image-preview:large, max-video-preview:-1\" \/>\n<link rel=\"canonical\" href=\"https:\/\/redtaag.com\/nl\/produit\/ticketprinter-star-tsp700ii-module-hi-x-connect-voeding\/\" \/>\n<meta property=\"og:locale\" content=\"nl_NL\" \/>\n<meta property=\"og:type\" content=\"article\" \/>\n<meta property=\"og:title\" content=\"Ticketprinter Star TSP700II + module HI-X-connect + voeding - Logiciel de billetterie en ligne (solution fullweb) pour th\u00e9\u00e2tres, salles de spectacle vivant, ...\" \/>\n<meta property=\"og:description\" content=\"Deze ticketprinter kan tickets afdrukken op een rol en op een ticketvoet om de traditionele look te behouden (niet nodig voor ticketbeveiliging of toegangscontrole met Redtaag). Hoewel deze minder compact is dan de Epson, kan ze toch vervoerd worden voor de installatie in een verkooppunt buiten het terrein. Hij maakt verbinding met de cloud printserver van je instantie via een Lan interface en optioneel via WiFi.\" \/>\n<meta property=\"og:url\" content=\"https:\/\/redtaag.com\/nl\/produit\/ticketprinter-star-tsp700ii-module-hi-x-connect-voeding\/\" \/>\n<meta property=\"og:site_name\" content=\"Logiciel de billetterie en ligne (solution fullweb) pour th\u00e9\u00e2tres, salles de spectacle vivant, ...\" \/>\n<meta name=\"twitter:card\" content=\"summary_large_image\" \/>\n<meta name=\"twitter:label1\" content=\"Geschatte leestijd\" \/>\n\t<meta name=\"twitter:data1\" content=\"1 minuut\" \/>\n<script type=\"application\/ld+json\" class=\"yoast-schema-graph\">{\"@context\":\"https:\\\/\\\/schema.org\",\"@graph\":[{\"@type\":\"WebPage\",\"@id\":\"https:\\\/\\\/redtaag.com\\\/nl\\\/produit\\\/ticketprinter-star-tsp700ii-module-hi-x-connect-voeding\\\/\",\"url\":\"https:\\\/\\\/redtaag.com\\\/nl\\\/produit\\\/ticketprinter-star-tsp700ii-module-hi-x-connect-voeding\\\/\",\"name\":\"Ticketprinter Star TSP700II + module HI-X-connect + voeding - Logiciel de billetterie en ligne (solution fullweb) pour th\u00e9\u00e2tres, salles de spectacle vivant, ...\",\"isPartOf\":{\"@id\":\"https:\\\/\\\/redtaag.com\\\/nl\\\/#website\"},\"datePublished\":\"2020-04-04T16:10:17+00:00\",\"breadcrumb\":{\"@id\":\"https:\\\/\\\/redtaag.com\\\/nl\\\/produit\\\/ticketprinter-star-tsp700ii-module-hi-x-connect-voeding\\\/#breadcrumb\"},\"inLanguage\":\"nl-NL\",\"potentialAction\":[{\"@type\":\"ReadAction\",\"target\":[\"https:\\\/\\\/redtaag.com\\\/nl\\\/produit\\\/ticketprinter-star-tsp700ii-module-hi-x-connect-voeding\\\/\"]}]},{\"@type\":\"BreadcrumbList\",\"@id\":\"https:\\\/\\\/redtaag.com\\\/nl\\\/produit\\\/ticketprinter-star-tsp700ii-module-hi-x-connect-voeding\\\/#breadcrumb\",\"itemListElement\":[{\"@type\":\"ListItem\",\"position\":1,\"name\":\"Accueil\",\"item\":\"https:\\\/\\\/redtaag.com\\\/nl\\\/?lang=nl\"},{\"@type\":\"ListItem\",\"position\":2,\"name\":\"Boutique\",\"item\":\"https:\\\/\\\/redtaag.com\\\/boutique\\\/\"},{\"@type\":\"ListItem\",\"position\":3,\"name\":\"Ticketprinter Star TSP700II + module HI-X-connect + voeding\"}]},{\"@type\":\"WebSite\",\"@id\":\"https:\\\/\\\/redtaag.com\\\/nl\\\/#website\",\"url\":\"https:\\\/\\\/redtaag.com\\\/nl\\\/\",\"name\":\"Logiciel de billetterie en ligne (solution fullweb) pour th\u00e9\u00e2tres, salles de spectacle vivant, ...\",\"description\":\"Logiciel de billetterie fullweb connect\u00e9 \u00e0 votre banque ou au tr\u00e9sor public\",\"publisher\":{\"@id\":\"https:\\\/\\\/redtaag.com\\\/nl\\\/#organization\"},\"potentialAction\":[{\"@type\":\"SearchAction\",\"target\":{\"@type\":\"EntryPoint\",\"urlTemplate\":\"https:\\\/\\\/redtaag.com\\\/nl\\\/?s={search_term_string}\"},\"query-input\":{\"@type\":\"PropertyValueSpecification\",\"valueRequired\":true,\"valueName\":\"search_term_string\"}}],\"inLanguage\":\"nl-NL\"},{\"@type\":\"Organization\",\"@id\":\"https:\\\/\\\/redtaag.com\\\/nl\\\/#organization\",\"name\":\"Voodootix SAS\",\"url\":\"https:\\\/\\\/redtaag.com\\\/nl\\\/\",\"logo\":{\"@type\":\"ImageObject\",\"inLanguage\":\"nl-NL\",\"@id\":\"https:\\\/\\\/redtaag.com\\\/nl\\\/#\\\/schema\\\/logo\\\/image\\\/\",\"url\":\"https:\\\/\\\/i2.wp.com\\\/redtaag.com\\\/site-rtgv2\\\/wp-content\\\/uploads\\\/2019\\\/06\\\/redtaag_logo_dark.png?fit=328%2C47&ssl=1\",\"contentUrl\":\"https:\\\/\\\/i2.wp.com\\\/redtaag.com\\\/site-rtgv2\\\/wp-content\\\/uploads\\\/2019\\\/06\\\/redtaag_logo_dark.png?fit=328%2C47&ssl=1\",\"width\":328,\"height\":47,\"caption\":\"Voodootix SAS\"},\"image\":{\"@id\":\"https:\\\/\\\/redtaag.com\\\/nl\\\/#\\\/schema\\\/logo\\\/image\\\/\"}}]}<\/script>\n<!-- \/ Yoast SEO plugin. -->","yoast_head_json":{"title":"Ticketprinter Star TSP700II + module HI-X-connect + voeding - Logiciel de billetterie en ligne (solution fullweb) pour th\u00e9\u00e2tres, salles de spectacle vivant, ...","robots":{"index":"index","follow":"follow","max-snippet":"max-snippet:-1","max-image-preview":"max-image-preview:large","max-video-preview":"max-video-preview:-1"},"canonical":"https:\/\/redtaag.com\/nl\/produit\/ticketprinter-star-tsp700ii-module-hi-x-connect-voeding\/","og_locale":"nl_NL","og_type":"article","og_title":"Ticketprinter Star TSP700II + module HI-X-connect + voeding - Logiciel de billetterie en ligne (solution fullweb) pour th\u00e9\u00e2tres, salles de spectacle vivant, ...","og_description":"Deze ticketprinter kan tickets afdrukken op een rol en op een ticketvoet om de traditionele look te behouden (niet nodig voor ticketbeveiliging of toegangscontrole met Redtaag). Hoewel deze minder compact is dan de Epson, kan ze toch vervoerd worden voor de installatie in een verkooppunt buiten het terrein. Hij maakt verbinding met de cloud printserver van je instantie via een Lan interface en optioneel via WiFi.","og_url":"https:\/\/redtaag.com\/nl\/produit\/ticketprinter-star-tsp700ii-module-hi-x-connect-voeding\/","og_site_name":"Logiciel de billetterie en ligne (solution fullweb) pour th\u00e9\u00e2tres, salles de spectacle vivant, ...","twitter_card":"summary_large_image","twitter_misc":{"Geschatte leestijd":"1 minuut"},"schema":{"@context":"https:\/\/schema.org","@graph":[{"@type":"WebPage","@id":"https:\/\/redtaag.com\/nl\/produit\/ticketprinter-star-tsp700ii-module-hi-x-connect-voeding\/","url":"https:\/\/redtaag.com\/nl\/produit\/ticketprinter-star-tsp700ii-module-hi-x-connect-voeding\/","name":"Ticketprinter Star TSP700II + module HI-X-connect + voeding - Logiciel de billetterie en ligne (solution fullweb) pour th\u00e9\u00e2tres, salles de spectacle vivant, ...","isPartOf":{"@id":"https:\/\/redtaag.com\/nl\/#website"},"datePublished":"2020-04-04T16:10:17+00:00","breadcrumb":{"@id":"https:\/\/redtaag.com\/nl\/produit\/ticketprinter-star-tsp700ii-module-hi-x-connect-voeding\/#breadcrumb"},"inLanguage":"nl-NL","potentialAction":[{"@type":"ReadAction","target":["https:\/\/redtaag.com\/nl\/produit\/ticketprinter-star-tsp700ii-module-hi-x-connect-voeding\/"]}]},{"@type":"BreadcrumbList","@id":"https:\/\/redtaag.com\/nl\/produit\/ticketprinter-star-tsp700ii-module-hi-x-connect-voeding\/#breadcrumb","itemListElement":[{"@type":"ListItem","position":1,"name":"Accueil","item":"https:\/\/redtaag.com\/nl\/?lang=nl"},{"@type":"ListItem","position":2,"name":"Boutique","item":"https:\/\/redtaag.com\/boutique\/"},{"@type":"ListItem","position":3,"name":"Ticketprinter Star TSP700II + module HI-X-connect + voeding"}]},{"@type":"WebSite","@id":"https:\/\/redtaag.com\/nl\/#website","url":"https:\/\/redtaag.com\/nl\/","name":"Logiciel de billetterie en ligne (solution fullweb) pour th\u00e9\u00e2tres, salles de spectacle vivant, ...","description":"Logiciel de billetterie fullweb connect\u00e9 \u00e0 votre banque ou au tr\u00e9sor public","publisher":{"@id":"https:\/\/redtaag.com\/nl\/#organization"},"potentialAction":[{"@type":"SearchAction","target":{"@type":"EntryPoint","urlTemplate":"https:\/\/redtaag.com\/nl\/?s={search_term_string}"},"query-input":{"@type":"PropertyValueSpecification","valueRequired":true,"valueName":"search_term_string"}}],"inLanguage":"nl-NL"},{"@type":"Organization","@id":"https:\/\/redtaag.com\/nl\/#organization","name":"Voodootix SAS","url":"https:\/\/redtaag.com\/nl\/","logo":{"@type":"ImageObject","inLanguage":"nl-NL","@id":"https:\/\/redtaag.com\/nl\/#\/schema\/logo\/image\/","url":"https:\/\/i2.wp.com\/redtaag.com\/site-rtgv2\/wp-content\/uploads\/2019\/06\/redtaag_logo_dark.png?fit=328%2C47&ssl=1","contentUrl":"https:\/\/i2.wp.com\/redtaag.com\/site-rtgv2\/wp-content\/uploads\/2019\/06\/redtaag_logo_dark.png?fit=328%2C47&ssl=1","width":328,"height":47,"caption":"Voodootix SAS"},"image":{"@id":"https:\/\/redtaag.com\/nl\/#\/schema\/logo\/image\/"}}]}},"jetpack_sharing_enabled":true,"_links":{"self":[{"href":"https:\/\/redtaag.com\/nl\/wp-json\/wp\/v2\/product\/2438","targetHints":{"allow":["GET"]}}],"collection":[{"href":"https:\/\/redtaag.com\/nl\/wp-json\/wp\/v2\/product"}],"about":[{"href":"https:\/\/redtaag.com\/nl\/wp-json\/wp\/v2\/types\/product"}],"replies":[{"embeddable":true,"href":"https:\/\/redtaag.com\/nl\/wp-json\/wp\/v2\/comments?post=2438"}],"wp:attachment":[{"href":"https:\/\/redtaag.com\/nl\/wp-json\/wp\/v2\/media?parent=2438"}],"wp:term":[{"taxonomy":"product_brand","embeddable":true,"href":"https:\/\/redtaag.com\/nl\/wp-json\/wp\/v2\/product_brand?post=2438"},{"taxonomy":"product_cat","embeddable":true,"href":"https:\/\/redtaag.com\/nl\/wp-json\/wp\/v2\/product_cat?post=2438"},{"taxonomy":"product_tag","embeddable":true,"href":"https:\/\/redtaag.com\/nl\/wp-json\/wp\/v2\/product_tag?post=2438"}],"curies":[{"name":"wp","href":"https:\/\/api.w.org\/{rel}","templated":true}]}}