{"id":2422,"date":"2021-03-03T18:51:49","date_gmt":"2021-03-03T17:51:49","guid":{"rendered":"https:\/\/redtaag.com\/produit\/terminals-voor-ticketverkoop\/"},"modified":"2021-03-03T18:51:49","modified_gmt":"2021-03-03T17:51:49","slug":"terminals-voor-ticketverkoop","status":"publish","type":"product","link":"https:\/\/redtaag.com\/nl\/produit\/terminals-voor-ticketverkoop\/","title":{"rendered":"Terminals voor ticketverkoop"},"content":{"rendered":"<p>Een ticketbestellingsterminal waarmee het publiek zijn evenementen, zijn plaatsen (al dan niet genummerd), zijn tarieven kan kiezen, met kredietkaart kan betalen en onmiddellijk zijn tickets kan afhalen die door de terminal worden afgedrukt of op zijn smartphone.<\/p>\n<p>Eigenschappen :<\/p>\n<ul>\n<li style=\"list-style-type: none;\">\n<ul>\n<li>Bestellingsautomaat en betaling met kredietkaart<\/li>\n<li>Connectiviteit : Ethernet, wifi (optie)<\/li>\n<li>Betaalterminal: Worldline Valina<\/li>\n<li>Printer : Star mc-print3<\/li>\n<li>Beheerdersinterface : toegang op afstand via beveiligde VPN-verbinding, waarschuwing per e-mail bij incident<\/li>\n<li>Scherm: multitouch, 27 inches, high definition (1920&#215;1200), contrast 1000:1<\/li>\n<li>Lengte x Breedte x Dikte (cm) 220 x 60 x 10<\/li>\n<li>Gewicht (kg) : 40<\/li>\n<li>Voeding : 220V<\/li>\n<\/ul>\n<\/li>\n<\/ul>\n<p>Deze terminal voor ticketbestelling is speciaal ontwikkeld om te werken met onze oplossingen waarmee je de shows en prijzen kan selecteren die je op de terminals aanbiedt.<\/p>\n","protected":false},"excerpt":{"rendered":"<p>Stand-alone terminals voor ticketverkoop voor de aankoop van tickets voor geplaatste en niet geplaatste evenementen met een keuze uit meerdere tarieven. Betaling met kredietkaart en automatische afdruk van de tickets door de terminal.<\/p>\n<p>In de stand-by modus rolt op de terminal een diapresentatie van de affiches van de geprogrammeerde voorstellingen, waardoor de terminal een dubbele rol kan spelen: als zelfstandig verkoopkanaal en als instrument voor de promotie van het programma.<\/p>\n<p>De BC-27 terminals zijn perfect ge\u00efntegreerd in het Redtaag ecosysteem en kunnen worden bestuurd vanuit de volledige web backoffice. Het is mogelijk om te kiezen welke spektakels en tarieven beschikbaar zijn op elke terminal. Vervolgens vragen zij, zonder toewijzing, de gemeenschappelijke meter voor alle verkoopkanalen op.<\/p>\n<p>Wanneer de BC-27 is aangesloten, kan hij op afstand worden bijgewerkt en gecontroleerd. Het heeft ook een algoritme dat proactief operators waarschuwt door berichten te sturen om stilstand te voorkomen. Bijvoorbeeld, om te melden dat het papier van de printer bijgevuld moet worden.<\/p>\n<h5><strong>Waarom zou cultuur minder toegankelijk zijn dan een hamburger?<\/strong><\/h5>\n<p><strong>Ideaal om je publiek toegang te geven tot je ticketverkoop op plaatsen waar je geen kassa hebt: mediatheek, gemeentehuis, administratieve hal..\u2026<\/strong><\/p>\n","protected":false},"featured_media":1586,"comment_status":"closed","ping_status":"closed","template":"","meta":{"_price":"8700","_stock":"","_tribe_ticket_header":"","_tribe_default_ticket_provider":"","_tribe_ticket_capacity":"0","_ticket_start_date":"","_ticket_end_date":"","_tribe_ticket_show_description":"","_tribe_ticket_show_not_going":false,"_tribe_ticket_use_global_stock":"","_tribe_ticket_global_stock_level":"","_global_stock_mode":"","_global_stock_cap":"","_tribe_rsvp_for_event":"","_tribe_ticket_going_count":"","_tribe_ticket_not_going_count":"","_tribe_tickets_list":"[]","_tribe_ticket_has_attendee_info_fields":false},"product_brand":[],"product_cat":[70],"product_tag":[],"class_list":{"0":"post-2422","1":"product","2":"type-product","3":"status-publish","4":"has-post-thumbnail","6":"product_cat-terminals-voor-ticketverkoop","7":"tm-no-options","9":"first","10":"instock","11":"taxable","12":"shipping-taxable","13":"purchasable","14":"product-type-simple"},"yoast_head":"<!-- This site is optimized with the Yoast SEO plugin v27.3 - https:\/\/yoast.com\/product\/yoast-seo-wordpress\/ -->\n<title>Terminals voor ticketverkoop - Logiciel de billetterie en ligne (solution fullweb) pour th\u00e9\u00e2tres, salles de spectacle vivant, ...<\/title>\n<meta name=\"robots\" content=\"index, follow, max-snippet:-1, max-image-preview:large, max-video-preview:-1\" \/>\n<link rel=\"canonical\" href=\"https:\/\/redtaag.com\/nl\/produit\/terminals-voor-ticketverkoop\/\" \/>\n<meta property=\"og:locale\" content=\"nl_NL\" \/>\n<meta property=\"og:type\" content=\"article\" \/>\n<meta property=\"og:title\" content=\"Terminals voor ticketverkoop - Logiciel de billetterie en ligne (solution fullweb) pour th\u00e9\u00e2tres, salles de spectacle vivant, ...\" \/>\n<meta property=\"og:description\" content=\"Stand-alone terminals voor ticketverkoop voor de aankoop van tickets voor geplaatste en niet geplaatste evenementen met een keuze uit meerdere tarieven. Betaling met kredietkaart en automatische afdruk van de tickets door de terminal.  In de stand-by modus rolt op de terminal een diapresentatie van de affiches van de geprogrammeerde voorstellingen, waardoor de terminal een dubbele rol kan spelen: als zelfstandig verkoopkanaal en als instrument voor de promotie van het programma.  De BC-27 terminals zijn perfect ge\u00efntegreerd in het Redtaag ecosysteem en kunnen worden bestuurd vanuit de volledige web backoffice. Het is mogelijk om te kiezen welke spektakels en tarieven beschikbaar zijn op elke terminal. Vervolgens vragen zij, zonder toewijzing, de gemeenschappelijke meter voor alle verkoopkanalen op.  Wanneer de BC-27 is aangesloten, kan hij op afstand worden bijgewerkt en gecontroleerd. Het heeft ook een algoritme dat proactief operators waarschuwt door berichten te sturen om stilstand te voorkomen. Bijvoorbeeld, om te melden dat het papier van de printer bijgevuld moet worden. Waarom zou cultuur minder toegankelijk zijn dan een hamburger? Ideaal om je publiek toegang te geven tot je ticketverkoop op plaatsen waar je geen kassa hebt: mediatheek, gemeentehuis, administratieve hal..\u2026\" \/>\n<meta property=\"og:url\" content=\"https:\/\/redtaag.com\/nl\/produit\/terminals-voor-ticketverkoop\/\" \/>\n<meta property=\"og:site_name\" content=\"Logiciel de billetterie en ligne (solution fullweb) pour th\u00e9\u00e2tres, salles de spectacle vivant, ...\" \/>\n<meta property=\"og:image\" content=\"https:\/\/redtaag.com\/site-rtgv2\/wp-content\/uploads\/2021\/03\/borne-redtaag-12.jpg\" \/>\n\t<meta property=\"og:image:width\" content=\"600\" \/>\n\t<meta property=\"og:image:height\" content=\"1361\" \/>\n\t<meta property=\"og:image:type\" content=\"image\/jpeg\" \/>\n<meta name=\"twitter:card\" content=\"summary_large_image\" \/>\n<meta name=\"twitter:label1\" content=\"Geschatte leestijd\" \/>\n\t<meta name=\"twitter:data1\" content=\"1 minuut\" \/>\n<script type=\"application\/ld+json\" class=\"yoast-schema-graph\">{\"@context\":\"https:\\\/\\\/schema.org\",\"@graph\":[{\"@type\":\"WebPage\",\"@id\":\"https:\\\/\\\/redtaag.com\\\/nl\\\/produit\\\/terminals-voor-ticketverkoop\\\/\",\"url\":\"https:\\\/\\\/redtaag.com\\\/nl\\\/produit\\\/terminals-voor-ticketverkoop\\\/\",\"name\":\"Terminals voor ticketverkoop - Logiciel de billetterie en ligne (solution fullweb) pour th\u00e9\u00e2tres, salles de spectacle vivant, ...\",\"isPartOf\":{\"@id\":\"https:\\\/\\\/redtaag.com\\\/nl\\\/#website\"},\"primaryImageOfPage\":{\"@id\":\"https:\\\/\\\/redtaag.com\\\/nl\\\/produit\\\/terminals-voor-ticketverkoop\\\/#primaryimage\"},\"image\":{\"@id\":\"https:\\\/\\\/redtaag.com\\\/nl\\\/produit\\\/terminals-voor-ticketverkoop\\\/#primaryimage\"},\"thumbnailUrl\":\"https:\\\/\\\/i0.wp.com\\\/redtaag.com\\\/site-rtgv2\\\/wp-content\\\/uploads\\\/2021\\\/03\\\/borne-redtaag-12.jpg?fit=600%2C1361&ssl=1\",\"datePublished\":\"2021-03-03T17:51:49+00:00\",\"breadcrumb\":{\"@id\":\"https:\\\/\\\/redtaag.com\\\/nl\\\/produit\\\/terminals-voor-ticketverkoop\\\/#breadcrumb\"},\"inLanguage\":\"nl-NL\",\"potentialAction\":[{\"@type\":\"ReadAction\",\"target\":[\"https:\\\/\\\/redtaag.com\\\/nl\\\/produit\\\/terminals-voor-ticketverkoop\\\/\"]}]},{\"@type\":\"ImageObject\",\"inLanguage\":\"nl-NL\",\"@id\":\"https:\\\/\\\/redtaag.com\\\/nl\\\/produit\\\/terminals-voor-ticketverkoop\\\/#primaryimage\",\"url\":\"https:\\\/\\\/i0.wp.com\\\/redtaag.com\\\/site-rtgv2\\\/wp-content\\\/uploads\\\/2021\\\/03\\\/borne-redtaag-12.jpg?fit=600%2C1361&ssl=1\",\"contentUrl\":\"https:\\\/\\\/i0.wp.com\\\/redtaag.com\\\/site-rtgv2\\\/wp-content\\\/uploads\\\/2021\\\/03\\\/borne-redtaag-12.jpg?fit=600%2C1361&ssl=1\",\"width\":600,\"height\":1361,\"caption\":\"Bornes de commande billetterie\"},{\"@type\":\"BreadcrumbList\",\"@id\":\"https:\\\/\\\/redtaag.com\\\/nl\\\/produit\\\/terminals-voor-ticketverkoop\\\/#breadcrumb\",\"itemListElement\":[{\"@type\":\"ListItem\",\"position\":1,\"name\":\"Accueil\",\"item\":\"https:\\\/\\\/redtaag.com\\\/nl\\\/?lang=nl\"},{\"@type\":\"ListItem\",\"position\":2,\"name\":\"Boutique\",\"item\":\"https:\\\/\\\/redtaag.com\\\/boutique\\\/\"},{\"@type\":\"ListItem\",\"position\":3,\"name\":\"Terminals voor ticketverkoop\"}]},{\"@type\":\"WebSite\",\"@id\":\"https:\\\/\\\/redtaag.com\\\/nl\\\/#website\",\"url\":\"https:\\\/\\\/redtaag.com\\\/nl\\\/\",\"name\":\"Logiciel de billetterie en ligne (solution fullweb) pour th\u00e9\u00e2tres, salles de spectacle vivant, ...\",\"description\":\"Logiciel de billetterie fullweb connect\u00e9 \u00e0 votre banque ou au tr\u00e9sor public\",\"publisher\":{\"@id\":\"https:\\\/\\\/redtaag.com\\\/nl\\\/#organization\"},\"potentialAction\":[{\"@type\":\"SearchAction\",\"target\":{\"@type\":\"EntryPoint\",\"urlTemplate\":\"https:\\\/\\\/redtaag.com\\\/nl\\\/?s={search_term_string}\"},\"query-input\":{\"@type\":\"PropertyValueSpecification\",\"valueRequired\":true,\"valueName\":\"search_term_string\"}}],\"inLanguage\":\"nl-NL\"},{\"@type\":\"Organization\",\"@id\":\"https:\\\/\\\/redtaag.com\\\/nl\\\/#organization\",\"name\":\"Voodootix SAS\",\"url\":\"https:\\\/\\\/redtaag.com\\\/nl\\\/\",\"logo\":{\"@type\":\"ImageObject\",\"inLanguage\":\"nl-NL\",\"@id\":\"https:\\\/\\\/redtaag.com\\\/nl\\\/#\\\/schema\\\/logo\\\/image\\\/\",\"url\":\"https:\\\/\\\/i2.wp.com\\\/redtaag.com\\\/site-rtgv2\\\/wp-content\\\/uploads\\\/2019\\\/06\\\/redtaag_logo_dark.png?fit=328%2C47&ssl=1\",\"contentUrl\":\"https:\\\/\\\/i2.wp.com\\\/redtaag.com\\\/site-rtgv2\\\/wp-content\\\/uploads\\\/2019\\\/06\\\/redtaag_logo_dark.png?fit=328%2C47&ssl=1\",\"width\":328,\"height\":47,\"caption\":\"Voodootix SAS\"},\"image\":{\"@id\":\"https:\\\/\\\/redtaag.com\\\/nl\\\/#\\\/schema\\\/logo\\\/image\\\/\"}}]}<\/script>\n<!-- \/ Yoast SEO plugin. -->","yoast_head_json":{"title":"Terminals voor ticketverkoop - Logiciel de billetterie en ligne (solution fullweb) pour th\u00e9\u00e2tres, salles de spectacle vivant, ...","robots":{"index":"index","follow":"follow","max-snippet":"max-snippet:-1","max-image-preview":"max-image-preview:large","max-video-preview":"max-video-preview:-1"},"canonical":"https:\/\/redtaag.com\/nl\/produit\/terminals-voor-ticketverkoop\/","og_locale":"nl_NL","og_type":"article","og_title":"Terminals voor ticketverkoop - Logiciel de billetterie en ligne (solution fullweb) pour th\u00e9\u00e2tres, salles de spectacle vivant, ...","og_description":"Stand-alone terminals voor ticketverkoop voor de aankoop van tickets voor geplaatste en niet geplaatste evenementen met een keuze uit meerdere tarieven. Betaling met kredietkaart en automatische afdruk van de tickets door de terminal.  In de stand-by modus rolt op de terminal een diapresentatie van de affiches van de geprogrammeerde voorstellingen, waardoor de terminal een dubbele rol kan spelen: als zelfstandig verkoopkanaal en als instrument voor de promotie van het programma.  De BC-27 terminals zijn perfect ge\u00efntegreerd in het Redtaag ecosysteem en kunnen worden bestuurd vanuit de volledige web backoffice. Het is mogelijk om te kiezen welke spektakels en tarieven beschikbaar zijn op elke terminal. Vervolgens vragen zij, zonder toewijzing, de gemeenschappelijke meter voor alle verkoopkanalen op.  Wanneer de BC-27 is aangesloten, kan hij op afstand worden bijgewerkt en gecontroleerd. Het heeft ook een algoritme dat proactief operators waarschuwt door berichten te sturen om stilstand te voorkomen. Bijvoorbeeld, om te melden dat het papier van de printer bijgevuld moet worden. Waarom zou cultuur minder toegankelijk zijn dan een hamburger? Ideaal om je publiek toegang te geven tot je ticketverkoop op plaatsen waar je geen kassa hebt: mediatheek, gemeentehuis, administratieve hal..\u2026","og_url":"https:\/\/redtaag.com\/nl\/produit\/terminals-voor-ticketverkoop\/","og_site_name":"Logiciel de billetterie en ligne (solution fullweb) pour th\u00e9\u00e2tres, salles de spectacle vivant, ...","og_image":[{"width":600,"height":1361,"url":"https:\/\/redtaag.com\/site-rtgv2\/wp-content\/uploads\/2021\/03\/borne-redtaag-12.jpg","type":"image\/jpeg"}],"twitter_card":"summary_large_image","twitter_misc":{"Geschatte leestijd":"1 minuut"},"schema":{"@context":"https:\/\/schema.org","@graph":[{"@type":"WebPage","@id":"https:\/\/redtaag.com\/nl\/produit\/terminals-voor-ticketverkoop\/","url":"https:\/\/redtaag.com\/nl\/produit\/terminals-voor-ticketverkoop\/","name":"Terminals voor ticketverkoop - Logiciel de billetterie en ligne (solution fullweb) pour th\u00e9\u00e2tres, salles de spectacle vivant, ...","isPartOf":{"@id":"https:\/\/redtaag.com\/nl\/#website"},"primaryImageOfPage":{"@id":"https:\/\/redtaag.com\/nl\/produit\/terminals-voor-ticketverkoop\/#primaryimage"},"image":{"@id":"https:\/\/redtaag.com\/nl\/produit\/terminals-voor-ticketverkoop\/#primaryimage"},"thumbnailUrl":"https:\/\/i0.wp.com\/redtaag.com\/site-rtgv2\/wp-content\/uploads\/2021\/03\/borne-redtaag-12.jpg?fit=600%2C1361&ssl=1","datePublished":"2021-03-03T17:51:49+00:00","breadcrumb":{"@id":"https:\/\/redtaag.com\/nl\/produit\/terminals-voor-ticketverkoop\/#breadcrumb"},"inLanguage":"nl-NL","potentialAction":[{"@type":"ReadAction","target":["https:\/\/redtaag.com\/nl\/produit\/terminals-voor-ticketverkoop\/"]}]},{"@type":"ImageObject","inLanguage":"nl-NL","@id":"https:\/\/redtaag.com\/nl\/produit\/terminals-voor-ticketverkoop\/#primaryimage","url":"https:\/\/i0.wp.com\/redtaag.com\/site-rtgv2\/wp-content\/uploads\/2021\/03\/borne-redtaag-12.jpg?fit=600%2C1361&ssl=1","contentUrl":"https:\/\/i0.wp.com\/redtaag.com\/site-rtgv2\/wp-content\/uploads\/2021\/03\/borne-redtaag-12.jpg?fit=600%2C1361&ssl=1","width":600,"height":1361,"caption":"Bornes de commande billetterie"},{"@type":"BreadcrumbList","@id":"https:\/\/redtaag.com\/nl\/produit\/terminals-voor-ticketverkoop\/#breadcrumb","itemListElement":[{"@type":"ListItem","position":1,"name":"Accueil","item":"https:\/\/redtaag.com\/nl\/?lang=nl"},{"@type":"ListItem","position":2,"name":"Boutique","item":"https:\/\/redtaag.com\/boutique\/"},{"@type":"ListItem","position":3,"name":"Terminals voor ticketverkoop"}]},{"@type":"WebSite","@id":"https:\/\/redtaag.com\/nl\/#website","url":"https:\/\/redtaag.com\/nl\/","name":"Logiciel de billetterie en ligne (solution fullweb) pour th\u00e9\u00e2tres, salles de spectacle vivant, ...","description":"Logiciel de billetterie fullweb connect\u00e9 \u00e0 votre banque ou au tr\u00e9sor public","publisher":{"@id":"https:\/\/redtaag.com\/nl\/#organization"},"potentialAction":[{"@type":"SearchAction","target":{"@type":"EntryPoint","urlTemplate":"https:\/\/redtaag.com\/nl\/?s={search_term_string}"},"query-input":{"@type":"PropertyValueSpecification","valueRequired":true,"valueName":"search_term_string"}}],"inLanguage":"nl-NL"},{"@type":"Organization","@id":"https:\/\/redtaag.com\/nl\/#organization","name":"Voodootix SAS","url":"https:\/\/redtaag.com\/nl\/","logo":{"@type":"ImageObject","inLanguage":"nl-NL","@id":"https:\/\/redtaag.com\/nl\/#\/schema\/logo\/image\/","url":"https:\/\/i2.wp.com\/redtaag.com\/site-rtgv2\/wp-content\/uploads\/2019\/06\/redtaag_logo_dark.png?fit=328%2C47&ssl=1","contentUrl":"https:\/\/i2.wp.com\/redtaag.com\/site-rtgv2\/wp-content\/uploads\/2019\/06\/redtaag_logo_dark.png?fit=328%2C47&ssl=1","width":328,"height":47,"caption":"Voodootix SAS"},"image":{"@id":"https:\/\/redtaag.com\/nl\/#\/schema\/logo\/image\/"}}]}},"jetpack_sharing_enabled":true,"_links":{"self":[{"href":"https:\/\/redtaag.com\/nl\/wp-json\/wp\/v2\/product\/2422","targetHints":{"allow":["GET"]}}],"collection":[{"href":"https:\/\/redtaag.com\/nl\/wp-json\/wp\/v2\/product"}],"about":[{"href":"https:\/\/redtaag.com\/nl\/wp-json\/wp\/v2\/types\/product"}],"replies":[{"embeddable":true,"href":"https:\/\/redtaag.com\/nl\/wp-json\/wp\/v2\/comments?post=2422"}],"wp:featuredmedia":[{"embeddable":true,"href":"https:\/\/redtaag.com\/nl\/wp-json\/wp\/v2\/media\/1586"}],"wp:attachment":[{"href":"https:\/\/redtaag.com\/nl\/wp-json\/wp\/v2\/media?parent=2422"}],"wp:term":[{"taxonomy":"product_brand","embeddable":true,"href":"https:\/\/redtaag.com\/nl\/wp-json\/wp\/v2\/product_brand?post=2422"},{"taxonomy":"product_cat","embeddable":true,"href":"https:\/\/redtaag.com\/nl\/wp-json\/wp\/v2\/product_cat?post=2422"},{"taxonomy":"product_tag","embeddable":true,"href":"https:\/\/redtaag.com\/nl\/wp-json\/wp\/v2\/product_tag?post=2422"}],"curies":[{"name":"wp","href":"https:\/\/api.w.org\/{rel}","templated":true}]}}