{"id":2421,"date":"2020-08-19T18:31:20","date_gmt":"2021-08-19T16:31:20","guid":{"rendered":"https:\/\/redtaag.com\/produit\/gezondheidspas-controlelezer-maandelijkse-huur\/"},"modified":"2021-08-19T18:31:20","modified_gmt":"2021-08-19T16:31:20","slug":"gezondheidspas-controlelezer-maandelijkse-huur","status":"publish","type":"product","link":"https:\/\/redtaag.com\/nl\/produit\/gezondheidspas-controlelezer-maandelijkse-huur\/","title":{"rendered":"Gezondheidspas controlelezer (maandelijkse huur)"},"content":{"rendered":"<p>Technische eigenschappen van onze gezondheidspas controlelezers :<\/p>\n<ul>\n<li>Zeer hoge autonomie<\/li>\n<li>Zeer hoge weerstand tegen vallen<\/li>\n<li>Regenbestendig<\/li>\n<li>&#8220;Agressief&#8221; scannen van QR-codes voor Europese gezondheidspassen<\/li>\n<li>Werkt met wifi of 4G (sim + abonnement niet inbegrepen)<\/li>\n<li>Display met hoge helderheid<\/li>\n<\/ul>\n","protected":false},"excerpt":{"rendered":"<p><strong>Om te voldoen aan de eis van de regering om gezondheidspasjes te controleren, bieden wij geschikte lezers te huur aan.<\/strong><\/p>\n<p>Deze op Android gebaseerde lezers hebben functies waarmee u zowel binnen als buiten gedurende een groot aantal uren doeltreffend kunt controleren.<\/p>\n<p>Wij leveren de toestellen volledig geconfigureerd met de &#8220;all anti covid verif&#8221; toepassing ge\u00efnstalleerd en klaar voor controle.<\/p>\n","protected":false},"featured_media":1817,"comment_status":"closed","ping_status":"closed","template":"","meta":{"_price":"30","_stock":"","_tribe_ticket_header":"","_tribe_default_ticket_provider":"","_tribe_ticket_capacity":"1","_ticket_start_date":"","_ticket_end_date":"","_tribe_ticket_show_description":"","_tribe_ticket_show_not_going":false,"_tribe_ticket_use_global_stock":"","_tribe_ticket_global_stock_level":"","_global_stock_mode":"","_global_stock_cap":"","_tribe_rsvp_for_event":"","_tribe_ticket_going_count":"","_tribe_ticket_not_going_count":"","_tribe_tickets_list":"[]","_tribe_ticket_has_attendee_info_fields":false},"product_brand":[],"product_cat":[],"product_tag":[],"class_list":{"0":"post-2421","1":"product","2":"type-product","3":"status-publish","4":"has-post-thumbnail","6":"tm-no-options","8":"first","9":"instock","10":"taxable","11":"shipping-taxable","12":"purchasable","13":"product-type-simple"},"yoast_head":"<!-- This site is optimized with the Yoast SEO plugin v27.3 - https:\/\/yoast.com\/product\/yoast-seo-wordpress\/ -->\n<title>Gezondheidspas controlelezer (maandelijkse huur) - Logiciel de billetterie en ligne (solution fullweb) pour th\u00e9\u00e2tres, salles de spectacle vivant, ...<\/title>\n<meta name=\"robots\" content=\"index, follow, max-snippet:-1, max-image-preview:large, max-video-preview:-1\" \/>\n<link rel=\"canonical\" href=\"https:\/\/redtaag.com\/nl\/produit\/gezondheidspas-controlelezer-maandelijkse-huur\/\" \/>\n<meta property=\"og:locale\" content=\"nl_NL\" \/>\n<meta property=\"og:type\" content=\"article\" \/>\n<meta property=\"og:title\" content=\"Gezondheidspas controlelezer (maandelijkse huur) - Logiciel de billetterie en ligne (solution fullweb) pour th\u00e9\u00e2tres, salles de spectacle vivant, ...\" \/>\n<meta property=\"og:description\" content=\"Om te voldoen aan de eis van de regering om gezondheidspasjes te controleren, bieden wij geschikte lezers te huur aan.  Deze op Android gebaseerde lezers hebben functies waarmee u zowel binnen als buiten gedurende een groot aantal uren doeltreffend kunt controleren.  Wij leveren de toestellen volledig geconfigureerd met de &quot;all anti covid verif&quot; toepassing ge\u00efnstalleerd en klaar voor controle.\" \/>\n<meta property=\"og:url\" content=\"https:\/\/redtaag.com\/nl\/produit\/gezondheidspas-controlelezer-maandelijkse-huur\/\" \/>\n<meta property=\"og:site_name\" content=\"Logiciel de billetterie en ligne (solution fullweb) pour th\u00e9\u00e2tres, salles de spectacle vivant, ...\" \/>\n<meta property=\"og:image\" content=\"https:\/\/redtaag.com\/site-rtgv2\/wp-content\/uploads\/2021\/08\/Lecteur-de-controle-des-pass-sanitaires-grande-autonomie.jpg\" \/>\n\t<meta property=\"og:image:width\" content=\"1200\" \/>\n\t<meta property=\"og:image:height\" content=\"1435\" \/>\n\t<meta property=\"og:image:type\" content=\"image\/jpeg\" \/>\n<meta name=\"twitter:card\" content=\"summary_large_image\" \/>\n<script type=\"application\/ld+json\" class=\"yoast-schema-graph\">{\"@context\":\"https:\\\/\\\/schema.org\",\"@graph\":[{\"@type\":\"WebPage\",\"@id\":\"https:\\\/\\\/redtaag.com\\\/nl\\\/produit\\\/gezondheidspas-controlelezer-maandelijkse-huur\\\/\",\"url\":\"https:\\\/\\\/redtaag.com\\\/nl\\\/produit\\\/gezondheidspas-controlelezer-maandelijkse-huur\\\/\",\"name\":\"Gezondheidspas controlelezer (maandelijkse huur) - Logiciel de billetterie en ligne (solution fullweb) pour th\u00e9\u00e2tres, salles de spectacle vivant, ...\",\"isPartOf\":{\"@id\":\"https:\\\/\\\/redtaag.com\\\/nl\\\/#website\"},\"primaryImageOfPage\":{\"@id\":\"https:\\\/\\\/redtaag.com\\\/nl\\\/produit\\\/gezondheidspas-controlelezer-maandelijkse-huur\\\/#primaryimage\"},\"image\":{\"@id\":\"https:\\\/\\\/redtaag.com\\\/nl\\\/produit\\\/gezondheidspas-controlelezer-maandelijkse-huur\\\/#primaryimage\"},\"thumbnailUrl\":\"https:\\\/\\\/i0.wp.com\\\/redtaag.com\\\/site-rtgv2\\\/wp-content\\\/uploads\\\/2021\\\/08\\\/Lecteur-de-controle-des-pass-sanitaires-grande-autonomie.jpg?fit=1200%2C1435&ssl=1\",\"datePublished\":\"2021-08-19T16:31:20+00:00\",\"breadcrumb\":{\"@id\":\"https:\\\/\\\/redtaag.com\\\/nl\\\/produit\\\/gezondheidspas-controlelezer-maandelijkse-huur\\\/#breadcrumb\"},\"inLanguage\":\"nl-NL\",\"potentialAction\":[{\"@type\":\"ReadAction\",\"target\":[\"https:\\\/\\\/redtaag.com\\\/nl\\\/produit\\\/gezondheidspas-controlelezer-maandelijkse-huur\\\/\"]}]},{\"@type\":\"ImageObject\",\"inLanguage\":\"nl-NL\",\"@id\":\"https:\\\/\\\/redtaag.com\\\/nl\\\/produit\\\/gezondheidspas-controlelezer-maandelijkse-huur\\\/#primaryimage\",\"url\":\"https:\\\/\\\/i0.wp.com\\\/redtaag.com\\\/site-rtgv2\\\/wp-content\\\/uploads\\\/2021\\\/08\\\/Lecteur-de-controle-des-pass-sanitaires-grande-autonomie.jpg?fit=1200%2C1435&ssl=1\",\"contentUrl\":\"https:\\\/\\\/i0.wp.com\\\/redtaag.com\\\/site-rtgv2\\\/wp-content\\\/uploads\\\/2021\\\/08\\\/Lecteur-de-controle-des-pass-sanitaires-grande-autonomie.jpg?fit=1200%2C1435&ssl=1\",\"width\":1200,\"height\":1435,\"caption\":\"Lecteur-de-contr\u00f4le-des-pass-sanitaires-grande-autonomie\"},{\"@type\":\"BreadcrumbList\",\"@id\":\"https:\\\/\\\/redtaag.com\\\/nl\\\/produit\\\/gezondheidspas-controlelezer-maandelijkse-huur\\\/#breadcrumb\",\"itemListElement\":[{\"@type\":\"ListItem\",\"position\":1,\"name\":\"Accueil\",\"item\":\"https:\\\/\\\/redtaag.com\\\/nl\\\/?lang=nl\"},{\"@type\":\"ListItem\",\"position\":2,\"name\":\"Boutique\",\"item\":\"https:\\\/\\\/redtaag.com\\\/boutique\\\/\"},{\"@type\":\"ListItem\",\"position\":3,\"name\":\"Gezondheidspas controlelezer (maandelijkse huur)\"}]},{\"@type\":\"WebSite\",\"@id\":\"https:\\\/\\\/redtaag.com\\\/nl\\\/#website\",\"url\":\"https:\\\/\\\/redtaag.com\\\/nl\\\/\",\"name\":\"Logiciel de billetterie en ligne (solution fullweb) pour th\u00e9\u00e2tres, salles de spectacle vivant, ...\",\"description\":\"Logiciel de billetterie fullweb connect\u00e9 \u00e0 votre banque ou au tr\u00e9sor public\",\"publisher\":{\"@id\":\"https:\\\/\\\/redtaag.com\\\/nl\\\/#organization\"},\"potentialAction\":[{\"@type\":\"SearchAction\",\"target\":{\"@type\":\"EntryPoint\",\"urlTemplate\":\"https:\\\/\\\/redtaag.com\\\/nl\\\/?s={search_term_string}\"},\"query-input\":{\"@type\":\"PropertyValueSpecification\",\"valueRequired\":true,\"valueName\":\"search_term_string\"}}],\"inLanguage\":\"nl-NL\"},{\"@type\":\"Organization\",\"@id\":\"https:\\\/\\\/redtaag.com\\\/nl\\\/#organization\",\"name\":\"Voodootix SAS\",\"url\":\"https:\\\/\\\/redtaag.com\\\/nl\\\/\",\"logo\":{\"@type\":\"ImageObject\",\"inLanguage\":\"nl-NL\",\"@id\":\"https:\\\/\\\/redtaag.com\\\/nl\\\/#\\\/schema\\\/logo\\\/image\\\/\",\"url\":\"https:\\\/\\\/i2.wp.com\\\/redtaag.com\\\/site-rtgv2\\\/wp-content\\\/uploads\\\/2019\\\/06\\\/redtaag_logo_dark.png?fit=328%2C47&ssl=1\",\"contentUrl\":\"https:\\\/\\\/i2.wp.com\\\/redtaag.com\\\/site-rtgv2\\\/wp-content\\\/uploads\\\/2019\\\/06\\\/redtaag_logo_dark.png?fit=328%2C47&ssl=1\",\"width\":328,\"height\":47,\"caption\":\"Voodootix SAS\"},\"image\":{\"@id\":\"https:\\\/\\\/redtaag.com\\\/nl\\\/#\\\/schema\\\/logo\\\/image\\\/\"}}]}<\/script>\n<!-- \/ Yoast SEO plugin. -->","yoast_head_json":{"title":"Gezondheidspas controlelezer (maandelijkse huur) - Logiciel de billetterie en ligne (solution fullweb) pour th\u00e9\u00e2tres, salles de spectacle vivant, ...","robots":{"index":"index","follow":"follow","max-snippet":"max-snippet:-1","max-image-preview":"max-image-preview:large","max-video-preview":"max-video-preview:-1"},"canonical":"https:\/\/redtaag.com\/nl\/produit\/gezondheidspas-controlelezer-maandelijkse-huur\/","og_locale":"nl_NL","og_type":"article","og_title":"Gezondheidspas controlelezer (maandelijkse huur) - Logiciel de billetterie en ligne (solution fullweb) pour th\u00e9\u00e2tres, salles de spectacle vivant, ...","og_description":"Om te voldoen aan de eis van de regering om gezondheidspasjes te controleren, bieden wij geschikte lezers te huur aan.  Deze op Android gebaseerde lezers hebben functies waarmee u zowel binnen als buiten gedurende een groot aantal uren doeltreffend kunt controleren.  Wij leveren de toestellen volledig geconfigureerd met de \"all anti covid verif\" toepassing ge\u00efnstalleerd en klaar voor controle.","og_url":"https:\/\/redtaag.com\/nl\/produit\/gezondheidspas-controlelezer-maandelijkse-huur\/","og_site_name":"Logiciel de billetterie en ligne (solution fullweb) pour th\u00e9\u00e2tres, salles de spectacle vivant, ...","og_image":[{"width":1200,"height":1435,"url":"https:\/\/redtaag.com\/site-rtgv2\/wp-content\/uploads\/2021\/08\/Lecteur-de-controle-des-pass-sanitaires-grande-autonomie.jpg","type":"image\/jpeg"}],"twitter_card":"summary_large_image","schema":{"@context":"https:\/\/schema.org","@graph":[{"@type":"WebPage","@id":"https:\/\/redtaag.com\/nl\/produit\/gezondheidspas-controlelezer-maandelijkse-huur\/","url":"https:\/\/redtaag.com\/nl\/produit\/gezondheidspas-controlelezer-maandelijkse-huur\/","name":"Gezondheidspas controlelezer (maandelijkse huur) - Logiciel de billetterie en ligne (solution fullweb) pour th\u00e9\u00e2tres, salles de spectacle vivant, ...","isPartOf":{"@id":"https:\/\/redtaag.com\/nl\/#website"},"primaryImageOfPage":{"@id":"https:\/\/redtaag.com\/nl\/produit\/gezondheidspas-controlelezer-maandelijkse-huur\/#primaryimage"},"image":{"@id":"https:\/\/redtaag.com\/nl\/produit\/gezondheidspas-controlelezer-maandelijkse-huur\/#primaryimage"},"thumbnailUrl":"https:\/\/i0.wp.com\/redtaag.com\/site-rtgv2\/wp-content\/uploads\/2021\/08\/Lecteur-de-controle-des-pass-sanitaires-grande-autonomie.jpg?fit=1200%2C1435&ssl=1","datePublished":"2021-08-19T16:31:20+00:00","breadcrumb":{"@id":"https:\/\/redtaag.com\/nl\/produit\/gezondheidspas-controlelezer-maandelijkse-huur\/#breadcrumb"},"inLanguage":"nl-NL","potentialAction":[{"@type":"ReadAction","target":["https:\/\/redtaag.com\/nl\/produit\/gezondheidspas-controlelezer-maandelijkse-huur\/"]}]},{"@type":"ImageObject","inLanguage":"nl-NL","@id":"https:\/\/redtaag.com\/nl\/produit\/gezondheidspas-controlelezer-maandelijkse-huur\/#primaryimage","url":"https:\/\/i0.wp.com\/redtaag.com\/site-rtgv2\/wp-content\/uploads\/2021\/08\/Lecteur-de-controle-des-pass-sanitaires-grande-autonomie.jpg?fit=1200%2C1435&ssl=1","contentUrl":"https:\/\/i0.wp.com\/redtaag.com\/site-rtgv2\/wp-content\/uploads\/2021\/08\/Lecteur-de-controle-des-pass-sanitaires-grande-autonomie.jpg?fit=1200%2C1435&ssl=1","width":1200,"height":1435,"caption":"Lecteur-de-contr\u00f4le-des-pass-sanitaires-grande-autonomie"},{"@type":"BreadcrumbList","@id":"https:\/\/redtaag.com\/nl\/produit\/gezondheidspas-controlelezer-maandelijkse-huur\/#breadcrumb","itemListElement":[{"@type":"ListItem","position":1,"name":"Accueil","item":"https:\/\/redtaag.com\/nl\/?lang=nl"},{"@type":"ListItem","position":2,"name":"Boutique","item":"https:\/\/redtaag.com\/boutique\/"},{"@type":"ListItem","position":3,"name":"Gezondheidspas controlelezer (maandelijkse huur)"}]},{"@type":"WebSite","@id":"https:\/\/redtaag.com\/nl\/#website","url":"https:\/\/redtaag.com\/nl\/","name":"Logiciel de billetterie en ligne (solution fullweb) pour th\u00e9\u00e2tres, salles de spectacle vivant, ...","description":"Logiciel de billetterie fullweb connect\u00e9 \u00e0 votre banque ou au tr\u00e9sor public","publisher":{"@id":"https:\/\/redtaag.com\/nl\/#organization"},"potentialAction":[{"@type":"SearchAction","target":{"@type":"EntryPoint","urlTemplate":"https:\/\/redtaag.com\/nl\/?s={search_term_string}"},"query-input":{"@type":"PropertyValueSpecification","valueRequired":true,"valueName":"search_term_string"}}],"inLanguage":"nl-NL"},{"@type":"Organization","@id":"https:\/\/redtaag.com\/nl\/#organization","name":"Voodootix SAS","url":"https:\/\/redtaag.com\/nl\/","logo":{"@type":"ImageObject","inLanguage":"nl-NL","@id":"https:\/\/redtaag.com\/nl\/#\/schema\/logo\/image\/","url":"https:\/\/i2.wp.com\/redtaag.com\/site-rtgv2\/wp-content\/uploads\/2019\/06\/redtaag_logo_dark.png?fit=328%2C47&ssl=1","contentUrl":"https:\/\/i2.wp.com\/redtaag.com\/site-rtgv2\/wp-content\/uploads\/2019\/06\/redtaag_logo_dark.png?fit=328%2C47&ssl=1","width":328,"height":47,"caption":"Voodootix SAS"},"image":{"@id":"https:\/\/redtaag.com\/nl\/#\/schema\/logo\/image\/"}}]}},"jetpack_sharing_enabled":true,"_links":{"self":[{"href":"https:\/\/redtaag.com\/nl\/wp-json\/wp\/v2\/product\/2421","targetHints":{"allow":["GET"]}}],"collection":[{"href":"https:\/\/redtaag.com\/nl\/wp-json\/wp\/v2\/product"}],"about":[{"href":"https:\/\/redtaag.com\/nl\/wp-json\/wp\/v2\/types\/product"}],"replies":[{"embeddable":true,"href":"https:\/\/redtaag.com\/nl\/wp-json\/wp\/v2\/comments?post=2421"}],"wp:featuredmedia":[{"embeddable":true,"href":"https:\/\/redtaag.com\/nl\/wp-json\/wp\/v2\/media\/1817"}],"wp:attachment":[{"href":"https:\/\/redtaag.com\/nl\/wp-json\/wp\/v2\/media?parent=2421"}],"wp:term":[{"taxonomy":"product_brand","embeddable":true,"href":"https:\/\/redtaag.com\/nl\/wp-json\/wp\/v2\/product_brand?post=2421"},{"taxonomy":"product_cat","embeddable":true,"href":"https:\/\/redtaag.com\/nl\/wp-json\/wp\/v2\/product_cat?post=2421"},{"taxonomy":"product_tag","embeddable":true,"href":"https:\/\/redtaag.com\/nl\/wp-json\/wp\/v2\/product_tag?post=2421"}],"curies":[{"name":"wp","href":"https:\/\/api.w.org\/{rel}","templated":true}]}}