{"id":1360,"date":"2020-12-24T17:44:14","date_gmt":"2020-12-24T16:44:14","guid":{"rendered":"https:\/\/redtaag.com\/winkel\/"},"modified":"2022-07-20T14:17:35","modified_gmt":"2022-07-20T12:17:35","slug":"winkel","status":"publish","type":"page","link":"https:\/\/redtaag.com\/nl\/winkel\/","title":{"rendered":"Winkel"},"content":{"rendered":"<div class=\"wpb-content-wrapper\"><p>[vc_row heading_color=&#8221;light&#8221; bg_type=&#8221;image&#8221; bg_image=&#8221;263&#8243; padding_top_multiplier=&#8221;5x&#8221; padding_bottom_multiplier=&#8221;&#8221; columns_gap=&#8221;none&#8221; section_id=&#8221;splash&#8221; el_class=&#8221;slant-white&#8221;][vc_column width=&#8221;1\/3&#8243;]<div class=\"grve-empty-space grve-height-3x\" style=\"\"><\/div><h2 class=\"grve-element grve-title grve-align-left grve-h1 grve-increase-heading grve-heading-200\" style=\"\"><span>Materiaal<\/span><\/h2><div class=\"grve-empty-space grve-height-1x\" style=\"\"><\/div><div class=\"grve-element grve-image grve-clipping-left grve-clipping-animation gradient-line d-block mx-auto grve-align-left\" style=\"\" data-delay=\"200\">  <div class=\"grve-image-wrapper\"><img loading=\"lazy\" decoding=\"async\" width=\"140\" height=\"10\" src=\"https:\/\/i0.wp.com\/redtaag.com\/site-rtgv2\/wp-content\/uploads\/2019\/06\/gradient_line.jpg?fit=140%2C10&amp;ssl=1\" class=\"attachment-full size-full\" alt=\"\" \/>   <\/div><\/div><div class=\"grve-empty-space grve-height-1x\" style=\"\"><\/div><h1 class=\"grve-element grve-title grve-align-left grve-h3\" style=\"\"><span>Alle materiaal, accessoires<br \/>\nen software zijn compatibel<br>\nDe verbruiksartikelen<\/span><\/h1><div class=\"grve-empty-space grve-height-3x\" style=\"\"><\/div>[\/vc_column][vc_column vertical_content_position=&#8221;bottom&#8221; column_effect=&#8221;vertical-parallax&#8221; column_effect_limit=&#8221;2x&#8221; column_custom_position=&#8221;yes&#8221; position_right=&#8221;minus-3x&#8221; width=&#8221;5\/12&#8243; mobile_width=&#8221;3-5&#8243; tablet_portrait_column_effect=&#8221;&#8221; mobile_column_effect=&#8221;&#8221; el_wrapper_class=&#8221;rounded-25&#8243;]<div class=\"grve-element grve-image grve-align-center grve-full-image grve-image-space-100\" style=\"\">  <div class=\"grve-image-wrapper\"><img loading=\"lazy\" decoding=\"async\" width=\"450\" height=\"450\" src=\"https:\/\/i0.wp.com\/redtaag.com\/site-rtgv2\/wp-content\/uploads\/2019\/06\/feature_mobile_ticket.jpg?fit=450%2C450&amp;ssl=1\" class=\"attachment-full size-full\" alt=\"\" srcset=\"https:\/\/i0.wp.com\/redtaag.com\/site-rtgv2\/wp-content\/uploads\/2019\/06\/feature_mobile_ticket.jpg?w=450&amp;ssl=1 450w, https:\/\/i0.wp.com\/redtaag.com\/site-rtgv2\/wp-content\/uploads\/2019\/06\/feature_mobile_ticket.jpg?resize=150%2C150&amp;ssl=1 150w, https:\/\/i0.wp.com\/redtaag.com\/site-rtgv2\/wp-content\/uploads\/2019\/06\/feature_mobile_ticket.jpg?resize=300%2C300&amp;ssl=1 300w\" sizes=\"auto, (max-width: 450px) 100vw, 450px\" \/>   <\/div><\/div>[\/vc_column][vc_column vertical_content_position=&#8221;bottom&#8221; column_effect=&#8221;vertical-parallax&#8221; column_effect_limit=&#8221;6x&#8221; column_custom_position=&#8221;yes&#8221; position_bottom=&#8221;minus-5x&#8221; position_left=&#8221;minus-2x&#8221; width=&#8221;1\/4&#8243; mobile_width=&#8221;2-5&#8243; tablet_portrait_column_effect=&#8221;&#8221; mobile_column_effect=&#8221;&#8221; shadow=&#8221;large&#8221; animation_delay=&#8221;600&#8243; el_wrapper_class=&#8221;rounded-25&#8243; z_index=&#8221;999999&#8243;][vc_raw_html]PHN0eWxlPg0KI2dydmUtbWFpbi1jb250ZW50IC5ncnZlLW1haW4tY29udGVudC13cmFwcGVyIHsNCiAgICBwYWRkaW5nLXRvcDogMCAhaW1wb3J0YW50Ow0KfQ0KPC9zdHlsZT4=[\/vc_raw_html][\/vc_column][\/vc_row][vc_row][vc_column]<div class=\"grve-empty-space grve-height-1x\" style=\"\"><\/div><div class=\"grve-element grve-message grve-bg-primary-1 grve-bg-hover-red\" style=\"\">  <i class=\"grve-message-icon fas fa-exclamation-circle\"><\/i>  <p>De Redtaag online shop is gereserveerd voor ticketing professionals die klant zijn van onze oplossingen<\/p>  <i class=\"grve-close\"><\/i><\/div><div class=\"grve-empty-space grve-height-1x\" style=\"\"><\/div>[\/vc_column][\/vc_row]<\/p>\n<\/div>","protected":false},"excerpt":{"rendered":"<p>[vc_row heading_color=&#8221;light&#8221; bg_type=&#8221;image&#8221; bg_image=&#8221;263&#8243; padding_top_multiplier=&#8221;5x&#8221; padding_bottom_multiplier=&#8221;&#8221; columns_gap=&#8221;none&#8221; section_id=&#8221;splash&#8221; el_class=&#8221;slant-white&#8221;][vc_column width=&#8221;1\/3&#8243;][\/vc_column][vc_column vertical_content_position=&#8221;bottom&#8221; column_effect=&#8221;vertical-parallax&#8221; column_effect_limit=&#8221;2x&#8221; column_custom_position=&#8221;yes&#8221; position_right=&#8221;minus-3x&#8221; width=&#8221;5\/12&#8243; mobile_width=&#8221;3-5&#8243; tablet_portrait_column_effect=&#8221;&#8221; mobile_column_effect=&#8221;&#8221; el_wrapper_class=&#8221;rounded-25&#8243;][\/vc_column][vc_column vertical_content_position=&#8221;bottom&#8221; column_effect=&#8221;vertical-parallax&#8221; column_effect_limit=&#8221;6x&#8221; column_custom_position=&#8221;yes&#8221; position_bottom=&#8221;minus-5x&#8221; position_left=&#8221;minus-2x&#8221; width=&#8221;1\/4&#8243; mobile_width=&#8221;2-5&#8243; tablet_portrait_column_effect=&#8221;&#8221; mobile_column_effect=&#8221;&#8221; [&hellip;]<\/p>\n","protected":false},"author":1,"featured_media":0,"parent":0,"menu_order":0,"comment_status":"closed","ping_status":"closed","template":"","meta":{"_price":"","_stock":"","_tribe_ticket_header":"","_tribe_default_ticket_provider":"","_tribe_ticket_capacity":"0","_ticket_start_date":"","_ticket_end_date":"","_tribe_ticket_show_description":"","_tribe_ticket_show_not_going":false,"_tribe_ticket_use_global_stock":"","_tribe_ticket_global_stock_level":"","_global_stock_mode":"","_global_stock_cap":"","_tribe_rsvp_for_event":"","_tribe_ticket_going_count":"","_tribe_ticket_not_going_count":"","_tribe_tickets_list":"[]","_tribe_ticket_has_attendee_info_fields":false,"footnotes":"","_tec_slr_enabled":"","_tec_slr_layout":""},"class_list":["post-1360","page","type-page","status-publish","hentry"],"yoast_head":"<!-- This site is optimized with the Yoast SEO plugin v27.4 - https:\/\/yoast.com\/product\/yoast-seo-wordpress\/ -->\n<title>Winkel - Logiciel de billetterie en ligne (solution fullweb) pour th\u00e9\u00e2tres, salles de spectacle vivant, ...<\/title>\n<meta name=\"robots\" content=\"index, follow, max-snippet:-1, max-image-preview:large, max-video-preview:-1\" \/>\n<link rel=\"canonical\" href=\"https:\/\/redtaag.com\/nl\/winkel\/\" \/>\n<meta property=\"og:locale\" content=\"nl_NL\" \/>\n<meta property=\"og:type\" content=\"article\" \/>\n<meta property=\"og:title\" content=\"Winkel - Logiciel de billetterie en ligne (solution fullweb) pour th\u00e9\u00e2tres, salles de spectacle vivant, ...\" \/>\n<meta property=\"og:description\" content=\"[vc_row heading_color=&#8221;light&#8221; bg_type=&#8221;image&#8221; bg_image=&#8221;263&#8243; padding_top_multiplier=&#8221;5x&#8221; padding_bottom_multiplier=&#8221;&#8221; columns_gap=&#8221;none&#8221; section_id=&#8221;splash&#8221; el_class=&#8221;slant-white&#8221;][vc_column width=&#8221;1\/3&#8243;][\/vc_column][vc_column vertical_content_position=&#8221;bottom&#8221; column_effect=&#8221;vertical-parallax&#8221; column_effect_limit=&#8221;2x&#8221; column_custom_position=&#8221;yes&#8221; position_right=&#8221;minus-3x&#8221; width=&#8221;5\/12&#8243; mobile_width=&#8221;3-5&#8243; tablet_portrait_column_effect=&#8221;&#8221; mobile_column_effect=&#8221;&#8221; el_wrapper_class=&#8221;rounded-25&#8243;][\/vc_column][vc_column vertical_content_position=&#8221;bottom&#8221; column_effect=&#8221;vertical-parallax&#8221; column_effect_limit=&#8221;6x&#8221; column_custom_position=&#8221;yes&#8221; position_bottom=&#8221;minus-5x&#8221; position_left=&#8221;minus-2x&#8221; width=&#8221;1\/4&#8243; mobile_width=&#8221;2-5&#8243; tablet_portrait_column_effect=&#8221;&#8221; mobile_column_effect=&#8221;&#8221; [&hellip;]\" \/>\n<meta property=\"og:url\" content=\"https:\/\/redtaag.com\/nl\/winkel\/\" \/>\n<meta property=\"og:site_name\" content=\"Logiciel de billetterie en ligne (solution fullweb) pour th\u00e9\u00e2tres, salles de spectacle vivant, ...\" \/>\n<meta property=\"article:modified_time\" content=\"2022-07-20T12:17:35+00:00\" \/>\n<meta name=\"twitter:card\" content=\"summary_large_image\" \/>\n<meta name=\"twitter:label1\" content=\"Geschatte leestijd\" \/>\n\t<meta name=\"twitter:data1\" content=\"1 minuut\" \/>\n<script type=\"application\/ld+json\" class=\"yoast-schema-graph\">{\"@context\":\"https:\\\/\\\/schema.org\",\"@graph\":[{\"@type\":\"WebPage\",\"@id\":\"https:\\\/\\\/redtaag.com\\\/nl\\\/winkel\\\/\",\"url\":\"https:\\\/\\\/redtaag.com\\\/nl\\\/winkel\\\/\",\"name\":\"Winkel - Logiciel de billetterie en ligne (solution fullweb) pour th\u00e9\u00e2tres, salles de spectacle vivant, ...\",\"isPartOf\":{\"@id\":\"https:\\\/\\\/redtaag.com\\\/nl\\\/#website\"},\"datePublished\":\"2020-12-24T16:44:14+00:00\",\"dateModified\":\"2022-07-20T12:17:35+00:00\",\"breadcrumb\":{\"@id\":\"https:\\\/\\\/redtaag.com\\\/nl\\\/winkel\\\/#breadcrumb\"},\"inLanguage\":\"nl-NL\",\"potentialAction\":[{\"@type\":\"ReadAction\",\"target\":[\"https:\\\/\\\/redtaag.com\\\/nl\\\/winkel\\\/\"]}]},{\"@type\":\"BreadcrumbList\",\"@id\":\"https:\\\/\\\/redtaag.com\\\/nl\\\/winkel\\\/#breadcrumb\",\"itemListElement\":[{\"@type\":\"ListItem\",\"position\":1,\"name\":\"Accueil\",\"item\":\"https:\\\/\\\/redtaag.com\\\/nl\\\/?lang=nl\"},{\"@type\":\"ListItem\",\"position\":2,\"name\":\"Winkel\"}]},{\"@type\":\"WebSite\",\"@id\":\"https:\\\/\\\/redtaag.com\\\/nl\\\/#website\",\"url\":\"https:\\\/\\\/redtaag.com\\\/nl\\\/\",\"name\":\"Logiciel de billetterie en ligne (solution fullweb) pour th\u00e9\u00e2tres, salles de spectacle vivant, ...\",\"description\":\"Logiciel de billetterie fullweb connect\u00e9 \u00e0 votre banque ou au tr\u00e9sor public\",\"publisher\":{\"@id\":\"https:\\\/\\\/redtaag.com\\\/nl\\\/#organization\"},\"potentialAction\":[{\"@type\":\"SearchAction\",\"target\":{\"@type\":\"EntryPoint\",\"urlTemplate\":\"https:\\\/\\\/redtaag.com\\\/nl\\\/?s={search_term_string}\"},\"query-input\":{\"@type\":\"PropertyValueSpecification\",\"valueRequired\":true,\"valueName\":\"search_term_string\"}}],\"inLanguage\":\"nl-NL\"},{\"@type\":\"Organization\",\"@id\":\"https:\\\/\\\/redtaag.com\\\/nl\\\/#organization\",\"name\":\"Voodootix SAS\",\"url\":\"https:\\\/\\\/redtaag.com\\\/nl\\\/\",\"logo\":{\"@type\":\"ImageObject\",\"inLanguage\":\"nl-NL\",\"@id\":\"https:\\\/\\\/redtaag.com\\\/nl\\\/#\\\/schema\\\/logo\\\/image\\\/\",\"url\":\"https:\\\/\\\/i2.wp.com\\\/redtaag.com\\\/site-rtgv2\\\/wp-content\\\/uploads\\\/2019\\\/06\\\/redtaag_logo_dark.png?fit=328%2C47&ssl=1\",\"contentUrl\":\"https:\\\/\\\/i2.wp.com\\\/redtaag.com\\\/site-rtgv2\\\/wp-content\\\/uploads\\\/2019\\\/06\\\/redtaag_logo_dark.png?fit=328%2C47&ssl=1\",\"width\":328,\"height\":47,\"caption\":\"Voodootix SAS\"},\"image\":{\"@id\":\"https:\\\/\\\/redtaag.com\\\/nl\\\/#\\\/schema\\\/logo\\\/image\\\/\"}}]}<\/script>\n<!-- \/ Yoast SEO plugin. -->","yoast_head_json":{"title":"Winkel - Logiciel de billetterie en ligne (solution fullweb) pour th\u00e9\u00e2tres, salles de spectacle vivant, ...","robots":{"index":"index","follow":"follow","max-snippet":"max-snippet:-1","max-image-preview":"max-image-preview:large","max-video-preview":"max-video-preview:-1"},"canonical":"https:\/\/redtaag.com\/nl\/winkel\/","og_locale":"nl_NL","og_type":"article","og_title":"Winkel - Logiciel de billetterie en ligne (solution fullweb) pour th\u00e9\u00e2tres, salles de spectacle vivant, ...","og_description":"[vc_row heading_color=&#8221;light&#8221; bg_type=&#8221;image&#8221; bg_image=&#8221;263&#8243; padding_top_multiplier=&#8221;5x&#8221; padding_bottom_multiplier=&#8221;&#8221; columns_gap=&#8221;none&#8221; section_id=&#8221;splash&#8221; el_class=&#8221;slant-white&#8221;][vc_column width=&#8221;1\/3&#8243;][\/vc_column][vc_column vertical_content_position=&#8221;bottom&#8221; column_effect=&#8221;vertical-parallax&#8221; column_effect_limit=&#8221;2x&#8221; column_custom_position=&#8221;yes&#8221; position_right=&#8221;minus-3x&#8221; width=&#8221;5\/12&#8243; mobile_width=&#8221;3-5&#8243; tablet_portrait_column_effect=&#8221;&#8221; mobile_column_effect=&#8221;&#8221; el_wrapper_class=&#8221;rounded-25&#8243;][\/vc_column][vc_column vertical_content_position=&#8221;bottom&#8221; column_effect=&#8221;vertical-parallax&#8221; column_effect_limit=&#8221;6x&#8221; column_custom_position=&#8221;yes&#8221; position_bottom=&#8221;minus-5x&#8221; position_left=&#8221;minus-2x&#8221; width=&#8221;1\/4&#8243; mobile_width=&#8221;2-5&#8243; tablet_portrait_column_effect=&#8221;&#8221; mobile_column_effect=&#8221;&#8221; [&hellip;]","og_url":"https:\/\/redtaag.com\/nl\/winkel\/","og_site_name":"Logiciel de billetterie en ligne (solution fullweb) pour th\u00e9\u00e2tres, salles de spectacle vivant, ...","article_modified_time":"2022-07-20T12:17:35+00:00","twitter_card":"summary_large_image","twitter_misc":{"Geschatte leestijd":"1 minuut"},"schema":{"@context":"https:\/\/schema.org","@graph":[{"@type":"WebPage","@id":"https:\/\/redtaag.com\/nl\/winkel\/","url":"https:\/\/redtaag.com\/nl\/winkel\/","name":"Winkel - Logiciel de billetterie en ligne (solution fullweb) pour th\u00e9\u00e2tres, salles de spectacle vivant, ...","isPartOf":{"@id":"https:\/\/redtaag.com\/nl\/#website"},"datePublished":"2020-12-24T16:44:14+00:00","dateModified":"2022-07-20T12:17:35+00:00","breadcrumb":{"@id":"https:\/\/redtaag.com\/nl\/winkel\/#breadcrumb"},"inLanguage":"nl-NL","potentialAction":[{"@type":"ReadAction","target":["https:\/\/redtaag.com\/nl\/winkel\/"]}]},{"@type":"BreadcrumbList","@id":"https:\/\/redtaag.com\/nl\/winkel\/#breadcrumb","itemListElement":[{"@type":"ListItem","position":1,"name":"Accueil","item":"https:\/\/redtaag.com\/nl\/?lang=nl"},{"@type":"ListItem","position":2,"name":"Winkel"}]},{"@type":"WebSite","@id":"https:\/\/redtaag.com\/nl\/#website","url":"https:\/\/redtaag.com\/nl\/","name":"Logiciel de billetterie en ligne (solution fullweb) pour th\u00e9\u00e2tres, salles de spectacle vivant, ...","description":"Logiciel de billetterie fullweb connect\u00e9 \u00e0 votre banque ou au tr\u00e9sor public","publisher":{"@id":"https:\/\/redtaag.com\/nl\/#organization"},"potentialAction":[{"@type":"SearchAction","target":{"@type":"EntryPoint","urlTemplate":"https:\/\/redtaag.com\/nl\/?s={search_term_string}"},"query-input":{"@type":"PropertyValueSpecification","valueRequired":true,"valueName":"search_term_string"}}],"inLanguage":"nl-NL"},{"@type":"Organization","@id":"https:\/\/redtaag.com\/nl\/#organization","name":"Voodootix SAS","url":"https:\/\/redtaag.com\/nl\/","logo":{"@type":"ImageObject","inLanguage":"nl-NL","@id":"https:\/\/redtaag.com\/nl\/#\/schema\/logo\/image\/","url":"https:\/\/i2.wp.com\/redtaag.com\/site-rtgv2\/wp-content\/uploads\/2019\/06\/redtaag_logo_dark.png?fit=328%2C47&ssl=1","contentUrl":"https:\/\/i2.wp.com\/redtaag.com\/site-rtgv2\/wp-content\/uploads\/2019\/06\/redtaag_logo_dark.png?fit=328%2C47&ssl=1","width":328,"height":47,"caption":"Voodootix SAS"},"image":{"@id":"https:\/\/redtaag.com\/nl\/#\/schema\/logo\/image\/"}}]}},"jetpack_sharing_enabled":true,"ticketed":false,"_links":{"self":[{"href":"https:\/\/redtaag.com\/nl\/wp-json\/wp\/v2\/pages\/1360","targetHints":{"allow":["GET"]}}],"collection":[{"href":"https:\/\/redtaag.com\/nl\/wp-json\/wp\/v2\/pages"}],"about":[{"href":"https:\/\/redtaag.com\/nl\/wp-json\/wp\/v2\/types\/page"}],"author":[{"embeddable":true,"href":"https:\/\/redtaag.com\/nl\/wp-json\/wp\/v2\/users\/1"}],"replies":[{"embeddable":true,"href":"https:\/\/redtaag.com\/nl\/wp-json\/wp\/v2\/comments?post=1360"}],"version-history":[{"count":0,"href":"https:\/\/redtaag.com\/nl\/wp-json\/wp\/v2\/pages\/1360\/revisions"}],"wp:attachment":[{"href":"https:\/\/redtaag.com\/nl\/wp-json\/wp\/v2\/media?parent=1360"}],"curies":[{"name":"wp","href":"https:\/\/api.w.org\/{rel}","templated":true}]}}