{"id":2401,"date":"2020-03-28T20:33:15","date_gmt":"2020-03-28T19:33:15","guid":{"rendered":"https:\/\/redtaag.com\/produit\/pda-de-lectura-de-entradas-mediante-escaner-android-sb-cwu1\/"},"modified":"2024-08-12T00:19:44","modified_gmt":"2024-08-11T22:19:44","slug":"pda-de-lectura-de-entradas-mediante-escaner-android-sb-cwu1","status":"publish","type":"product","link":"https:\/\/redtaag.com\/es\/produit\/pda-de-lectura-de-entradas-mediante-escaner-android-sb-cwu1\/","title":{"rendered":"PDA de lectura de entradas mediante esc\u00e1ner Android SB-CWU1"},"content":{"rendered":"<p><b>Tan potente<\/b> (mismo cabezal de lectura) como el esc\u00e1ner homologado de origen, este modelo <b>no dispone de funda<\/b><\/p>\n<p>Incluyen la <a href=\"https:\/\/play.google.com\/store\/apps\/details?id=com.redtaag.scanner.redtaag\">aplicaci\u00f3n Redtaag<\/a> preinstalada. Se entrega listo para usar, y solo tienes que emparejarlo con tu entidad a\u00f1adiendo un esc\u00e1ner en tu back office y escaneando el c\u00f3digo de configuraci\u00f3n (o enviarlo al personal de control de acceso para que lo escanee).<\/p>\n<p>Su uso es muy sencillo: se configura el esc\u00e1ner desde el back office para determinar qu\u00e9 eventos y puertas debe controlar. Los lectores se actualizan de forma autom\u00e1tica para que el personal de control de accesos no tenga que encargarse de ello.<\/p>\n<p>Se pueden instalar uno o varios esc\u00e1neres por puerta en funci\u00f3n de las necesidades de control de acceso. Una vez iniciadas las operaciones de control, se puede continuar con las ventas. Con el modo en l\u00ednea, los escaneos de las entradas actualizan el back office de informes, lo que sirve para saber el aforo del evento en tiempo real.<\/p>\n<p>Las nuevas versiones de la aplicaci\u00f3n de control se actualizan directamente a trav\u00e9s de Play Store. Los esc\u00e1neres son resistentes a golpes y salpicaduras, y pueden funcionar en l\u00ednea y sin conexi\u00f3n.<\/p>\n","protected":false},"excerpt":{"rendered":"<p>PDA con sistema Android que permite escanear en el dispositivo m\u00f3vil las entradas de distribuidores (Fnac, France Billet, Digitick, etc.) y de coproductores.<\/p>\n<p><b>Nuevo cabezal de lectura<\/b> compatible con Redtaag para que los clientes puedan seguir utilizando el suyo, pero con otra soluci\u00f3n de entradas<\/p>\n","protected":false},"featured_media":2409,"comment_status":"closed","ping_status":"closed","template":"","meta":{"_price":"395","_stock":"7.000000","_tribe_ticket_header":"","_tribe_default_ticket_provider":"","_tribe_ticket_capacity":"7","_ticket_start_date":"","_ticket_end_date":"","_tribe_ticket_show_description":"","_tribe_ticket_show_not_going":false,"_tribe_ticket_use_global_stock":"","_tribe_ticket_global_stock_level":"","_global_stock_mode":"","_global_stock_cap":"","_tribe_rsvp_for_event":"","_tribe_ticket_going_count":"","_tribe_ticket_not_going_count":"","_tribe_tickets_list":"[]","_tribe_ticket_has_attendee_info_fields":false},"product_brand":[],"product_cat":[],"product_tag":[],"class_list":{"0":"post-2401","1":"product","2":"type-product","3":"status-publish","4":"has-post-thumbnail","6":"tm-no-options","8":"first","9":"instock","10":"sale","11":"taxable","12":"shipping-taxable","13":"purchasable","14":"product-type-simple"},"yoast_head":"<!-- This site is optimized with the Yoast SEO plugin v27.4 - https:\/\/yoast.com\/product\/yoast-seo-wordpress\/ -->\n<title>PDA de lectura de entradas mediante esc\u00e1ner Android SB-CWU1 - Logiciel de billetterie en ligne (solution fullweb) pour th\u00e9\u00e2tres, salles de spectacle vivant, ...<\/title>\n<meta name=\"robots\" content=\"index, follow, max-snippet:-1, max-image-preview:large, max-video-preview:-1\" \/>\n<link rel=\"canonical\" href=\"https:\/\/redtaag.com\/es\/produit\/pda-de-lectura-de-entradas-mediante-escaner-android-sb-cwu1\/\" \/>\n<meta property=\"og:locale\" content=\"es_ES\" \/>\n<meta property=\"og:type\" content=\"article\" \/>\n<meta property=\"og:title\" content=\"PDA de lectura de entradas mediante esc\u00e1ner Android SB-CWU1 - Logiciel de billetterie en ligne (solution fullweb) pour th\u00e9\u00e2tres, salles de spectacle vivant, ...\" \/>\n<meta property=\"og:description\" content=\"PDA con sistema Android que permite escanear en el dispositivo m\u00f3vil las entradas de distribuidores (Fnac, France Billet, Digitick, etc.) y de coproductores.  Nuevo cabezal de lectura compatible con Redtaag para que los clientes puedan seguir utilizando el suyo, pero con otra soluci\u00f3n de entradas\" \/>\n<meta property=\"og:url\" content=\"https:\/\/redtaag.com\/es\/produit\/pda-de-lectura-de-entradas-mediante-escaner-android-sb-cwu1\/\" \/>\n<meta property=\"og:site_name\" content=\"Logiciel de billetterie en ligne (solution fullweb) pour th\u00e9\u00e2tres, salles de spectacle vivant, ...\" \/>\n<meta property=\"article:modified_time\" content=\"2024-08-11T22:19:44+00:00\" \/>\n<meta property=\"og:image\" content=\"https:\/\/redtaag.com\/site-rtgv2\/wp-content\/uploads\/2020\/03\/pda-scanner-douchette-billets-android-face-dos.jpg\" \/>\n\t<meta property=\"og:image:width\" content=\"1134\" \/>\n\t<meta property=\"og:image:height\" content=\"850\" \/>\n\t<meta property=\"og:image:type\" content=\"image\/jpeg\" \/>\n<meta name=\"twitter:card\" content=\"summary_large_image\" \/>\n<meta name=\"twitter:label1\" content=\"Tiempo de lectura\" \/>\n\t<meta name=\"twitter:data1\" content=\"1 minuto\" \/>\n<script type=\"application\/ld+json\" class=\"yoast-schema-graph\">{\"@context\":\"https:\\\/\\\/schema.org\",\"@graph\":[{\"@type\":\"WebPage\",\"@id\":\"https:\\\/\\\/redtaag.com\\\/es\\\/produit\\\/pda-de-lectura-de-entradas-mediante-escaner-android-sb-cwu1\\\/\",\"url\":\"https:\\\/\\\/redtaag.com\\\/es\\\/produit\\\/pda-de-lectura-de-entradas-mediante-escaner-android-sb-cwu1\\\/\",\"name\":\"PDA de lectura de entradas mediante esc\u00e1ner Android SB-CWU1 - Logiciel de billetterie en ligne (solution fullweb) pour th\u00e9\u00e2tres, salles de spectacle vivant, ...\",\"isPartOf\":{\"@id\":\"https:\\\/\\\/redtaag.com\\\/es\\\/#website\"},\"primaryImageOfPage\":{\"@id\":\"https:\\\/\\\/redtaag.com\\\/es\\\/produit\\\/pda-de-lectura-de-entradas-mediante-escaner-android-sb-cwu1\\\/#primaryimage\"},\"image\":{\"@id\":\"https:\\\/\\\/redtaag.com\\\/es\\\/produit\\\/pda-de-lectura-de-entradas-mediante-escaner-android-sb-cwu1\\\/#primaryimage\"},\"thumbnailUrl\":\"https:\\\/\\\/i0.wp.com\\\/redtaag.com\\\/site-rtgv2\\\/wp-content\\\/uploads\\\/2020\\\/03\\\/pda-scanner-douchette-billets-android-face-dos.jpg?fit=1134%2C850&ssl=1\",\"datePublished\":\"2020-03-28T19:33:15+00:00\",\"dateModified\":\"2024-08-11T22:19:44+00:00\",\"breadcrumb\":{\"@id\":\"https:\\\/\\\/redtaag.com\\\/es\\\/produit\\\/pda-de-lectura-de-entradas-mediante-escaner-android-sb-cwu1\\\/#breadcrumb\"},\"inLanguage\":\"es\",\"potentialAction\":[{\"@type\":\"ReadAction\",\"target\":[\"https:\\\/\\\/redtaag.com\\\/es\\\/produit\\\/pda-de-lectura-de-entradas-mediante-escaner-android-sb-cwu1\\\/\"]}]},{\"@type\":\"ImageObject\",\"inLanguage\":\"es\",\"@id\":\"https:\\\/\\\/redtaag.com\\\/es\\\/produit\\\/pda-de-lectura-de-entradas-mediante-escaner-android-sb-cwu1\\\/#primaryimage\",\"url\":\"https:\\\/\\\/i0.wp.com\\\/redtaag.com\\\/site-rtgv2\\\/wp-content\\\/uploads\\\/2020\\\/03\\\/pda-scanner-douchette-billets-android-face-dos.jpg?fit=1134%2C850&ssl=1\",\"contentUrl\":\"https:\\\/\\\/i0.wp.com\\\/redtaag.com\\\/site-rtgv2\\\/wp-content\\\/uploads\\\/2020\\\/03\\\/pda-scanner-douchette-billets-android-face-dos.jpg?fit=1134%2C850&ssl=1\",\"width\":1134,\"height\":850},{\"@type\":\"BreadcrumbList\",\"@id\":\"https:\\\/\\\/redtaag.com\\\/es\\\/produit\\\/pda-de-lectura-de-entradas-mediante-escaner-android-sb-cwu1\\\/#breadcrumb\",\"itemListElement\":[{\"@type\":\"ListItem\",\"position\":1,\"name\":\"Accueil\",\"item\":\"https:\\\/\\\/redtaag.com\\\/es\\\/\"},{\"@type\":\"ListItem\",\"position\":2,\"name\":\"Boutique\",\"item\":\"https:\\\/\\\/redtaag.com\\\/boutique\\\/\"},{\"@type\":\"ListItem\",\"position\":3,\"name\":\"PDA de lectura de entradas mediante esc\u00e1ner Android SB-CWU1\"}]},{\"@type\":\"WebSite\",\"@id\":\"https:\\\/\\\/redtaag.com\\\/es\\\/#website\",\"url\":\"https:\\\/\\\/redtaag.com\\\/es\\\/\",\"name\":\"Logiciel de billetterie en ligne (solution fullweb) pour th\u00e9\u00e2tres, salles de spectacle vivant, ...\",\"description\":\"Logiciel de billetterie fullweb connect\u00e9 \u00e0 votre banque ou au tr\u00e9sor public\",\"publisher\":{\"@id\":\"https:\\\/\\\/redtaag.com\\\/es\\\/#organization\"},\"potentialAction\":[{\"@type\":\"SearchAction\",\"target\":{\"@type\":\"EntryPoint\",\"urlTemplate\":\"https:\\\/\\\/redtaag.com\\\/es\\\/?s={search_term_string}\"},\"query-input\":{\"@type\":\"PropertyValueSpecification\",\"valueRequired\":true,\"valueName\":\"search_term_string\"}}],\"inLanguage\":\"es\"},{\"@type\":\"Organization\",\"@id\":\"https:\\\/\\\/redtaag.com\\\/es\\\/#organization\",\"name\":\"Voodootix SAS\",\"url\":\"https:\\\/\\\/redtaag.com\\\/es\\\/\",\"logo\":{\"@type\":\"ImageObject\",\"inLanguage\":\"es\",\"@id\":\"https:\\\/\\\/redtaag.com\\\/es\\\/#\\\/schema\\\/logo\\\/image\\\/\",\"url\":\"https:\\\/\\\/i2.wp.com\\\/redtaag.com\\\/site-rtgv2\\\/wp-content\\\/uploads\\\/2019\\\/06\\\/redtaag_logo_dark.png?fit=328%2C47&ssl=1\",\"contentUrl\":\"https:\\\/\\\/i2.wp.com\\\/redtaag.com\\\/site-rtgv2\\\/wp-content\\\/uploads\\\/2019\\\/06\\\/redtaag_logo_dark.png?fit=328%2C47&ssl=1\",\"width\":328,\"height\":47,\"caption\":\"Voodootix SAS\"},\"image\":{\"@id\":\"https:\\\/\\\/redtaag.com\\\/es\\\/#\\\/schema\\\/logo\\\/image\\\/\"}}]}<\/script>\n<!-- \/ Yoast SEO plugin. -->","yoast_head_json":{"title":"PDA de lectura de entradas mediante esc\u00e1ner Android SB-CWU1 - Logiciel de billetterie en ligne (solution fullweb) pour th\u00e9\u00e2tres, salles de spectacle vivant, ...","robots":{"index":"index","follow":"follow","max-snippet":"max-snippet:-1","max-image-preview":"max-image-preview:large","max-video-preview":"max-video-preview:-1"},"canonical":"https:\/\/redtaag.com\/es\/produit\/pda-de-lectura-de-entradas-mediante-escaner-android-sb-cwu1\/","og_locale":"es_ES","og_type":"article","og_title":"PDA de lectura de entradas mediante esc\u00e1ner Android SB-CWU1 - Logiciel de billetterie en ligne (solution fullweb) pour th\u00e9\u00e2tres, salles de spectacle vivant, ...","og_description":"PDA con sistema Android que permite escanear en el dispositivo m\u00f3vil las entradas de distribuidores (Fnac, France Billet, Digitick, etc.) y de coproductores.  Nuevo cabezal de lectura compatible con Redtaag para que los clientes puedan seguir utilizando el suyo, pero con otra soluci\u00f3n de entradas","og_url":"https:\/\/redtaag.com\/es\/produit\/pda-de-lectura-de-entradas-mediante-escaner-android-sb-cwu1\/","og_site_name":"Logiciel de billetterie en ligne (solution fullweb) pour th\u00e9\u00e2tres, salles de spectacle vivant, ...","article_modified_time":"2024-08-11T22:19:44+00:00","og_image":[{"width":1134,"height":850,"url":"https:\/\/redtaag.com\/site-rtgv2\/wp-content\/uploads\/2020\/03\/pda-scanner-douchette-billets-android-face-dos.jpg","type":"image\/jpeg"}],"twitter_card":"summary_large_image","twitter_misc":{"Tiempo de lectura":"1 minuto"},"schema":{"@context":"https:\/\/schema.org","@graph":[{"@type":"WebPage","@id":"https:\/\/redtaag.com\/es\/produit\/pda-de-lectura-de-entradas-mediante-escaner-android-sb-cwu1\/","url":"https:\/\/redtaag.com\/es\/produit\/pda-de-lectura-de-entradas-mediante-escaner-android-sb-cwu1\/","name":"PDA de lectura de entradas mediante esc\u00e1ner Android SB-CWU1 - Logiciel de billetterie en ligne (solution fullweb) pour th\u00e9\u00e2tres, salles de spectacle vivant, ...","isPartOf":{"@id":"https:\/\/redtaag.com\/es\/#website"},"primaryImageOfPage":{"@id":"https:\/\/redtaag.com\/es\/produit\/pda-de-lectura-de-entradas-mediante-escaner-android-sb-cwu1\/#primaryimage"},"image":{"@id":"https:\/\/redtaag.com\/es\/produit\/pda-de-lectura-de-entradas-mediante-escaner-android-sb-cwu1\/#primaryimage"},"thumbnailUrl":"https:\/\/i0.wp.com\/redtaag.com\/site-rtgv2\/wp-content\/uploads\/2020\/03\/pda-scanner-douchette-billets-android-face-dos.jpg?fit=1134%2C850&ssl=1","datePublished":"2020-03-28T19:33:15+00:00","dateModified":"2024-08-11T22:19:44+00:00","breadcrumb":{"@id":"https:\/\/redtaag.com\/es\/produit\/pda-de-lectura-de-entradas-mediante-escaner-android-sb-cwu1\/#breadcrumb"},"inLanguage":"es","potentialAction":[{"@type":"ReadAction","target":["https:\/\/redtaag.com\/es\/produit\/pda-de-lectura-de-entradas-mediante-escaner-android-sb-cwu1\/"]}]},{"@type":"ImageObject","inLanguage":"es","@id":"https:\/\/redtaag.com\/es\/produit\/pda-de-lectura-de-entradas-mediante-escaner-android-sb-cwu1\/#primaryimage","url":"https:\/\/i0.wp.com\/redtaag.com\/site-rtgv2\/wp-content\/uploads\/2020\/03\/pda-scanner-douchette-billets-android-face-dos.jpg?fit=1134%2C850&ssl=1","contentUrl":"https:\/\/i0.wp.com\/redtaag.com\/site-rtgv2\/wp-content\/uploads\/2020\/03\/pda-scanner-douchette-billets-android-face-dos.jpg?fit=1134%2C850&ssl=1","width":1134,"height":850},{"@type":"BreadcrumbList","@id":"https:\/\/redtaag.com\/es\/produit\/pda-de-lectura-de-entradas-mediante-escaner-android-sb-cwu1\/#breadcrumb","itemListElement":[{"@type":"ListItem","position":1,"name":"Accueil","item":"https:\/\/redtaag.com\/es\/"},{"@type":"ListItem","position":2,"name":"Boutique","item":"https:\/\/redtaag.com\/boutique\/"},{"@type":"ListItem","position":3,"name":"PDA de lectura de entradas mediante esc\u00e1ner Android SB-CWU1"}]},{"@type":"WebSite","@id":"https:\/\/redtaag.com\/es\/#website","url":"https:\/\/redtaag.com\/es\/","name":"Logiciel de billetterie en ligne (solution fullweb) pour th\u00e9\u00e2tres, salles de spectacle vivant, ...","description":"Logiciel de billetterie fullweb connect\u00e9 \u00e0 votre banque ou au tr\u00e9sor public","publisher":{"@id":"https:\/\/redtaag.com\/es\/#organization"},"potentialAction":[{"@type":"SearchAction","target":{"@type":"EntryPoint","urlTemplate":"https:\/\/redtaag.com\/es\/?s={search_term_string}"},"query-input":{"@type":"PropertyValueSpecification","valueRequired":true,"valueName":"search_term_string"}}],"inLanguage":"es"},{"@type":"Organization","@id":"https:\/\/redtaag.com\/es\/#organization","name":"Voodootix SAS","url":"https:\/\/redtaag.com\/es\/","logo":{"@type":"ImageObject","inLanguage":"es","@id":"https:\/\/redtaag.com\/es\/#\/schema\/logo\/image\/","url":"https:\/\/i2.wp.com\/redtaag.com\/site-rtgv2\/wp-content\/uploads\/2019\/06\/redtaag_logo_dark.png?fit=328%2C47&ssl=1","contentUrl":"https:\/\/i2.wp.com\/redtaag.com\/site-rtgv2\/wp-content\/uploads\/2019\/06\/redtaag_logo_dark.png?fit=328%2C47&ssl=1","width":328,"height":47,"caption":"Voodootix SAS"},"image":{"@id":"https:\/\/redtaag.com\/es\/#\/schema\/logo\/image\/"}}]}},"jetpack_sharing_enabled":true,"_links":{"self":[{"href":"https:\/\/redtaag.com\/es\/wp-json\/wp\/v2\/product\/2401","targetHints":{"allow":["GET"]}}],"collection":[{"href":"https:\/\/redtaag.com\/es\/wp-json\/wp\/v2\/product"}],"about":[{"href":"https:\/\/redtaag.com\/es\/wp-json\/wp\/v2\/types\/product"}],"replies":[{"embeddable":true,"href":"https:\/\/redtaag.com\/es\/wp-json\/wp\/v2\/comments?post=2401"}],"wp:featuredmedia":[{"embeddable":true,"href":"https:\/\/redtaag.com\/es\/wp-json\/wp\/v2\/media\/2409"}],"wp:attachment":[{"href":"https:\/\/redtaag.com\/es\/wp-json\/wp\/v2\/media?parent=2401"}],"wp:term":[{"taxonomy":"product_brand","embeddable":true,"href":"https:\/\/redtaag.com\/es\/wp-json\/wp\/v2\/product_brand?post=2401"},{"taxonomy":"product_cat","embeddable":true,"href":"https:\/\/redtaag.com\/es\/wp-json\/wp\/v2\/product_cat?post=2401"},{"taxonomy":"product_tag","embeddable":true,"href":"https:\/\/redtaag.com\/es\/wp-json\/wp\/v2\/product_tag?post=2401"}],"curies":[{"name":"wp","href":"https:\/\/api.w.org\/{rel}","templated":true}]}}