{"id":2386,"date":"2020-04-03T19:21:15","date_gmt":"2020-04-03T17:21:15","guid":{"rendered":"https:\/\/redtaag.com\/produit\/impresora-de-entradas-epson-tmt88-vi\/"},"modified":"2020-04-03T19:21:15","modified_gmt":"2020-04-03T17:21:15","slug":"impresora-de-entradas-epson-tmt88-vi","status":"publish","type":"product","link":"https:\/\/redtaag.com\/es\/produit\/impresora-de-entradas-epson-tmt88-vi\/","title":{"rendered":"Impresora de entradas Epson TMT88-VI"},"content":{"rendered":"<p>Impresora de entradas con conectividad avanzada y compatibilidad con la nube.<\/p>\n<p><a href=\"https:\/\/www.epson.fr\/viewcon\/corporatesite\/products\/mainunits\/overview\/20555\">La OmniLink TM-T88VI<\/a> cuenta con conectividad multiinterfaz para satisfacer las necesidades presentes y futuras. Gracias a las conexiones Ethernet y USB integradas, as\u00ed como las opciones inal\u00e1mbricas y Bluetooth\u00ae, la TM-T88VI es compatible con taquillas tradicionales, dispositivos m\u00f3viles y servidores en la nube. Puedes imprimir desde nuestra aplicaci\u00f3n web utilizando la tecnolog\u00eda de impresi\u00f3n ePOS\u2122 de Epson. La caracter\u00edstica integrada en la nube tambi\u00e9n permite la actualizaci\u00f3n remota del firmware con OmniLink Merchant Services. Adem\u00e1s, el NFC permite la conexi\u00f3n por Bluetooth para emparejarse con la tablet y seleccionar la impresora.<\/p>\n","protected":false},"excerpt":{"rendered":"<p>Esta impresora de entradas solo puede imprimir <a href=\"https:\/\/redtaag.com\/fonctionnalites\/billets-tous-canaux-papier-digitaux\/\">en rollos<\/a>. Adem\u00e1s, es m\u00e1s compacta que la Star y se puede transportar f\u00e1cilmente para instalarla en un punto de venta externo. Se conecta al servidor de impresi\u00f3n en la nube de su establecimiento a trav\u00e9s de una interfaz LAN y, opcionalmente, a trav\u00e9s de Wi-Fi.<\/p>\n","protected":false},"featured_media":0,"comment_status":"closed","ping_status":"closed","template":"","meta":{"_price":"375","_stock":"8.000000","_tribe_ticket_header":"","_tribe_default_ticket_provider":"","_tribe_ticket_capacity":"8","_ticket_start_date":"","_ticket_end_date":"","_tribe_ticket_show_description":"","_tribe_ticket_show_not_going":false,"_tribe_ticket_use_global_stock":"","_tribe_ticket_global_stock_level":"","_global_stock_mode":"","_global_stock_cap":"","_tribe_rsvp_for_event":"","_tribe_ticket_going_count":"","_tribe_ticket_not_going_count":"","_tribe_tickets_list":"[]","_tribe_ticket_has_attendee_info_fields":false},"product_brand":[],"product_cat":[67],"product_tag":[],"class_list":{"0":"post-2386","1":"product","2":"type-product","3":"status-publish","5":"product_cat-impresora-de-entradas","6":"tm-no-options","8":"first","9":"instock","10":"taxable","11":"shipping-taxable","12":"purchasable","13":"product-type-simple"},"yoast_head":"<!-- This site is optimized with the Yoast SEO plugin v27.3 - https:\/\/yoast.com\/product\/yoast-seo-wordpress\/ -->\n<title>Impresora de entradas Epson TMT88-VI - Logiciel de billetterie en ligne (solution fullweb) pour th\u00e9\u00e2tres, salles de spectacle vivant, ...<\/title>\n<meta name=\"robots\" content=\"index, follow, max-snippet:-1, max-image-preview:large, max-video-preview:-1\" \/>\n<link rel=\"canonical\" href=\"https:\/\/redtaag.com\/es\/produit\/impresora-de-entradas-epson-tmt88-vi\/\" \/>\n<meta property=\"og:locale\" content=\"es_ES\" \/>\n<meta property=\"og:type\" content=\"article\" \/>\n<meta property=\"og:title\" content=\"Impresora de entradas Epson TMT88-VI - Logiciel de billetterie en ligne (solution fullweb) pour th\u00e9\u00e2tres, salles de spectacle vivant, ...\" \/>\n<meta property=\"og:description\" content=\"Esta impresora de entradas solo puede imprimir en rollos. Adem\u00e1s, es m\u00e1s compacta que la Star y se puede transportar f\u00e1cilmente para instalarla en un punto de venta externo. Se conecta al servidor de impresi\u00f3n en la nube de su establecimiento a trav\u00e9s de una interfaz LAN y, opcionalmente, a trav\u00e9s de Wi-Fi.\" \/>\n<meta property=\"og:url\" content=\"https:\/\/redtaag.com\/es\/produit\/impresora-de-entradas-epson-tmt88-vi\/\" \/>\n<meta property=\"og:site_name\" content=\"Logiciel de billetterie en ligne (solution fullweb) pour th\u00e9\u00e2tres, salles de spectacle vivant, ...\" \/>\n<meta name=\"twitter:card\" content=\"summary_large_image\" \/>\n<meta name=\"twitter:label1\" content=\"Tiempo de lectura\" \/>\n\t<meta name=\"twitter:data1\" content=\"1 minuto\" \/>\n<script type=\"application\/ld+json\" class=\"yoast-schema-graph\">{\"@context\":\"https:\\\/\\\/schema.org\",\"@graph\":[{\"@type\":\"WebPage\",\"@id\":\"https:\\\/\\\/redtaag.com\\\/es\\\/produit\\\/impresora-de-entradas-epson-tmt88-vi\\\/\",\"url\":\"https:\\\/\\\/redtaag.com\\\/es\\\/produit\\\/impresora-de-entradas-epson-tmt88-vi\\\/\",\"name\":\"Impresora de entradas Epson TMT88-VI - Logiciel de billetterie en ligne (solution fullweb) pour th\u00e9\u00e2tres, salles de spectacle vivant, ...\",\"isPartOf\":{\"@id\":\"https:\\\/\\\/redtaag.com\\\/es\\\/#website\"},\"datePublished\":\"2020-04-03T17:21:15+00:00\",\"breadcrumb\":{\"@id\":\"https:\\\/\\\/redtaag.com\\\/es\\\/produit\\\/impresora-de-entradas-epson-tmt88-vi\\\/#breadcrumb\"},\"inLanguage\":\"es\",\"potentialAction\":[{\"@type\":\"ReadAction\",\"target\":[\"https:\\\/\\\/redtaag.com\\\/es\\\/produit\\\/impresora-de-entradas-epson-tmt88-vi\\\/\"]}]},{\"@type\":\"BreadcrumbList\",\"@id\":\"https:\\\/\\\/redtaag.com\\\/es\\\/produit\\\/impresora-de-entradas-epson-tmt88-vi\\\/#breadcrumb\",\"itemListElement\":[{\"@type\":\"ListItem\",\"position\":1,\"name\":\"Accueil\",\"item\":\"https:\\\/\\\/redtaag.com\\\/es\\\/\"},{\"@type\":\"ListItem\",\"position\":2,\"name\":\"Boutique\",\"item\":\"https:\\\/\\\/redtaag.com\\\/boutique\\\/\"},{\"@type\":\"ListItem\",\"position\":3,\"name\":\"Impresora de entradas Epson TMT88-VI\"}]},{\"@type\":\"WebSite\",\"@id\":\"https:\\\/\\\/redtaag.com\\\/es\\\/#website\",\"url\":\"https:\\\/\\\/redtaag.com\\\/es\\\/\",\"name\":\"Logiciel de billetterie en ligne (solution fullweb) pour th\u00e9\u00e2tres, salles de spectacle vivant, ...\",\"description\":\"Logiciel de billetterie fullweb connect\u00e9 \u00e0 votre banque ou au tr\u00e9sor public\",\"publisher\":{\"@id\":\"https:\\\/\\\/redtaag.com\\\/es\\\/#organization\"},\"potentialAction\":[{\"@type\":\"SearchAction\",\"target\":{\"@type\":\"EntryPoint\",\"urlTemplate\":\"https:\\\/\\\/redtaag.com\\\/es\\\/?s={search_term_string}\"},\"query-input\":{\"@type\":\"PropertyValueSpecification\",\"valueRequired\":true,\"valueName\":\"search_term_string\"}}],\"inLanguage\":\"es\"},{\"@type\":\"Organization\",\"@id\":\"https:\\\/\\\/redtaag.com\\\/es\\\/#organization\",\"name\":\"Voodootix SAS\",\"url\":\"https:\\\/\\\/redtaag.com\\\/es\\\/\",\"logo\":{\"@type\":\"ImageObject\",\"inLanguage\":\"es\",\"@id\":\"https:\\\/\\\/redtaag.com\\\/es\\\/#\\\/schema\\\/logo\\\/image\\\/\",\"url\":\"https:\\\/\\\/i2.wp.com\\\/redtaag.com\\\/site-rtgv2\\\/wp-content\\\/uploads\\\/2019\\\/06\\\/redtaag_logo_dark.png?fit=328%2C47&ssl=1\",\"contentUrl\":\"https:\\\/\\\/i2.wp.com\\\/redtaag.com\\\/site-rtgv2\\\/wp-content\\\/uploads\\\/2019\\\/06\\\/redtaag_logo_dark.png?fit=328%2C47&ssl=1\",\"width\":328,\"height\":47,\"caption\":\"Voodootix SAS\"},\"image\":{\"@id\":\"https:\\\/\\\/redtaag.com\\\/es\\\/#\\\/schema\\\/logo\\\/image\\\/\"}}]}<\/script>\n<!-- \/ Yoast SEO plugin. -->","yoast_head_json":{"title":"Impresora de entradas Epson TMT88-VI - Logiciel de billetterie en ligne (solution fullweb) pour th\u00e9\u00e2tres, salles de spectacle vivant, ...","robots":{"index":"index","follow":"follow","max-snippet":"max-snippet:-1","max-image-preview":"max-image-preview:large","max-video-preview":"max-video-preview:-1"},"canonical":"https:\/\/redtaag.com\/es\/produit\/impresora-de-entradas-epson-tmt88-vi\/","og_locale":"es_ES","og_type":"article","og_title":"Impresora de entradas Epson TMT88-VI - Logiciel de billetterie en ligne (solution fullweb) pour th\u00e9\u00e2tres, salles de spectacle vivant, ...","og_description":"Esta impresora de entradas solo puede imprimir en rollos. Adem\u00e1s, es m\u00e1s compacta que la Star y se puede transportar f\u00e1cilmente para instalarla en un punto de venta externo. Se conecta al servidor de impresi\u00f3n en la nube de su establecimiento a trav\u00e9s de una interfaz LAN y, opcionalmente, a trav\u00e9s de Wi-Fi.","og_url":"https:\/\/redtaag.com\/es\/produit\/impresora-de-entradas-epson-tmt88-vi\/","og_site_name":"Logiciel de billetterie en ligne (solution fullweb) pour th\u00e9\u00e2tres, salles de spectacle vivant, ...","twitter_card":"summary_large_image","twitter_misc":{"Tiempo de lectura":"1 minuto"},"schema":{"@context":"https:\/\/schema.org","@graph":[{"@type":"WebPage","@id":"https:\/\/redtaag.com\/es\/produit\/impresora-de-entradas-epson-tmt88-vi\/","url":"https:\/\/redtaag.com\/es\/produit\/impresora-de-entradas-epson-tmt88-vi\/","name":"Impresora de entradas Epson TMT88-VI - Logiciel de billetterie en ligne (solution fullweb) pour th\u00e9\u00e2tres, salles de spectacle vivant, ...","isPartOf":{"@id":"https:\/\/redtaag.com\/es\/#website"},"datePublished":"2020-04-03T17:21:15+00:00","breadcrumb":{"@id":"https:\/\/redtaag.com\/es\/produit\/impresora-de-entradas-epson-tmt88-vi\/#breadcrumb"},"inLanguage":"es","potentialAction":[{"@type":"ReadAction","target":["https:\/\/redtaag.com\/es\/produit\/impresora-de-entradas-epson-tmt88-vi\/"]}]},{"@type":"BreadcrumbList","@id":"https:\/\/redtaag.com\/es\/produit\/impresora-de-entradas-epson-tmt88-vi\/#breadcrumb","itemListElement":[{"@type":"ListItem","position":1,"name":"Accueil","item":"https:\/\/redtaag.com\/es\/"},{"@type":"ListItem","position":2,"name":"Boutique","item":"https:\/\/redtaag.com\/boutique\/"},{"@type":"ListItem","position":3,"name":"Impresora de entradas Epson TMT88-VI"}]},{"@type":"WebSite","@id":"https:\/\/redtaag.com\/es\/#website","url":"https:\/\/redtaag.com\/es\/","name":"Logiciel de billetterie en ligne (solution fullweb) pour th\u00e9\u00e2tres, salles de spectacle vivant, ...","description":"Logiciel de billetterie fullweb connect\u00e9 \u00e0 votre banque ou au tr\u00e9sor public","publisher":{"@id":"https:\/\/redtaag.com\/es\/#organization"},"potentialAction":[{"@type":"SearchAction","target":{"@type":"EntryPoint","urlTemplate":"https:\/\/redtaag.com\/es\/?s={search_term_string}"},"query-input":{"@type":"PropertyValueSpecification","valueRequired":true,"valueName":"search_term_string"}}],"inLanguage":"es"},{"@type":"Organization","@id":"https:\/\/redtaag.com\/es\/#organization","name":"Voodootix SAS","url":"https:\/\/redtaag.com\/es\/","logo":{"@type":"ImageObject","inLanguage":"es","@id":"https:\/\/redtaag.com\/es\/#\/schema\/logo\/image\/","url":"https:\/\/i2.wp.com\/redtaag.com\/site-rtgv2\/wp-content\/uploads\/2019\/06\/redtaag_logo_dark.png?fit=328%2C47&ssl=1","contentUrl":"https:\/\/i2.wp.com\/redtaag.com\/site-rtgv2\/wp-content\/uploads\/2019\/06\/redtaag_logo_dark.png?fit=328%2C47&ssl=1","width":328,"height":47,"caption":"Voodootix SAS"},"image":{"@id":"https:\/\/redtaag.com\/es\/#\/schema\/logo\/image\/"}}]}},"jetpack_sharing_enabled":true,"_links":{"self":[{"href":"https:\/\/redtaag.com\/es\/wp-json\/wp\/v2\/product\/2386","targetHints":{"allow":["GET"]}}],"collection":[{"href":"https:\/\/redtaag.com\/es\/wp-json\/wp\/v2\/product"}],"about":[{"href":"https:\/\/redtaag.com\/es\/wp-json\/wp\/v2\/types\/product"}],"replies":[{"embeddable":true,"href":"https:\/\/redtaag.com\/es\/wp-json\/wp\/v2\/comments?post=2386"}],"wp:attachment":[{"href":"https:\/\/redtaag.com\/es\/wp-json\/wp\/v2\/media?parent=2386"}],"wp:term":[{"taxonomy":"product_brand","embeddable":true,"href":"https:\/\/redtaag.com\/es\/wp-json\/wp\/v2\/product_brand?post=2386"},{"taxonomy":"product_cat","embeddable":true,"href":"https:\/\/redtaag.com\/es\/wp-json\/wp\/v2\/product_cat?post=2386"},{"taxonomy":"product_tag","embeddable":true,"href":"https:\/\/redtaag.com\/es\/wp-json\/wp\/v2\/product_tag?post=2386"}],"curies":[{"name":"wp","href":"https:\/\/api.w.org\/{rel}","templated":true}]}}