{"id":2381,"date":"2020-04-04T18:10:17","date_gmt":"2020-04-04T16:10:17","guid":{"rendered":"https:\/\/redtaag.com\/produit\/impresora-de-entradas-star-tsp700ii-modulo-hi-x-connect-fuente-de-alimentacion\/"},"modified":"2020-04-04T18:10:17","modified_gmt":"2020-04-04T16:10:17","slug":"impresora-de-entradas-star-tsp700ii-modulo-hi-x-connect-fuente-de-alimentacion","status":"publish","type":"product","link":"https:\/\/redtaag.com\/es\/produit\/impresora-de-entradas-star-tsp700ii-modulo-hi-x-connect-fuente-de-alimentacion\/","title":{"rendered":"Impresora de entradas Star TSP700II + m\u00f3dulo HI-X-connect + fuente de alimentaci\u00f3n"},"content":{"rendered":"<p>Para que funcione con Redtaag, la impresora <a href=\"https:\/\/star-emea.com\/products\/tsp700ii\/?lang=fr\">Star TSP700II<\/a> necesita el m\u00f3dulo <a href=\"https:\/\/star-emea.com\/products\/hi-x-connect\/\">Hi-X-connect<\/a>. Permite conectar la impresora con un cable de red y, opcionalmente, a\u00f1adir un adaptador Wi-Fi para conectarla a la red. Por lo tanto, este producto es un paquete compuesto por la impresora, el m\u00f3dulo HI-X-connect y la fuente de alimentaci\u00f3n, que normalmente se venden por separado.<\/p>\n<p>La TSP700 es una impresora resistente y r\u00e1pida que imprime un gran volumen de entradas de alta calidad con texto, logotipos y c\u00f3digos de barras a una velocidad de 250 mm por segundo. Asimismo, es compatible con la mayor\u00eda de los sistemas operativos, incluidos Windows, iOS y Android.<\/p>\n<p>El dise\u00f1o es compacto y vers\u00e1til, cuenta con numerosos accesorios y soporta papel muy grueso en rollo o fondos de billete.<\/p>\n","protected":false},"excerpt":{"rendered":"<p>Esta impresora de entradas puede imprimir <a href=\"https:\/\/redtaag.com\/fonctionnalites\/billets-tous-canaux-papier-digitaux\/\">entradas en un rollo<\/a> y en un <a href=\"https:\/\/redtaag.com\/fonctionnalites\/billets-tous-canaux-papier-digitaux\/\">fondo de billete<\/a> que mantiene el aspecto tradicional, aunque no es necesario para la protecci\u00f3n de las entradas o el control de acceso con Redtaag. Es menos compacta que la Epson, pero se puede transportar para instalarla en un punto de venta externo. Se conecta al servidor de impresi\u00f3n en la nube de su establecimiento a trav\u00e9s de una interfaz LAN y, opcionalmente, a trav\u00e9s de Wi-Fi.<\/p>\n","protected":false},"featured_media":0,"comment_status":"closed","ping_status":"closed","template":"","meta":{"_price":"485","_stock":"","_tribe_ticket_header":"","_tribe_default_ticket_provider":"","_tribe_ticket_capacity":"0","_ticket_start_date":"","_ticket_end_date":"","_tribe_ticket_show_description":"","_tribe_ticket_show_not_going":false,"_tribe_ticket_use_global_stock":"","_tribe_ticket_global_stock_level":"","_global_stock_mode":"","_global_stock_cap":"","_tribe_rsvp_for_event":"","_tribe_ticket_going_count":"","_tribe_ticket_not_going_count":"","_tribe_tickets_list":"[]","_tribe_ticket_has_attendee_info_fields":false},"product_brand":[],"product_cat":[67],"product_tag":[],"class_list":{"0":"post-2381","1":"product","2":"type-product","3":"status-publish","5":"product_cat-impresora-de-entradas","6":"tm-no-options","8":"first","9":"instock","10":"taxable","11":"shipping-taxable","12":"purchasable","13":"product-type-variable"},"yoast_head":"<!-- This site is optimized with the Yoast SEO plugin v27.4 - https:\/\/yoast.com\/product\/yoast-seo-wordpress\/ -->\n<title>Impresora de entradas Star TSP700II + m\u00f3dulo HI-X-connect + fuente de alimentaci\u00f3n - Logiciel de billetterie en ligne (solution fullweb) pour th\u00e9\u00e2tres, salles de spectacle vivant, ...<\/title>\n<meta name=\"robots\" content=\"index, follow, max-snippet:-1, max-image-preview:large, max-video-preview:-1\" \/>\n<link rel=\"canonical\" href=\"https:\/\/redtaag.com\/es\/produit\/impresora-de-entradas-star-tsp700ii-modulo-hi-x-connect-fuente-de-alimentacion\/\" \/>\n<meta property=\"og:locale\" content=\"es_ES\" \/>\n<meta property=\"og:type\" content=\"article\" \/>\n<meta property=\"og:title\" content=\"Impresora de entradas Star TSP700II + m\u00f3dulo HI-X-connect + fuente de alimentaci\u00f3n - Logiciel de billetterie en ligne (solution fullweb) pour th\u00e9\u00e2tres, salles de spectacle vivant, ...\" \/>\n<meta property=\"og:description\" content=\"Esta impresora de entradas puede imprimir entradas en un rollo y en un fondo de billete que mantiene el aspecto tradicional, aunque no es necesario para la protecci\u00f3n de las entradas o el control de acceso con Redtaag. Es menos compacta que la Epson, pero se puede transportar para instalarla en un punto de venta externo. Se conecta al servidor de impresi\u00f3n en la nube de su establecimiento a trav\u00e9s de una interfaz LAN y, opcionalmente, a trav\u00e9s de Wi-Fi.\" \/>\n<meta property=\"og:url\" content=\"https:\/\/redtaag.com\/es\/produit\/impresora-de-entradas-star-tsp700ii-modulo-hi-x-connect-fuente-de-alimentacion\/\" \/>\n<meta property=\"og:site_name\" content=\"Logiciel de billetterie en ligne (solution fullweb) pour th\u00e9\u00e2tres, salles de spectacle vivant, ...\" \/>\n<meta name=\"twitter:card\" content=\"summary_large_image\" \/>\n<meta name=\"twitter:label1\" content=\"Tiempo de lectura\" \/>\n\t<meta name=\"twitter:data1\" content=\"1 minuto\" \/>\n<script type=\"application\/ld+json\" class=\"yoast-schema-graph\">{\"@context\":\"https:\\\/\\\/schema.org\",\"@graph\":[{\"@type\":\"WebPage\",\"@id\":\"https:\\\/\\\/redtaag.com\\\/es\\\/produit\\\/impresora-de-entradas-star-tsp700ii-modulo-hi-x-connect-fuente-de-alimentacion\\\/\",\"url\":\"https:\\\/\\\/redtaag.com\\\/es\\\/produit\\\/impresora-de-entradas-star-tsp700ii-modulo-hi-x-connect-fuente-de-alimentacion\\\/\",\"name\":\"Impresora de entradas Star TSP700II + m\u00f3dulo HI-X-connect + fuente de alimentaci\u00f3n - Logiciel de billetterie en ligne (solution fullweb) pour th\u00e9\u00e2tres, salles de spectacle vivant, ...\",\"isPartOf\":{\"@id\":\"https:\\\/\\\/redtaag.com\\\/es\\\/#website\"},\"datePublished\":\"2020-04-04T16:10:17+00:00\",\"breadcrumb\":{\"@id\":\"https:\\\/\\\/redtaag.com\\\/es\\\/produit\\\/impresora-de-entradas-star-tsp700ii-modulo-hi-x-connect-fuente-de-alimentacion\\\/#breadcrumb\"},\"inLanguage\":\"es\",\"potentialAction\":[{\"@type\":\"ReadAction\",\"target\":[\"https:\\\/\\\/redtaag.com\\\/es\\\/produit\\\/impresora-de-entradas-star-tsp700ii-modulo-hi-x-connect-fuente-de-alimentacion\\\/\"]}]},{\"@type\":\"BreadcrumbList\",\"@id\":\"https:\\\/\\\/redtaag.com\\\/es\\\/produit\\\/impresora-de-entradas-star-tsp700ii-modulo-hi-x-connect-fuente-de-alimentacion\\\/#breadcrumb\",\"itemListElement\":[{\"@type\":\"ListItem\",\"position\":1,\"name\":\"Accueil\",\"item\":\"https:\\\/\\\/redtaag.com\\\/es\\\/\"},{\"@type\":\"ListItem\",\"position\":2,\"name\":\"Boutique\",\"item\":\"https:\\\/\\\/redtaag.com\\\/boutique\\\/\"},{\"@type\":\"ListItem\",\"position\":3,\"name\":\"Impresora de entradas Star TSP700II + m\u00f3dulo HI-X-connect + fuente de alimentaci\u00f3n\"}]},{\"@type\":\"WebSite\",\"@id\":\"https:\\\/\\\/redtaag.com\\\/es\\\/#website\",\"url\":\"https:\\\/\\\/redtaag.com\\\/es\\\/\",\"name\":\"Logiciel de billetterie en ligne (solution fullweb) pour th\u00e9\u00e2tres, salles de spectacle vivant, ...\",\"description\":\"Logiciel de billetterie fullweb connect\u00e9 \u00e0 votre banque ou au tr\u00e9sor public\",\"publisher\":{\"@id\":\"https:\\\/\\\/redtaag.com\\\/es\\\/#organization\"},\"potentialAction\":[{\"@type\":\"SearchAction\",\"target\":{\"@type\":\"EntryPoint\",\"urlTemplate\":\"https:\\\/\\\/redtaag.com\\\/es\\\/?s={search_term_string}\"},\"query-input\":{\"@type\":\"PropertyValueSpecification\",\"valueRequired\":true,\"valueName\":\"search_term_string\"}}],\"inLanguage\":\"es\"},{\"@type\":\"Organization\",\"@id\":\"https:\\\/\\\/redtaag.com\\\/es\\\/#organization\",\"name\":\"Voodootix SAS\",\"url\":\"https:\\\/\\\/redtaag.com\\\/es\\\/\",\"logo\":{\"@type\":\"ImageObject\",\"inLanguage\":\"es\",\"@id\":\"https:\\\/\\\/redtaag.com\\\/es\\\/#\\\/schema\\\/logo\\\/image\\\/\",\"url\":\"https:\\\/\\\/i2.wp.com\\\/redtaag.com\\\/site-rtgv2\\\/wp-content\\\/uploads\\\/2019\\\/06\\\/redtaag_logo_dark.png?fit=328%2C47&ssl=1\",\"contentUrl\":\"https:\\\/\\\/i2.wp.com\\\/redtaag.com\\\/site-rtgv2\\\/wp-content\\\/uploads\\\/2019\\\/06\\\/redtaag_logo_dark.png?fit=328%2C47&ssl=1\",\"width\":328,\"height\":47,\"caption\":\"Voodootix SAS\"},\"image\":{\"@id\":\"https:\\\/\\\/redtaag.com\\\/es\\\/#\\\/schema\\\/logo\\\/image\\\/\"}}]}<\/script>\n<!-- \/ Yoast SEO plugin. -->","yoast_head_json":{"title":"Impresora de entradas Star TSP700II + m\u00f3dulo HI-X-connect + fuente de alimentaci\u00f3n - Logiciel de billetterie en ligne (solution fullweb) pour th\u00e9\u00e2tres, salles de spectacle vivant, ...","robots":{"index":"index","follow":"follow","max-snippet":"max-snippet:-1","max-image-preview":"max-image-preview:large","max-video-preview":"max-video-preview:-1"},"canonical":"https:\/\/redtaag.com\/es\/produit\/impresora-de-entradas-star-tsp700ii-modulo-hi-x-connect-fuente-de-alimentacion\/","og_locale":"es_ES","og_type":"article","og_title":"Impresora de entradas Star TSP700II + m\u00f3dulo HI-X-connect + fuente de alimentaci\u00f3n - Logiciel de billetterie en ligne (solution fullweb) pour th\u00e9\u00e2tres, salles de spectacle vivant, ...","og_description":"Esta impresora de entradas puede imprimir entradas en un rollo y en un fondo de billete que mantiene el aspecto tradicional, aunque no es necesario para la protecci\u00f3n de las entradas o el control de acceso con Redtaag. Es menos compacta que la Epson, pero se puede transportar para instalarla en un punto de venta externo. Se conecta al servidor de impresi\u00f3n en la nube de su establecimiento a trav\u00e9s de una interfaz LAN y, opcionalmente, a trav\u00e9s de Wi-Fi.","og_url":"https:\/\/redtaag.com\/es\/produit\/impresora-de-entradas-star-tsp700ii-modulo-hi-x-connect-fuente-de-alimentacion\/","og_site_name":"Logiciel de billetterie en ligne (solution fullweb) pour th\u00e9\u00e2tres, salles de spectacle vivant, ...","twitter_card":"summary_large_image","twitter_misc":{"Tiempo de lectura":"1 minuto"},"schema":{"@context":"https:\/\/schema.org","@graph":[{"@type":"WebPage","@id":"https:\/\/redtaag.com\/es\/produit\/impresora-de-entradas-star-tsp700ii-modulo-hi-x-connect-fuente-de-alimentacion\/","url":"https:\/\/redtaag.com\/es\/produit\/impresora-de-entradas-star-tsp700ii-modulo-hi-x-connect-fuente-de-alimentacion\/","name":"Impresora de entradas Star TSP700II + m\u00f3dulo HI-X-connect + fuente de alimentaci\u00f3n - Logiciel de billetterie en ligne (solution fullweb) pour th\u00e9\u00e2tres, salles de spectacle vivant, ...","isPartOf":{"@id":"https:\/\/redtaag.com\/es\/#website"},"datePublished":"2020-04-04T16:10:17+00:00","breadcrumb":{"@id":"https:\/\/redtaag.com\/es\/produit\/impresora-de-entradas-star-tsp700ii-modulo-hi-x-connect-fuente-de-alimentacion\/#breadcrumb"},"inLanguage":"es","potentialAction":[{"@type":"ReadAction","target":["https:\/\/redtaag.com\/es\/produit\/impresora-de-entradas-star-tsp700ii-modulo-hi-x-connect-fuente-de-alimentacion\/"]}]},{"@type":"BreadcrumbList","@id":"https:\/\/redtaag.com\/es\/produit\/impresora-de-entradas-star-tsp700ii-modulo-hi-x-connect-fuente-de-alimentacion\/#breadcrumb","itemListElement":[{"@type":"ListItem","position":1,"name":"Accueil","item":"https:\/\/redtaag.com\/es\/"},{"@type":"ListItem","position":2,"name":"Boutique","item":"https:\/\/redtaag.com\/boutique\/"},{"@type":"ListItem","position":3,"name":"Impresora de entradas Star TSP700II + m\u00f3dulo HI-X-connect + fuente de alimentaci\u00f3n"}]},{"@type":"WebSite","@id":"https:\/\/redtaag.com\/es\/#website","url":"https:\/\/redtaag.com\/es\/","name":"Logiciel de billetterie en ligne (solution fullweb) pour th\u00e9\u00e2tres, salles de spectacle vivant, ...","description":"Logiciel de billetterie fullweb connect\u00e9 \u00e0 votre banque ou au tr\u00e9sor public","publisher":{"@id":"https:\/\/redtaag.com\/es\/#organization"},"potentialAction":[{"@type":"SearchAction","target":{"@type":"EntryPoint","urlTemplate":"https:\/\/redtaag.com\/es\/?s={search_term_string}"},"query-input":{"@type":"PropertyValueSpecification","valueRequired":true,"valueName":"search_term_string"}}],"inLanguage":"es"},{"@type":"Organization","@id":"https:\/\/redtaag.com\/es\/#organization","name":"Voodootix SAS","url":"https:\/\/redtaag.com\/es\/","logo":{"@type":"ImageObject","inLanguage":"es","@id":"https:\/\/redtaag.com\/es\/#\/schema\/logo\/image\/","url":"https:\/\/i2.wp.com\/redtaag.com\/site-rtgv2\/wp-content\/uploads\/2019\/06\/redtaag_logo_dark.png?fit=328%2C47&ssl=1","contentUrl":"https:\/\/i2.wp.com\/redtaag.com\/site-rtgv2\/wp-content\/uploads\/2019\/06\/redtaag_logo_dark.png?fit=328%2C47&ssl=1","width":328,"height":47,"caption":"Voodootix SAS"},"image":{"@id":"https:\/\/redtaag.com\/es\/#\/schema\/logo\/image\/"}}]}},"jetpack_sharing_enabled":true,"_links":{"self":[{"href":"https:\/\/redtaag.com\/es\/wp-json\/wp\/v2\/product\/2381","targetHints":{"allow":["GET"]}}],"collection":[{"href":"https:\/\/redtaag.com\/es\/wp-json\/wp\/v2\/product"}],"about":[{"href":"https:\/\/redtaag.com\/es\/wp-json\/wp\/v2\/types\/product"}],"replies":[{"embeddable":true,"href":"https:\/\/redtaag.com\/es\/wp-json\/wp\/v2\/comments?post=2381"}],"wp:attachment":[{"href":"https:\/\/redtaag.com\/es\/wp-json\/wp\/v2\/media?parent=2381"}],"wp:term":[{"taxonomy":"product_brand","embeddable":true,"href":"https:\/\/redtaag.com\/es\/wp-json\/wp\/v2\/product_brand?post=2381"},{"taxonomy":"product_cat","embeddable":true,"href":"https:\/\/redtaag.com\/es\/wp-json\/wp\/v2\/product_cat?post=2381"},{"taxonomy":"product_tag","embeddable":true,"href":"https:\/\/redtaag.com\/es\/wp-json\/wp\/v2\/product_tag?post=2381"}],"curies":[{"name":"wp","href":"https:\/\/api.w.org\/{rel}","templated":true}]}}