{"id":2366,"date":"2020-05-12T11:36:34","date_gmt":"2020-05-12T09:36:34","guid":{"rendered":"https:\/\/redtaag.com\/produit\/termometro-de-infrarrojos-y-camara-termica\/"},"modified":"2020-05-12T11:36:34","modified_gmt":"2020-05-12T09:36:34","slug":"termometro-de-infrarrojos-y-camara-termica","status":"publish","type":"product","link":"https:\/\/redtaag.com\/es\/produit\/termometro-de-infrarrojos-y-camara-termica\/","title":{"rendered":"Term\u00f3metro de infrarrojos y c\u00e1mara t\u00e9rmica"},"content":{"rendered":"<p>Esta c\u00e1mara termogr\u00e1fica incorpora un term\u00f3metro infrarrojo autom\u00e1tico de alta precisi\u00f3n. Permite controlar sin contacto la temperatura corporal de muchas personas en las entradas de edificios p\u00fablicos o comerciales. A trav\u00e9s de su pantalla integrada y los monitores de aviso, el personal que controla el acceso a los edificios puede identificar a las personas con temperatura alta al instante.<\/p>\n<p>Producto todo en uno, que se entrega listo para usar. Tan solo requiere una formaci\u00f3n muy b\u00e1sica de 15 minutos de duraci\u00f3n para saber realizar la medici\u00f3n de la temperatura corporal de todos los usuarios que acceden al edificio.<\/p>\n<p>Caracter\u00edsticas:<\/p>\n<ul>\n<li style=\"list-style-type: none;\">\n<ul>\n<li>Term\u00f3metro de infrarrojos: alta precisi\u00f3n, multipunto, autom\u00e1tico y sin contacto<\/li>\n<li>N\u00famero de detecciones: 10 personas a la vez<\/li>\n<li>Rango de temperatura corporal: de 30 a 45 \u2103<\/li>\n<li>Precisi\u00f3n de la medici\u00f3n de la temperatura corporal: \u00b10,3\u00a0\u00b0C<\/li>\n<li>Conectividad: 4G, Wi-Fi, NFC, Bluetooth, USB Tipo-C<\/li>\n<li>Flujo m\u00e1ximo: 300 personas\/minuto<\/li>\n<li>Resoluci\u00f3n de infrarrojos: 384 \u00d7 288<\/li>\n<li>Modo de instalaci\u00f3n: fijo, fijo + monitor de avisos, port\u00e1til<\/li>\n<li>Pantalla: multit\u00e1ctil, 8 pulgadas de alta definici\u00f3n (1920 \u00d7 1200) + monitor de avisos de 30 pulgadas (opcional)<\/li>\n<li>Longitud \u00d7 Anchura \u00d7 Grosor (cm) 265 \u00d7 195 \u00d7 40<\/li>\n<li>Peso (g): 1200<\/li>\n<li>Alimentaci\u00f3n: 4 V<\/li>\n<\/ul>\n<\/li>\n<\/ul>\n","protected":false},"excerpt":{"rendered":"<p>C\u00e1mara t\u00e9rmica con term\u00f3metro de infrarrojos autom\u00e1tico de alta precisi\u00f3n para el control sin contacto de la temperatura corporal en las entradas de los establecimientos.<\/p>\n","protected":false},"featured_media":2369,"comment_status":"closed","ping_status":"closed","template":"","meta":{"_price":"5810","_stock":"","_tribe_ticket_header":"","_tribe_default_ticket_provider":"","_tribe_ticket_capacity":"0","_ticket_start_date":"","_ticket_end_date":"","_tribe_ticket_show_description":"","_tribe_ticket_show_not_going":false,"_tribe_ticket_use_global_stock":"","_tribe_ticket_global_stock_level":"","_global_stock_mode":"","_global_stock_cap":"","_tribe_rsvp_for_event":"","_tribe_ticket_going_count":"","_tribe_ticket_not_going_count":"","_tribe_tickets_list":"[]","_tribe_ticket_has_attendee_info_fields":false},"product_brand":[],"product_cat":[62,64],"product_tag":[],"class_list":{"0":"post-2366","1":"product","2":"type-product","3":"status-publish","4":"has-post-thumbnail","6":"product_cat-control-de-acceso","7":"product_cat-soluciones-de-emergencia","8":"tm-no-options","10":"first","11":"instock","12":"taxable","13":"shipping-taxable","14":"purchasable","15":"product-type-simple"},"yoast_head":"<!-- This site is optimized with the Yoast SEO plugin v27.4 - https:\/\/yoast.com\/product\/yoast-seo-wordpress\/ -->\n<title>Term\u00f3metro de infrarrojos y c\u00e1mara t\u00e9rmica - Logiciel de billetterie en ligne (solution fullweb) pour th\u00e9\u00e2tres, salles de spectacle vivant, ...<\/title>\n<meta name=\"robots\" content=\"index, follow, max-snippet:-1, max-image-preview:large, max-video-preview:-1\" \/>\n<link rel=\"canonical\" href=\"https:\/\/redtaag.com\/es\/produit\/termometro-de-infrarrojos-y-camara-termica\/\" \/>\n<meta property=\"og:locale\" content=\"es_ES\" \/>\n<meta property=\"og:type\" content=\"article\" \/>\n<meta property=\"og:title\" content=\"Term\u00f3metro de infrarrojos y c\u00e1mara t\u00e9rmica - Logiciel de billetterie en ligne (solution fullweb) pour th\u00e9\u00e2tres, salles de spectacle vivant, ...\" \/>\n<meta property=\"og:description\" content=\"C\u00e1mara t\u00e9rmica con term\u00f3metro de infrarrojos autom\u00e1tico de alta precisi\u00f3n para el control sin contacto de la temperatura corporal en las entradas de los establecimientos.\" \/>\n<meta property=\"og:url\" content=\"https:\/\/redtaag.com\/es\/produit\/termometro-de-infrarrojos-y-camara-termica\/\" \/>\n<meta property=\"og:site_name\" content=\"Logiciel de billetterie en ligne (solution fullweb) pour th\u00e9\u00e2tres, salles de spectacle vivant, ...\" \/>\n<meta property=\"og:image\" content=\"https:\/\/redtaag.com\/site-rtgv2\/wp-content\/uploads\/2020\/05\/scanner_thermique_sans_contact.jpg\" \/>\n\t<meta property=\"og:image:width\" content=\"551\" \/>\n\t<meta property=\"og:image:height\" content=\"551\" \/>\n\t<meta property=\"og:image:type\" content=\"image\/jpeg\" \/>\n<meta name=\"twitter:card\" content=\"summary_large_image\" \/>\n<meta name=\"twitter:label1\" content=\"Tiempo de lectura\" \/>\n\t<meta name=\"twitter:data1\" content=\"1 minuto\" \/>\n<script type=\"application\/ld+json\" class=\"yoast-schema-graph\">{\"@context\":\"https:\\\/\\\/schema.org\",\"@graph\":[{\"@type\":\"WebPage\",\"@id\":\"https:\\\/\\\/redtaag.com\\\/es\\\/produit\\\/termometro-de-infrarrojos-y-camara-termica\\\/\",\"url\":\"https:\\\/\\\/redtaag.com\\\/es\\\/produit\\\/termometro-de-infrarrojos-y-camara-termica\\\/\",\"name\":\"Term\u00f3metro de infrarrojos y c\u00e1mara t\u00e9rmica - Logiciel de billetterie en ligne (solution fullweb) pour th\u00e9\u00e2tres, salles de spectacle vivant, ...\",\"isPartOf\":{\"@id\":\"https:\\\/\\\/redtaag.com\\\/es\\\/#website\"},\"primaryImageOfPage\":{\"@id\":\"https:\\\/\\\/redtaag.com\\\/es\\\/produit\\\/termometro-de-infrarrojos-y-camara-termica\\\/#primaryimage\"},\"image\":{\"@id\":\"https:\\\/\\\/redtaag.com\\\/es\\\/produit\\\/termometro-de-infrarrojos-y-camara-termica\\\/#primaryimage\"},\"thumbnailUrl\":\"https:\\\/\\\/i0.wp.com\\\/redtaag.com\\\/site-rtgv2\\\/wp-content\\\/uploads\\\/2020\\\/05\\\/scanner_thermique_sans_contact.jpg?fit=551%2C551&ssl=1\",\"datePublished\":\"2020-05-12T09:36:34+00:00\",\"breadcrumb\":{\"@id\":\"https:\\\/\\\/redtaag.com\\\/es\\\/produit\\\/termometro-de-infrarrojos-y-camara-termica\\\/#breadcrumb\"},\"inLanguage\":\"es\",\"potentialAction\":[{\"@type\":\"ReadAction\",\"target\":[\"https:\\\/\\\/redtaag.com\\\/es\\\/produit\\\/termometro-de-infrarrojos-y-camara-termica\\\/\"]}]},{\"@type\":\"ImageObject\",\"inLanguage\":\"es\",\"@id\":\"https:\\\/\\\/redtaag.com\\\/es\\\/produit\\\/termometro-de-infrarrojos-y-camara-termica\\\/#primaryimage\",\"url\":\"https:\\\/\\\/i0.wp.com\\\/redtaag.com\\\/site-rtgv2\\\/wp-content\\\/uploads\\\/2020\\\/05\\\/scanner_thermique_sans_contact.jpg?fit=551%2C551&ssl=1\",\"contentUrl\":\"https:\\\/\\\/i0.wp.com\\\/redtaag.com\\\/site-rtgv2\\\/wp-content\\\/uploads\\\/2020\\\/05\\\/scanner_thermique_sans_contact.jpg?fit=551%2C551&ssl=1\",\"width\":551,\"height\":551},{\"@type\":\"BreadcrumbList\",\"@id\":\"https:\\\/\\\/redtaag.com\\\/es\\\/produit\\\/termometro-de-infrarrojos-y-camara-termica\\\/#breadcrumb\",\"itemListElement\":[{\"@type\":\"ListItem\",\"position\":1,\"name\":\"Accueil\",\"item\":\"https:\\\/\\\/redtaag.com\\\/es\\\/\"},{\"@type\":\"ListItem\",\"position\":2,\"name\":\"Boutique\",\"item\":\"https:\\\/\\\/redtaag.com\\\/boutique\\\/\"},{\"@type\":\"ListItem\",\"position\":3,\"name\":\"Term\u00f3metro de infrarrojos y c\u00e1mara t\u00e9rmica\"}]},{\"@type\":\"WebSite\",\"@id\":\"https:\\\/\\\/redtaag.com\\\/es\\\/#website\",\"url\":\"https:\\\/\\\/redtaag.com\\\/es\\\/\",\"name\":\"Logiciel de billetterie en ligne (solution fullweb) pour th\u00e9\u00e2tres, salles de spectacle vivant, ...\",\"description\":\"Logiciel de billetterie fullweb connect\u00e9 \u00e0 votre banque ou au tr\u00e9sor public\",\"publisher\":{\"@id\":\"https:\\\/\\\/redtaag.com\\\/es\\\/#organization\"},\"potentialAction\":[{\"@type\":\"SearchAction\",\"target\":{\"@type\":\"EntryPoint\",\"urlTemplate\":\"https:\\\/\\\/redtaag.com\\\/es\\\/?s={search_term_string}\"},\"query-input\":{\"@type\":\"PropertyValueSpecification\",\"valueRequired\":true,\"valueName\":\"search_term_string\"}}],\"inLanguage\":\"es\"},{\"@type\":\"Organization\",\"@id\":\"https:\\\/\\\/redtaag.com\\\/es\\\/#organization\",\"name\":\"Voodootix SAS\",\"url\":\"https:\\\/\\\/redtaag.com\\\/es\\\/\",\"logo\":{\"@type\":\"ImageObject\",\"inLanguage\":\"es\",\"@id\":\"https:\\\/\\\/redtaag.com\\\/es\\\/#\\\/schema\\\/logo\\\/image\\\/\",\"url\":\"https:\\\/\\\/i2.wp.com\\\/redtaag.com\\\/site-rtgv2\\\/wp-content\\\/uploads\\\/2019\\\/06\\\/redtaag_logo_dark.png?fit=328%2C47&ssl=1\",\"contentUrl\":\"https:\\\/\\\/i2.wp.com\\\/redtaag.com\\\/site-rtgv2\\\/wp-content\\\/uploads\\\/2019\\\/06\\\/redtaag_logo_dark.png?fit=328%2C47&ssl=1\",\"width\":328,\"height\":47,\"caption\":\"Voodootix SAS\"},\"image\":{\"@id\":\"https:\\\/\\\/redtaag.com\\\/es\\\/#\\\/schema\\\/logo\\\/image\\\/\"}}]}<\/script>\n<!-- \/ Yoast SEO plugin. -->","yoast_head_json":{"title":"Term\u00f3metro de infrarrojos y c\u00e1mara t\u00e9rmica - Logiciel de billetterie en ligne (solution fullweb) pour th\u00e9\u00e2tres, salles de spectacle vivant, ...","robots":{"index":"index","follow":"follow","max-snippet":"max-snippet:-1","max-image-preview":"max-image-preview:large","max-video-preview":"max-video-preview:-1"},"canonical":"https:\/\/redtaag.com\/es\/produit\/termometro-de-infrarrojos-y-camara-termica\/","og_locale":"es_ES","og_type":"article","og_title":"Term\u00f3metro de infrarrojos y c\u00e1mara t\u00e9rmica - Logiciel de billetterie en ligne (solution fullweb) pour th\u00e9\u00e2tres, salles de spectacle vivant, ...","og_description":"C\u00e1mara t\u00e9rmica con term\u00f3metro de infrarrojos autom\u00e1tico de alta precisi\u00f3n para el control sin contacto de la temperatura corporal en las entradas de los establecimientos.","og_url":"https:\/\/redtaag.com\/es\/produit\/termometro-de-infrarrojos-y-camara-termica\/","og_site_name":"Logiciel de billetterie en ligne (solution fullweb) pour th\u00e9\u00e2tres, salles de spectacle vivant, ...","og_image":[{"width":551,"height":551,"url":"https:\/\/redtaag.com\/site-rtgv2\/wp-content\/uploads\/2020\/05\/scanner_thermique_sans_contact.jpg","type":"image\/jpeg"}],"twitter_card":"summary_large_image","twitter_misc":{"Tiempo de lectura":"1 minuto"},"schema":{"@context":"https:\/\/schema.org","@graph":[{"@type":"WebPage","@id":"https:\/\/redtaag.com\/es\/produit\/termometro-de-infrarrojos-y-camara-termica\/","url":"https:\/\/redtaag.com\/es\/produit\/termometro-de-infrarrojos-y-camara-termica\/","name":"Term\u00f3metro de infrarrojos y c\u00e1mara t\u00e9rmica - Logiciel de billetterie en ligne (solution fullweb) pour th\u00e9\u00e2tres, salles de spectacle vivant, ...","isPartOf":{"@id":"https:\/\/redtaag.com\/es\/#website"},"primaryImageOfPage":{"@id":"https:\/\/redtaag.com\/es\/produit\/termometro-de-infrarrojos-y-camara-termica\/#primaryimage"},"image":{"@id":"https:\/\/redtaag.com\/es\/produit\/termometro-de-infrarrojos-y-camara-termica\/#primaryimage"},"thumbnailUrl":"https:\/\/i0.wp.com\/redtaag.com\/site-rtgv2\/wp-content\/uploads\/2020\/05\/scanner_thermique_sans_contact.jpg?fit=551%2C551&ssl=1","datePublished":"2020-05-12T09:36:34+00:00","breadcrumb":{"@id":"https:\/\/redtaag.com\/es\/produit\/termometro-de-infrarrojos-y-camara-termica\/#breadcrumb"},"inLanguage":"es","potentialAction":[{"@type":"ReadAction","target":["https:\/\/redtaag.com\/es\/produit\/termometro-de-infrarrojos-y-camara-termica\/"]}]},{"@type":"ImageObject","inLanguage":"es","@id":"https:\/\/redtaag.com\/es\/produit\/termometro-de-infrarrojos-y-camara-termica\/#primaryimage","url":"https:\/\/i0.wp.com\/redtaag.com\/site-rtgv2\/wp-content\/uploads\/2020\/05\/scanner_thermique_sans_contact.jpg?fit=551%2C551&ssl=1","contentUrl":"https:\/\/i0.wp.com\/redtaag.com\/site-rtgv2\/wp-content\/uploads\/2020\/05\/scanner_thermique_sans_contact.jpg?fit=551%2C551&ssl=1","width":551,"height":551},{"@type":"BreadcrumbList","@id":"https:\/\/redtaag.com\/es\/produit\/termometro-de-infrarrojos-y-camara-termica\/#breadcrumb","itemListElement":[{"@type":"ListItem","position":1,"name":"Accueil","item":"https:\/\/redtaag.com\/es\/"},{"@type":"ListItem","position":2,"name":"Boutique","item":"https:\/\/redtaag.com\/boutique\/"},{"@type":"ListItem","position":3,"name":"Term\u00f3metro de infrarrojos y c\u00e1mara t\u00e9rmica"}]},{"@type":"WebSite","@id":"https:\/\/redtaag.com\/es\/#website","url":"https:\/\/redtaag.com\/es\/","name":"Logiciel de billetterie en ligne (solution fullweb) pour th\u00e9\u00e2tres, salles de spectacle vivant, ...","description":"Logiciel de billetterie fullweb connect\u00e9 \u00e0 votre banque ou au tr\u00e9sor public","publisher":{"@id":"https:\/\/redtaag.com\/es\/#organization"},"potentialAction":[{"@type":"SearchAction","target":{"@type":"EntryPoint","urlTemplate":"https:\/\/redtaag.com\/es\/?s={search_term_string}"},"query-input":{"@type":"PropertyValueSpecification","valueRequired":true,"valueName":"search_term_string"}}],"inLanguage":"es"},{"@type":"Organization","@id":"https:\/\/redtaag.com\/es\/#organization","name":"Voodootix SAS","url":"https:\/\/redtaag.com\/es\/","logo":{"@type":"ImageObject","inLanguage":"es","@id":"https:\/\/redtaag.com\/es\/#\/schema\/logo\/image\/","url":"https:\/\/i2.wp.com\/redtaag.com\/site-rtgv2\/wp-content\/uploads\/2019\/06\/redtaag_logo_dark.png?fit=328%2C47&ssl=1","contentUrl":"https:\/\/i2.wp.com\/redtaag.com\/site-rtgv2\/wp-content\/uploads\/2019\/06\/redtaag_logo_dark.png?fit=328%2C47&ssl=1","width":328,"height":47,"caption":"Voodootix SAS"},"image":{"@id":"https:\/\/redtaag.com\/es\/#\/schema\/logo\/image\/"}}]}},"jetpack_sharing_enabled":true,"_links":{"self":[{"href":"https:\/\/redtaag.com\/es\/wp-json\/wp\/v2\/product\/2366","targetHints":{"allow":["GET"]}}],"collection":[{"href":"https:\/\/redtaag.com\/es\/wp-json\/wp\/v2\/product"}],"about":[{"href":"https:\/\/redtaag.com\/es\/wp-json\/wp\/v2\/types\/product"}],"replies":[{"embeddable":true,"href":"https:\/\/redtaag.com\/es\/wp-json\/wp\/v2\/comments?post=2366"}],"wp:featuredmedia":[{"embeddable":true,"href":"https:\/\/redtaag.com\/es\/wp-json\/wp\/v2\/media\/2369"}],"wp:attachment":[{"href":"https:\/\/redtaag.com\/es\/wp-json\/wp\/v2\/media?parent=2366"}],"wp:term":[{"taxonomy":"product_brand","embeddable":true,"href":"https:\/\/redtaag.com\/es\/wp-json\/wp\/v2\/product_brand?post=2366"},{"taxonomy":"product_cat","embeddable":true,"href":"https:\/\/redtaag.com\/es\/wp-json\/wp\/v2\/product_cat?post=2366"},{"taxonomy":"product_tag","embeddable":true,"href":"https:\/\/redtaag.com\/es\/wp-json\/wp\/v2\/product_tag?post=2366"}],"curies":[{"name":"wp","href":"https:\/\/api.w.org\/{rel}","templated":true}]}}