{"id":2365,"date":"2021-03-03T18:51:49","date_gmt":"2021-03-03T17:51:49","guid":{"rendered":"https:\/\/redtaag.com\/produit\/terminales-de-venta-de-entradas\/"},"modified":"2021-03-03T18:51:49","modified_gmt":"2021-03-03T17:51:49","slug":"terminales-de-venta-de-entradas","status":"publish","type":"product","link":"https:\/\/redtaag.com\/es\/produit\/terminales-de-venta-de-entradas\/","title":{"rendered":"Terminales de venta de entradas"},"content":{"rendered":"<p>Un terminal de venta de entradas que permite al p\u00fablico elegir los eventos, los asientos (numerados o no), las tarifas y el pago con tarjeta bancaria. Adem\u00e1s, obtienen en el momento las entradas impresas por el terminal o en su smartphone.<\/p>\n<p>Caracter\u00edsticas:<\/p>\n<ul>\n<li style=\"list-style-type: none;\">\n<ul>\n<li>Venta y pago autom\u00e1tico con tarjeta bancaria<\/li>\n<li>Conectividad: Ethernet, Wi-Fi (opcional)<\/li>\n<li>Fabricante: Worldline Valina<\/li>\n<li>Impresora: Star mc-print3<\/li>\n<li>Interfaz de administrador: acceso remoto a trav\u00e9s de una VPN segura y alerta de incidencias por correo electr\u00f3nico<\/li>\n<li>Pantalla: multit\u00e1ctil, 27 pulgadas, alta definici\u00f3n (1920 \u00d7 1200), contraste 1000:1<\/li>\n<li>Altura \u00d7 Anchura \u00d7 Grosor (cm) 220 \u00d7 60 \u00d7 10<\/li>\n<li>Peso (kg): 40<\/li>\n<li>Alimentaci\u00f3n: 220 V<\/li>\n<\/ul>\n<\/li>\n<\/ul>\n<p>Este terminal de venta de entradas ha sido desarrollado espec\u00edficamente para funcionar con nuestras soluciones con el fin de poder seleccionar los espect\u00e1culos y los precios que se ofrecen en dichos terminales.<\/p>\n","protected":false},"excerpt":{"rendered":"<p>Terminal de venta de entradas independiente para la compra de entradas de eventos con o sin asignaci\u00f3n de plazas, as\u00ed como la posibilidad de elegir entre varias tarifas. Cuenta con pago con tarjeta bancaria e impresi\u00f3n autom\u00e1tica de entradas por el terminal.<\/p>\n<p>En modo reposo, una presentaci\u00f3n de los carteles de los espect\u00e1culos programados se desplaza por el terminal, lo que permite desempe\u00f1ar una doble funci\u00f3n: la de canal de venta independiente y la de herramienta de promoci\u00f3n de la programaci\u00f3n.<\/p>\n<p>Integrados a la perfecci\u00f3n en el ecosistema de Redtaag, los terminales BC-27 se pueden controlar desde la web completa del back office. As\u00ed, se puede elegir qu\u00e9 espect\u00e1culos y qu\u00e9 precios est\u00e1n disponibles en cada uno de los terminales. Posteriormente, buscan, sin asignaci\u00f3n, el indicador com\u00fan para todos los canales de venta.<\/p>\n<p>Una vez conectado, el BC-27 se puede actualizar y controlar a distancia. Tambi\u00e9n cuenta con un algoritmo que avisa a los operadores de forma proactiva a trav\u00e9s del env\u00edo de mensajes para evitar tiempos de inactividad. Por ejemplo, indica que hay que volver a colocar el papel en la impresora.<\/p>\n<h5><strong>\u00bfPor qu\u00e9 la cultura debe ser menos accesible que una hamburguesa?<\/strong><\/h5>\n<p><strong>Es perfecta para permitir que el p\u00fablico acceda a tu sistema de venta de entradas en lugares en los que no tienes taquilla: mediateca, ayuntamiento, pasillos administrativos, etc.<\/strong><\/p>\n","protected":false},"featured_media":1588,"comment_status":"closed","ping_status":"closed","template":"","meta":{"_price":"8700","_stock":"","_tribe_ticket_header":"","_tribe_default_ticket_provider":"","_tribe_ticket_capacity":"0","_ticket_start_date":"","_ticket_end_date":"","_tribe_ticket_show_description":"","_tribe_ticket_show_not_going":false,"_tribe_ticket_use_global_stock":"","_tribe_ticket_global_stock_level":"","_global_stock_mode":"","_global_stock_cap":"","_tribe_rsvp_for_event":"","_tribe_ticket_going_count":"","_tribe_ticket_not_going_count":"","_tribe_tickets_list":"[]","_tribe_ticket_has_attendee_info_fields":false},"product_brand":[],"product_cat":[63],"product_tag":[],"class_list":{"0":"post-2365","1":"product","2":"type-product","3":"status-publish","4":"has-post-thumbnail","6":"product_cat-terminales-de-venta","7":"tm-no-options","9":"first","10":"instock","11":"taxable","12":"shipping-taxable","13":"purchasable","14":"product-type-simple"},"yoast_head":"<!-- This site is optimized with the Yoast SEO plugin v27.4 - https:\/\/yoast.com\/product\/yoast-seo-wordpress\/ -->\n<title>Terminales de venta de entradas - Logiciel de billetterie en ligne (solution fullweb) pour th\u00e9\u00e2tres, salles de spectacle vivant, ...<\/title>\n<meta name=\"robots\" content=\"index, follow, max-snippet:-1, max-image-preview:large, max-video-preview:-1\" \/>\n<link rel=\"canonical\" href=\"https:\/\/redtaag.com\/es\/produit\/terminales-de-venta-de-entradas\/\" \/>\n<meta property=\"og:locale\" content=\"es_ES\" \/>\n<meta property=\"og:type\" content=\"article\" \/>\n<meta property=\"og:title\" content=\"Terminales de venta de entradas - Logiciel de billetterie en ligne (solution fullweb) pour th\u00e9\u00e2tres, salles de spectacle vivant, ...\" \/>\n<meta property=\"og:description\" content=\"Terminal de venta de entradas independiente para la compra de entradas de eventos con o sin asignaci\u00f3n de plazas, as\u00ed como la posibilidad de elegir entre varias tarifas. Cuenta con pago con tarjeta bancaria e impresi\u00f3n autom\u00e1tica de entradas por el terminal.  En modo reposo, una presentaci\u00f3n de los carteles de los espect\u00e1culos programados se desplaza por el terminal, lo que permite desempe\u00f1ar una doble funci\u00f3n: la de canal de venta independiente y la de herramienta de promoci\u00f3n de la programaci\u00f3n.  Integrados a la perfecci\u00f3n en el ecosistema de Redtaag, los terminales BC-27 se pueden controlar desde la web completa del back office. As\u00ed, se puede elegir qu\u00e9 espect\u00e1culos y qu\u00e9 precios est\u00e1n disponibles en cada uno de los terminales. Posteriormente, buscan, sin asignaci\u00f3n, el indicador com\u00fan para todos los canales de venta.  Una vez conectado, el BC-27 se puede actualizar y controlar a distancia. Tambi\u00e9n cuenta con un algoritmo que avisa a los operadores de forma proactiva a trav\u00e9s del env\u00edo de mensajes para evitar tiempos de inactividad. Por ejemplo, indica que hay que volver a colocar el papel en la impresora. \u00bfPor qu\u00e9 la cultura debe ser menos accesible que una hamburguesa? Es perfecta para permitir que el p\u00fablico acceda a tu sistema de venta de entradas en lugares en los que no tienes taquilla: mediateca, ayuntamiento, pasillos administrativos, etc.\" \/>\n<meta property=\"og:url\" content=\"https:\/\/redtaag.com\/es\/produit\/terminales-de-venta-de-entradas\/\" \/>\n<meta property=\"og:site_name\" content=\"Logiciel de billetterie en ligne (solution fullweb) pour th\u00e9\u00e2tres, salles de spectacle vivant, ...\" \/>\n<meta property=\"og:image\" content=\"https:\/\/redtaag.com\/site-rtgv2\/wp-content\/uploads\/2021\/03\/borne-redtaag-12.jpg\" \/>\n\t<meta property=\"og:image:width\" content=\"600\" \/>\n\t<meta property=\"og:image:height\" content=\"1361\" \/>\n\t<meta property=\"og:image:type\" content=\"image\/jpeg\" \/>\n<meta name=\"twitter:card\" content=\"summary_large_image\" \/>\n<meta name=\"twitter:label1\" content=\"Tiempo de lectura\" \/>\n\t<meta name=\"twitter:data1\" content=\"1 minuto\" \/>\n<script type=\"application\/ld+json\" class=\"yoast-schema-graph\">{\"@context\":\"https:\\\/\\\/schema.org\",\"@graph\":[{\"@type\":\"WebPage\",\"@id\":\"https:\\\/\\\/redtaag.com\\\/es\\\/produit\\\/terminales-de-venta-de-entradas\\\/\",\"url\":\"https:\\\/\\\/redtaag.com\\\/es\\\/produit\\\/terminales-de-venta-de-entradas\\\/\",\"name\":\"Terminales de venta de entradas - Logiciel de billetterie en ligne (solution fullweb) pour th\u00e9\u00e2tres, salles de spectacle vivant, ...\",\"isPartOf\":{\"@id\":\"https:\\\/\\\/redtaag.com\\\/es\\\/#website\"},\"primaryImageOfPage\":{\"@id\":\"https:\\\/\\\/redtaag.com\\\/es\\\/produit\\\/terminales-de-venta-de-entradas\\\/#primaryimage\"},\"image\":{\"@id\":\"https:\\\/\\\/redtaag.com\\\/es\\\/produit\\\/terminales-de-venta-de-entradas\\\/#primaryimage\"},\"thumbnailUrl\":\"https:\\\/\\\/i0.wp.com\\\/redtaag.com\\\/site-rtgv2\\\/wp-content\\\/uploads\\\/2021\\\/03\\\/borne-redtaag-12.jpg?fit=600%2C1361&ssl=1\",\"datePublished\":\"2021-03-03T17:51:49+00:00\",\"breadcrumb\":{\"@id\":\"https:\\\/\\\/redtaag.com\\\/es\\\/produit\\\/terminales-de-venta-de-entradas\\\/#breadcrumb\"},\"inLanguage\":\"es\",\"potentialAction\":[{\"@type\":\"ReadAction\",\"target\":[\"https:\\\/\\\/redtaag.com\\\/es\\\/produit\\\/terminales-de-venta-de-entradas\\\/\"]}]},{\"@type\":\"ImageObject\",\"inLanguage\":\"es\",\"@id\":\"https:\\\/\\\/redtaag.com\\\/es\\\/produit\\\/terminales-de-venta-de-entradas\\\/#primaryimage\",\"url\":\"https:\\\/\\\/i0.wp.com\\\/redtaag.com\\\/site-rtgv2\\\/wp-content\\\/uploads\\\/2021\\\/03\\\/borne-redtaag-12.jpg?fit=600%2C1361&ssl=1\",\"contentUrl\":\"https:\\\/\\\/i0.wp.com\\\/redtaag.com\\\/site-rtgv2\\\/wp-content\\\/uploads\\\/2021\\\/03\\\/borne-redtaag-12.jpg?fit=600%2C1361&ssl=1\",\"width\":600,\"height\":1361,\"caption\":\"Bornes de commande billetterie\"},{\"@type\":\"BreadcrumbList\",\"@id\":\"https:\\\/\\\/redtaag.com\\\/es\\\/produit\\\/terminales-de-venta-de-entradas\\\/#breadcrumb\",\"itemListElement\":[{\"@type\":\"ListItem\",\"position\":1,\"name\":\"Accueil\",\"item\":\"https:\\\/\\\/redtaag.com\\\/es\\\/\"},{\"@type\":\"ListItem\",\"position\":2,\"name\":\"Boutique\",\"item\":\"https:\\\/\\\/redtaag.com\\\/boutique\\\/\"},{\"@type\":\"ListItem\",\"position\":3,\"name\":\"Terminales de venta de entradas\"}]},{\"@type\":\"WebSite\",\"@id\":\"https:\\\/\\\/redtaag.com\\\/es\\\/#website\",\"url\":\"https:\\\/\\\/redtaag.com\\\/es\\\/\",\"name\":\"Logiciel de billetterie en ligne (solution fullweb) pour th\u00e9\u00e2tres, salles de spectacle vivant, ...\",\"description\":\"Logiciel de billetterie fullweb connect\u00e9 \u00e0 votre banque ou au tr\u00e9sor public\",\"publisher\":{\"@id\":\"https:\\\/\\\/redtaag.com\\\/es\\\/#organization\"},\"potentialAction\":[{\"@type\":\"SearchAction\",\"target\":{\"@type\":\"EntryPoint\",\"urlTemplate\":\"https:\\\/\\\/redtaag.com\\\/es\\\/?s={search_term_string}\"},\"query-input\":{\"@type\":\"PropertyValueSpecification\",\"valueRequired\":true,\"valueName\":\"search_term_string\"}}],\"inLanguage\":\"es\"},{\"@type\":\"Organization\",\"@id\":\"https:\\\/\\\/redtaag.com\\\/es\\\/#organization\",\"name\":\"Voodootix SAS\",\"url\":\"https:\\\/\\\/redtaag.com\\\/es\\\/\",\"logo\":{\"@type\":\"ImageObject\",\"inLanguage\":\"es\",\"@id\":\"https:\\\/\\\/redtaag.com\\\/es\\\/#\\\/schema\\\/logo\\\/image\\\/\",\"url\":\"https:\\\/\\\/i2.wp.com\\\/redtaag.com\\\/site-rtgv2\\\/wp-content\\\/uploads\\\/2019\\\/06\\\/redtaag_logo_dark.png?fit=328%2C47&ssl=1\",\"contentUrl\":\"https:\\\/\\\/i2.wp.com\\\/redtaag.com\\\/site-rtgv2\\\/wp-content\\\/uploads\\\/2019\\\/06\\\/redtaag_logo_dark.png?fit=328%2C47&ssl=1\",\"width\":328,\"height\":47,\"caption\":\"Voodootix SAS\"},\"image\":{\"@id\":\"https:\\\/\\\/redtaag.com\\\/es\\\/#\\\/schema\\\/logo\\\/image\\\/\"}}]}<\/script>\n<!-- \/ Yoast SEO plugin. -->","yoast_head_json":{"title":"Terminales de venta de entradas - Logiciel de billetterie en ligne (solution fullweb) pour th\u00e9\u00e2tres, salles de spectacle vivant, ...","robots":{"index":"index","follow":"follow","max-snippet":"max-snippet:-1","max-image-preview":"max-image-preview:large","max-video-preview":"max-video-preview:-1"},"canonical":"https:\/\/redtaag.com\/es\/produit\/terminales-de-venta-de-entradas\/","og_locale":"es_ES","og_type":"article","og_title":"Terminales de venta de entradas - Logiciel de billetterie en ligne (solution fullweb) pour th\u00e9\u00e2tres, salles de spectacle vivant, ...","og_description":"Terminal de venta de entradas independiente para la compra de entradas de eventos con o sin asignaci\u00f3n de plazas, as\u00ed como la posibilidad de elegir entre varias tarifas. Cuenta con pago con tarjeta bancaria e impresi\u00f3n autom\u00e1tica de entradas por el terminal.  En modo reposo, una presentaci\u00f3n de los carteles de los espect\u00e1culos programados se desplaza por el terminal, lo que permite desempe\u00f1ar una doble funci\u00f3n: la de canal de venta independiente y la de herramienta de promoci\u00f3n de la programaci\u00f3n.  Integrados a la perfecci\u00f3n en el ecosistema de Redtaag, los terminales BC-27 se pueden controlar desde la web completa del back office. As\u00ed, se puede elegir qu\u00e9 espect\u00e1culos y qu\u00e9 precios est\u00e1n disponibles en cada uno de los terminales. Posteriormente, buscan, sin asignaci\u00f3n, el indicador com\u00fan para todos los canales de venta.  Una vez conectado, el BC-27 se puede actualizar y controlar a distancia. Tambi\u00e9n cuenta con un algoritmo que avisa a los operadores de forma proactiva a trav\u00e9s del env\u00edo de mensajes para evitar tiempos de inactividad. Por ejemplo, indica que hay que volver a colocar el papel en la impresora. \u00bfPor qu\u00e9 la cultura debe ser menos accesible que una hamburguesa? Es perfecta para permitir que el p\u00fablico acceda a tu sistema de venta de entradas en lugares en los que no tienes taquilla: mediateca, ayuntamiento, pasillos administrativos, etc.","og_url":"https:\/\/redtaag.com\/es\/produit\/terminales-de-venta-de-entradas\/","og_site_name":"Logiciel de billetterie en ligne (solution fullweb) pour th\u00e9\u00e2tres, salles de spectacle vivant, ...","og_image":[{"width":600,"height":1361,"url":"https:\/\/redtaag.com\/site-rtgv2\/wp-content\/uploads\/2021\/03\/borne-redtaag-12.jpg","type":"image\/jpeg"}],"twitter_card":"summary_large_image","twitter_misc":{"Tiempo de lectura":"1 minuto"},"schema":{"@context":"https:\/\/schema.org","@graph":[{"@type":"WebPage","@id":"https:\/\/redtaag.com\/es\/produit\/terminales-de-venta-de-entradas\/","url":"https:\/\/redtaag.com\/es\/produit\/terminales-de-venta-de-entradas\/","name":"Terminales de venta de entradas - Logiciel de billetterie en ligne (solution fullweb) pour th\u00e9\u00e2tres, salles de spectacle vivant, ...","isPartOf":{"@id":"https:\/\/redtaag.com\/es\/#website"},"primaryImageOfPage":{"@id":"https:\/\/redtaag.com\/es\/produit\/terminales-de-venta-de-entradas\/#primaryimage"},"image":{"@id":"https:\/\/redtaag.com\/es\/produit\/terminales-de-venta-de-entradas\/#primaryimage"},"thumbnailUrl":"https:\/\/i0.wp.com\/redtaag.com\/site-rtgv2\/wp-content\/uploads\/2021\/03\/borne-redtaag-12.jpg?fit=600%2C1361&ssl=1","datePublished":"2021-03-03T17:51:49+00:00","breadcrumb":{"@id":"https:\/\/redtaag.com\/es\/produit\/terminales-de-venta-de-entradas\/#breadcrumb"},"inLanguage":"es","potentialAction":[{"@type":"ReadAction","target":["https:\/\/redtaag.com\/es\/produit\/terminales-de-venta-de-entradas\/"]}]},{"@type":"ImageObject","inLanguage":"es","@id":"https:\/\/redtaag.com\/es\/produit\/terminales-de-venta-de-entradas\/#primaryimage","url":"https:\/\/i0.wp.com\/redtaag.com\/site-rtgv2\/wp-content\/uploads\/2021\/03\/borne-redtaag-12.jpg?fit=600%2C1361&ssl=1","contentUrl":"https:\/\/i0.wp.com\/redtaag.com\/site-rtgv2\/wp-content\/uploads\/2021\/03\/borne-redtaag-12.jpg?fit=600%2C1361&ssl=1","width":600,"height":1361,"caption":"Bornes de commande billetterie"},{"@type":"BreadcrumbList","@id":"https:\/\/redtaag.com\/es\/produit\/terminales-de-venta-de-entradas\/#breadcrumb","itemListElement":[{"@type":"ListItem","position":1,"name":"Accueil","item":"https:\/\/redtaag.com\/es\/"},{"@type":"ListItem","position":2,"name":"Boutique","item":"https:\/\/redtaag.com\/boutique\/"},{"@type":"ListItem","position":3,"name":"Terminales de venta de entradas"}]},{"@type":"WebSite","@id":"https:\/\/redtaag.com\/es\/#website","url":"https:\/\/redtaag.com\/es\/","name":"Logiciel de billetterie en ligne (solution fullweb) pour th\u00e9\u00e2tres, salles de spectacle vivant, ...","description":"Logiciel de billetterie fullweb connect\u00e9 \u00e0 votre banque ou au tr\u00e9sor public","publisher":{"@id":"https:\/\/redtaag.com\/es\/#organization"},"potentialAction":[{"@type":"SearchAction","target":{"@type":"EntryPoint","urlTemplate":"https:\/\/redtaag.com\/es\/?s={search_term_string}"},"query-input":{"@type":"PropertyValueSpecification","valueRequired":true,"valueName":"search_term_string"}}],"inLanguage":"es"},{"@type":"Organization","@id":"https:\/\/redtaag.com\/es\/#organization","name":"Voodootix SAS","url":"https:\/\/redtaag.com\/es\/","logo":{"@type":"ImageObject","inLanguage":"es","@id":"https:\/\/redtaag.com\/es\/#\/schema\/logo\/image\/","url":"https:\/\/i2.wp.com\/redtaag.com\/site-rtgv2\/wp-content\/uploads\/2019\/06\/redtaag_logo_dark.png?fit=328%2C47&ssl=1","contentUrl":"https:\/\/i2.wp.com\/redtaag.com\/site-rtgv2\/wp-content\/uploads\/2019\/06\/redtaag_logo_dark.png?fit=328%2C47&ssl=1","width":328,"height":47,"caption":"Voodootix SAS"},"image":{"@id":"https:\/\/redtaag.com\/es\/#\/schema\/logo\/image\/"}}]}},"jetpack_sharing_enabled":true,"_links":{"self":[{"href":"https:\/\/redtaag.com\/es\/wp-json\/wp\/v2\/product\/2365","targetHints":{"allow":["GET"]}}],"collection":[{"href":"https:\/\/redtaag.com\/es\/wp-json\/wp\/v2\/product"}],"about":[{"href":"https:\/\/redtaag.com\/es\/wp-json\/wp\/v2\/types\/product"}],"replies":[{"embeddable":true,"href":"https:\/\/redtaag.com\/es\/wp-json\/wp\/v2\/comments?post=2365"}],"wp:featuredmedia":[{"embeddable":true,"href":"https:\/\/redtaag.com\/es\/wp-json\/wp\/v2\/media\/1588"}],"wp:attachment":[{"href":"https:\/\/redtaag.com\/es\/wp-json\/wp\/v2\/media?parent=2365"}],"wp:term":[{"taxonomy":"product_brand","embeddable":true,"href":"https:\/\/redtaag.com\/es\/wp-json\/wp\/v2\/product_brand?post=2365"},{"taxonomy":"product_cat","embeddable":true,"href":"https:\/\/redtaag.com\/es\/wp-json\/wp\/v2\/product_cat?post=2365"},{"taxonomy":"product_tag","embeddable":true,"href":"https:\/\/redtaag.com\/es\/wp-json\/wp\/v2\/product_tag?post=2365"}],"curies":[{"name":"wp","href":"https:\/\/api.w.org\/{rel}","templated":true}]}}