{"id":2364,"date":"2020-08-19T18:31:20","date_gmt":"2021-08-19T16:31:20","guid":{"rendered":"https:\/\/redtaag.com\/produit\/lector-de-control-de-tarjetas-sanitarias-cuota-mensual\/"},"modified":"2021-08-19T18:31:20","modified_gmt":"2021-08-19T16:31:20","slug":"lector-de-control-de-tarjetas-sanitarias-cuota-mensual","status":"publish","type":"product","link":"https:\/\/redtaag.com\/es\/produit\/lector-de-control-de-tarjetas-sanitarias-cuota-mensual\/","title":{"rendered":"Lector de control de tarjetas sanitarias (cuota mensual)"},"content":{"rendered":"<p>Caracter\u00edsticas t\u00e9cnicas de nuestros lectores de control de tarjetas sanitarias:<\/p>\n<ul>\n<li>Gran autonom\u00eda<\/li>\n<li>Resistencia a golpes<\/li>\n<li>Impermeable<\/li>\n<li>Escaneo \u00e1gil de los c\u00f3digos QR de las tarjetas sanitarias europeas<\/li>\n<li>Funciona con Wi-Fi o 4G (tarjeta SIM + suscripci\u00f3n no incluidas)<\/li>\n<li>Pantalla de alto brillo alto<\/li>\n<\/ul>\n","protected":false},"excerpt":{"rendered":"<p><strong>Para cumplir con las exigencias del gobierno de controlar las tarjetas sanitarias, ofrecemos lectores adecuados para su contrataci\u00f3n.<\/strong><\/p>\n<p>Estos lectores con sistema Android incorporan funciones que permiten monitorizar con eficacia tanto en interiores como en exteriores durante amplios intervalos de tiempo.<br \/>\nEntregamos los dispositivos totalmente preconfigurados con la aplicaci\u00f3n \u00abTodo anticovid\u00bb preinstalada y lista para funcionar.<\/p>\n","protected":false},"featured_media":1819,"comment_status":"closed","ping_status":"closed","template":"","meta":{"_price":"30","_stock":"","_tribe_ticket_header":"","_tribe_default_ticket_provider":"","_tribe_ticket_capacity":"1","_ticket_start_date":"","_ticket_end_date":"","_tribe_ticket_show_description":"","_tribe_ticket_show_not_going":false,"_tribe_ticket_use_global_stock":"","_tribe_ticket_global_stock_level":"","_global_stock_mode":"","_global_stock_cap":"","_tribe_rsvp_for_event":"","_tribe_ticket_going_count":"","_tribe_ticket_not_going_count":"","_tribe_tickets_list":"[]","_tribe_ticket_has_attendee_info_fields":false},"product_brand":[],"product_cat":[],"product_tag":[],"class_list":{"0":"post-2364","1":"product","2":"type-product","3":"status-publish","4":"has-post-thumbnail","6":"tm-no-options","8":"first","9":"instock","10":"taxable","11":"shipping-taxable","12":"purchasable","13":"product-type-simple"},"yoast_head":"<!-- This site is optimized with the Yoast SEO plugin v27.4 - https:\/\/yoast.com\/product\/yoast-seo-wordpress\/ -->\n<title>Lector de control de tarjetas sanitarias (cuota mensual) - Logiciel de billetterie en ligne (solution fullweb) pour th\u00e9\u00e2tres, salles de spectacle vivant, ...<\/title>\n<meta name=\"robots\" content=\"index, follow, max-snippet:-1, max-image-preview:large, max-video-preview:-1\" \/>\n<link rel=\"canonical\" href=\"https:\/\/redtaag.com\/es\/produit\/lector-de-control-de-tarjetas-sanitarias-cuota-mensual\/\" \/>\n<meta property=\"og:locale\" content=\"es_ES\" \/>\n<meta property=\"og:type\" content=\"article\" \/>\n<meta property=\"og:title\" content=\"Lector de control de tarjetas sanitarias (cuota mensual) - Logiciel de billetterie en ligne (solution fullweb) pour th\u00e9\u00e2tres, salles de spectacle vivant, ...\" \/>\n<meta property=\"og:description\" content=\"Para cumplir con las exigencias del gobierno de controlar las tarjetas sanitarias, ofrecemos lectores adecuados para su contrataci\u00f3n.  Estos lectores con sistema Android incorporan funciones que permiten monitorizar con eficacia tanto en interiores como en exteriores durante amplios intervalos de tiempo. Entregamos los dispositivos totalmente preconfigurados con la aplicaci\u00f3n \u00abTodo anticovid\u00bb preinstalada y lista para funcionar.\" \/>\n<meta property=\"og:url\" content=\"https:\/\/redtaag.com\/es\/produit\/lector-de-control-de-tarjetas-sanitarias-cuota-mensual\/\" \/>\n<meta property=\"og:site_name\" content=\"Logiciel de billetterie en ligne (solution fullweb) pour th\u00e9\u00e2tres, salles de spectacle vivant, ...\" \/>\n<meta property=\"og:image\" content=\"https:\/\/redtaag.com\/site-rtgv2\/wp-content\/uploads\/2021\/08\/Lecteur-de-controle-des-pass-sanitaires-grande-autonomie.jpg\" \/>\n\t<meta property=\"og:image:width\" content=\"1200\" \/>\n\t<meta property=\"og:image:height\" content=\"1435\" \/>\n\t<meta property=\"og:image:type\" content=\"image\/jpeg\" \/>\n<meta name=\"twitter:card\" content=\"summary_large_image\" \/>\n<script type=\"application\/ld+json\" class=\"yoast-schema-graph\">{\"@context\":\"https:\\\/\\\/schema.org\",\"@graph\":[{\"@type\":\"WebPage\",\"@id\":\"https:\\\/\\\/redtaag.com\\\/es\\\/produit\\\/lector-de-control-de-tarjetas-sanitarias-cuota-mensual\\\/\",\"url\":\"https:\\\/\\\/redtaag.com\\\/es\\\/produit\\\/lector-de-control-de-tarjetas-sanitarias-cuota-mensual\\\/\",\"name\":\"Lector de control de tarjetas sanitarias (cuota mensual) - Logiciel de billetterie en ligne (solution fullweb) pour th\u00e9\u00e2tres, salles de spectacle vivant, ...\",\"isPartOf\":{\"@id\":\"https:\\\/\\\/redtaag.com\\\/es\\\/#website\"},\"primaryImageOfPage\":{\"@id\":\"https:\\\/\\\/redtaag.com\\\/es\\\/produit\\\/lector-de-control-de-tarjetas-sanitarias-cuota-mensual\\\/#primaryimage\"},\"image\":{\"@id\":\"https:\\\/\\\/redtaag.com\\\/es\\\/produit\\\/lector-de-control-de-tarjetas-sanitarias-cuota-mensual\\\/#primaryimage\"},\"thumbnailUrl\":\"https:\\\/\\\/i0.wp.com\\\/redtaag.com\\\/site-rtgv2\\\/wp-content\\\/uploads\\\/2021\\\/08\\\/Lecteur-de-controle-des-pass-sanitaires-grande-autonomie.jpg?fit=1200%2C1435&ssl=1\",\"datePublished\":\"2021-08-19T16:31:20+00:00\",\"breadcrumb\":{\"@id\":\"https:\\\/\\\/redtaag.com\\\/es\\\/produit\\\/lector-de-control-de-tarjetas-sanitarias-cuota-mensual\\\/#breadcrumb\"},\"inLanguage\":\"es\",\"potentialAction\":[{\"@type\":\"ReadAction\",\"target\":[\"https:\\\/\\\/redtaag.com\\\/es\\\/produit\\\/lector-de-control-de-tarjetas-sanitarias-cuota-mensual\\\/\"]}]},{\"@type\":\"ImageObject\",\"inLanguage\":\"es\",\"@id\":\"https:\\\/\\\/redtaag.com\\\/es\\\/produit\\\/lector-de-control-de-tarjetas-sanitarias-cuota-mensual\\\/#primaryimage\",\"url\":\"https:\\\/\\\/i0.wp.com\\\/redtaag.com\\\/site-rtgv2\\\/wp-content\\\/uploads\\\/2021\\\/08\\\/Lecteur-de-controle-des-pass-sanitaires-grande-autonomie.jpg?fit=1200%2C1435&ssl=1\",\"contentUrl\":\"https:\\\/\\\/i0.wp.com\\\/redtaag.com\\\/site-rtgv2\\\/wp-content\\\/uploads\\\/2021\\\/08\\\/Lecteur-de-controle-des-pass-sanitaires-grande-autonomie.jpg?fit=1200%2C1435&ssl=1\",\"width\":1200,\"height\":1435,\"caption\":\"Lecteur-de-contr\u00f4le-des-pass-sanitaires-grande-autonomie\"},{\"@type\":\"BreadcrumbList\",\"@id\":\"https:\\\/\\\/redtaag.com\\\/es\\\/produit\\\/lector-de-control-de-tarjetas-sanitarias-cuota-mensual\\\/#breadcrumb\",\"itemListElement\":[{\"@type\":\"ListItem\",\"position\":1,\"name\":\"Accueil\",\"item\":\"https:\\\/\\\/redtaag.com\\\/es\\\/\"},{\"@type\":\"ListItem\",\"position\":2,\"name\":\"Boutique\",\"item\":\"https:\\\/\\\/redtaag.com\\\/boutique\\\/\"},{\"@type\":\"ListItem\",\"position\":3,\"name\":\"Lector de control de tarjetas sanitarias (cuota mensual)\"}]},{\"@type\":\"WebSite\",\"@id\":\"https:\\\/\\\/redtaag.com\\\/es\\\/#website\",\"url\":\"https:\\\/\\\/redtaag.com\\\/es\\\/\",\"name\":\"Logiciel de billetterie en ligne (solution fullweb) pour th\u00e9\u00e2tres, salles de spectacle vivant, ...\",\"description\":\"Logiciel de billetterie fullweb connect\u00e9 \u00e0 votre banque ou au tr\u00e9sor public\",\"publisher\":{\"@id\":\"https:\\\/\\\/redtaag.com\\\/es\\\/#organization\"},\"potentialAction\":[{\"@type\":\"SearchAction\",\"target\":{\"@type\":\"EntryPoint\",\"urlTemplate\":\"https:\\\/\\\/redtaag.com\\\/es\\\/?s={search_term_string}\"},\"query-input\":{\"@type\":\"PropertyValueSpecification\",\"valueRequired\":true,\"valueName\":\"search_term_string\"}}],\"inLanguage\":\"es\"},{\"@type\":\"Organization\",\"@id\":\"https:\\\/\\\/redtaag.com\\\/es\\\/#organization\",\"name\":\"Voodootix SAS\",\"url\":\"https:\\\/\\\/redtaag.com\\\/es\\\/\",\"logo\":{\"@type\":\"ImageObject\",\"inLanguage\":\"es\",\"@id\":\"https:\\\/\\\/redtaag.com\\\/es\\\/#\\\/schema\\\/logo\\\/image\\\/\",\"url\":\"https:\\\/\\\/i2.wp.com\\\/redtaag.com\\\/site-rtgv2\\\/wp-content\\\/uploads\\\/2019\\\/06\\\/redtaag_logo_dark.png?fit=328%2C47&ssl=1\",\"contentUrl\":\"https:\\\/\\\/i2.wp.com\\\/redtaag.com\\\/site-rtgv2\\\/wp-content\\\/uploads\\\/2019\\\/06\\\/redtaag_logo_dark.png?fit=328%2C47&ssl=1\",\"width\":328,\"height\":47,\"caption\":\"Voodootix SAS\"},\"image\":{\"@id\":\"https:\\\/\\\/redtaag.com\\\/es\\\/#\\\/schema\\\/logo\\\/image\\\/\"}}]}<\/script>\n<!-- \/ Yoast SEO plugin. -->","yoast_head_json":{"title":"Lector de control de tarjetas sanitarias (cuota mensual) - Logiciel de billetterie en ligne (solution fullweb) pour th\u00e9\u00e2tres, salles de spectacle vivant, ...","robots":{"index":"index","follow":"follow","max-snippet":"max-snippet:-1","max-image-preview":"max-image-preview:large","max-video-preview":"max-video-preview:-1"},"canonical":"https:\/\/redtaag.com\/es\/produit\/lector-de-control-de-tarjetas-sanitarias-cuota-mensual\/","og_locale":"es_ES","og_type":"article","og_title":"Lector de control de tarjetas sanitarias (cuota mensual) - Logiciel de billetterie en ligne (solution fullweb) pour th\u00e9\u00e2tres, salles de spectacle vivant, ...","og_description":"Para cumplir con las exigencias del gobierno de controlar las tarjetas sanitarias, ofrecemos lectores adecuados para su contrataci\u00f3n.  Estos lectores con sistema Android incorporan funciones que permiten monitorizar con eficacia tanto en interiores como en exteriores durante amplios intervalos de tiempo. Entregamos los dispositivos totalmente preconfigurados con la aplicaci\u00f3n \u00abTodo anticovid\u00bb preinstalada y lista para funcionar.","og_url":"https:\/\/redtaag.com\/es\/produit\/lector-de-control-de-tarjetas-sanitarias-cuota-mensual\/","og_site_name":"Logiciel de billetterie en ligne (solution fullweb) pour th\u00e9\u00e2tres, salles de spectacle vivant, ...","og_image":[{"width":1200,"height":1435,"url":"https:\/\/redtaag.com\/site-rtgv2\/wp-content\/uploads\/2021\/08\/Lecteur-de-controle-des-pass-sanitaires-grande-autonomie.jpg","type":"image\/jpeg"}],"twitter_card":"summary_large_image","schema":{"@context":"https:\/\/schema.org","@graph":[{"@type":"WebPage","@id":"https:\/\/redtaag.com\/es\/produit\/lector-de-control-de-tarjetas-sanitarias-cuota-mensual\/","url":"https:\/\/redtaag.com\/es\/produit\/lector-de-control-de-tarjetas-sanitarias-cuota-mensual\/","name":"Lector de control de tarjetas sanitarias (cuota mensual) - Logiciel de billetterie en ligne (solution fullweb) pour th\u00e9\u00e2tres, salles de spectacle vivant, ...","isPartOf":{"@id":"https:\/\/redtaag.com\/es\/#website"},"primaryImageOfPage":{"@id":"https:\/\/redtaag.com\/es\/produit\/lector-de-control-de-tarjetas-sanitarias-cuota-mensual\/#primaryimage"},"image":{"@id":"https:\/\/redtaag.com\/es\/produit\/lector-de-control-de-tarjetas-sanitarias-cuota-mensual\/#primaryimage"},"thumbnailUrl":"https:\/\/i0.wp.com\/redtaag.com\/site-rtgv2\/wp-content\/uploads\/2021\/08\/Lecteur-de-controle-des-pass-sanitaires-grande-autonomie.jpg?fit=1200%2C1435&ssl=1","datePublished":"2021-08-19T16:31:20+00:00","breadcrumb":{"@id":"https:\/\/redtaag.com\/es\/produit\/lector-de-control-de-tarjetas-sanitarias-cuota-mensual\/#breadcrumb"},"inLanguage":"es","potentialAction":[{"@type":"ReadAction","target":["https:\/\/redtaag.com\/es\/produit\/lector-de-control-de-tarjetas-sanitarias-cuota-mensual\/"]}]},{"@type":"ImageObject","inLanguage":"es","@id":"https:\/\/redtaag.com\/es\/produit\/lector-de-control-de-tarjetas-sanitarias-cuota-mensual\/#primaryimage","url":"https:\/\/i0.wp.com\/redtaag.com\/site-rtgv2\/wp-content\/uploads\/2021\/08\/Lecteur-de-controle-des-pass-sanitaires-grande-autonomie.jpg?fit=1200%2C1435&ssl=1","contentUrl":"https:\/\/i0.wp.com\/redtaag.com\/site-rtgv2\/wp-content\/uploads\/2021\/08\/Lecteur-de-controle-des-pass-sanitaires-grande-autonomie.jpg?fit=1200%2C1435&ssl=1","width":1200,"height":1435,"caption":"Lecteur-de-contr\u00f4le-des-pass-sanitaires-grande-autonomie"},{"@type":"BreadcrumbList","@id":"https:\/\/redtaag.com\/es\/produit\/lector-de-control-de-tarjetas-sanitarias-cuota-mensual\/#breadcrumb","itemListElement":[{"@type":"ListItem","position":1,"name":"Accueil","item":"https:\/\/redtaag.com\/es\/"},{"@type":"ListItem","position":2,"name":"Boutique","item":"https:\/\/redtaag.com\/boutique\/"},{"@type":"ListItem","position":3,"name":"Lector de control de tarjetas sanitarias (cuota mensual)"}]},{"@type":"WebSite","@id":"https:\/\/redtaag.com\/es\/#website","url":"https:\/\/redtaag.com\/es\/","name":"Logiciel de billetterie en ligne (solution fullweb) pour th\u00e9\u00e2tres, salles de spectacle vivant, ...","description":"Logiciel de billetterie fullweb connect\u00e9 \u00e0 votre banque ou au tr\u00e9sor public","publisher":{"@id":"https:\/\/redtaag.com\/es\/#organization"},"potentialAction":[{"@type":"SearchAction","target":{"@type":"EntryPoint","urlTemplate":"https:\/\/redtaag.com\/es\/?s={search_term_string}"},"query-input":{"@type":"PropertyValueSpecification","valueRequired":true,"valueName":"search_term_string"}}],"inLanguage":"es"},{"@type":"Organization","@id":"https:\/\/redtaag.com\/es\/#organization","name":"Voodootix SAS","url":"https:\/\/redtaag.com\/es\/","logo":{"@type":"ImageObject","inLanguage":"es","@id":"https:\/\/redtaag.com\/es\/#\/schema\/logo\/image\/","url":"https:\/\/i2.wp.com\/redtaag.com\/site-rtgv2\/wp-content\/uploads\/2019\/06\/redtaag_logo_dark.png?fit=328%2C47&ssl=1","contentUrl":"https:\/\/i2.wp.com\/redtaag.com\/site-rtgv2\/wp-content\/uploads\/2019\/06\/redtaag_logo_dark.png?fit=328%2C47&ssl=1","width":328,"height":47,"caption":"Voodootix SAS"},"image":{"@id":"https:\/\/redtaag.com\/es\/#\/schema\/logo\/image\/"}}]}},"jetpack_sharing_enabled":true,"_links":{"self":[{"href":"https:\/\/redtaag.com\/es\/wp-json\/wp\/v2\/product\/2364","targetHints":{"allow":["GET"]}}],"collection":[{"href":"https:\/\/redtaag.com\/es\/wp-json\/wp\/v2\/product"}],"about":[{"href":"https:\/\/redtaag.com\/es\/wp-json\/wp\/v2\/types\/product"}],"replies":[{"embeddable":true,"href":"https:\/\/redtaag.com\/es\/wp-json\/wp\/v2\/comments?post=2364"}],"wp:featuredmedia":[{"embeddable":true,"href":"https:\/\/redtaag.com\/es\/wp-json\/wp\/v2\/media\/1819"}],"wp:attachment":[{"href":"https:\/\/redtaag.com\/es\/wp-json\/wp\/v2\/media?parent=2364"}],"wp:term":[{"taxonomy":"product_brand","embeddable":true,"href":"https:\/\/redtaag.com\/es\/wp-json\/wp\/v2\/product_brand?post=2364"},{"taxonomy":"product_cat","embeddable":true,"href":"https:\/\/redtaag.com\/es\/wp-json\/wp\/v2\/product_cat?post=2364"},{"taxonomy":"product_tag","embeddable":true,"href":"https:\/\/redtaag.com\/es\/wp-json\/wp\/v2\/product_tag?post=2364"}],"curies":[{"name":"wp","href":"https:\/\/api.w.org\/{rel}","templated":true}]}}