{"id":2704,"date":"2022-08-25T15:07:48","date_gmt":"2022-08-25T13:07:48","guid":{"rendered":"https:\/\/redtaag.com\/?page_id=2704"},"modified":"2022-08-26T11:53:13","modified_gmt":"2022-08-26T09:53:13","slug":"servicios","status":"publish","type":"page","link":"https:\/\/redtaag.com\/es\/servicios\/","title":{"rendered":"Servicios"},"content":{"rendered":"<div class=\"wpb-content-wrapper\"><p>[vc_row heading_color=\u00bblight\u00bb bg_type=\u00bbimage\u00bb bg_image=\u00bb263&#8243; padding_top_multiplier=\u00bb5x\u00bb padding_bottom_multiplier=\u00bb\u00bb columns_gap=\u00bbnone\u00bb section_id=\u00bbsplash\u00bb el_class=\u00bbslant-white\u00bb][vc_column][vc_row_inner][vc_column_inner width=\u00bb1\/2&#8243;]<div class=\"grve-empty-space grve-height-3x\" style=\"\"><\/div><h2 class=\"grve-element grve-title grve-align-left grve-h1 grve-increase-heading grve-heading-200\" style=\"\"><span>Servicios<\/span><\/h2><div class=\"grve-empty-space grve-height-1x\" style=\"\"><\/div><div class=\"grve-element grve-image grve-clipping-left grve-clipping-animation gradient-line d-block mx-auto grve-align-left\" style=\"\" data-delay=\"200\">  <div class=\"grve-image-wrapper\"><img loading=\"lazy\" decoding=\"async\" width=\"140\" height=\"10\" src=\"https:\/\/i0.wp.com\/redtaag.com\/site-rtgv2\/wp-content\/uploads\/2019\/06\/gradient_line.jpg?fit=140%2C10&amp;ssl=1\" class=\"attachment-full size-full\" alt=\"\" \/>   <\/div><\/div><div class=\"grve-empty-space grve-height-1x\" style=\"\"><\/div><h1 class=\"grve-element grve-title grve-align-left grve-h3\" style=\"\"><span>\u00bfTe falta tiempo o personal? Entonces deja que nuestros expertos gestionen tus entradas.<\/span><\/h1><div class=\"grve-empty-space grve-height-6x\" style=\"\"><\/div>[\/vc_column_inner][vc_column_inner width=\u00bb1\/2&#8243;][\/vc_column_inner][\/vc_row_inner][\/vc_column][\/vc_row][vc_row padding_top_multiplier=\u00bb3x\u00bb padding_bottom_multiplier=\u00bb3x\u00bb columns_gap=\u00bb50&#8243;][vc_column tablet_sm_width=\u00bb1&#8243; css=\u00bb.vc_custom_1561124518008{margin-bottom: 3rem !important;padding-right: 5% !important;padding-left: 5% !important;}\u00bb][vc_column_text]<\/p>\n<h3>Programaci\u00f3n<\/h3>\n<p>\u00bfNo dispones de recursos para ejecutar tu programaci\u00f3n anual? Nosotros podemos ayudarte y poner en marcha tu actividad, ya sea de forma total o parcial. No importa c\u00f3mo de complejo sea el sistema de entradas que quieras establecer (con o sin asignaci\u00f3n, mixto, con m\u00faltiples localidades, etc.), presentamos tus eventos listos para ser comercializados. Tambi\u00e9n podemos encargarnos de difundir tu programaci\u00f3n de temporada en redes sociales.<\/p>\n<h3>Creaci\u00f3n de un sistema de venta de entradas<\/h3>\n<p>\u00bfNecesitas crear un sistema de venta de entradas y quieres confiar esta tarea a un proveedor de servicios de confianza? Nuestros expertos pueden encargarse de ello. Un gestor de proyectos de venta de entradas te orientar\u00e1 seg\u00fan tus necesidades y organizar\u00e1 tu venta de entradas, desde la programaci\u00f3n hasta el marketing, pasando por el control de acceso si es necesario. Una vez concluida la campa\u00f1a, te entregamos todos los datos recopilados y los aspectos financieros necesarios.<\/p>\n<h3>Comunicaci\u00f3n para espect\u00e1culos en vivo<\/h3>\n<p>Nuestro estudio gr\u00e1fico especializado en comunicaci\u00f3n cultural puede ayudarte con tus dise\u00f1os impresos o digitales.<\/p>\n<h4>Programaci\u00f3n de la temporada cultural<\/h4>\n<p>Conf\u00edanos la elaboraci\u00f3n, maquetaci\u00f3n y seguimiento de la producci\u00f3n de tu programaci\u00f3n. Nuestro equipo de creativos dise\u00f1ar\u00e1 conceptos atractivos para captar al p\u00fablico y conseguir que reserve los espect\u00e1culos de tu programaci\u00f3n.<\/p>\n<h4>Carteles<\/h4>\n<p>El cartel es un elemento fundamental para dar a conocer tus eventos, festivales, espect\u00e1culos, o actos culturales. Estamos a tu disposici\u00f3n para dise\u00f1ar carteles que destaquen y consigan que el p\u00fablico no se olvide de tu evento.<\/p>\n<h4>Bolet\u00edn de noticias<\/h4>\n<p>Nuestro equipo digital es socio certificado de Mailchimp y puede ayudarte en todo lo relacionado con la configuraci\u00f3n de un bolet\u00edn de noticias:<\/p>\n<ul>\n<li>Dise\u00f1o gr\u00e1fico e integraci\u00f3n HTML<\/li>\n<li>Creaci\u00f3n y configuraci\u00f3n de cuentas en Mailchimp (tambi\u00e9n en Send In Blue, Mailjet u otras herramientas)<\/li>\n<li>Importaci\u00f3n de listas de contactos eliminando duplicaciones<\/li>\n<li>Configuraci\u00f3n de etiquetas de seguimiento en tu sitio web y redes sociales para conocer la tasa de conversi\u00f3n de tus campa\u00f1as<\/li>\n<li>Creaci\u00f3n de campa\u00f1as y env\u00edo de las mismas en tu nombre<\/li>\n<\/ul>\n<h4>Sitio web<\/h4>\n<p>Nuestro equipo digital est\u00e1 especializado en la creaci\u00f3n de sitios web en WordPress. Podemos ayudarte a crear un sitio web original y ergon\u00f3mico para presentar tu local y tus eventos. En concreto, nos dedicamos a:<\/p>\n<ul>\n<li>Asesoramiento y apoyo en la definici\u00f3n del pliego de condiciones<\/li>\n<li>Elecci\u00f3n y configuraci\u00f3n del alojamiento<\/li>\n<li>Creaci\u00f3n completa del sitio web<\/li>\n<li>Optimizaci\u00f3n SEO<\/li>\n<li>Elecci\u00f3n, instalaci\u00f3n y configuraci\u00f3n de extensiones para a\u00f1adir las caracter\u00edsticas seg\u00fan tus indicaciones<\/li>\n<li>Integraci\u00f3n de contenidos<\/li>\n<li>Vinculaci\u00f3n de la web y el resto de herramientas digitales: herramienta de bolet\u00edn de noticias, CRM, o redes sociales<\/li>\n<li>Ejecuci\u00f3n de herramientas de monitorizaci\u00f3n<\/li>\n<li>Formaci\u00f3n en el uso de WordPress<\/li>\n<\/ul>\n<h4>Redes sociales<\/h4>\n<p>Creamos todos los elementos gr\u00e1ficos para dinamizar tus redes sociales: banners, publicaciones, anuncios, encuestas, o concursos. Asimismo, elaboramos campa\u00f1as publicitarias para tus eventos.<\/p>\n<p>&nbsp;[\/vc_column_text][\/vc_column][\/vc_row]<\/p>\n<\/div>","protected":false},"excerpt":{"rendered":"<p>[vc_row heading_color=\u00bblight\u00bb bg_type=\u00bbimage\u00bb bg_image=\u00bb263&#8243; padding_top_multiplier=\u00bb5x\u00bb padding_bottom_multiplier=\u00bb\u00bb columns_gap=\u00bbnone\u00bb section_id=\u00bbsplash\u00bb el_class=\u00bbslant-white\u00bb][vc_column][vc_row_inner][vc_column_inner width=\u00bb1\/2&#8243;][\/vc_column_inner][vc_column_inner width=\u00bb1\/2&#8243;][\/vc_column_inner][\/vc_row_inner][\/vc_column][\/vc_row][vc_row padding_top_multiplier=\u00bb3x\u00bb padding_bottom_multiplier=\u00bb3x\u00bb columns_gap=\u00bb50&#8243;][vc_column tablet_sm_width=\u00bb1&#8243; css=\u00bb.vc_custom_1561124518008{margin-bottom: 3rem !important;padding-right: 5% !important;padding-left: 5% !important;}\u00bb][vc_column_text] Programaci\u00f3n \u00bfNo dispones de recursos para ejecutar tu [&hellip;]<\/p>\n","protected":false},"author":2,"featured_media":0,"parent":0,"menu_order":0,"comment_status":"closed","ping_status":"closed","template":"","meta":{"_price":"","_stock":"","_tribe_ticket_header":"","_tribe_default_ticket_provider":"","_tribe_ticket_capacity":"0","_ticket_start_date":"","_ticket_end_date":"","_tribe_ticket_show_description":"","_tribe_ticket_show_not_going":false,"_tribe_ticket_use_global_stock":"","_tribe_ticket_global_stock_level":"","_global_stock_mode":"","_global_stock_cap":"","_tribe_rsvp_for_event":"","_tribe_ticket_going_count":"","_tribe_ticket_not_going_count":"","_tribe_tickets_list":"[]","_tribe_ticket_has_attendee_info_fields":false,"footnotes":"","_tec_slr_enabled":"","_tec_slr_layout":""},"class_list":["post-2704","page","type-page","status-publish","hentry"],"yoast_head":"<!-- This site is optimized with the Yoast SEO plugin v27.5 - https:\/\/yoast.com\/product\/yoast-seo-wordpress\/ -->\n<title>Servicios - Logiciel de billetterie en ligne (solution fullweb) pour th\u00e9\u00e2tres, salles de spectacle vivant, ...<\/title>\n<meta name=\"robots\" content=\"index, follow, max-snippet:-1, max-image-preview:large, max-video-preview:-1\" \/>\n<link rel=\"canonical\" href=\"https:\/\/redtaag.com\/es\/servicios\/\" \/>\n<meta property=\"og:locale\" content=\"es_ES\" \/>\n<meta property=\"og:type\" content=\"article\" \/>\n<meta property=\"og:title\" content=\"Servicios - Logiciel de billetterie en ligne (solution fullweb) pour th\u00e9\u00e2tres, salles de spectacle vivant, ...\" \/>\n<meta property=\"og:description\" content=\"[vc_row heading_color=\u00bblight\u00bb bg_type=\u00bbimage\u00bb bg_image=\u00bb263&#8243; padding_top_multiplier=\u00bb5x\u00bb padding_bottom_multiplier=\u00bb\u00bb columns_gap=\u00bbnone\u00bb section_id=\u00bbsplash\u00bb el_class=\u00bbslant-white\u00bb][vc_column][vc_row_inner][vc_column_inner width=\u00bb1\/2&#8243;][\/vc_column_inner][vc_column_inner width=\u00bb1\/2&#8243;][\/vc_column_inner][\/vc_row_inner][\/vc_column][\/vc_row][vc_row padding_top_multiplier=\u00bb3x\u00bb padding_bottom_multiplier=\u00bb3x\u00bb columns_gap=\u00bb50&#8243;][vc_column tablet_sm_width=\u00bb1&#8243; css=\u00bb.vc_custom_1561124518008{margin-bottom: 3rem !important;padding-right: 5% !important;padding-left: 5% !important;}\u00bb][vc_column_text] Programaci\u00f3n \u00bfNo dispones de recursos para ejecutar tu [&hellip;]\" \/>\n<meta property=\"og:url\" content=\"https:\/\/redtaag.com\/es\/servicios\/\" \/>\n<meta property=\"og:site_name\" content=\"Logiciel de billetterie en ligne (solution fullweb) pour th\u00e9\u00e2tres, salles de spectacle vivant, ...\" \/>\n<meta property=\"article:modified_time\" content=\"2022-08-26T09:53:13+00:00\" \/>\n<meta name=\"twitter:card\" content=\"summary_large_image\" \/>\n<meta name=\"twitter:label1\" content=\"Tiempo de lectura\" \/>\n\t<meta name=\"twitter:data1\" content=\"3 minutos\" \/>\n<script type=\"application\/ld+json\" class=\"yoast-schema-graph\">{\"@context\":\"https:\\\/\\\/schema.org\",\"@graph\":[{\"@type\":\"WebPage\",\"@id\":\"https:\\\/\\\/redtaag.com\\\/es\\\/servicios\\\/\",\"url\":\"https:\\\/\\\/redtaag.com\\\/es\\\/servicios\\\/\",\"name\":\"Servicios - Logiciel de billetterie en ligne (solution fullweb) pour th\u00e9\u00e2tres, salles de spectacle vivant, ...\",\"isPartOf\":{\"@id\":\"https:\\\/\\\/redtaag.com\\\/es\\\/#website\"},\"datePublished\":\"2022-08-25T13:07:48+00:00\",\"dateModified\":\"2022-08-26T09:53:13+00:00\",\"breadcrumb\":{\"@id\":\"https:\\\/\\\/redtaag.com\\\/es\\\/servicios\\\/#breadcrumb\"},\"inLanguage\":\"es\",\"potentialAction\":[{\"@type\":\"ReadAction\",\"target\":[\"https:\\\/\\\/redtaag.com\\\/es\\\/servicios\\\/\"]}]},{\"@type\":\"BreadcrumbList\",\"@id\":\"https:\\\/\\\/redtaag.com\\\/es\\\/servicios\\\/#breadcrumb\",\"itemListElement\":[{\"@type\":\"ListItem\",\"position\":1,\"name\":\"Accueil\",\"item\":\"https:\\\/\\\/redtaag.com\\\/es\\\/\"},{\"@type\":\"ListItem\",\"position\":2,\"name\":\"Servicios\"}]},{\"@type\":\"WebSite\",\"@id\":\"https:\\\/\\\/redtaag.com\\\/es\\\/#website\",\"url\":\"https:\\\/\\\/redtaag.com\\\/es\\\/\",\"name\":\"Logiciel de billetterie en ligne (solution fullweb) pour th\u00e9\u00e2tres, salles de spectacle vivant, ...\",\"description\":\"Logiciel de billetterie fullweb connect\u00e9 \u00e0 votre banque ou au tr\u00e9sor public\",\"publisher\":{\"@id\":\"https:\\\/\\\/redtaag.com\\\/es\\\/#organization\"},\"potentialAction\":[{\"@type\":\"SearchAction\",\"target\":{\"@type\":\"EntryPoint\",\"urlTemplate\":\"https:\\\/\\\/redtaag.com\\\/es\\\/?s={search_term_string}\"},\"query-input\":{\"@type\":\"PropertyValueSpecification\",\"valueRequired\":true,\"valueName\":\"search_term_string\"}}],\"inLanguage\":\"es\"},{\"@type\":\"Organization\",\"@id\":\"https:\\\/\\\/redtaag.com\\\/es\\\/#organization\",\"name\":\"Voodootix SAS\",\"url\":\"https:\\\/\\\/redtaag.com\\\/es\\\/\",\"logo\":{\"@type\":\"ImageObject\",\"inLanguage\":\"es\",\"@id\":\"https:\\\/\\\/redtaag.com\\\/es\\\/#\\\/schema\\\/logo\\\/image\\\/\",\"url\":\"https:\\\/\\\/i2.wp.com\\\/redtaag.com\\\/site-rtgv2\\\/wp-content\\\/uploads\\\/2019\\\/06\\\/redtaag_logo_dark.png?fit=328%2C47&ssl=1\",\"contentUrl\":\"https:\\\/\\\/i2.wp.com\\\/redtaag.com\\\/site-rtgv2\\\/wp-content\\\/uploads\\\/2019\\\/06\\\/redtaag_logo_dark.png?fit=328%2C47&ssl=1\",\"width\":328,\"height\":47,\"caption\":\"Voodootix SAS\"},\"image\":{\"@id\":\"https:\\\/\\\/redtaag.com\\\/es\\\/#\\\/schema\\\/logo\\\/image\\\/\"}}]}<\/script>\n<!-- \/ Yoast SEO plugin. -->","yoast_head_json":{"title":"Servicios - Logiciel de billetterie en ligne (solution fullweb) pour th\u00e9\u00e2tres, salles de spectacle vivant, ...","robots":{"index":"index","follow":"follow","max-snippet":"max-snippet:-1","max-image-preview":"max-image-preview:large","max-video-preview":"max-video-preview:-1"},"canonical":"https:\/\/redtaag.com\/es\/servicios\/","og_locale":"es_ES","og_type":"article","og_title":"Servicios - Logiciel de billetterie en ligne (solution fullweb) pour th\u00e9\u00e2tres, salles de spectacle vivant, ...","og_description":"[vc_row heading_color=\u00bblight\u00bb bg_type=\u00bbimage\u00bb bg_image=\u00bb263&#8243; padding_top_multiplier=\u00bb5x\u00bb padding_bottom_multiplier=\u00bb\u00bb columns_gap=\u00bbnone\u00bb section_id=\u00bbsplash\u00bb el_class=\u00bbslant-white\u00bb][vc_column][vc_row_inner][vc_column_inner width=\u00bb1\/2&#8243;][\/vc_column_inner][vc_column_inner width=\u00bb1\/2&#8243;][\/vc_column_inner][\/vc_row_inner][\/vc_column][\/vc_row][vc_row padding_top_multiplier=\u00bb3x\u00bb padding_bottom_multiplier=\u00bb3x\u00bb columns_gap=\u00bb50&#8243;][vc_column tablet_sm_width=\u00bb1&#8243; css=\u00bb.vc_custom_1561124518008{margin-bottom: 3rem !important;padding-right: 5% !important;padding-left: 5% !important;}\u00bb][vc_column_text] Programaci\u00f3n \u00bfNo dispones de recursos para ejecutar tu [&hellip;]","og_url":"https:\/\/redtaag.com\/es\/servicios\/","og_site_name":"Logiciel de billetterie en ligne (solution fullweb) pour th\u00e9\u00e2tres, salles de spectacle vivant, ...","article_modified_time":"2022-08-26T09:53:13+00:00","twitter_card":"summary_large_image","twitter_misc":{"Tiempo de lectura":"3 minutos"},"schema":{"@context":"https:\/\/schema.org","@graph":[{"@type":"WebPage","@id":"https:\/\/redtaag.com\/es\/servicios\/","url":"https:\/\/redtaag.com\/es\/servicios\/","name":"Servicios - Logiciel de billetterie en ligne (solution fullweb) pour th\u00e9\u00e2tres, salles de spectacle vivant, ...","isPartOf":{"@id":"https:\/\/redtaag.com\/es\/#website"},"datePublished":"2022-08-25T13:07:48+00:00","dateModified":"2022-08-26T09:53:13+00:00","breadcrumb":{"@id":"https:\/\/redtaag.com\/es\/servicios\/#breadcrumb"},"inLanguage":"es","potentialAction":[{"@type":"ReadAction","target":["https:\/\/redtaag.com\/es\/servicios\/"]}]},{"@type":"BreadcrumbList","@id":"https:\/\/redtaag.com\/es\/servicios\/#breadcrumb","itemListElement":[{"@type":"ListItem","position":1,"name":"Accueil","item":"https:\/\/redtaag.com\/es\/"},{"@type":"ListItem","position":2,"name":"Servicios"}]},{"@type":"WebSite","@id":"https:\/\/redtaag.com\/es\/#website","url":"https:\/\/redtaag.com\/es\/","name":"Logiciel de billetterie en ligne (solution fullweb) pour th\u00e9\u00e2tres, salles de spectacle vivant, ...","description":"Logiciel de billetterie fullweb connect\u00e9 \u00e0 votre banque ou au tr\u00e9sor public","publisher":{"@id":"https:\/\/redtaag.com\/es\/#organization"},"potentialAction":[{"@type":"SearchAction","target":{"@type":"EntryPoint","urlTemplate":"https:\/\/redtaag.com\/es\/?s={search_term_string}"},"query-input":{"@type":"PropertyValueSpecification","valueRequired":true,"valueName":"search_term_string"}}],"inLanguage":"es"},{"@type":"Organization","@id":"https:\/\/redtaag.com\/es\/#organization","name":"Voodootix SAS","url":"https:\/\/redtaag.com\/es\/","logo":{"@type":"ImageObject","inLanguage":"es","@id":"https:\/\/redtaag.com\/es\/#\/schema\/logo\/image\/","url":"https:\/\/i2.wp.com\/redtaag.com\/site-rtgv2\/wp-content\/uploads\/2019\/06\/redtaag_logo_dark.png?fit=328%2C47&ssl=1","contentUrl":"https:\/\/i2.wp.com\/redtaag.com\/site-rtgv2\/wp-content\/uploads\/2019\/06\/redtaag_logo_dark.png?fit=328%2C47&ssl=1","width":328,"height":47,"caption":"Voodootix SAS"},"image":{"@id":"https:\/\/redtaag.com\/es\/#\/schema\/logo\/image\/"}}]}},"jetpack_sharing_enabled":true,"ticketed":false,"_links":{"self":[{"href":"https:\/\/redtaag.com\/es\/wp-json\/wp\/v2\/pages\/2704","targetHints":{"allow":["GET"]}}],"collection":[{"href":"https:\/\/redtaag.com\/es\/wp-json\/wp\/v2\/pages"}],"about":[{"href":"https:\/\/redtaag.com\/es\/wp-json\/wp\/v2\/types\/page"}],"author":[{"embeddable":true,"href":"https:\/\/redtaag.com\/es\/wp-json\/wp\/v2\/users\/2"}],"replies":[{"embeddable":true,"href":"https:\/\/redtaag.com\/es\/wp-json\/wp\/v2\/comments?post=2704"}],"version-history":[{"count":0,"href":"https:\/\/redtaag.com\/es\/wp-json\/wp\/v2\/pages\/2704\/revisions"}],"wp:attachment":[{"href":"https:\/\/redtaag.com\/es\/wp-json\/wp\/v2\/media?parent=2704"}],"curies":[{"name":"wp","href":"https:\/\/api.w.org\/{rel}","templated":true}]}}