{"id":2696,"date":"2022-08-25T15:07:56","date_gmt":"2022-08-25T13:07:56","guid":{"rendered":"https:\/\/redtaag.com\/?page_id=2696"},"modified":"2022-08-25T15:08:06","modified_gmt":"2022-08-25T13:08:06","slug":"gestion-des-flux-et-des-utilisateurs","status":"publish","type":"page","link":"https:\/\/redtaag.com\/es\/gestion-des-flux-et-des-utilisateurs\/","title":{"rendered":"Gestion des flux et des utilisateurs"},"content":{"rendered":"<div class=\"wpb-content-wrapper\"><p>[vc_row heading_color=\u00bblight\u00bb bg_type=\u00bbimage\u00bb bg_image=\u00bb263&#8243; padding_top_multiplier=\u00bb5x\u00bb padding_bottom_multiplier=\u00bb\u00bb columns_gap=\u00bbnone\u00bb section_id=\u00bbsplash\u00bb el_class=\u00bbslant-gray\u00bb][vc_column width=\u00bb1\/3&#8243;]<div class=\"grve-empty-space grve-height-3x\" style=\"\"><\/div><h2 class=\"grve-element grve-title grve-align-left grve-h1 grve-increase-heading grve-heading-200\" style=\"\"><span>Gesti\u00f3n de flujos y operadores<\/span><\/h2><div class=\"grve-empty-space grve-height-1x\" style=\"\"><\/div><div class=\"grve-element grve-image grve-clipping-left grve-clipping-animation gradient-line d-block mx-auto grve-align-left\" style=\"\" data-delay=\"200\">  <div class=\"grve-image-wrapper\"><img loading=\"lazy\" decoding=\"async\" width=\"140\" height=\"10\" src=\"https:\/\/i0.wp.com\/redtaag.com\/site-rtgv2\/wp-content\/uploads\/2019\/06\/gradient_line.jpg?fit=140%2C10&amp;ssl=1\" class=\"attachment-full size-full\" alt=\"\" \/>   <\/div><\/div><div class=\"grve-empty-space grve-height-1x\" style=\"\"><\/div><h1 class=\"grve-element grve-title grve-align-left grve-h3\" style=\"\"><span>Para facilitar y acelerar el acceso al evento<\/span><\/h1><div class=\"grve-empty-space grve-height-3x\" style=\"\"><\/div>[\/vc_column][vc_column vertical_content_position=\u00bbbottom\u00bb column_effect=\u00bbvertical-parallax\u00bb column_effect_limit=\u00bb2x\u00bb column_custom_position=\u00bbyes\u00bb position_right=\u00bbminus-3x\u00bb width=\u00bb5\/12&#8243; mobile_width=\u00bb3-5&#8243; tablet_portrait_column_effect=\u00bb\u00bb mobile_column_effect=\u00bb\u00bb el_wrapper_class=\u00bbrounded-25&#8243;]<div class=\"grve-element grve-image grve-align-center grve-full-image grve-image-space-100\" style=\"\">  <div class=\"grve-image-wrapper\"><img loading=\"lazy\" decoding=\"async\" width=\"450\" height=\"450\" src=\"https:\/\/i0.wp.com\/redtaag.com\/site-rtgv2\/wp-content\/uploads\/2019\/06\/feature_mobile_ticket.jpg?fit=450%2C450&amp;ssl=1\" class=\"attachment-full size-full\" alt=\"\" srcset=\"https:\/\/i0.wp.com\/redtaag.com\/site-rtgv2\/wp-content\/uploads\/2019\/06\/feature_mobile_ticket.jpg?w=450&amp;ssl=1 450w, https:\/\/i0.wp.com\/redtaag.com\/site-rtgv2\/wp-content\/uploads\/2019\/06\/feature_mobile_ticket.jpg?resize=150%2C150&amp;ssl=1 150w, https:\/\/i0.wp.com\/redtaag.com\/site-rtgv2\/wp-content\/uploads\/2019\/06\/feature_mobile_ticket.jpg?resize=300%2C300&amp;ssl=1 300w\" sizes=\"auto, (max-width: 450px) 100vw, 450px\" \/>   <\/div><\/div>[\/vc_column][vc_column vertical_content_position=\u00bbbottom\u00bb column_effect=\u00bbvertical-parallax\u00bb column_effect_limit=\u00bb6x\u00bb column_custom_position=\u00bbyes\u00bb position_bottom=\u00bbminus-5x\u00bb position_left=\u00bbminus-2x\u00bb width=\u00bb1\/4&#8243; mobile_width=\u00bb2-5&#8243; tablet_portrait_column_effect=\u00bb\u00bb mobile_column_effect=\u00bb\u00bb shadow=\u00bblarge\u00bb animation_delay=\u00bb600&#8243; el_wrapper_class=\u00bbrounded-25&#8243; z_index=\u00bb999999&#8243;]<div class=\"grve-element grve-image grve-align-center grve-full-image grve-image-space-100\" style=\"\">  <div class=\"grve-image-wrapper\"><img loading=\"lazy\" decoding=\"async\" width=\"320\" height=\"320\" src=\"https:\/\/i0.wp.com\/redtaag.com\/site-rtgv2\/wp-content\/uploads\/2019\/06\/icon_security_gate_big.jpg?fit=320%2C320&amp;ssl=1\" class=\"attachment-full size-full\" alt=\"\" srcset=\"https:\/\/i0.wp.com\/redtaag.com\/site-rtgv2\/wp-content\/uploads\/2019\/06\/icon_security_gate_big.jpg?w=320&amp;ssl=1 320w, https:\/\/i0.wp.com\/redtaag.com\/site-rtgv2\/wp-content\/uploads\/2019\/06\/icon_security_gate_big.jpg?resize=150%2C150&amp;ssl=1 150w, https:\/\/i0.wp.com\/redtaag.com\/site-rtgv2\/wp-content\/uploads\/2019\/06\/icon_security_gate_big.jpg?resize=300%2C300&amp;ssl=1 300w\" sizes=\"auto, (max-width: 320px) 100vw, 320px\" \/>   <\/div><\/div>[\/vc_column][\/vc_row][vc_row bg_type=\u00bbcolor\u00bb padding_bottom_multiplier=\u00bb3x\u00bb columns_gap=\u00bb50&#8243; bg_color=\u00bb#f1eff4&#8243;][vc_column width=\u00bb1\/3&#8243; tablet_sm_width=\u00bb1&#8243;]<h3 class=\"grve-element grve-title grve-align-left grve-h3\" style=\"\"><span>Gestiona las puertas<\/span><\/h3>[vc_column_text text_style=\u00bbleader-text\u00bb]El <a href=\"https:\/\/redtaag.com\/fonctionnalites\/back-office-saas-complet\/\">back office de gesti\u00f3n<\/a> de puntos de control sirve para facilitar los accesos a tu evento. Puedes crear tantos accesos como necesites para adaptarlos al emplazamiento de tu evento y definir qu\u00e9 puntos de control permiten dicho acceso a las secciones o localidades.[\/vc_column_text][\/vc_column][vc_column width=\u00bb1\/3&#8243;]<h3 class=\"grve-element grve-title grve-align-left grve-h3\" style=\"\"><span>Gestiona los operadores<\/span><\/h3>[vc_column_text text_style=\u00bbleader-text\u00bb]Una vez que hayas establecido los accesos a tu evento, puedes asignar los operadores de <a href=\"https:\/\/redtaag.com\/fonctionnalites\/douchettes-de-controle-des-billets\/\">control<\/a> a cada acceso para garantizar que el flujo de entrada de asistentes se gestione correctamente. Con el modo en l\u00ednea, cualquier operador puede controlar al p\u00fablico, ya que los lectores interconectados comprueban si otro operador ha escaneado la entrada.[\/vc_column_text][\/vc_column][vc_column width=\u00bb1\/3&#8243;]<h3 class=\"grve-element grve-title grve-align-left grve-h3\" style=\"\"><span>Adapta el control de acceso a las ventas<\/span><\/h3>[vc_column_text text_style=\u00bbleader-text\u00bb]La gesti\u00f3n del control de acceso es muy flexible. Si el n\u00famero de visitantes es mayor o menor de lo que hab\u00edas previsto, puedes modificar las condiciones de control de acceso hasta el \u00faltimo momento. Adem\u00e1s, puedes regular el n\u00famero de lectores port\u00e1tiles que se necesitan definitivamente sin que el administrador de tu oficina tenga que intervenir en las PDA.[\/vc_column_text][\/vc_column][\/vc_row][vc_row bg_type=\u00bbcolor\u00bb padding_bottom_multiplier=\u00bb3x\u00bb columns_gap=\u00bb50&#8243; bg_color=\u00bb#f1eff4&#8243;][vc_column tablet_sm_width=\u00bb1&#8243;]<div class=\"grve-element grve-gallery grve-isotope grve-gallery-popup grve-with-gap\" style=\"\" data-columns=\"3\" data-columns-large-screen=\"3\" data-columns-tablet-landscape=\"2\" data-columns-tablet-portrait=\"2\" data-columns-mobile=\"1\" data-layout=\"masonry\" data-gutter-size=\"40\">  <div class=\"grve-isotope-container\"><div class=\"grve-isotope-item grve-hover-item grve-hover-style-none\"><div class=\"grve-isotope-item-inner grve-zoom-in\">  <figure class=\"grve-image-hover\">    <a class=\"grve-item-url\" href=\"https:\/\/i0.wp.com\/redtaag.com\/site-rtgv2\/wp-content\/uploads\/2020\/04\/1-small.jpg?fit=1024%2C680&#038;ssl=1\" ><\/a>    <div class=\"grve-hover-overlay grve-bg-light grve-opacity-90\"><\/div><div class=\"grve-media\"><img loading=\"lazy\" decoding=\"async\" width=\"768\" height=\"510\" src=\"https:\/\/i0.wp.com\/redtaag.com\/site-rtgv2\/wp-content\/uploads\/2020\/04\/1-small.jpg?fit=768%2C510&amp;ssl=1\" class=\"attachment-medium_large size-medium_large\" alt=\"\" srcset=\"https:\/\/i0.wp.com\/redtaag.com\/site-rtgv2\/wp-content\/uploads\/2020\/04\/1-small.jpg?w=1024&amp;ssl=1 1024w, https:\/\/i0.wp.com\/redtaag.com\/site-rtgv2\/wp-content\/uploads\/2020\/04\/1-small.jpg?resize=300%2C199&amp;ssl=1 300w, https:\/\/i0.wp.com\/redtaag.com\/site-rtgv2\/wp-content\/uploads\/2020\/04\/1-small.jpg?resize=768%2C510&amp;ssl=1 768w, https:\/\/i0.wp.com\/redtaag.com\/site-rtgv2\/wp-content\/uploads\/2020\/04\/1-small.jpg?resize=600%2C398&amp;ssl=1 600w\" sizes=\"auto, (max-width: 768px) 100vw, 768px\" \/><\/div>  <\/figure><\/div><\/div><div class=\"grve-isotope-item grve-hover-item grve-hover-style-none\"><div class=\"grve-isotope-item-inner grve-zoom-in\">  <figure class=\"grve-image-hover\">    <a class=\"grve-item-url\" href=\"https:\/\/i0.wp.com\/redtaag.com\/site-rtgv2\/wp-content\/uploads\/2020\/04\/entrepot-le-haillan-controle-acces.jpg?fit=1920%2C1275&#038;ssl=1\" ><\/a>    <div class=\"grve-hover-overlay grve-bg-light grve-opacity-90\"><\/div><div class=\"grve-media\"><img loading=\"lazy\" decoding=\"async\" width=\"768\" height=\"510\" src=\"https:\/\/i0.wp.com\/redtaag.com\/site-rtgv2\/wp-content\/uploads\/2020\/04\/entrepot-le-haillan-controle-acces.jpg?fit=768%2C510&amp;ssl=1\" class=\"attachment-medium_large size-medium_large\" alt=\"\" srcset=\"https:\/\/i0.wp.com\/redtaag.com\/site-rtgv2\/wp-content\/uploads\/2020\/04\/entrepot-le-haillan-controle-acces.jpg?w=2048&amp;ssl=1 2048w, https:\/\/i0.wp.com\/redtaag.com\/site-rtgv2\/wp-content\/uploads\/2020\/04\/entrepot-le-haillan-controle-acces.jpg?resize=300%2C199&amp;ssl=1 300w, https:\/\/i0.wp.com\/redtaag.com\/site-rtgv2\/wp-content\/uploads\/2020\/04\/entrepot-le-haillan-controle-acces.jpg?resize=1024%2C680&amp;ssl=1 1024w, https:\/\/i0.wp.com\/redtaag.com\/site-rtgv2\/wp-content\/uploads\/2020\/04\/entrepot-le-haillan-controle-acces.jpg?resize=768%2C510&amp;ssl=1 768w, https:\/\/i0.wp.com\/redtaag.com\/site-rtgv2\/wp-content\/uploads\/2020\/04\/entrepot-le-haillan-controle-acces.jpg?resize=1536%2C1020&amp;ssl=1 1536w, https:\/\/i0.wp.com\/redtaag.com\/site-rtgv2\/wp-content\/uploads\/2020\/04\/entrepot-le-haillan-controle-acces.jpg?resize=1920%2C1275&amp;ssl=1 1920w, https:\/\/i0.wp.com\/redtaag.com\/site-rtgv2\/wp-content\/uploads\/2020\/04\/entrepot-le-haillan-controle-acces.jpg?resize=600%2C398&amp;ssl=1 600w\" sizes=\"auto, (max-width: 768px) 100vw, 768px\" \/><\/div>  <\/figure><\/div><\/div><div class=\"grve-isotope-item grve-hover-item grve-hover-style-none\"><div class=\"grve-isotope-item-inner grve-zoom-in\">  <figure class=\"grve-image-hover\">    <a class=\"grve-item-url\" href=\"https:\/\/i0.wp.com\/redtaag.com\/site-rtgv2\/wp-content\/uploads\/2020\/04\/Acc%C3%A8s-salle-toata-Tahiti-3.jpg?fit=1280%2C1920&#038;ssl=1\" ><\/a>    <div class=\"grve-hover-overlay grve-bg-light grve-opacity-90\"><\/div><div class=\"grve-media\"><img loading=\"lazy\" decoding=\"async\" width=\"768\" height=\"1152\" src=\"https:\/\/i0.wp.com\/redtaag.com\/site-rtgv2\/wp-content\/uploads\/2020\/04\/Acc%C3%A8s-salle-toata-Tahiti-3.jpg?fit=768%2C1152&amp;ssl=1\" class=\"attachment-medium_large size-medium_large\" alt=\"\" \/><\/div>  <\/figure><\/div><\/div><div class=\"grve-isotope-item grve-hover-item grve-hover-style-none\"><div class=\"grve-isotope-item-inner grve-zoom-in\">  <figure class=\"grve-image-hover\">    <a class=\"grve-item-url\" href=\"https:\/\/i0.wp.com\/redtaag.com\/site-rtgv2\/wp-content\/uploads\/2020\/04\/2-small.jpg?fit=1024%2C680&#038;ssl=1\" ><\/a>    <div class=\"grve-hover-overlay grve-bg-light grve-opacity-90\"><\/div><div class=\"grve-media\"><img loading=\"lazy\" decoding=\"async\" width=\"768\" height=\"510\" src=\"https:\/\/i0.wp.com\/redtaag.com\/site-rtgv2\/wp-content\/uploads\/2020\/04\/2-small.jpg?fit=768%2C510&amp;ssl=1\" class=\"attachment-medium_large size-medium_large\" alt=\"\" srcset=\"https:\/\/i0.wp.com\/redtaag.com\/site-rtgv2\/wp-content\/uploads\/2020\/04\/2-small.jpg?w=1024&amp;ssl=1 1024w, https:\/\/i0.wp.com\/redtaag.com\/site-rtgv2\/wp-content\/uploads\/2020\/04\/2-small.jpg?resize=300%2C199&amp;ssl=1 300w, https:\/\/i0.wp.com\/redtaag.com\/site-rtgv2\/wp-content\/uploads\/2020\/04\/2-small.jpg?resize=768%2C510&amp;ssl=1 768w, https:\/\/i0.wp.com\/redtaag.com\/site-rtgv2\/wp-content\/uploads\/2020\/04\/2-small.jpg?resize=600%2C398&amp;ssl=1 600w\" sizes=\"auto, (max-width: 768px) 100vw, 768px\" \/><\/div>  <\/figure><\/div><\/div><div class=\"grve-isotope-item grve-hover-item grve-hover-style-none\"><div class=\"grve-isotope-item-inner grve-zoom-in\">  <figure class=\"grve-image-hover\">    <a class=\"grve-item-url\" href=\"https:\/\/i0.wp.com\/redtaag.com\/site-rtgv2\/wp-content\/uploads\/2020\/04\/4-small.jpg?fit=1024%2C680&#038;ssl=1\" ><\/a>    <div class=\"grve-hover-overlay grve-bg-light grve-opacity-90\"><\/div><div class=\"grve-media\"><img loading=\"lazy\" decoding=\"async\" width=\"768\" height=\"510\" src=\"https:\/\/i0.wp.com\/redtaag.com\/site-rtgv2\/wp-content\/uploads\/2020\/04\/4-small.jpg?fit=768%2C510&amp;ssl=1\" class=\"attachment-medium_large size-medium_large\" alt=\"\" srcset=\"https:\/\/i0.wp.com\/redtaag.com\/site-rtgv2\/wp-content\/uploads\/2020\/04\/4-small.jpg?w=1024&amp;ssl=1 1024w, https:\/\/i0.wp.com\/redtaag.com\/site-rtgv2\/wp-content\/uploads\/2020\/04\/4-small.jpg?resize=300%2C199&amp;ssl=1 300w, https:\/\/i0.wp.com\/redtaag.com\/site-rtgv2\/wp-content\/uploads\/2020\/04\/4-small.jpg?resize=768%2C510&amp;ssl=1 768w, https:\/\/i0.wp.com\/redtaag.com\/site-rtgv2\/wp-content\/uploads\/2020\/04\/4-small.jpg?resize=600%2C398&amp;ssl=1 600w\" sizes=\"auto, (max-width: 768px) 100vw, 768px\" \/><\/div>  <\/figure><\/div><\/div>  <\/div><\/div>[\/vc_column][\/vc_row]<\/p>\n<\/div>","protected":false},"excerpt":{"rendered":"<p>[vc_row heading_color=\u00bblight\u00bb bg_type=\u00bbimage\u00bb bg_image=\u00bb263&#8243; padding_top_multiplier=\u00bb5x\u00bb padding_bottom_multiplier=\u00bb\u00bb columns_gap=\u00bbnone\u00bb section_id=\u00bbsplash\u00bb el_class=\u00bbslant-gray\u00bb][vc_column width=\u00bb1\/3&#8243;][\/vc_column][vc_column vertical_content_position=\u00bbbottom\u00bb column_effect=\u00bbvertical-parallax\u00bb column_effect_limit=\u00bb2x\u00bb column_custom_position=\u00bbyes\u00bb position_right=\u00bbminus-3x\u00bb width=\u00bb5\/12&#8243; mobile_width=\u00bb3-5&#8243; tablet_portrait_column_effect=\u00bb\u00bb mobile_column_effect=\u00bb\u00bb el_wrapper_class=\u00bbrounded-25&#8243;][\/vc_column][vc_column vertical_content_position=\u00bbbottom\u00bb column_effect=\u00bbvertical-parallax\u00bb column_effect_limit=\u00bb6x\u00bb column_custom_position=\u00bbyes\u00bb position_bottom=\u00bbminus-5x\u00bb position_left=\u00bbminus-2x\u00bb width=\u00bb1\/4&#8243; mobile_width=\u00bb2-5&#8243; tablet_portrait_column_effect=\u00bb\u00bb mobile_column_effect=\u00bb\u00bb [&hellip;]<\/p>\n","protected":false},"author":2,"featured_media":0,"parent":0,"menu_order":11,"comment_status":"closed","ping_status":"closed","template":"","meta":{"_price":"","_stock":"","_tribe_ticket_header":"","_tribe_default_ticket_provider":"","_tribe_ticket_capacity":"0","_ticket_start_date":"","_ticket_end_date":"","_tribe_ticket_show_description":"","_tribe_ticket_show_not_going":false,"_tribe_ticket_use_global_stock":"","_tribe_ticket_global_stock_level":"","_global_stock_mode":"","_global_stock_cap":"","_tribe_rsvp_for_event":"","_tribe_ticket_going_count":"","_tribe_ticket_not_going_count":"","_tribe_tickets_list":"[]","_tribe_ticket_has_attendee_info_fields":false,"footnotes":"","_tec_slr_enabled":"","_tec_slr_layout":""},"class_list":["post-2696","page","type-page","status-publish","hentry"],"yoast_head":"<!-- This site is optimized with the Yoast SEO plugin v27.3 - https:\/\/yoast.com\/product\/yoast-seo-wordpress\/ -->\n<title>Gestion des flux et des utilisateurs - Logiciel de billetterie en ligne (solution fullweb) pour th\u00e9\u00e2tres, salles de spectacle vivant, ...<\/title>\n<meta name=\"robots\" content=\"index, follow, max-snippet:-1, max-image-preview:large, max-video-preview:-1\" \/>\n<link rel=\"canonical\" href=\"https:\/\/redtaag.com\/es\/gestion-des-flux-et-des-utilisateurs\/\" \/>\n<meta property=\"og:locale\" content=\"es_ES\" \/>\n<meta property=\"og:type\" content=\"article\" \/>\n<meta property=\"og:title\" content=\"Gestion des flux et des utilisateurs - Logiciel de billetterie en ligne (solution fullweb) pour th\u00e9\u00e2tres, salles de spectacle vivant, ...\" \/>\n<meta property=\"og:description\" content=\"[vc_row heading_color=\u00bblight\u00bb bg_type=\u00bbimage\u00bb bg_image=\u00bb263&#8243; padding_top_multiplier=\u00bb5x\u00bb padding_bottom_multiplier=\u00bb\u00bb columns_gap=\u00bbnone\u00bb section_id=\u00bbsplash\u00bb el_class=\u00bbslant-gray\u00bb][vc_column width=\u00bb1\/3&#8243;][\/vc_column][vc_column vertical_content_position=\u00bbbottom\u00bb column_effect=\u00bbvertical-parallax\u00bb column_effect_limit=\u00bb2x\u00bb column_custom_position=\u00bbyes\u00bb position_right=\u00bbminus-3x\u00bb width=\u00bb5\/12&#8243; mobile_width=\u00bb3-5&#8243; tablet_portrait_column_effect=\u00bb\u00bb mobile_column_effect=\u00bb\u00bb el_wrapper_class=\u00bbrounded-25&#8243;][\/vc_column][vc_column vertical_content_position=\u00bbbottom\u00bb column_effect=\u00bbvertical-parallax\u00bb column_effect_limit=\u00bb6x\u00bb column_custom_position=\u00bbyes\u00bb position_bottom=\u00bbminus-5x\u00bb position_left=\u00bbminus-2x\u00bb width=\u00bb1\/4&#8243; mobile_width=\u00bb2-5&#8243; tablet_portrait_column_effect=\u00bb\u00bb mobile_column_effect=\u00bb\u00bb [&hellip;]\" \/>\n<meta property=\"og:url\" content=\"https:\/\/redtaag.com\/es\/gestion-des-flux-et-des-utilisateurs\/\" \/>\n<meta property=\"og:site_name\" content=\"Logiciel de billetterie en ligne (solution fullweb) pour th\u00e9\u00e2tres, salles de spectacle vivant, ...\" \/>\n<meta property=\"article:modified_time\" content=\"2022-08-25T13:08:06+00:00\" \/>\n<meta name=\"twitter:card\" content=\"summary_large_image\" \/>\n<meta name=\"twitter:label1\" content=\"Tiempo de lectura\" \/>\n\t<meta name=\"twitter:data1\" content=\"2 minutos\" \/>\n<script type=\"application\/ld+json\" class=\"yoast-schema-graph\">{\"@context\":\"https:\\\/\\\/schema.org\",\"@graph\":[{\"@type\":\"WebPage\",\"@id\":\"https:\\\/\\\/redtaag.com\\\/es\\\/gestion-des-flux-et-des-utilisateurs\\\/\",\"url\":\"https:\\\/\\\/redtaag.com\\\/es\\\/gestion-des-flux-et-des-utilisateurs\\\/\",\"name\":\"Gestion des flux et des utilisateurs - Logiciel de billetterie en ligne (solution fullweb) pour th\u00e9\u00e2tres, salles de spectacle vivant, ...\",\"isPartOf\":{\"@id\":\"https:\\\/\\\/redtaag.com\\\/es\\\/#website\"},\"datePublished\":\"2022-08-25T13:07:56+00:00\",\"dateModified\":\"2022-08-25T13:08:06+00:00\",\"breadcrumb\":{\"@id\":\"https:\\\/\\\/redtaag.com\\\/es\\\/gestion-des-flux-et-des-utilisateurs\\\/#breadcrumb\"},\"inLanguage\":\"es\",\"potentialAction\":[{\"@type\":\"ReadAction\",\"target\":[\"https:\\\/\\\/redtaag.com\\\/es\\\/gestion-des-flux-et-des-utilisateurs\\\/\"]}]},{\"@type\":\"BreadcrumbList\",\"@id\":\"https:\\\/\\\/redtaag.com\\\/es\\\/gestion-des-flux-et-des-utilisateurs\\\/#breadcrumb\",\"itemListElement\":[{\"@type\":\"ListItem\",\"position\":1,\"name\":\"Accueil\",\"item\":\"https:\\\/\\\/redtaag.com\\\/es\\\/\"},{\"@type\":\"ListItem\",\"position\":2,\"name\":\"Gestion des flux et des utilisateurs\"}]},{\"@type\":\"WebSite\",\"@id\":\"https:\\\/\\\/redtaag.com\\\/es\\\/#website\",\"url\":\"https:\\\/\\\/redtaag.com\\\/es\\\/\",\"name\":\"Logiciel de billetterie en ligne (solution fullweb) pour th\u00e9\u00e2tres, salles de spectacle vivant, ...\",\"description\":\"Logiciel de billetterie fullweb connect\u00e9 \u00e0 votre banque ou au tr\u00e9sor public\",\"publisher\":{\"@id\":\"https:\\\/\\\/redtaag.com\\\/es\\\/#organization\"},\"potentialAction\":[{\"@type\":\"SearchAction\",\"target\":{\"@type\":\"EntryPoint\",\"urlTemplate\":\"https:\\\/\\\/redtaag.com\\\/es\\\/?s={search_term_string}\"},\"query-input\":{\"@type\":\"PropertyValueSpecification\",\"valueRequired\":true,\"valueName\":\"search_term_string\"}}],\"inLanguage\":\"es\"},{\"@type\":\"Organization\",\"@id\":\"https:\\\/\\\/redtaag.com\\\/es\\\/#organization\",\"name\":\"Voodootix SAS\",\"url\":\"https:\\\/\\\/redtaag.com\\\/es\\\/\",\"logo\":{\"@type\":\"ImageObject\",\"inLanguage\":\"es\",\"@id\":\"https:\\\/\\\/redtaag.com\\\/es\\\/#\\\/schema\\\/logo\\\/image\\\/\",\"url\":\"https:\\\/\\\/i2.wp.com\\\/redtaag.com\\\/site-rtgv2\\\/wp-content\\\/uploads\\\/2019\\\/06\\\/redtaag_logo_dark.png?fit=328%2C47&ssl=1\",\"contentUrl\":\"https:\\\/\\\/i2.wp.com\\\/redtaag.com\\\/site-rtgv2\\\/wp-content\\\/uploads\\\/2019\\\/06\\\/redtaag_logo_dark.png?fit=328%2C47&ssl=1\",\"width\":328,\"height\":47,\"caption\":\"Voodootix SAS\"},\"image\":{\"@id\":\"https:\\\/\\\/redtaag.com\\\/es\\\/#\\\/schema\\\/logo\\\/image\\\/\"}}]}<\/script>\n<!-- \/ Yoast SEO plugin. -->","yoast_head_json":{"title":"Gestion des flux et des utilisateurs - Logiciel de billetterie en ligne (solution fullweb) pour th\u00e9\u00e2tres, salles de spectacle vivant, ...","robots":{"index":"index","follow":"follow","max-snippet":"max-snippet:-1","max-image-preview":"max-image-preview:large","max-video-preview":"max-video-preview:-1"},"canonical":"https:\/\/redtaag.com\/es\/gestion-des-flux-et-des-utilisateurs\/","og_locale":"es_ES","og_type":"article","og_title":"Gestion des flux et des utilisateurs - Logiciel de billetterie en ligne (solution fullweb) pour th\u00e9\u00e2tres, salles de spectacle vivant, ...","og_description":"[vc_row heading_color=\u00bblight\u00bb bg_type=\u00bbimage\u00bb bg_image=\u00bb263&#8243; padding_top_multiplier=\u00bb5x\u00bb padding_bottom_multiplier=\u00bb\u00bb columns_gap=\u00bbnone\u00bb section_id=\u00bbsplash\u00bb el_class=\u00bbslant-gray\u00bb][vc_column width=\u00bb1\/3&#8243;][\/vc_column][vc_column vertical_content_position=\u00bbbottom\u00bb column_effect=\u00bbvertical-parallax\u00bb column_effect_limit=\u00bb2x\u00bb column_custom_position=\u00bbyes\u00bb position_right=\u00bbminus-3x\u00bb width=\u00bb5\/12&#8243; mobile_width=\u00bb3-5&#8243; tablet_portrait_column_effect=\u00bb\u00bb mobile_column_effect=\u00bb\u00bb el_wrapper_class=\u00bbrounded-25&#8243;][\/vc_column][vc_column vertical_content_position=\u00bbbottom\u00bb column_effect=\u00bbvertical-parallax\u00bb column_effect_limit=\u00bb6x\u00bb column_custom_position=\u00bbyes\u00bb position_bottom=\u00bbminus-5x\u00bb position_left=\u00bbminus-2x\u00bb width=\u00bb1\/4&#8243; mobile_width=\u00bb2-5&#8243; tablet_portrait_column_effect=\u00bb\u00bb mobile_column_effect=\u00bb\u00bb [&hellip;]","og_url":"https:\/\/redtaag.com\/es\/gestion-des-flux-et-des-utilisateurs\/","og_site_name":"Logiciel de billetterie en ligne (solution fullweb) pour th\u00e9\u00e2tres, salles de spectacle vivant, ...","article_modified_time":"2022-08-25T13:08:06+00:00","twitter_card":"summary_large_image","twitter_misc":{"Tiempo de lectura":"2 minutos"},"schema":{"@context":"https:\/\/schema.org","@graph":[{"@type":"WebPage","@id":"https:\/\/redtaag.com\/es\/gestion-des-flux-et-des-utilisateurs\/","url":"https:\/\/redtaag.com\/es\/gestion-des-flux-et-des-utilisateurs\/","name":"Gestion des flux et des utilisateurs - Logiciel de billetterie en ligne (solution fullweb) pour th\u00e9\u00e2tres, salles de spectacle vivant, ...","isPartOf":{"@id":"https:\/\/redtaag.com\/es\/#website"},"datePublished":"2022-08-25T13:07:56+00:00","dateModified":"2022-08-25T13:08:06+00:00","breadcrumb":{"@id":"https:\/\/redtaag.com\/es\/gestion-des-flux-et-des-utilisateurs\/#breadcrumb"},"inLanguage":"es","potentialAction":[{"@type":"ReadAction","target":["https:\/\/redtaag.com\/es\/gestion-des-flux-et-des-utilisateurs\/"]}]},{"@type":"BreadcrumbList","@id":"https:\/\/redtaag.com\/es\/gestion-des-flux-et-des-utilisateurs\/#breadcrumb","itemListElement":[{"@type":"ListItem","position":1,"name":"Accueil","item":"https:\/\/redtaag.com\/es\/"},{"@type":"ListItem","position":2,"name":"Gestion des flux et des utilisateurs"}]},{"@type":"WebSite","@id":"https:\/\/redtaag.com\/es\/#website","url":"https:\/\/redtaag.com\/es\/","name":"Logiciel de billetterie en ligne (solution fullweb) pour th\u00e9\u00e2tres, salles de spectacle vivant, ...","description":"Logiciel de billetterie fullweb connect\u00e9 \u00e0 votre banque ou au tr\u00e9sor public","publisher":{"@id":"https:\/\/redtaag.com\/es\/#organization"},"potentialAction":[{"@type":"SearchAction","target":{"@type":"EntryPoint","urlTemplate":"https:\/\/redtaag.com\/es\/?s={search_term_string}"},"query-input":{"@type":"PropertyValueSpecification","valueRequired":true,"valueName":"search_term_string"}}],"inLanguage":"es"},{"@type":"Organization","@id":"https:\/\/redtaag.com\/es\/#organization","name":"Voodootix SAS","url":"https:\/\/redtaag.com\/es\/","logo":{"@type":"ImageObject","inLanguage":"es","@id":"https:\/\/redtaag.com\/es\/#\/schema\/logo\/image\/","url":"https:\/\/i2.wp.com\/redtaag.com\/site-rtgv2\/wp-content\/uploads\/2019\/06\/redtaag_logo_dark.png?fit=328%2C47&ssl=1","contentUrl":"https:\/\/i2.wp.com\/redtaag.com\/site-rtgv2\/wp-content\/uploads\/2019\/06\/redtaag_logo_dark.png?fit=328%2C47&ssl=1","width":328,"height":47,"caption":"Voodootix SAS"},"image":{"@id":"https:\/\/redtaag.com\/es\/#\/schema\/logo\/image\/"}}]}},"jetpack_sharing_enabled":true,"ticketed":false,"_links":{"self":[{"href":"https:\/\/redtaag.com\/es\/wp-json\/wp\/v2\/pages\/2696","targetHints":{"allow":["GET"]}}],"collection":[{"href":"https:\/\/redtaag.com\/es\/wp-json\/wp\/v2\/pages"}],"about":[{"href":"https:\/\/redtaag.com\/es\/wp-json\/wp\/v2\/types\/page"}],"author":[{"embeddable":true,"href":"https:\/\/redtaag.com\/es\/wp-json\/wp\/v2\/users\/2"}],"replies":[{"embeddable":true,"href":"https:\/\/redtaag.com\/es\/wp-json\/wp\/v2\/comments?post=2696"}],"version-history":[{"count":0,"href":"https:\/\/redtaag.com\/es\/wp-json\/wp\/v2\/pages\/2696\/revisions"}],"wp:attachment":[{"href":"https:\/\/redtaag.com\/es\/wp-json\/wp\/v2\/media?parent=2696"}],"curies":[{"name":"wp","href":"https:\/\/api.w.org\/{rel}","templated":true}]}}