{"id":2608,"date":"2022-08-25T15:07:56","date_gmt":"2022-08-25T13:07:56","guid":{"rendered":"https:\/\/redtaag.com\/?page_id=2608"},"modified":"2022-08-25T15:08:06","modified_gmt":"2022-08-25T13:08:06","slug":"reporting-editions-detaillees","status":"publish","type":"page","link":"https:\/\/redtaag.com\/es\/reporting-editions-detaillees\/","title":{"rendered":"Reporting &#038; \u00e9ditions d\u00e9taill\u00e9es"},"content":{"rendered":"<div class=\"wpb-content-wrapper\"><p>[vc_row heading_color=\u00bblight\u00bb bg_type=\u00bbimage\u00bb bg_image=\u00bb263&#8243; padding_top_multiplier=\u00bb5x\u00bb padding_bottom_multiplier=\u00bb\u00bb columns_gap=\u00bbnone\u00bb section_id=\u00bbsplash\u00bb el_class=\u00bbslant-gray\u00bb][vc_column width=\u00bb1\/3&#8243;]<div class=\"grve-empty-space grve-height-3x\" style=\"\"><\/div><h2 class=\"grve-element grve-title grve-align-left grve-h1 grve-increase-heading grve-heading-200\" style=\"\"><span>Informes y ediciones detalladas<\/span><\/h2><div class=\"grve-empty-space grve-height-1x\" style=\"\"><\/div><div class=\"grve-element grve-image grve-clipping-left grve-clipping-animation gradient-line d-block mx-auto grve-align-left\" style=\"\" data-delay=\"200\">  <div class=\"grve-image-wrapper\"><img loading=\"lazy\" decoding=\"async\" width=\"140\" height=\"10\" src=\"https:\/\/i0.wp.com\/redtaag.com\/site-rtgv2\/wp-content\/uploads\/2019\/06\/gradient_line.jpg?fit=140%2C10&amp;ssl=1\" class=\"attachment-full size-full\" alt=\"\" \/>   <\/div><\/div><div class=\"grve-empty-space grve-height-1x\" style=\"\"><\/div><h1 class=\"grve-element grve-title grve-align-left grve-h3\" style=\"\"><span>Con nuestro nuevo panel de control, la monitorizaci\u00f3n del p\u00fablico y tus ediciones est\u00e1n en Business Intelligence.<\/span><\/h1><div class=\"grve-empty-space grve-height-3x\" style=\"\"><\/div>[\/vc_column][vc_column vertical_content_position=\u00bbbottom\u00bb column_effect=\u00bbvertical-parallax\u00bb column_effect_limit=\u00bb2x\u00bb column_custom_position=\u00bbyes\u00bb position_right=\u00bbminus-3x\u00bb width=\u00bb5\/12&#8243; mobile_width=\u00bb3-5&#8243; tablet_portrait_column_effect=\u00bb\u00bb mobile_column_effect=\u00bb\u00bb el_wrapper_class=\u00bbrounded-25&#8243;]<div class=\"grve-element grve-image grve-align-center grve-full-image grve-image-space-100\" style=\"\">  <div class=\"grve-image-wrapper\"><img loading=\"lazy\" decoding=\"async\" width=\"350\" height=\"350\" src=\"https:\/\/i0.wp.com\/redtaag.com\/site-rtgv2\/wp-content\/uploads\/2019\/06\/feature_reporting.jpg?fit=350%2C350&amp;ssl=1\" class=\"attachment-full size-full\" alt=\"\" srcset=\"https:\/\/i0.wp.com\/redtaag.com\/site-rtgv2\/wp-content\/uploads\/2019\/06\/feature_reporting.jpg?w=350&amp;ssl=1 350w, https:\/\/i0.wp.com\/redtaag.com\/site-rtgv2\/wp-content\/uploads\/2019\/06\/feature_reporting.jpg?resize=150%2C150&amp;ssl=1 150w, https:\/\/i0.wp.com\/redtaag.com\/site-rtgv2\/wp-content\/uploads\/2019\/06\/feature_reporting.jpg?resize=300%2C300&amp;ssl=1 300w\" sizes=\"auto, (max-width: 350px) 100vw, 350px\" \/>   <\/div><\/div>[\/vc_column][vc_column vertical_content_position=\u00bbbottom\u00bb column_effect=\u00bbvertical-parallax\u00bb column_effect_limit=\u00bb6x\u00bb column_custom_position=\u00bbyes\u00bb position_bottom=\u00bbminus-5x\u00bb position_left=\u00bbminus-2x\u00bb width=\u00bb1\/4&#8243; mobile_width=\u00bb2-5&#8243; tablet_portrait_column_effect=\u00bb\u00bb mobile_column_effect=\u00bb\u00bb shadow=\u00bblarge\u00bb animation_delay=\u00bb600&#8243; el_wrapper_class=\u00bbrounded-25&#8243; z_index=\u00bb999999&#8243;]<div class=\"grve-element grve-image grve-align-center grve-full-image grve-image-space-100\" style=\"\">  <div class=\"grve-image-wrapper\"><img loading=\"lazy\" decoding=\"async\" width=\"320\" height=\"320\" src=\"https:\/\/i0.wp.com\/redtaag.com\/site-rtgv2\/wp-content\/uploads\/2019\/06\/icon_dashboard_big.jpg?fit=320%2C320&amp;ssl=1\" class=\"attachment-full size-full\" alt=\"\" srcset=\"https:\/\/i0.wp.com\/redtaag.com\/site-rtgv2\/wp-content\/uploads\/2019\/06\/icon_dashboard_big.jpg?w=320&amp;ssl=1 320w, https:\/\/i0.wp.com\/redtaag.com\/site-rtgv2\/wp-content\/uploads\/2019\/06\/icon_dashboard_big.jpg?resize=150%2C150&amp;ssl=1 150w, https:\/\/i0.wp.com\/redtaag.com\/site-rtgv2\/wp-content\/uploads\/2019\/06\/icon_dashboard_big.jpg?resize=300%2C300&amp;ssl=1 300w\" sizes=\"auto, (max-width: 320px) 100vw, 320px\" \/>   <\/div><\/div>[\/vc_column][\/vc_row][vc_row bg_type=\u00bbcolor\u00bb padding_bottom_multiplier=\u00bb3x\u00bb columns_gap=\u00bb50&#8243; bg_color=\u00bb#f1eff4&#8243;][vc_column width=\u00bb1\/6&#8243; tablet_sm_width=\u00bb1&#8243;][\/vc_column][vc_column width=\u00bb2\/3&#8243;]<div class=\"grve-element grve-dropcap grve-leader-text\" style=\"\">  <p><span class=\"grve-style-2 grve-bg-black\">G<\/span>racias al back office de informes detallados, ya no medir\u00e1s el resultado de la venta de entradas \u00fanicamente seg\u00fan el volumen de impresiones. Redtaag\u00ae te proporciona una visi\u00f3n exacta y en tiempo real de todos tus n\u00fameros.<\/p><\/div>[\/vc_column][vc_column width=\u00bb1\/6&#8243;][\/vc_column][\/vc_row][vc_row section_type=\u00bbfullwidth\u00bb bg_type=\u00bbcolor\u00bb padding_top_multiplier=\u00bb\u00bb padding_bottom_multiplier=\u00bb\u00bb columns_gap=\u00bbnone\u00bb bg_color=\u00bb#f1eff4&#8243;][vc_column]<div class=\"grve-element grve-image grve-align-center grve-full-image grve-image-space-100\" style=\"\">  <div class=\"grve-image-wrapper\"><img loading=\"lazy\" decoding=\"async\" width=\"1480\" height=\"130\" src=\"https:\/\/i0.wp.com\/redtaag.com\/site-rtgv2\/wp-content\/uploads\/2019\/06\/slant_right_color_3.png?fit=1480%2C130&amp;ssl=1\" class=\"attachment-full size-full\" alt=\"\" srcset=\"https:\/\/i0.wp.com\/redtaag.com\/site-rtgv2\/wp-content\/uploads\/2019\/06\/slant_right_color_3.png?w=1480&amp;ssl=1 1480w, https:\/\/i0.wp.com\/redtaag.com\/site-rtgv2\/wp-content\/uploads\/2019\/06\/slant_right_color_3.png?resize=300%2C26&amp;ssl=1 300w, https:\/\/i0.wp.com\/redtaag.com\/site-rtgv2\/wp-content\/uploads\/2019\/06\/slant_right_color_3.png?resize=768%2C67&amp;ssl=1 768w, https:\/\/i0.wp.com\/redtaag.com\/site-rtgv2\/wp-content\/uploads\/2019\/06\/slant_right_color_3.png?resize=1024%2C90&amp;ssl=1 1024w\" sizes=\"auto, (max-width: 1080px) 100vw, 1080px\" \/>   <\/div><\/div>[\/vc_column][\/vc_row][vc_row][vc_column width=\u00bb1\/3&#8243;]<h3 class=\"grve-element grve-title grve-align-left grve-h3\" style=\"\"><span>Cifras de venta<\/span><\/h3>[vc_column_text]Redtaag te muestra las cifras de ventas a simple vista y en tiempo real.<\/p>\n<ul>\n<li>Por evento o rango de fechas<\/li>\n<li>Por canal de venta, taquilla o cajero<\/li>\n<li>Por secci\u00f3n, categor\u00eda y tarifa<\/li>\n<li>Por m\u00e9todo de pago<\/li>\n<li>Por tipo de impuestos<\/li>\n<\/ul>\n<p>[\/vc_column_text][\/vc_column][vc_column width=\u00bb1\/3&#8243;]<h3 class=\"grve-element grve-title grve-align-left grve-h3\" style=\"\"><span>An\u00e1lisis<\/span><\/h3>[vc_column_text]Se acabaron las exportaciones manuales y el reprocesamiento en una hoja de c\u00e1lculo. Redtaag presenta un an\u00e1lisis de los datos en varias tablas. Permiten medir con precisi\u00f3n los resultados de las promociones y eventos en visualizaciones r\u00e1pidas de tus ventas.<\/p>\n<ul>\n<li>Sobre criterios cronol\u00f3gicos<\/li>\n<li>Sobre criterios geogr\u00e1ficos<\/li>\n<li>Cruzado con datos externos (vacaciones escolares o clima)<\/li>\n<\/ul>\n<p>[\/vc_column_text][\/vc_column][vc_column width=\u00bb1\/3&#8243;]<h3 class=\"grve-element grve-title grve-align-left grve-h3\" style=\"\"><span>Declaraci\u00f3n y exportaci\u00f3n<\/span><\/h3>[vc_column_text]El software te ayuda a cumplir con todas las obligaciones contables y fiscales, ya que puedes editar informes o exportarlos para entregarlos a tu gestor o la administraci\u00f3n.<\/p>\n<ul>\n<li>En l\u00ednea con las expectativas de Hacienda<\/li>\n<li>Configurable seg\u00fan varios criterios<\/li>\n<li>En los formatos m\u00e1s utilizados: PDF y Excel<\/li>\n<\/ul>\n<p>[\/vc_column_text][\/vc_column][\/vc_row]<\/p>\n<\/div>","protected":false},"excerpt":{"rendered":"<p>[vc_row heading_color=\u00bblight\u00bb bg_type=\u00bbimage\u00bb bg_image=\u00bb263&#8243; padding_top_multiplier=\u00bb5x\u00bb padding_bottom_multiplier=\u00bb\u00bb columns_gap=\u00bbnone\u00bb section_id=\u00bbsplash\u00bb el_class=\u00bbslant-gray\u00bb][vc_column width=\u00bb1\/3&#8243;][\/vc_column][vc_column vertical_content_position=\u00bbbottom\u00bb column_effect=\u00bbvertical-parallax\u00bb column_effect_limit=\u00bb2x\u00bb column_custom_position=\u00bbyes\u00bb position_right=\u00bbminus-3x\u00bb width=\u00bb5\/12&#8243; mobile_width=\u00bb3-5&#8243; tablet_portrait_column_effect=\u00bb\u00bb mobile_column_effect=\u00bb\u00bb el_wrapper_class=\u00bbrounded-25&#8243;][\/vc_column][vc_column vertical_content_position=\u00bbbottom\u00bb column_effect=\u00bbvertical-parallax\u00bb column_effect_limit=\u00bb6x\u00bb column_custom_position=\u00bbyes\u00bb position_bottom=\u00bbminus-5x\u00bb position_left=\u00bbminus-2x\u00bb width=\u00bb1\/4&#8243; mobile_width=\u00bb2-5&#8243; tablet_portrait_column_effect=\u00bb\u00bb mobile_column_effect=\u00bb\u00bb [&hellip;]<\/p>\n","protected":false},"author":2,"featured_media":0,"parent":0,"menu_order":12,"comment_status":"closed","ping_status":"closed","template":"","meta":{"_price":"","_stock":"","_tribe_ticket_header":"","_tribe_default_ticket_provider":"","_tribe_ticket_capacity":"0","_ticket_start_date":"","_ticket_end_date":"","_tribe_ticket_show_description":"","_tribe_ticket_show_not_going":false,"_tribe_ticket_use_global_stock":"","_tribe_ticket_global_stock_level":"","_global_stock_mode":"","_global_stock_cap":"","_tribe_rsvp_for_event":"","_tribe_ticket_going_count":"","_tribe_ticket_not_going_count":"","_tribe_tickets_list":"[]","_tribe_ticket_has_attendee_info_fields":false,"footnotes":"","_tec_slr_enabled":"","_tec_slr_layout":""},"class_list":["post-2608","page","type-page","status-publish","hentry"],"yoast_head":"<!-- This site is optimized with the Yoast SEO plugin v27.3 - https:\/\/yoast.com\/product\/yoast-seo-wordpress\/ -->\n<title>Reporting &amp; \u00e9ditions d\u00e9taill\u00e9es - Logiciel de billetterie en ligne (solution fullweb) pour th\u00e9\u00e2tres, salles de spectacle vivant, ...<\/title>\n<meta name=\"robots\" content=\"index, follow, max-snippet:-1, max-image-preview:large, max-video-preview:-1\" \/>\n<link rel=\"canonical\" href=\"https:\/\/redtaag.com\/es\/reporting-editions-detaillees\/\" \/>\n<meta property=\"og:locale\" content=\"es_ES\" \/>\n<meta property=\"og:type\" content=\"article\" \/>\n<meta property=\"og:title\" content=\"Reporting &amp; \u00e9ditions d\u00e9taill\u00e9es - Logiciel de billetterie en ligne (solution fullweb) pour th\u00e9\u00e2tres, salles de spectacle vivant, ...\" \/>\n<meta property=\"og:description\" content=\"[vc_row heading_color=\u00bblight\u00bb bg_type=\u00bbimage\u00bb bg_image=\u00bb263&#8243; padding_top_multiplier=\u00bb5x\u00bb padding_bottom_multiplier=\u00bb\u00bb columns_gap=\u00bbnone\u00bb section_id=\u00bbsplash\u00bb el_class=\u00bbslant-gray\u00bb][vc_column width=\u00bb1\/3&#8243;][\/vc_column][vc_column vertical_content_position=\u00bbbottom\u00bb column_effect=\u00bbvertical-parallax\u00bb column_effect_limit=\u00bb2x\u00bb column_custom_position=\u00bbyes\u00bb position_right=\u00bbminus-3x\u00bb width=\u00bb5\/12&#8243; mobile_width=\u00bb3-5&#8243; tablet_portrait_column_effect=\u00bb\u00bb mobile_column_effect=\u00bb\u00bb el_wrapper_class=\u00bbrounded-25&#8243;][\/vc_column][vc_column vertical_content_position=\u00bbbottom\u00bb column_effect=\u00bbvertical-parallax\u00bb column_effect_limit=\u00bb6x\u00bb column_custom_position=\u00bbyes\u00bb position_bottom=\u00bbminus-5x\u00bb position_left=\u00bbminus-2x\u00bb width=\u00bb1\/4&#8243; mobile_width=\u00bb2-5&#8243; tablet_portrait_column_effect=\u00bb\u00bb mobile_column_effect=\u00bb\u00bb [&hellip;]\" \/>\n<meta property=\"og:url\" content=\"https:\/\/redtaag.com\/es\/reporting-editions-detaillees\/\" \/>\n<meta property=\"og:site_name\" content=\"Logiciel de billetterie en ligne (solution fullweb) pour th\u00e9\u00e2tres, salles de spectacle vivant, ...\" \/>\n<meta property=\"article:modified_time\" content=\"2022-08-25T13:08:06+00:00\" \/>\n<meta name=\"twitter:card\" content=\"summary_large_image\" \/>\n<script type=\"application\/ld+json\" class=\"yoast-schema-graph\">{\"@context\":\"https:\\\/\\\/schema.org\",\"@graph\":[{\"@type\":\"WebPage\",\"@id\":\"https:\\\/\\\/redtaag.com\\\/es\\\/reporting-editions-detaillees\\\/\",\"url\":\"https:\\\/\\\/redtaag.com\\\/es\\\/reporting-editions-detaillees\\\/\",\"name\":\"Reporting & \u00e9ditions d\u00e9taill\u00e9es - Logiciel de billetterie en ligne (solution fullweb) pour th\u00e9\u00e2tres, salles de spectacle vivant, ...\",\"isPartOf\":{\"@id\":\"https:\\\/\\\/redtaag.com\\\/es\\\/#website\"},\"datePublished\":\"2022-08-25T13:07:56+00:00\",\"dateModified\":\"2022-08-25T13:08:06+00:00\",\"breadcrumb\":{\"@id\":\"https:\\\/\\\/redtaag.com\\\/es\\\/reporting-editions-detaillees\\\/#breadcrumb\"},\"inLanguage\":\"es\",\"potentialAction\":[{\"@type\":\"ReadAction\",\"target\":[\"https:\\\/\\\/redtaag.com\\\/es\\\/reporting-editions-detaillees\\\/\"]}]},{\"@type\":\"BreadcrumbList\",\"@id\":\"https:\\\/\\\/redtaag.com\\\/es\\\/reporting-editions-detaillees\\\/#breadcrumb\",\"itemListElement\":[{\"@type\":\"ListItem\",\"position\":1,\"name\":\"Accueil\",\"item\":\"https:\\\/\\\/redtaag.com\\\/es\\\/\"},{\"@type\":\"ListItem\",\"position\":2,\"name\":\"Reporting &#038; \u00e9ditions d\u00e9taill\u00e9es\"}]},{\"@type\":\"WebSite\",\"@id\":\"https:\\\/\\\/redtaag.com\\\/es\\\/#website\",\"url\":\"https:\\\/\\\/redtaag.com\\\/es\\\/\",\"name\":\"Logiciel de billetterie en ligne (solution fullweb) pour th\u00e9\u00e2tres, salles de spectacle vivant, ...\",\"description\":\"Logiciel de billetterie fullweb connect\u00e9 \u00e0 votre banque ou au tr\u00e9sor public\",\"publisher\":{\"@id\":\"https:\\\/\\\/redtaag.com\\\/es\\\/#organization\"},\"potentialAction\":[{\"@type\":\"SearchAction\",\"target\":{\"@type\":\"EntryPoint\",\"urlTemplate\":\"https:\\\/\\\/redtaag.com\\\/es\\\/?s={search_term_string}\"},\"query-input\":{\"@type\":\"PropertyValueSpecification\",\"valueRequired\":true,\"valueName\":\"search_term_string\"}}],\"inLanguage\":\"es\"},{\"@type\":\"Organization\",\"@id\":\"https:\\\/\\\/redtaag.com\\\/es\\\/#organization\",\"name\":\"Voodootix SAS\",\"url\":\"https:\\\/\\\/redtaag.com\\\/es\\\/\",\"logo\":{\"@type\":\"ImageObject\",\"inLanguage\":\"es\",\"@id\":\"https:\\\/\\\/redtaag.com\\\/es\\\/#\\\/schema\\\/logo\\\/image\\\/\",\"url\":\"https:\\\/\\\/i2.wp.com\\\/redtaag.com\\\/site-rtgv2\\\/wp-content\\\/uploads\\\/2019\\\/06\\\/redtaag_logo_dark.png?fit=328%2C47&ssl=1\",\"contentUrl\":\"https:\\\/\\\/i2.wp.com\\\/redtaag.com\\\/site-rtgv2\\\/wp-content\\\/uploads\\\/2019\\\/06\\\/redtaag_logo_dark.png?fit=328%2C47&ssl=1\",\"width\":328,\"height\":47,\"caption\":\"Voodootix SAS\"},\"image\":{\"@id\":\"https:\\\/\\\/redtaag.com\\\/es\\\/#\\\/schema\\\/logo\\\/image\\\/\"}}]}<\/script>\n<!-- \/ Yoast SEO plugin. -->","yoast_head_json":{"title":"Reporting & \u00e9ditions d\u00e9taill\u00e9es - Logiciel de billetterie en ligne (solution fullweb) pour th\u00e9\u00e2tres, salles de spectacle vivant, ...","robots":{"index":"index","follow":"follow","max-snippet":"max-snippet:-1","max-image-preview":"max-image-preview:large","max-video-preview":"max-video-preview:-1"},"canonical":"https:\/\/redtaag.com\/es\/reporting-editions-detaillees\/","og_locale":"es_ES","og_type":"article","og_title":"Reporting & \u00e9ditions d\u00e9taill\u00e9es - Logiciel de billetterie en ligne (solution fullweb) pour th\u00e9\u00e2tres, salles de spectacle vivant, ...","og_description":"[vc_row heading_color=\u00bblight\u00bb bg_type=\u00bbimage\u00bb bg_image=\u00bb263&#8243; padding_top_multiplier=\u00bb5x\u00bb padding_bottom_multiplier=\u00bb\u00bb columns_gap=\u00bbnone\u00bb section_id=\u00bbsplash\u00bb el_class=\u00bbslant-gray\u00bb][vc_column width=\u00bb1\/3&#8243;][\/vc_column][vc_column vertical_content_position=\u00bbbottom\u00bb column_effect=\u00bbvertical-parallax\u00bb column_effect_limit=\u00bb2x\u00bb column_custom_position=\u00bbyes\u00bb position_right=\u00bbminus-3x\u00bb width=\u00bb5\/12&#8243; mobile_width=\u00bb3-5&#8243; tablet_portrait_column_effect=\u00bb\u00bb mobile_column_effect=\u00bb\u00bb el_wrapper_class=\u00bbrounded-25&#8243;][\/vc_column][vc_column vertical_content_position=\u00bbbottom\u00bb column_effect=\u00bbvertical-parallax\u00bb column_effect_limit=\u00bb6x\u00bb column_custom_position=\u00bbyes\u00bb position_bottom=\u00bbminus-5x\u00bb position_left=\u00bbminus-2x\u00bb width=\u00bb1\/4&#8243; mobile_width=\u00bb2-5&#8243; tablet_portrait_column_effect=\u00bb\u00bb mobile_column_effect=\u00bb\u00bb [&hellip;]","og_url":"https:\/\/redtaag.com\/es\/reporting-editions-detaillees\/","og_site_name":"Logiciel de billetterie en ligne (solution fullweb) pour th\u00e9\u00e2tres, salles de spectacle vivant, ...","article_modified_time":"2022-08-25T13:08:06+00:00","twitter_card":"summary_large_image","schema":{"@context":"https:\/\/schema.org","@graph":[{"@type":"WebPage","@id":"https:\/\/redtaag.com\/es\/reporting-editions-detaillees\/","url":"https:\/\/redtaag.com\/es\/reporting-editions-detaillees\/","name":"Reporting & \u00e9ditions d\u00e9taill\u00e9es - Logiciel de billetterie en ligne (solution fullweb) pour th\u00e9\u00e2tres, salles de spectacle vivant, ...","isPartOf":{"@id":"https:\/\/redtaag.com\/es\/#website"},"datePublished":"2022-08-25T13:07:56+00:00","dateModified":"2022-08-25T13:08:06+00:00","breadcrumb":{"@id":"https:\/\/redtaag.com\/es\/reporting-editions-detaillees\/#breadcrumb"},"inLanguage":"es","potentialAction":[{"@type":"ReadAction","target":["https:\/\/redtaag.com\/es\/reporting-editions-detaillees\/"]}]},{"@type":"BreadcrumbList","@id":"https:\/\/redtaag.com\/es\/reporting-editions-detaillees\/#breadcrumb","itemListElement":[{"@type":"ListItem","position":1,"name":"Accueil","item":"https:\/\/redtaag.com\/es\/"},{"@type":"ListItem","position":2,"name":"Reporting &#038; \u00e9ditions d\u00e9taill\u00e9es"}]},{"@type":"WebSite","@id":"https:\/\/redtaag.com\/es\/#website","url":"https:\/\/redtaag.com\/es\/","name":"Logiciel de billetterie en ligne (solution fullweb) pour th\u00e9\u00e2tres, salles de spectacle vivant, ...","description":"Logiciel de billetterie fullweb connect\u00e9 \u00e0 votre banque ou au tr\u00e9sor public","publisher":{"@id":"https:\/\/redtaag.com\/es\/#organization"},"potentialAction":[{"@type":"SearchAction","target":{"@type":"EntryPoint","urlTemplate":"https:\/\/redtaag.com\/es\/?s={search_term_string}"},"query-input":{"@type":"PropertyValueSpecification","valueRequired":true,"valueName":"search_term_string"}}],"inLanguage":"es"},{"@type":"Organization","@id":"https:\/\/redtaag.com\/es\/#organization","name":"Voodootix SAS","url":"https:\/\/redtaag.com\/es\/","logo":{"@type":"ImageObject","inLanguage":"es","@id":"https:\/\/redtaag.com\/es\/#\/schema\/logo\/image\/","url":"https:\/\/i2.wp.com\/redtaag.com\/site-rtgv2\/wp-content\/uploads\/2019\/06\/redtaag_logo_dark.png?fit=328%2C47&ssl=1","contentUrl":"https:\/\/i2.wp.com\/redtaag.com\/site-rtgv2\/wp-content\/uploads\/2019\/06\/redtaag_logo_dark.png?fit=328%2C47&ssl=1","width":328,"height":47,"caption":"Voodootix SAS"},"image":{"@id":"https:\/\/redtaag.com\/es\/#\/schema\/logo\/image\/"}}]}},"jetpack_sharing_enabled":true,"ticketed":false,"_links":{"self":[{"href":"https:\/\/redtaag.com\/es\/wp-json\/wp\/v2\/pages\/2608","targetHints":{"allow":["GET"]}}],"collection":[{"href":"https:\/\/redtaag.com\/es\/wp-json\/wp\/v2\/pages"}],"about":[{"href":"https:\/\/redtaag.com\/es\/wp-json\/wp\/v2\/types\/page"}],"author":[{"embeddable":true,"href":"https:\/\/redtaag.com\/es\/wp-json\/wp\/v2\/users\/2"}],"replies":[{"embeddable":true,"href":"https:\/\/redtaag.com\/es\/wp-json\/wp\/v2\/comments?post=2608"}],"version-history":[{"count":0,"href":"https:\/\/redtaag.com\/es\/wp-json\/wp\/v2\/pages\/2608\/revisions"}],"wp:attachment":[{"href":"https:\/\/redtaag.com\/es\/wp-json\/wp\/v2\/media?parent=2608"}],"curies":[{"name":"wp","href":"https:\/\/api.w.org\/{rel}","templated":true}]}}