{"id":2579,"date":"2022-08-25T15:07:53","date_gmt":"2022-08-25T13:07:53","guid":{"rendered":"https:\/\/redtaag.com\/?page_id=2579"},"modified":"2022-08-25T15:08:03","modified_gmt":"2022-08-25T13:08:03","slug":"fonctionnalites-vente","status":"publish","type":"page","link":"https:\/\/redtaag.com\/es\/fonctionnalites-vente\/","title":{"rendered":"Fonctionnalit\u00e9s vente"},"content":{"rendered":"<div class=\"wpb-content-wrapper\"><p>[vc_row heading_color=\u00bblight\u00bb bg_type=\u00bbimage\u00bb bg_image=\u00bb263&#8243; padding_top_multiplier=\u00bb5x\u00bb padding_bottom_multiplier=\u00bb\u00bb columns_gap=\u00bbnone\u00bb section_id=\u00bbsplash\u00bb el_class=\u00bbslant-gray\u00bb][vc_column width=\u00bb1\/3&#8243;]<div class=\"grve-empty-space grve-height-3x\" style=\"\"><\/div><h2 class=\"grve-element grve-title grve-align-left grve-h1 grve-increase-heading grve-heading-200\" style=\"\"><span>Canales de venta<\/span><\/h2><div class=\"grve-empty-space grve-height-1x\" style=\"\"><\/div><div class=\"grve-element grve-image grve-clipping-left grve-clipping-animation gradient-line d-block mx-auto grve-align-left\" style=\"\" data-delay=\"200\">  <div class=\"grve-image-wrapper\"><img loading=\"lazy\" decoding=\"async\" width=\"140\" height=\"10\" src=\"https:\/\/i0.wp.com\/redtaag.com\/site-rtgv2\/wp-content\/uploads\/2019\/06\/gradient_line.jpg?fit=140%2C10&amp;ssl=1\" class=\"attachment-full size-full\" alt=\"\" \/>   <\/div><\/div><div class=\"grve-empty-space grve-height-1x\" style=\"\"><\/div><h1 class=\"grve-element grve-title grve-align-left grve-h3\" style=\"\"><span>El p\u00fablico puede acceder a tu servicio de venta de entradas a trav\u00e9s de todos los canales:<br \/>\ntaquilla, Internet, dispositivo m\u00f3vil o terminales de venta<\/span><\/h1><div class=\"grve-empty-space grve-height-3x\" style=\"\"><\/div>[\/vc_column][vc_column vertical_content_position=\u00bbbottom\u00bb column_effect=\u00bbvertical-parallax\u00bb column_effect_limit=\u00bb2x\u00bb column_custom_position=\u00bbyes\u00bb position_right=\u00bbminus-3x\u00bb width=\u00bb5\/12&#8243; mobile_width=\u00bb3-5&#8243; tablet_portrait_column_effect=\u00bb\u00bb mobile_column_effect=\u00bb\u00bb el_wrapper_class=\u00bbrounded-25&#8243;]<div class=\"grve-element grve-image grve-align-center grve-full-image grve-image-space-100\" style=\"\">  <div class=\"grve-image-wrapper\"><img loading=\"lazy\" decoding=\"async\" width=\"450\" height=\"450\" src=\"https:\/\/i0.wp.com\/redtaag.com\/site-rtgv2\/wp-content\/uploads\/2019\/07\/features_sales.jpg?fit=450%2C450&amp;ssl=1\" class=\"attachment-full size-full\" alt=\"\" srcset=\"https:\/\/i0.wp.com\/redtaag.com\/site-rtgv2\/wp-content\/uploads\/2019\/07\/features_sales.jpg?w=450&amp;ssl=1 450w, https:\/\/i0.wp.com\/redtaag.com\/site-rtgv2\/wp-content\/uploads\/2019\/07\/features_sales.jpg?resize=150%2C150&amp;ssl=1 150w, https:\/\/i0.wp.com\/redtaag.com\/site-rtgv2\/wp-content\/uploads\/2019\/07\/features_sales.jpg?resize=300%2C300&amp;ssl=1 300w\" sizes=\"auto, (max-width: 450px) 100vw, 450px\" \/>   <\/div><\/div>[\/vc_column][vc_column vertical_content_position=\u00bbbottom\u00bb column_effect=\u00bbvertical-parallax\u00bb column_effect_limit=\u00bb6x\u00bb column_custom_position=\u00bbyes\u00bb position_bottom=\u00bbminus-5x\u00bb position_left=\u00bbminus-2x\u00bb width=\u00bb1\/4&#8243; mobile_width=\u00bb2-5&#8243; tablet_portrait_column_effect=\u00bb\u00bb mobile_column_effect=\u00bb\u00bb shadow=\u00bblarge\u00bb animation_delay=\u00bb600&#8243; el_wrapper_class=\u00bbrounded-25&#8243; z_index=\u00bb999999&#8243;]<div class=\"grve-element grve-image grve-align-center grve-full-image grve-image-space-100\" style=\"\">  <div class=\"grve-image-wrapper\"><img loading=\"lazy\" decoding=\"async\" width=\"320\" height=\"320\" src=\"https:\/\/i0.wp.com\/redtaag.com\/site-rtgv2\/wp-content\/uploads\/2019\/07\/icon_sales_big.jpg?fit=320%2C320&amp;ssl=1\" class=\"attachment-full size-full\" alt=\"\" srcset=\"https:\/\/i0.wp.com\/redtaag.com\/site-rtgv2\/wp-content\/uploads\/2019\/07\/icon_sales_big.jpg?w=320&amp;ssl=1 320w, https:\/\/i0.wp.com\/redtaag.com\/site-rtgv2\/wp-content\/uploads\/2019\/07\/icon_sales_big.jpg?resize=150%2C150&amp;ssl=1 150w, https:\/\/i0.wp.com\/redtaag.com\/site-rtgv2\/wp-content\/uploads\/2019\/07\/icon_sales_big.jpg?resize=300%2C300&amp;ssl=1 300w\" sizes=\"auto, (max-width: 320px) 100vw, 320px\" \/>   <\/div><\/div>[\/vc_column][\/vc_row][vc_row bg_type=\u00bbcolor\u00bb padding_bottom_multiplier=\u00bb3x\u00bb columns_gap=\u00bb50&#8243; equal_column_height=\u00bbequal-column\u00bb tablet_portrait_equal_column_height=\u00bbfalse\u00bb mobile_equal_column_height=\u00bbfalse\u00bb bg_color=\u00bb#f1eff4&#8243;][vc_column tablet_sm_width=\u00bb1&#8243;]<h3 class=\"grve-element grve-title grve-align-left grve-h3\" style=\"\"><span>\u00a1Que ning\u00fan canal quede en el olvido!<\/span><\/h3>[vc_column_text text_style=\u00bbleader-text\u00bb]Redtaag<sup>\u00ae<\/sup> se compromete a facilitar la venta en todos los canales, ya que permite que el sistema de venta de entradas sea accesible para el p\u00fablico cuando y como quiera. El administrador dispone de un \u00fanico indicador que abastece a todos los canales de venta, sin asignaciones.[\/vc_column_text][\/vc_column][\/vc_row][vc_row bg_type=\u00bbcolor\u00bb padding_bottom_multiplier=\u00bb3x\u00bb columns_gap=\u00bb50&#8243; equal_column_height=\u00bbequal-column\u00bb tablet_portrait_equal_column_height=\u00bbfalse\u00bb mobile_equal_column_height=\u00bbfalse\u00bb bg_color=\u00bb#f1eff4&#8243;][vc_column width=\u00bb1\/3&#8243; tablet_sm_width=\u00bb1&#8243;]<h3 class=\"grve-element grve-title grve-align-left grve-h3\" style=\"\"><span>Taquillas<\/span><\/h3>[vc_column_text text_style=\u00bbleader-text\u00bb]Redtaag<sup>\u00ae<\/sup> reinventa el concepto de taquilla: basta con un ordenador port\u00e1til y una impresora de facturas. Ahora, abrir un punto de venta a distancia es un juego de ni\u00f1os. Por ejemplo, puedes abrir un punto de venta en un establecimiento colaborador o en una oficina de turismo remota y gestionar todos los par\u00e1metros (taquillas, cajeros, facturas, etc.).[\/vc_column_text]<div class=\"grve-empty-space grve-height-3x\" style=\"\"><\/div>[\/vc_column][vc_column width=\u00bb1\/3&#8243; tablet_sm_width=\u00bb1&#8243;]<h3 class=\"grve-element grve-title grve-align-left grve-h3\" style=\"\"><span>eBillet<\/span><\/h3>[vc_column_text text_style=\u00bbleader-text\u00bb]Redtaag<sup>\u00ae<\/sup> ofrece a los clientes la posibilidad de solicitar e imprimir una entrada electr\u00f3nica en casa. Adem\u00e1s, las entradas electr\u00f3nicas de Redtaag<sup>\u00ae<\/sup> son muy seguras gracias al uso de tecnolog\u00edas de cifrado, aunque siguen siendo totalmente modificables. Tambi\u00e9n se trata de una herramienta de marketing que permite promocionar pr\u00f3ximos eventos o colaboradores.[\/vc_column_text]<div class=\"grve-empty-space grve-height-3x\" style=\"\"><\/div>[\/vc_column][vc_column width=\u00bb1\/3&#8243; tablet_sm_width=\u00bb1&#8243;]<h3 class=\"grve-element grve-title grve-align-left grve-h3\" style=\"\"><span>M-ticket<\/span><\/h3>[vc_column_text text_style=\u00bbleader-text\u00bb]La integraci\u00f3n en Redtaag<sup>\u00ae<\/sup> del M-ticket se basa en ocho a\u00f1os de experiencia y de enrutamiento inteligente, visualizaci\u00f3n y escaneo. Nuestras entradas para dispositivos m\u00f3viles son las cl\u00e1sicas de las aerol\u00edneas. Adem\u00e1s, est\u00e1n disponibles en dos versiones, una para todos los dispositivos m\u00f3viles y otra en formato Wallet<sup>\u00ae<\/sup> para iPhone<sup>\u00ae<\/sup>.[\/vc_column_text]<div class=\"grve-empty-space grve-height-3x\" style=\"\"><\/div>[\/vc_column][vc_column width=\u00bb1\/3&#8243; tablet_sm_width=\u00bb1&#8243;]<h3 class=\"grve-element grve-title grve-align-left grve-h3\" style=\"\"><span>Venta en dispositivos m\u00f3viles<\/span><\/h3>[vc_column_text text_style=\u00bbleader-text\u00bb]Redtaag<sup>\u00ae<\/sup> permite vender y recibir entradas al instante en los dispositivos m\u00f3viles. Gracias a la interfaz gr\u00e1fica que se adapta a las pantallas, el p\u00fablico podr\u00e1 incluso elegir sus asientos en el plano. Por otro lado, la programaci\u00f3n se hace accesible a tu p\u00fablico en cualquier momento gracias a las caracter\u00edsticas para dispositivos m\u00f3viles.[\/vc_column_text]<div class=\"grve-empty-space grve-height-3x\" style=\"\"><\/div>[\/vc_column][vc_column width=\u00bb1\/3&#8243; tablet_sm_width=\u00bb1&#8243;]<h3 class=\"grve-element grve-title grve-align-left grve-h3\" style=\"\"><span>Gesti\u00f3n din\u00e1mica de tarifas (Yield management)<\/span><\/h3>[vc_column_text text_style=\u00bbleader-text\u00bb]Redtaag<sup>\u00ae<\/sup> permite gestionar con facilidad la estrategia de precios gracias a sus potentes herramientas de parametrizaci\u00f3n. Elabora tu propia tabla de precios (anticipada, normal, de \u00faltimo minuto) y configura planes de venta: los 200 primeros con un 15\u00a0% de descuento, programa de regalo para los 100 primeros, etc. Redtaag<sup>\u00ae<\/sup> gestiona de forma autom\u00e1tica los precios programados, por lo que cuando se alcanzan las cuotas, el software desactiva autom\u00e1ticamente las tarifas de los planes de venta. Una vez que hayas configurado las tarifas, el software las gestionar\u00e1 directamente.[\/vc_column_text]<div class=\"grve-empty-space grve-height-3x\" style=\"\"><\/div>[\/vc_column][vc_column width=\u00bb1\/3&#8243; tablet_sm_width=\u00bb1&#8243;]<h3 class=\"grve-element grve-title grve-align-left grve-h3\" style=\"\"><span>Optimizaci\u00f3n autom\u00e1tica del aforo<\/span><\/h3>[vc_column_text text_style=\u00bbleader-text\u00bb]Redtaag<sup>\u00ae<\/sup> integra un algoritmo que optimiza el aforo del p\u00fablico. Los clientes podr\u00e1n elegir sus asientos en el plano o el sistema se los asignar\u00e1 de forma autom\u00e1tica.<\/p>\n<p>En principio, el software de Redtaag<sup>\u00ae<\/sup> asigna asientos contiguos o propone asientos delanteros\/traseros para evitar plazas libres.<\/p>\n<p>Por otro lado, ofrece a los primeros clientes las mejores plazas establecidas seg\u00fan el mejor lugar que se determine para cada zona.[\/vc_column_text]<div class=\"grve-empty-space grve-height-3x\" style=\"\"><\/div>[\/vc_column][vc_column width=\u00bb1\/3&#8243; tablet_sm_width=\u00bb1&#8243;]<h3 class=\"grve-element grve-title grve-align-left grve-h3\" style=\"\"><span>Distribuidores (Fnac, Ticketmaster, Digitick, etc.)<\/span><\/h3>[vc_column_text text_style=\u00bbleader-text\u00bb]Administra las concesiones (ventas de los distribuidores) con facilidad. Con tan solo un clic, podr\u00e1s asignar y definir la distribuci\u00f3n de las entradas en tiempo real. Vuelve a importar las entradas de los distribuidores o coproductores para verificarlas todas con los mismos lectores y unificar las cifras de tus informes.[\/vc_column_text]<div class=\"grve-empty-space grve-height-3x\" style=\"\"><\/div>[\/vc_column][vc_column width=\u00bb1\/3&#8243; tablet_sm_width=\u00bb1&#8243;]<h3 class=\"grve-element grve-title grve-align-left grve-h3\" style=\"\"><span>Automatizaci\u00f3n de los periodos de venta<\/span><\/h3>[vc_column_text text_style=\u00bbleader-text\u00bb]Redtaag<sup>\u00ae<\/sup> administra de forma autom\u00e1tica los par\u00e1metros de venta. Las ventas se suspenden autom\u00e1ticamente seg\u00fan tus par\u00e1metros gracias a los numerosos automatismos que ofrece el software Redtaag<sup>\u00ae<\/sup>.[\/vc_column_text][\/vc_column][\/vc_row]<\/p>\n<\/div>","protected":false},"excerpt":{"rendered":"<p>[vc_row heading_color=\u00bblight\u00bb bg_type=\u00bbimage\u00bb bg_image=\u00bb263&#8243; padding_top_multiplier=\u00bb5x\u00bb padding_bottom_multiplier=\u00bb\u00bb columns_gap=\u00bbnone\u00bb section_id=\u00bbsplash\u00bb el_class=\u00bbslant-gray\u00bb][vc_column width=\u00bb1\/3&#8243;][\/vc_column][vc_column vertical_content_position=\u00bbbottom\u00bb column_effect=\u00bbvertical-parallax\u00bb column_effect_limit=\u00bb2x\u00bb column_custom_position=\u00bbyes\u00bb position_right=\u00bbminus-3x\u00bb width=\u00bb5\/12&#8243; mobile_width=\u00bb3-5&#8243; tablet_portrait_column_effect=\u00bb\u00bb mobile_column_effect=\u00bb\u00bb el_wrapper_class=\u00bbrounded-25&#8243;][\/vc_column][vc_column vertical_content_position=\u00bbbottom\u00bb column_effect=\u00bbvertical-parallax\u00bb column_effect_limit=\u00bb6x\u00bb column_custom_position=\u00bbyes\u00bb position_bottom=\u00bbminus-5x\u00bb position_left=\u00bbminus-2x\u00bb width=\u00bb1\/4&#8243; mobile_width=\u00bb2-5&#8243; tablet_portrait_column_effect=\u00bb\u00bb mobile_column_effect=\u00bb\u00bb [&hellip;]<\/p>\n","protected":false},"author":2,"featured_media":0,"parent":0,"menu_order":4,"comment_status":"closed","ping_status":"closed","template":"","meta":{"_price":"","_stock":"","_tribe_ticket_header":"","_tribe_default_ticket_provider":"","_tribe_ticket_capacity":"0","_ticket_start_date":"","_ticket_end_date":"","_tribe_ticket_show_description":"","_tribe_ticket_show_not_going":false,"_tribe_ticket_use_global_stock":"","_tribe_ticket_global_stock_level":"","_global_stock_mode":"","_global_stock_cap":"","_tribe_rsvp_for_event":"","_tribe_ticket_going_count":"","_tribe_ticket_not_going_count":"","_tribe_tickets_list":"[]","_tribe_ticket_has_attendee_info_fields":false,"footnotes":"","_tec_slr_enabled":"","_tec_slr_layout":""},"class_list":["post-2579","page","type-page","status-publish","hentry"],"yoast_head":"<!-- This site is optimized with the Yoast SEO plugin v27.5 - https:\/\/yoast.com\/product\/yoast-seo-wordpress\/ -->\n<title>Fonctionnalit\u00e9s vente - Logiciel de billetterie en ligne (solution fullweb) pour th\u00e9\u00e2tres, salles de spectacle vivant, ...<\/title>\n<meta name=\"robots\" content=\"index, follow, max-snippet:-1, max-image-preview:large, max-video-preview:-1\" \/>\n<link rel=\"canonical\" href=\"https:\/\/redtaag.com\/es\/fonctionnalites-vente\/\" \/>\n<meta property=\"og:locale\" content=\"es_ES\" \/>\n<meta property=\"og:type\" content=\"article\" \/>\n<meta property=\"og:title\" content=\"Fonctionnalit\u00e9s vente - Logiciel de billetterie en ligne (solution fullweb) pour th\u00e9\u00e2tres, salles de spectacle vivant, ...\" \/>\n<meta property=\"og:description\" content=\"[vc_row heading_color=\u00bblight\u00bb bg_type=\u00bbimage\u00bb bg_image=\u00bb263&#8243; padding_top_multiplier=\u00bb5x\u00bb padding_bottom_multiplier=\u00bb\u00bb columns_gap=\u00bbnone\u00bb section_id=\u00bbsplash\u00bb el_class=\u00bbslant-gray\u00bb][vc_column width=\u00bb1\/3&#8243;][\/vc_column][vc_column vertical_content_position=\u00bbbottom\u00bb column_effect=\u00bbvertical-parallax\u00bb column_effect_limit=\u00bb2x\u00bb column_custom_position=\u00bbyes\u00bb position_right=\u00bbminus-3x\u00bb width=\u00bb5\/12&#8243; mobile_width=\u00bb3-5&#8243; tablet_portrait_column_effect=\u00bb\u00bb mobile_column_effect=\u00bb\u00bb el_wrapper_class=\u00bbrounded-25&#8243;][\/vc_column][vc_column vertical_content_position=\u00bbbottom\u00bb column_effect=\u00bbvertical-parallax\u00bb column_effect_limit=\u00bb6x\u00bb column_custom_position=\u00bbyes\u00bb position_bottom=\u00bbminus-5x\u00bb position_left=\u00bbminus-2x\u00bb width=\u00bb1\/4&#8243; mobile_width=\u00bb2-5&#8243; tablet_portrait_column_effect=\u00bb\u00bb mobile_column_effect=\u00bb\u00bb [&hellip;]\" \/>\n<meta property=\"og:url\" content=\"https:\/\/redtaag.com\/es\/fonctionnalites-vente\/\" \/>\n<meta property=\"og:site_name\" content=\"Logiciel de billetterie en ligne (solution fullweb) pour th\u00e9\u00e2tres, salles de spectacle vivant, ...\" \/>\n<meta property=\"article:modified_time\" content=\"2022-08-25T13:08:03+00:00\" \/>\n<meta name=\"twitter:card\" content=\"summary_large_image\" \/>\n<meta name=\"twitter:label1\" content=\"Tiempo de lectura\" \/>\n\t<meta name=\"twitter:data1\" content=\"4 minutos\" \/>\n<script type=\"application\/ld+json\" class=\"yoast-schema-graph\">{\"@context\":\"https:\\\/\\\/schema.org\",\"@graph\":[{\"@type\":\"WebPage\",\"@id\":\"https:\\\/\\\/redtaag.com\\\/es\\\/fonctionnalites-vente\\\/\",\"url\":\"https:\\\/\\\/redtaag.com\\\/es\\\/fonctionnalites-vente\\\/\",\"name\":\"Fonctionnalit\u00e9s vente - Logiciel de billetterie en ligne (solution fullweb) pour th\u00e9\u00e2tres, salles de spectacle vivant, ...\",\"isPartOf\":{\"@id\":\"https:\\\/\\\/redtaag.com\\\/es\\\/#website\"},\"datePublished\":\"2022-08-25T13:07:53+00:00\",\"dateModified\":\"2022-08-25T13:08:03+00:00\",\"breadcrumb\":{\"@id\":\"https:\\\/\\\/redtaag.com\\\/es\\\/fonctionnalites-vente\\\/#breadcrumb\"},\"inLanguage\":\"es\",\"potentialAction\":[{\"@type\":\"ReadAction\",\"target\":[\"https:\\\/\\\/redtaag.com\\\/es\\\/fonctionnalites-vente\\\/\"]}]},{\"@type\":\"BreadcrumbList\",\"@id\":\"https:\\\/\\\/redtaag.com\\\/es\\\/fonctionnalites-vente\\\/#breadcrumb\",\"itemListElement\":[{\"@type\":\"ListItem\",\"position\":1,\"name\":\"Accueil\",\"item\":\"https:\\\/\\\/redtaag.com\\\/es\\\/\"},{\"@type\":\"ListItem\",\"position\":2,\"name\":\"Fonctionnalit\u00e9s vente\"}]},{\"@type\":\"WebSite\",\"@id\":\"https:\\\/\\\/redtaag.com\\\/es\\\/#website\",\"url\":\"https:\\\/\\\/redtaag.com\\\/es\\\/\",\"name\":\"Logiciel de billetterie en ligne (solution fullweb) pour th\u00e9\u00e2tres, salles de spectacle vivant, ...\",\"description\":\"Logiciel de billetterie fullweb connect\u00e9 \u00e0 votre banque ou au tr\u00e9sor public\",\"publisher\":{\"@id\":\"https:\\\/\\\/redtaag.com\\\/es\\\/#organization\"},\"potentialAction\":[{\"@type\":\"SearchAction\",\"target\":{\"@type\":\"EntryPoint\",\"urlTemplate\":\"https:\\\/\\\/redtaag.com\\\/es\\\/?s={search_term_string}\"},\"query-input\":{\"@type\":\"PropertyValueSpecification\",\"valueRequired\":true,\"valueName\":\"search_term_string\"}}],\"inLanguage\":\"es\"},{\"@type\":\"Organization\",\"@id\":\"https:\\\/\\\/redtaag.com\\\/es\\\/#organization\",\"name\":\"Voodootix SAS\",\"url\":\"https:\\\/\\\/redtaag.com\\\/es\\\/\",\"logo\":{\"@type\":\"ImageObject\",\"inLanguage\":\"es\",\"@id\":\"https:\\\/\\\/redtaag.com\\\/es\\\/#\\\/schema\\\/logo\\\/image\\\/\",\"url\":\"https:\\\/\\\/i2.wp.com\\\/redtaag.com\\\/site-rtgv2\\\/wp-content\\\/uploads\\\/2019\\\/06\\\/redtaag_logo_dark.png?fit=328%2C47&ssl=1\",\"contentUrl\":\"https:\\\/\\\/i2.wp.com\\\/redtaag.com\\\/site-rtgv2\\\/wp-content\\\/uploads\\\/2019\\\/06\\\/redtaag_logo_dark.png?fit=328%2C47&ssl=1\",\"width\":328,\"height\":47,\"caption\":\"Voodootix SAS\"},\"image\":{\"@id\":\"https:\\\/\\\/redtaag.com\\\/es\\\/#\\\/schema\\\/logo\\\/image\\\/\"}}]}<\/script>\n<!-- \/ Yoast SEO plugin. -->","yoast_head_json":{"title":"Fonctionnalit\u00e9s vente - Logiciel de billetterie en ligne (solution fullweb) pour th\u00e9\u00e2tres, salles de spectacle vivant, ...","robots":{"index":"index","follow":"follow","max-snippet":"max-snippet:-1","max-image-preview":"max-image-preview:large","max-video-preview":"max-video-preview:-1"},"canonical":"https:\/\/redtaag.com\/es\/fonctionnalites-vente\/","og_locale":"es_ES","og_type":"article","og_title":"Fonctionnalit\u00e9s vente - Logiciel de billetterie en ligne (solution fullweb) pour th\u00e9\u00e2tres, salles de spectacle vivant, ...","og_description":"[vc_row heading_color=\u00bblight\u00bb bg_type=\u00bbimage\u00bb bg_image=\u00bb263&#8243; padding_top_multiplier=\u00bb5x\u00bb padding_bottom_multiplier=\u00bb\u00bb columns_gap=\u00bbnone\u00bb section_id=\u00bbsplash\u00bb el_class=\u00bbslant-gray\u00bb][vc_column width=\u00bb1\/3&#8243;][\/vc_column][vc_column vertical_content_position=\u00bbbottom\u00bb column_effect=\u00bbvertical-parallax\u00bb column_effect_limit=\u00bb2x\u00bb column_custom_position=\u00bbyes\u00bb position_right=\u00bbminus-3x\u00bb width=\u00bb5\/12&#8243; mobile_width=\u00bb3-5&#8243; tablet_portrait_column_effect=\u00bb\u00bb mobile_column_effect=\u00bb\u00bb el_wrapper_class=\u00bbrounded-25&#8243;][\/vc_column][vc_column vertical_content_position=\u00bbbottom\u00bb column_effect=\u00bbvertical-parallax\u00bb column_effect_limit=\u00bb6x\u00bb column_custom_position=\u00bbyes\u00bb position_bottom=\u00bbminus-5x\u00bb position_left=\u00bbminus-2x\u00bb width=\u00bb1\/4&#8243; mobile_width=\u00bb2-5&#8243; tablet_portrait_column_effect=\u00bb\u00bb mobile_column_effect=\u00bb\u00bb [&hellip;]","og_url":"https:\/\/redtaag.com\/es\/fonctionnalites-vente\/","og_site_name":"Logiciel de billetterie en ligne (solution fullweb) pour th\u00e9\u00e2tres, salles de spectacle vivant, ...","article_modified_time":"2022-08-25T13:08:03+00:00","twitter_card":"summary_large_image","twitter_misc":{"Tiempo de lectura":"4 minutos"},"schema":{"@context":"https:\/\/schema.org","@graph":[{"@type":"WebPage","@id":"https:\/\/redtaag.com\/es\/fonctionnalites-vente\/","url":"https:\/\/redtaag.com\/es\/fonctionnalites-vente\/","name":"Fonctionnalit\u00e9s vente - Logiciel de billetterie en ligne (solution fullweb) pour th\u00e9\u00e2tres, salles de spectacle vivant, ...","isPartOf":{"@id":"https:\/\/redtaag.com\/es\/#website"},"datePublished":"2022-08-25T13:07:53+00:00","dateModified":"2022-08-25T13:08:03+00:00","breadcrumb":{"@id":"https:\/\/redtaag.com\/es\/fonctionnalites-vente\/#breadcrumb"},"inLanguage":"es","potentialAction":[{"@type":"ReadAction","target":["https:\/\/redtaag.com\/es\/fonctionnalites-vente\/"]}]},{"@type":"BreadcrumbList","@id":"https:\/\/redtaag.com\/es\/fonctionnalites-vente\/#breadcrumb","itemListElement":[{"@type":"ListItem","position":1,"name":"Accueil","item":"https:\/\/redtaag.com\/es\/"},{"@type":"ListItem","position":2,"name":"Fonctionnalit\u00e9s vente"}]},{"@type":"WebSite","@id":"https:\/\/redtaag.com\/es\/#website","url":"https:\/\/redtaag.com\/es\/","name":"Logiciel de billetterie en ligne (solution fullweb) pour th\u00e9\u00e2tres, salles de spectacle vivant, ...","description":"Logiciel de billetterie fullweb connect\u00e9 \u00e0 votre banque ou au tr\u00e9sor public","publisher":{"@id":"https:\/\/redtaag.com\/es\/#organization"},"potentialAction":[{"@type":"SearchAction","target":{"@type":"EntryPoint","urlTemplate":"https:\/\/redtaag.com\/es\/?s={search_term_string}"},"query-input":{"@type":"PropertyValueSpecification","valueRequired":true,"valueName":"search_term_string"}}],"inLanguage":"es"},{"@type":"Organization","@id":"https:\/\/redtaag.com\/es\/#organization","name":"Voodootix SAS","url":"https:\/\/redtaag.com\/es\/","logo":{"@type":"ImageObject","inLanguage":"es","@id":"https:\/\/redtaag.com\/es\/#\/schema\/logo\/image\/","url":"https:\/\/i2.wp.com\/redtaag.com\/site-rtgv2\/wp-content\/uploads\/2019\/06\/redtaag_logo_dark.png?fit=328%2C47&ssl=1","contentUrl":"https:\/\/i2.wp.com\/redtaag.com\/site-rtgv2\/wp-content\/uploads\/2019\/06\/redtaag_logo_dark.png?fit=328%2C47&ssl=1","width":328,"height":47,"caption":"Voodootix SAS"},"image":{"@id":"https:\/\/redtaag.com\/es\/#\/schema\/logo\/image\/"}}]}},"jetpack_sharing_enabled":true,"ticketed":false,"_links":{"self":[{"href":"https:\/\/redtaag.com\/es\/wp-json\/wp\/v2\/pages\/2579","targetHints":{"allow":["GET"]}}],"collection":[{"href":"https:\/\/redtaag.com\/es\/wp-json\/wp\/v2\/pages"}],"about":[{"href":"https:\/\/redtaag.com\/es\/wp-json\/wp\/v2\/types\/page"}],"author":[{"embeddable":true,"href":"https:\/\/redtaag.com\/es\/wp-json\/wp\/v2\/users\/2"}],"replies":[{"embeddable":true,"href":"https:\/\/redtaag.com\/es\/wp-json\/wp\/v2\/comments?post=2579"}],"version-history":[{"count":0,"href":"https:\/\/redtaag.com\/es\/wp-json\/wp\/v2\/pages\/2579\/revisions"}],"wp:attachment":[{"href":"https:\/\/redtaag.com\/es\/wp-json\/wp\/v2\/media?parent=2579"}],"curies":[{"name":"wp","href":"https:\/\/api.w.org\/{rel}","templated":true}]}}