{"id":2558,"date":"2022-08-25T15:07:51","date_gmt":"2022-08-25T13:07:51","guid":{"rendered":"https:\/\/redtaag.com\/?page_id=2558"},"modified":"2024-08-19T15:10:04","modified_gmt":"2024-08-19T13:10:04","slug":"tienda-de-entradas","status":"publish","type":"page","link":"https:\/\/redtaag.com\/es\/tienda-de-entradas\/","title":{"rendered":"Tienda de entradas"},"content":{"rendered":"<div class=\"wpb-content-wrapper\"><p>[vc_row heading_color=\u00bblight\u00bb bg_type=\u00bbimage\u00bb bg_image=\u00bb263&#8243; padding_top_multiplier=\u00bb5x\u00bb padding_bottom_multiplier=\u00bb\u00bb columns_gap=\u00bbnone\u00bb section_id=\u00bbsplash\u00bb el_class=\u00bbslant-gray\u00bb][vc_column width=\u00bb1\/3&#8243;]<div class=\"grve-empty-space grve-height-3x\" style=\"\"><\/div><h2 class=\"grve-element grve-title grve-align-left grve-h1 grve-increase-heading grve-heading-200\" style=\"\"><span>Gesti\u00f3n de entradas<\/span><\/h2><div class=\"grve-empty-space grve-height-1x\" style=\"\"><\/div><div class=\"grve-element grve-image grve-clipping-left grve-clipping-animation gradient-line d-block mx-auto grve-align-left\" style=\"\" data-delay=\"200\">  <div class=\"grve-image-wrapper\"><img loading=\"lazy\" decoding=\"async\" width=\"140\" height=\"10\" src=\"https:\/\/i0.wp.com\/redtaag.com\/site-rtgv2\/wp-content\/uploads\/2019\/06\/gradient_line.jpg?fit=140%2C10&amp;ssl=1\" class=\"attachment-full size-full\" alt=\"\" \/>   <\/div><\/div><div class=\"grve-empty-space grve-height-1x\" style=\"\"><\/div><h1 class=\"grve-element grve-title grve-align-left grve-h3\" style=\"\"><span>Gestiona tu programaci\u00f3n con total independencia gracias a la web completa del back office<\/span><\/h1><div class=\"grve-empty-space grve-height-3x\" style=\"\"><\/div>[\/vc_column][vc_column vertical_content_position=\u00bbbottom\u00bb column_effect=\u00bbvertical-parallax\u00bb column_effect_limit=\u00bb2x\u00bb column_custom_position=\u00bbyes\u00bb position_right=\u00bbminus-3x\u00bb width=\u00bb5\/12&#8243; mobile_width=\u00bb3-5&#8243; tablet_portrait_column_effect=\u00bb\u00bb mobile_column_effect=\u00bb\u00bb el_wrapper_class=\u00bbrounded-25&#8243;]<div class=\"grve-element grve-image grve-align-center grve-full-image grve-image-space-100\" style=\"\">  <div class=\"grve-image-wrapper\"><img loading=\"lazy\" decoding=\"async\" width=\"450\" height=\"450\" src=\"https:\/\/i0.wp.com\/redtaag.com\/site-rtgv2\/wp-content\/uploads\/2019\/06\/feature_ticketing_setup.jpg?fit=450%2C450&amp;ssl=1\" class=\"attachment-full size-full\" alt=\"\" srcset=\"https:\/\/i0.wp.com\/redtaag.com\/site-rtgv2\/wp-content\/uploads\/2019\/06\/feature_ticketing_setup.jpg?w=450&amp;ssl=1 450w, https:\/\/i0.wp.com\/redtaag.com\/site-rtgv2\/wp-content\/uploads\/2019\/06\/feature_ticketing_setup.jpg?resize=150%2C150&amp;ssl=1 150w, https:\/\/i0.wp.com\/redtaag.com\/site-rtgv2\/wp-content\/uploads\/2019\/06\/feature_ticketing_setup.jpg?resize=300%2C300&amp;ssl=1 300w\" sizes=\"auto, (max-width: 450px) 100vw, 450px\" \/>   <\/div><\/div>[\/vc_column][vc_column vertical_content_position=\u00bbbottom\u00bb column_effect=\u00bbvertical-parallax\u00bb column_effect_limit=\u00bb6x\u00bb column_custom_position=\u00bbyes\u00bb position_bottom=\u00bbminus-5x\u00bb position_left=\u00bbminus-2x\u00bb width=\u00bb1\/4&#8243; mobile_width=\u00bb2-5&#8243; tablet_portrait_column_effect=\u00bb\u00bb mobile_column_effect=\u00bb\u00bb shadow=\u00bblarge\u00bb animation_delay=\u00bb600&#8243; el_wrapper_class=\u00bbrounded-25&#8243; z_index=\u00bb999999&#8243;]<div class=\"grve-element grve-image grve-align-center grve-full-image grve-image-space-100\" style=\"\">  <div class=\"grve-image-wrapper\"><img loading=\"lazy\" decoding=\"async\" width=\"320\" height=\"320\" src=\"https:\/\/i0.wp.com\/redtaag.com\/site-rtgv2\/wp-content\/uploads\/2019\/06\/feature_setup_big.jpg?fit=320%2C320&amp;ssl=1\" class=\"attachment-full size-full\" alt=\"\" srcset=\"https:\/\/i0.wp.com\/redtaag.com\/site-rtgv2\/wp-content\/uploads\/2019\/06\/feature_setup_big.jpg?w=320&amp;ssl=1 320w, https:\/\/i0.wp.com\/redtaag.com\/site-rtgv2\/wp-content\/uploads\/2019\/06\/feature_setup_big.jpg?resize=150%2C150&amp;ssl=1 150w, https:\/\/i0.wp.com\/redtaag.com\/site-rtgv2\/wp-content\/uploads\/2019\/06\/feature_setup_big.jpg?resize=300%2C300&amp;ssl=1 300w\" sizes=\"auto, (max-width: 320px) 100vw, 320px\" \/>   <\/div><\/div>[\/vc_column][\/vc_row][vc_row bg_type=\u00bbcolor\u00bb padding_bottom_multiplier=\u00bb3x\u00bb columns_gap=\u00bb50&#8243; equal_column_height=\u00bbequal-column\u00bb mobile_equal_column_height=\u00bbfalse\u00bb bg_color=\u00bb#f1eff4&#8243;][vc_column width=\u00bb1\/3&#8243; tablet_sm_width=\u00bb1-2&#8243;]<h3 class=\"grve-element grve-title grve-align-left grve-h3\" style=\"\"><span>Venta de entradas asignadas con el plano de asientos<\/span><\/h3>[vc_column_text text_style=\u00bbleader-text\u00bb]Redtaag<sup>\u00ae<\/sup> permite gestionar un sistema de entradas asignadas, por lo que introducimos los <a href=\"https:\/\/redtaag.com\/fonctionnalites\/plan-de-salle\/\">planos de asientos<\/a> y sus variantes en el software. Si gestionas varios establecimientos o una sala ajustable, implementaremos todos los planos y configuraciones que necesites, sin limitaci\u00f3n. Tus instalaciones se muestran en una pantalla gr\u00e1fica que representa con precisi\u00f3n la ubicaci\u00f3n y los tipos de asientos (butacas, sillas, asientos plegables, asientos para personas con movilidad reducida, etc.).[\/vc_column_text]<div class=\"grve-empty-space grve-height-3x\" style=\"\"><\/div>[\/vc_column][vc_column width=\u00bb1\/3&#8243; tablet_sm_width=\u00bb1-2&#8243;]<h3 class=\"grve-element grve-title grve-align-left grve-h3\" style=\"\"><span>Entradas sin asignaci\u00f3n<\/span><\/h3>[vc_column_text text_style=\u00bbleader-text\u00bb]Cuando no se asigna la entrada, t\u00fa mismo gestionas las localidades con el software. De este modo, determinar\u00e1s la localidad, las secciones, los aforos de cada secci\u00f3n, los accesos y los diferentes ajustes. El software permite crear tantas localidades como necesites.[\/vc_column_text]<div class=\"grve-empty-space grve-height-3x\" style=\"\"><\/div>[\/vc_column][vc_column width=\u00bb1\/3&#8243; tablet_sm_width=\u00bb1-2&#8243;]<h3 class=\"grve-element grve-title grve-align-left grve-h3\" style=\"\"><span>Entradas mixtas<\/span><\/h3>[vc_column_text text_style=\u00bbleader-text\u00bb]Redtaag<sup>\u00ae<\/sup> tambi\u00e9n permite gestionar un sistema de entradas mixtas con zonas y localidades asignadas o no, as\u00ed como una mezcla de ellas.<\/p>\n<p>[\/vc_column_text]<div class=\"grve-empty-space grve-height-3x\" style=\"\"><\/div>[\/vc_column][\/vc_row][vc_row bg_type=\u00bbcolor\u00bb padding_bottom_multiplier=\u00bb3x\u00bb columns_gap=\u00bb50&#8243; equal_column_height=\u00bbequal-column\u00bb mobile_equal_column_height=\u00bbfalse\u00bb bg_color=\u00bb#f1eff4&#8243;][vc_column width=\u00bb1\/3&#8243; tablet_sm_width=\u00bb1-2&#8243;]<h3 class=\"grve-element grve-title grve-align-left grve-h3\" style=\"\"><span>Capacidad de configuraci\u00f3n de<span class=\"Apple-converted-space\">\u00a0<\/span>eventos\/espect\u00e1culos<\/span><\/h3>[vc_column_text text_style=\u00bbleader-text\u00bb]Con la interfaz WYSIWYG del software, podr\u00e1s configurar tu evento en apenas unos clics. Define todas las variables del evento de forma independiente.[\/vc_column_text]<div class=\"grve-empty-space grve-height-3x\" style=\"\"><\/div>[\/vc_column][vc_column width=\u00bb1\/3&#8243; tablet_sm_width=\u00bb1-2&#8243;]<h3 class=\"grve-element grve-title grve-align-left grve-h3\" style=\"\"><span>Gesti\u00f3n inteligente de las categor\u00edas de asientos<\/span><\/h3>[vc_column_text text_style=\u00bbleader-text\u00bb]Tanto si tus entradas est\u00e1n asignadas como si no, Redtaag<sup>\u00ae<\/sup> permite gestionar de forma sencilla las categor\u00edas de cada evento. Deja que evolucionen por s\u00ed solas seg\u00fan la puesta en escena o la estructura de esta.[\/vc_column_text][\/vc_column][vc_column width=\u00bb1\/3&#8243; tablet_sm_width=\u00bb1-2&#8243;]<h3 class=\"grve-element grve-title grve-align-left grve-h3\" style=\"\"><span>Gesti\u00f3n de tarifas<\/span><\/h3>[vc_column_text text_style=\u00bbleader-text\u00bb]Con Redtaag puedes establecer tantas tarifas como quieras por categor\u00eda de plazas, ya sea de forma anual o por espect\u00e1culo individual.[\/vc_column_text]<div class=\"grve-empty-space grve-height-3x\" style=\"\"><\/div>[\/vc_column][\/vc_row][vc_row bg_type=\u00bbcolor\u00bb padding_bottom_multiplier=\u00bb3x\u00bb columns_gap=\u00bb50&#8243; equal_column_height=\u00bbequal-column\u00bb mobile_equal_column_height=\u00bbfalse\u00bb bg_color=\u00bb#f1eff4&#8243;][vc_column width=\u00bb1\/3&#8243; tablet_sm_width=\u00bb1-2&#8243;]<h3 class=\"grve-element grve-title grve-align-left grve-h3\" style=\"\"><span>Capacidad de configuraci\u00f3n de calendarios<\/span><\/h3>[vc_column_text text_style=\u00bbleader-text\u00bb]Prepara con facilidad el calendario de temporada utilizando la funci\u00f3n de clonaci\u00f3n de eventos de Redtaag<sup>\u00ae<\/sup>. Se clonan todos los par\u00e1metros del evento, excepto las variables espec\u00edficas de la nueva fecha.[\/vc_column_text]<div class=\"grve-empty-space grve-height-3x\" style=\"\"><\/div>[\/vc_column][vc_column width=\u00bb1\/3&#8243; tablet_sm_width=\u00bb1-2&#8243;]<h3 class=\"grve-element grve-title grve-align-left grve-h3\" style=\"\"><span><\/span><\/h3>[vc_column_text text_style=\u00bbleader-text\u00bb][\/vc_column_text]<div class=\"grve-empty-space grve-height-3x\" style=\"\"><\/div>[\/vc_column][vc_column width=\u00bb1\/3&#8243; tablet_sm_width=\u00bb1-2&#8243;]<h3 class=\"grve-element grve-title grve-align-left grve-h3\" style=\"\"><span><\/span><\/h3>[vc_column_text text_style=\u00bbleader-text\u00bb][\/vc_column_text][\/vc_column][\/vc_row]<\/p>\n<\/div>","protected":false},"excerpt":{"rendered":"<p>[vc_row heading_color=\u00bblight\u00bb bg_type=\u00bbimage\u00bb bg_image=\u00bb263&#8243; padding_top_multiplier=\u00bb5x\u00bb padding_bottom_multiplier=\u00bb\u00bb columns_gap=\u00bbnone\u00bb section_id=\u00bbsplash\u00bb el_class=\u00bbslant-gray\u00bb][vc_column width=\u00bb1\/3&#8243;][\/vc_column][vc_column vertical_content_position=\u00bbbottom\u00bb column_effect=\u00bbvertical-parallax\u00bb column_effect_limit=\u00bb2x\u00bb column_custom_position=\u00bbyes\u00bb position_right=\u00bbminus-3x\u00bb width=\u00bb5\/12&#8243; mobile_width=\u00bb3-5&#8243; tablet_portrait_column_effect=\u00bb\u00bb mobile_column_effect=\u00bb\u00bb el_wrapper_class=\u00bbrounded-25&#8243;][\/vc_column][vc_column vertical_content_position=\u00bbbottom\u00bb column_effect=\u00bbvertical-parallax\u00bb column_effect_limit=\u00bb6x\u00bb column_custom_position=\u00bbyes\u00bb position_bottom=\u00bbminus-5x\u00bb position_left=\u00bbminus-2x\u00bb width=\u00bb1\/4&#8243; mobile_width=\u00bb2-5&#8243; tablet_portrait_column_effect=\u00bb\u00bb mobile_column_effect=\u00bb\u00bb [&hellip;]<\/p>\n","protected":false},"author":2,"featured_media":0,"parent":0,"menu_order":2,"comment_status":"closed","ping_status":"closed","template":"","meta":{"_price":"","_stock":"","_tribe_ticket_header":"","_tribe_default_ticket_provider":"","_tribe_ticket_capacity":"0","_ticket_start_date":"","_ticket_end_date":"","_tribe_ticket_show_description":"","_tribe_ticket_show_not_going":false,"_tribe_ticket_use_global_stock":"","_tribe_ticket_global_stock_level":"","_global_stock_mode":"","_global_stock_cap":"","_tribe_rsvp_for_event":"","_tribe_ticket_going_count":"","_tribe_ticket_not_going_count":"","_tribe_tickets_list":"[]","_tribe_ticket_has_attendee_info_fields":false,"footnotes":"","_tec_slr_enabled":"","_tec_slr_layout":""},"class_list":["post-2558","page","type-page","status-publish","hentry"],"yoast_head":"<!-- This site is optimized with the Yoast SEO plugin v27.3 - https:\/\/yoast.com\/product\/yoast-seo-wordpress\/ -->\n<title>Tienda de entradas - Logiciel de billetterie en ligne (solution fullweb) pour th\u00e9\u00e2tres, salles de spectacle vivant, ...<\/title>\n<meta name=\"robots\" content=\"index, follow, max-snippet:-1, max-image-preview:large, max-video-preview:-1\" \/>\n<link rel=\"canonical\" href=\"https:\/\/redtaag.com\/es\/tienda-de-entradas\/\" \/>\n<meta property=\"og:locale\" content=\"es_ES\" \/>\n<meta property=\"og:type\" content=\"article\" \/>\n<meta property=\"og:title\" content=\"Tienda de entradas - Logiciel de billetterie en ligne (solution fullweb) pour th\u00e9\u00e2tres, salles de spectacle vivant, ...\" \/>\n<meta property=\"og:description\" content=\"[vc_row heading_color=\u00bblight\u00bb bg_type=\u00bbimage\u00bb bg_image=\u00bb263&#8243; padding_top_multiplier=\u00bb5x\u00bb padding_bottom_multiplier=\u00bb\u00bb columns_gap=\u00bbnone\u00bb section_id=\u00bbsplash\u00bb el_class=\u00bbslant-gray\u00bb][vc_column width=\u00bb1\/3&#8243;][\/vc_column][vc_column vertical_content_position=\u00bbbottom\u00bb column_effect=\u00bbvertical-parallax\u00bb column_effect_limit=\u00bb2x\u00bb column_custom_position=\u00bbyes\u00bb position_right=\u00bbminus-3x\u00bb width=\u00bb5\/12&#8243; mobile_width=\u00bb3-5&#8243; tablet_portrait_column_effect=\u00bb\u00bb mobile_column_effect=\u00bb\u00bb el_wrapper_class=\u00bbrounded-25&#8243;][\/vc_column][vc_column vertical_content_position=\u00bbbottom\u00bb column_effect=\u00bbvertical-parallax\u00bb column_effect_limit=\u00bb6x\u00bb column_custom_position=\u00bbyes\u00bb position_bottom=\u00bbminus-5x\u00bb position_left=\u00bbminus-2x\u00bb width=\u00bb1\/4&#8243; mobile_width=\u00bb2-5&#8243; tablet_portrait_column_effect=\u00bb\u00bb mobile_column_effect=\u00bb\u00bb [&hellip;]\" \/>\n<meta property=\"og:url\" content=\"https:\/\/redtaag.com\/es\/tienda-de-entradas\/\" \/>\n<meta property=\"og:site_name\" content=\"Logiciel de billetterie en ligne (solution fullweb) pour th\u00e9\u00e2tres, salles de spectacle vivant, ...\" \/>\n<meta property=\"article:modified_time\" content=\"2024-08-19T13:10:04+00:00\" \/>\n<meta name=\"twitter:card\" content=\"summary_large_image\" \/>\n<meta name=\"twitter:label1\" content=\"Tiempo de lectura\" \/>\n\t<meta name=\"twitter:data1\" content=\"2 minutos\" \/>\n<script type=\"application\/ld+json\" class=\"yoast-schema-graph\">{\"@context\":\"https:\\\/\\\/schema.org\",\"@graph\":[{\"@type\":\"WebPage\",\"@id\":\"https:\\\/\\\/redtaag.com\\\/es\\\/tienda-de-entradas\\\/\",\"url\":\"https:\\\/\\\/redtaag.com\\\/es\\\/tienda-de-entradas\\\/\",\"name\":\"Tienda de entradas - Logiciel de billetterie en ligne (solution fullweb) pour th\u00e9\u00e2tres, salles de spectacle vivant, ...\",\"isPartOf\":{\"@id\":\"https:\\\/\\\/redtaag.com\\\/es\\\/#website\"},\"datePublished\":\"2022-08-25T13:07:51+00:00\",\"dateModified\":\"2024-08-19T13:10:04+00:00\",\"breadcrumb\":{\"@id\":\"https:\\\/\\\/redtaag.com\\\/es\\\/tienda-de-entradas\\\/#breadcrumb\"},\"inLanguage\":\"es\",\"potentialAction\":[{\"@type\":\"ReadAction\",\"target\":[\"https:\\\/\\\/redtaag.com\\\/es\\\/tienda-de-entradas\\\/\"]}]},{\"@type\":\"BreadcrumbList\",\"@id\":\"https:\\\/\\\/redtaag.com\\\/es\\\/tienda-de-entradas\\\/#breadcrumb\",\"itemListElement\":[{\"@type\":\"ListItem\",\"position\":1,\"name\":\"Accueil\",\"item\":\"https:\\\/\\\/redtaag.com\\\/es\\\/\"},{\"@type\":\"ListItem\",\"position\":2,\"name\":\"Tienda de entradas\"}]},{\"@type\":\"WebSite\",\"@id\":\"https:\\\/\\\/redtaag.com\\\/es\\\/#website\",\"url\":\"https:\\\/\\\/redtaag.com\\\/es\\\/\",\"name\":\"Logiciel de billetterie en ligne (solution fullweb) pour th\u00e9\u00e2tres, salles de spectacle vivant, ...\",\"description\":\"Logiciel de billetterie fullweb connect\u00e9 \u00e0 votre banque ou au tr\u00e9sor public\",\"publisher\":{\"@id\":\"https:\\\/\\\/redtaag.com\\\/es\\\/#organization\"},\"potentialAction\":[{\"@type\":\"SearchAction\",\"target\":{\"@type\":\"EntryPoint\",\"urlTemplate\":\"https:\\\/\\\/redtaag.com\\\/es\\\/?s={search_term_string}\"},\"query-input\":{\"@type\":\"PropertyValueSpecification\",\"valueRequired\":true,\"valueName\":\"search_term_string\"}}],\"inLanguage\":\"es\"},{\"@type\":\"Organization\",\"@id\":\"https:\\\/\\\/redtaag.com\\\/es\\\/#organization\",\"name\":\"Voodootix SAS\",\"url\":\"https:\\\/\\\/redtaag.com\\\/es\\\/\",\"logo\":{\"@type\":\"ImageObject\",\"inLanguage\":\"es\",\"@id\":\"https:\\\/\\\/redtaag.com\\\/es\\\/#\\\/schema\\\/logo\\\/image\\\/\",\"url\":\"https:\\\/\\\/i2.wp.com\\\/redtaag.com\\\/site-rtgv2\\\/wp-content\\\/uploads\\\/2019\\\/06\\\/redtaag_logo_dark.png?fit=328%2C47&ssl=1\",\"contentUrl\":\"https:\\\/\\\/i2.wp.com\\\/redtaag.com\\\/site-rtgv2\\\/wp-content\\\/uploads\\\/2019\\\/06\\\/redtaag_logo_dark.png?fit=328%2C47&ssl=1\",\"width\":328,\"height\":47,\"caption\":\"Voodootix SAS\"},\"image\":{\"@id\":\"https:\\\/\\\/redtaag.com\\\/es\\\/#\\\/schema\\\/logo\\\/image\\\/\"}}]}<\/script>\n<!-- \/ Yoast SEO plugin. -->","yoast_head_json":{"title":"Tienda de entradas - Logiciel de billetterie en ligne (solution fullweb) pour th\u00e9\u00e2tres, salles de spectacle vivant, ...","robots":{"index":"index","follow":"follow","max-snippet":"max-snippet:-1","max-image-preview":"max-image-preview:large","max-video-preview":"max-video-preview:-1"},"canonical":"https:\/\/redtaag.com\/es\/tienda-de-entradas\/","og_locale":"es_ES","og_type":"article","og_title":"Tienda de entradas - Logiciel de billetterie en ligne (solution fullweb) pour th\u00e9\u00e2tres, salles de spectacle vivant, ...","og_description":"[vc_row heading_color=\u00bblight\u00bb bg_type=\u00bbimage\u00bb bg_image=\u00bb263&#8243; padding_top_multiplier=\u00bb5x\u00bb padding_bottom_multiplier=\u00bb\u00bb columns_gap=\u00bbnone\u00bb section_id=\u00bbsplash\u00bb el_class=\u00bbslant-gray\u00bb][vc_column width=\u00bb1\/3&#8243;][\/vc_column][vc_column vertical_content_position=\u00bbbottom\u00bb column_effect=\u00bbvertical-parallax\u00bb column_effect_limit=\u00bb2x\u00bb column_custom_position=\u00bbyes\u00bb position_right=\u00bbminus-3x\u00bb width=\u00bb5\/12&#8243; mobile_width=\u00bb3-5&#8243; tablet_portrait_column_effect=\u00bb\u00bb mobile_column_effect=\u00bb\u00bb el_wrapper_class=\u00bbrounded-25&#8243;][\/vc_column][vc_column vertical_content_position=\u00bbbottom\u00bb column_effect=\u00bbvertical-parallax\u00bb column_effect_limit=\u00bb6x\u00bb column_custom_position=\u00bbyes\u00bb position_bottom=\u00bbminus-5x\u00bb position_left=\u00bbminus-2x\u00bb width=\u00bb1\/4&#8243; mobile_width=\u00bb2-5&#8243; tablet_portrait_column_effect=\u00bb\u00bb mobile_column_effect=\u00bb\u00bb [&hellip;]","og_url":"https:\/\/redtaag.com\/es\/tienda-de-entradas\/","og_site_name":"Logiciel de billetterie en ligne (solution fullweb) pour th\u00e9\u00e2tres, salles de spectacle vivant, ...","article_modified_time":"2024-08-19T13:10:04+00:00","twitter_card":"summary_large_image","twitter_misc":{"Tiempo de lectura":"2 minutos"},"schema":{"@context":"https:\/\/schema.org","@graph":[{"@type":"WebPage","@id":"https:\/\/redtaag.com\/es\/tienda-de-entradas\/","url":"https:\/\/redtaag.com\/es\/tienda-de-entradas\/","name":"Tienda de entradas - Logiciel de billetterie en ligne (solution fullweb) pour th\u00e9\u00e2tres, salles de spectacle vivant, ...","isPartOf":{"@id":"https:\/\/redtaag.com\/es\/#website"},"datePublished":"2022-08-25T13:07:51+00:00","dateModified":"2024-08-19T13:10:04+00:00","breadcrumb":{"@id":"https:\/\/redtaag.com\/es\/tienda-de-entradas\/#breadcrumb"},"inLanguage":"es","potentialAction":[{"@type":"ReadAction","target":["https:\/\/redtaag.com\/es\/tienda-de-entradas\/"]}]},{"@type":"BreadcrumbList","@id":"https:\/\/redtaag.com\/es\/tienda-de-entradas\/#breadcrumb","itemListElement":[{"@type":"ListItem","position":1,"name":"Accueil","item":"https:\/\/redtaag.com\/es\/"},{"@type":"ListItem","position":2,"name":"Tienda de entradas"}]},{"@type":"WebSite","@id":"https:\/\/redtaag.com\/es\/#website","url":"https:\/\/redtaag.com\/es\/","name":"Logiciel de billetterie en ligne (solution fullweb) pour th\u00e9\u00e2tres, salles de spectacle vivant, ...","description":"Logiciel de billetterie fullweb connect\u00e9 \u00e0 votre banque ou au tr\u00e9sor public","publisher":{"@id":"https:\/\/redtaag.com\/es\/#organization"},"potentialAction":[{"@type":"SearchAction","target":{"@type":"EntryPoint","urlTemplate":"https:\/\/redtaag.com\/es\/?s={search_term_string}"},"query-input":{"@type":"PropertyValueSpecification","valueRequired":true,"valueName":"search_term_string"}}],"inLanguage":"es"},{"@type":"Organization","@id":"https:\/\/redtaag.com\/es\/#organization","name":"Voodootix SAS","url":"https:\/\/redtaag.com\/es\/","logo":{"@type":"ImageObject","inLanguage":"es","@id":"https:\/\/redtaag.com\/es\/#\/schema\/logo\/image\/","url":"https:\/\/i2.wp.com\/redtaag.com\/site-rtgv2\/wp-content\/uploads\/2019\/06\/redtaag_logo_dark.png?fit=328%2C47&ssl=1","contentUrl":"https:\/\/i2.wp.com\/redtaag.com\/site-rtgv2\/wp-content\/uploads\/2019\/06\/redtaag_logo_dark.png?fit=328%2C47&ssl=1","width":328,"height":47,"caption":"Voodootix SAS"},"image":{"@id":"https:\/\/redtaag.com\/es\/#\/schema\/logo\/image\/"}}]}},"jetpack_sharing_enabled":true,"ticketed":false,"_links":{"self":[{"href":"https:\/\/redtaag.com\/es\/wp-json\/wp\/v2\/pages\/2558","targetHints":{"allow":["GET"]}}],"collection":[{"href":"https:\/\/redtaag.com\/es\/wp-json\/wp\/v2\/pages"}],"about":[{"href":"https:\/\/redtaag.com\/es\/wp-json\/wp\/v2\/types\/page"}],"author":[{"embeddable":true,"href":"https:\/\/redtaag.com\/es\/wp-json\/wp\/v2\/users\/2"}],"replies":[{"embeddable":true,"href":"https:\/\/redtaag.com\/es\/wp-json\/wp\/v2\/comments?post=2558"}],"version-history":[{"count":1,"href":"https:\/\/redtaag.com\/es\/wp-json\/wp\/v2\/pages\/2558\/revisions"}],"predecessor-version":[{"id":4951,"href":"https:\/\/redtaag.com\/es\/wp-json\/wp\/v2\/pages\/2558\/revisions\/4951"}],"wp:attachment":[{"href":"https:\/\/redtaag.com\/es\/wp-json\/wp\/v2\/media?parent=2558"}],"curies":[{"name":"wp","href":"https:\/\/api.w.org\/{rel}","templated":true}]}}