{"id":2528,"date":"2022-08-25T15:07:52","date_gmt":"2022-08-25T13:07:52","guid":{"rendered":"https:\/\/redtaag.com\/?page_id=2528"},"modified":"2022-08-25T15:08:02","modified_gmt":"2022-08-25T13:08:02","slug":"a-propos","status":"publish","type":"page","link":"https:\/\/redtaag.com\/es\/a-propos\/","title":{"rendered":"\u00c0 propos"},"content":{"rendered":"<div class=\"wpb-content-wrapper\"><p>[vc_row heading_color=\u00bblight\u00bb bg_type=\u00bbimage\u00bb bg_image=\u00bb263&#8243; padding_top_multiplier=\u00bb5x\u00bb padding_bottom_multiplier=\u00bb\u00bb columns_gap=\u00bbnone\u00bb section_id=\u00bbsplash\u00bb el_class=\u00bbslant-gray\u00bb][vc_column][vc_row_inner][vc_column_inner width=\u00bb1\/2&#8243;]<div class=\"grve-empty-space grve-height-3x\" style=\"\"><\/div><h2 class=\"grve-element grve-title grve-align-left grve-h1 grve-increase-heading grve-heading-200\" style=\"\"><span>Sobre nosotros<\/span><\/h2><div class=\"grve-empty-space grve-height-1x\" style=\"\"><\/div><div class=\"grve-element grve-image grve-clipping-left grve-clipping-animation gradient-line d-block mx-auto grve-align-left\" style=\"\" data-delay=\"200\">  <div class=\"grve-image-wrapper\"><img loading=\"lazy\" decoding=\"async\" width=\"140\" height=\"10\" src=\"https:\/\/i0.wp.com\/redtaag.com\/site-rtgv2\/wp-content\/uploads\/2019\/06\/gradient_line.jpg?fit=140%2C10&amp;ssl=1\" class=\"attachment-full size-full\" alt=\"\" \/>   <\/div><\/div><div class=\"grve-empty-space grve-height-1x\" style=\"\"><\/div><h1 class=\"grve-element grve-title grve-align-left grve-h3\" style=\"\"><span>Somos especialistas en software de venta de entradas desde 2009. Te ayudamos en la venta, publicaci\u00f3n y distribuci\u00f3n de entradas en canales f\u00edsicos y digitales.<\/span><\/h1>[\/vc_column_inner][vc_column_inner width=\u00bb1\/2&#8243;]<div class=\"grve-empty-space grve-height-3x\" style=\"\"><\/div><div class=\"grve-element grve-image grve-align-center grve-full-image grve-image-space-100\" style=\"\">  <div class=\"grve-image-wrapper\"><img loading=\"lazy\" decoding=\"async\" width=\"1084\" height=\"1015\" src=\"https:\/\/i0.wp.com\/redtaag.com\/site-rtgv2\/wp-content\/uploads\/2019\/06\/redtaag_superboy.png?fit=1084%2C1015&amp;ssl=1\" class=\"attachment-full size-full\" alt=\"\" srcset=\"https:\/\/i0.wp.com\/redtaag.com\/site-rtgv2\/wp-content\/uploads\/2019\/06\/redtaag_superboy.png?w=1084&amp;ssl=1 1084w, https:\/\/i0.wp.com\/redtaag.com\/site-rtgv2\/wp-content\/uploads\/2019\/06\/redtaag_superboy.png?resize=300%2C281&amp;ssl=1 300w, https:\/\/i0.wp.com\/redtaag.com\/site-rtgv2\/wp-content\/uploads\/2019\/06\/redtaag_superboy.png?resize=768%2C719&amp;ssl=1 768w, https:\/\/i0.wp.com\/redtaag.com\/site-rtgv2\/wp-content\/uploads\/2019\/06\/redtaag_superboy.png?resize=1024%2C959&amp;ssl=1 1024w\" sizes=\"auto, (max-width: 1080px) 100vw, 1080px\" \/>   <\/div><\/div>[\/vc_column_inner][\/vc_row_inner][\/vc_column][\/vc_row][vc_row bg_type=\u00bbcolor\u00bb padding_top_multiplier=\u00bb5x\u00bb padding_bottom_multiplier=\u00bb5x\u00bb columns_gap=\u00bb50&#8243; bg_color=\u00bb#f1eff4&#8243;][vc_column width=\u00bb1\/3&#8243; tablet_sm_width=\u00bb1&#8243; mobile_width=\u00bbhide\u00bb mobile_text_align=\u00bbcenter\u00bb css=\u00bb.vc_custom_1561124419357{margin-bottom: 3rem !important;padding-right: 5% !important;padding-left: 5% !important;}\u00bb]<div class=\"grve-element grve-image grve-align-center\" style=\"\">  <div class=\"grve-image-wrapper\"><img loading=\"lazy\" decoding=\"async\" width=\"400\" height=\"558\" src=\"https:\/\/i0.wp.com\/redtaag.com\/site-rtgv2\/wp-content\/uploads\/2019\/06\/redtaag_picture.png?fit=400%2C558&amp;ssl=1\" class=\"attachment-full size-full\" alt=\"\" srcset=\"https:\/\/i0.wp.com\/redtaag.com\/site-rtgv2\/wp-content\/uploads\/2019\/06\/redtaag_picture.png?w=400&amp;ssl=1 400w, https:\/\/i0.wp.com\/redtaag.com\/site-rtgv2\/wp-content\/uploads\/2019\/06\/redtaag_picture.png?resize=215%2C300&amp;ssl=1 215w\" sizes=\"auto, (max-width: 400px) 100vw, 400px\" \/>   <\/div><\/div>[\/vc_column][vc_column width=\u00bb1\/3&#8243; tablet_sm_width=\u00bb1-2&#8243;]<h2 class=\"grve-element grve-title grve-align-left grve-h2 grve-increase-heading grve-heading-180\" style=\"\"><span>Un experto reconocido<\/span><\/h2><div class=\"grve-element grve-image grve-clipping-left grve-clipping-animation gradient-line d-block mx-auto grve-align-left\" style=\"\" data-delay=\"200\">  <div class=\"grve-image-wrapper\"><img loading=\"lazy\" decoding=\"async\" width=\"140\" height=\"10\" src=\"https:\/\/i0.wp.com\/redtaag.com\/site-rtgv2\/wp-content\/uploads\/2019\/06\/gradient_line.jpg?fit=140%2C10&amp;ssl=1\" class=\"attachment-full size-full\" alt=\"\" \/>   <\/div><\/div><div class=\"grve-empty-space grve-height-1x\" style=\"\"><\/div>[vc_column_text text_style=\u00bbleader-text\u00bb]En 10 a\u00f1os, hemos adquirido una experiencia \u00fanica en la venta y distribuci\u00f3n de entradas en canales f\u00edsicos y digitales. Dedicamos esta experiencia para que nuestros clientes puedan acceder de forma sencilla a las \u00faltimas innovaciones tecnol\u00f3gicas y para ofrecerles soluciones que hagan que sus sistemas de venta de entradas sean m\u00e1s c\u00f3modos para el p\u00fablico.[\/vc_column_text][\/vc_column][vc_column width=\u00bb1\/3&#8243; tablet_sm_width=\u00bb1-2&#8243;][vc_column_text text_style=\u00bbleader-text\u00bb]Desde 2018, Voodootix tambi\u00e9n ofrece servicios a empresas del mundo del deporte y el espect\u00e1culo en vivo para ayudarles en la organizaci\u00f3n, el funcionamiento y la puesta en marcha de su venta de entradas de forma puntual o permanente.<\/p>\n<p>Con sede en Par\u00eds la D\u00e9fense, Voodootix opera en varios pa\u00edses, como B\u00e9lgica, Espa\u00f1a y Reino Unido.[\/vc_column_text][\/vc_column][vc_column width=\u00bb1\/3&#8243; desktop_hide=\u00bbhide\u00bb tablet_width=\u00bbhide\u00bb tablet_sm_width=\u00bbhide\u00bb]<div class=\"grve-empty-space grve-height-3x\" style=\"\"><\/div><div class=\"grve-element grve-image grve-align-center\" style=\"\">  <div class=\"grve-image-wrapper\"><img loading=\"lazy\" decoding=\"async\" width=\"400\" height=\"558\" src=\"https:\/\/i0.wp.com\/redtaag.com\/site-rtgv2\/wp-content\/uploads\/2019\/06\/redtaag_picture.png?fit=400%2C558&amp;ssl=1\" class=\"attachment-full size-full\" alt=\"\" srcset=\"https:\/\/i0.wp.com\/redtaag.com\/site-rtgv2\/wp-content\/uploads\/2019\/06\/redtaag_picture.png?w=400&amp;ssl=1 400w, https:\/\/i0.wp.com\/redtaag.com\/site-rtgv2\/wp-content\/uploads\/2019\/06\/redtaag_picture.png?resize=215%2C300&amp;ssl=1 215w\" sizes=\"auto, (max-width: 400px) 100vw, 400px\" \/>   <\/div><\/div>[\/vc_column][\/vc_row][vc_row bg_type=\u00bbcolor\u00bb padding_top_multiplier=\u00bb5x\u00bb padding_bottom_multiplier=\u00bb\u00bb columns_gap=\u00bb50&#8243; bg_color=\u00bb#f1eff4&#8243;][vc_column width=\u00bb5\/12&#8243; tablet_sm_width=\u00bb1&#8243; css=\u00bb.vc_custom_1561124518008{margin-bottom: 3rem !important;padding-right: 5% !important;padding-left: 5% !important;}\u00bb]<h2 class=\"grve-element grve-title grve-align-left grve-h2\" style=\"\"><span>Redtaag<sup>\u00ae<\/sup> es una edici\u00f3n de Voodootix SAS, editora de software de gesti\u00f3n de entradas desde 2009 que re\u00fane a <span class=\"grve-text-primary-1\">un equipo multidisciplinar de expertos :<\/span><br>\n&nbsp;<\/span><\/h2><div class=\"grve-empty-space grve-height-1x\" style=\"\"><\/div>[vc_column_text text_style=\u00bbleader-text\u00bb animation=\u00bbgrve-fade-in-right\u00bb]\u2022Especialistas en venta de entradas[\/vc_column_text][vc_column_text text_style=\u00bbleader-text\u00bb animation=\u00bbgrve-fade-in-right\u00bb animation_delay=\u00bb600&#8243;]\u2022Directores de arte especializados en interfaz de cliente (UI\/UX)[\/vc_column_text][vc_column_text text_style=\u00bbleader-text\u00bb animation=\u00bbgrve-fade-in-right\u00bb animation_delay=\u00bb1000&#8243;]\u2022Especialistas en marketing social y digital[\/vc_column_text][vc_column_text text_style=\u00bbleader-text\u00bb animation=\u00bbgrve-fade-in-right\u00bb animation_delay=\u00bb1400&#8243;]\u2022<span class=\"Apple-converted-space\">\u00a0<\/span>Ingenieros de desarrollo m\u00f3vil y web[\/vc_column_text][vc_column_text text_style=\u00bbleader-text\u00bb animation=\u00bbgrve-fade-in-right\u00bb animation_delay=\u00bb1800&#8243;]\u2022Ingenieros de redes e infraestructuras[\/vc_column_text]<div class=\"grve-empty-space grve-height-3x\" style=\"\"><\/div>[\/vc_column][vc_column vertical_content_position=\u00bbmiddle\u00bb column_effect=\u00bbvertical-parallax\u00bb column_effect_limit=\u00bb5x\u00bb width=\u00bb7\/12&#8243; tablet_sm_width=\u00bb1&#8243; text_align=\u00bbcenter\u00bb shadow=\u00bblarge\u00bb clipping_animation=\u00bbclipping-up\u00bb css=\u00bb.vc_custom_1562049224061{padding-top: 10% !important;padding-right: 10% !important;padding-bottom: 10% !important;padding-left: 10% !important;background-color: #ffffff !important;border-radius: 5px !important;}\u00bb]<h5 class=\"grve-element grve-title grve-align-center grve-h5\" style=\"\"><span>Fundadores<\/span><\/h5><div class=\"grve-empty-space grve-height-1x\" style=\"\"><\/div>[vc_row_inner][vc_column_inner width=\u00bb1\/2&#8243; tablet_sm_width=\u00bb1-2&#8243;]<div class=\"grve-element grve-image grve-align-center\" style=\"\">  <div class=\"grve-image-wrapper\"><img loading=\"lazy\" decoding=\"async\" width=\"150\" height=\"150\" src=\"https:\/\/i0.wp.com\/redtaag.com\/site-rtgv2\/wp-content\/uploads\/2019\/06\/vincent_dethier.png?fit=150%2C150&amp;ssl=1\" class=\"attachment-full size-full\" alt=\"\" \/>   <\/div><\/div><div class=\"grve-empty-space grve-height-1x\" style=\"\"><\/div><h3 class=\"grve-element grve-title grve-align-center grve-h6 text-uppercase\" style=\"margin-bottom: 0px;\"><span>Vincent<\/span><\/h3>[vc_column_text]Ingeniero de desarrollo m\u00f3vil y web[\/vc_column_text]<div class=\"grve-empty-space grve-height-2x\" style=\"\"><\/div>[\/vc_column_inner][vc_column_inner width=\u00bb1\/2&#8243; tablet_sm_width=\u00bb1-2&#8243;]<div class=\"grve-element grve-image grve-align-center\" style=\"\">  <div class=\"grve-image-wrapper\"><img loading=\"lazy\" decoding=\"async\" width=\"150\" height=\"150\" src=\"https:\/\/i0.wp.com\/redtaag.com\/site-rtgv2\/wp-content\/uploads\/2019\/06\/philippe_tarrare.png?fit=150%2C150&amp;ssl=1\" class=\"attachment-full size-full\" alt=\"\" \/>   <\/div><\/div><div class=\"grve-empty-space grve-height-1x\" style=\"\"><\/div><h3 class=\"grve-element grve-title grve-align-center grve-h6 text-uppercase\" style=\"margin-bottom: 0px;\"><span>Philippe<\/span><\/h3>[vc_column_text]Especialista en venta de entradas[\/vc_column_text]<div class=\"grve-empty-space grve-height-2x\" style=\"\"><\/div>[\/vc_column_inner][vc_column_inner tablet_sm_width=\u00bbhide\u00bb mobile_width=\u00bbhide\u00bb]<div class=\"grve-element grve-divider\" style=\"\"><div class=\"grve-line-divider grve-border\"><\/div><\/div><div class=\"grve-empty-space grve-height-2x\" style=\"\"><\/div>[\/vc_column_inner][vc_column_inner width=\u00bb1\/2&#8243; tablet_sm_width=\u00bb1-2&#8243;]<div class=\"grve-element grve-image grve-align-center\" style=\"\">  <div class=\"grve-image-wrapper\"><img loading=\"lazy\" decoding=\"async\" width=\"150\" height=\"150\" src=\"https:\/\/i0.wp.com\/redtaag.com\/site-rtgv2\/wp-content\/uploads\/2019\/06\/guillaume_lecroart.png?fit=150%2C150&amp;ssl=1\" class=\"attachment-full size-full\" alt=\"\" \/>   <\/div><\/div><div class=\"grve-empty-space grve-height-1x\" style=\"\"><\/div><h3 class=\"grve-element grve-title grve-align-center grve-h6 text-uppercase\" style=\"margin-bottom: 0px;\"><span>Guillaume<\/span><\/h3>[vc_column_text]Ingeniero de redes e infraestructuras[\/vc_column_text]<div class=\"grve-empty-space grve-height-2x\" style=\"\"><\/div>[\/vc_column_inner][vc_column_inner width=\u00bb1\/2&#8243; tablet_sm_width=\u00bb1-2&#8243;]<div class=\"grve-element grve-image grve-align-center\" style=\"\">  <div class=\"grve-image-wrapper\"><img loading=\"lazy\" decoding=\"async\" width=\"150\" height=\"150\" src=\"https:\/\/i0.wp.com\/redtaag.com\/site-rtgv2\/wp-content\/uploads\/2019\/06\/karim_boukarabila.png?fit=150%2C150&amp;ssl=1\" class=\"attachment-full size-full\" alt=\"\" \/>   <\/div><\/div><div class=\"grve-empty-space grve-height-1x\" style=\"\"><\/div><h3 class=\"grve-element grve-title grve-align-center grve-h6 text-uppercase\" style=\"margin-bottom: 0px;\"><span>Karim<\/span><\/h3>[vc_column_text]Director de arte y dise\u00f1ador UX\/UI[\/vc_column_text][\/vc_column_inner][\/vc_row_inner][\/vc_column][\/vc_row]<\/p>\n<\/div>","protected":false},"excerpt":{"rendered":"<p>[vc_row heading_color=\u00bblight\u00bb bg_type=\u00bbimage\u00bb bg_image=\u00bb263&#8243; padding_top_multiplier=\u00bb5x\u00bb padding_bottom_multiplier=\u00bb\u00bb columns_gap=\u00bbnone\u00bb section_id=\u00bbsplash\u00bb el_class=\u00bbslant-gray\u00bb][vc_column][vc_row_inner][vc_column_inner width=\u00bb1\/2&#8243;][\/vc_column_inner][vc_column_inner width=\u00bb1\/2&#8243;][\/vc_column_inner][\/vc_row_inner][\/vc_column][\/vc_row][vc_row bg_type=\u00bbcolor\u00bb padding_top_multiplier=\u00bb5x\u00bb padding_bottom_multiplier=\u00bb5x\u00bb columns_gap=\u00bb50&#8243; bg_color=\u00bb#f1eff4&#8243;][vc_column width=\u00bb1\/3&#8243; tablet_sm_width=\u00bb1&#8243; mobile_width=\u00bbhide\u00bb mobile_text_align=\u00bbcenter\u00bb css=\u00bb.vc_custom_1561124419357{margin-bottom: 3rem !important;padding-right: 5% !important;padding-left: 5% !important;}\u00bb][\/vc_column][vc_column width=\u00bb1\/3&#8243; tablet_sm_width=\u00bb1-2&#8243;][vc_column_text text_style=\u00bbleader-text\u00bb]En [&hellip;]<\/p>\n","protected":false},"author":2,"featured_media":0,"parent":0,"menu_order":3,"comment_status":"closed","ping_status":"closed","template":"","meta":{"_price":"","_stock":"","_tribe_ticket_header":"","_tribe_default_ticket_provider":"","_tribe_ticket_capacity":"0","_ticket_start_date":"","_ticket_end_date":"","_tribe_ticket_show_description":"","_tribe_ticket_show_not_going":false,"_tribe_ticket_use_global_stock":"","_tribe_ticket_global_stock_level":"","_global_stock_mode":"","_global_stock_cap":"","_tribe_rsvp_for_event":"","_tribe_ticket_going_count":"","_tribe_ticket_not_going_count":"","_tribe_tickets_list":"[]","_tribe_ticket_has_attendee_info_fields":false,"footnotes":"","_tec_slr_enabled":"","_tec_slr_layout":""},"class_list":["post-2528","page","type-page","status-publish","hentry"],"yoast_head":"<!-- This site is optimized with the Yoast SEO plugin v27.5 - https:\/\/yoast.com\/product\/yoast-seo-wordpress\/ -->\n<title>\u00c0 propos - Logiciel de billetterie en ligne (solution fullweb) pour th\u00e9\u00e2tres, salles de spectacle vivant, ...<\/title>\n<meta name=\"robots\" content=\"index, follow, max-snippet:-1, max-image-preview:large, max-video-preview:-1\" \/>\n<link rel=\"canonical\" href=\"https:\/\/redtaag.com\/es\/a-propos\/\" \/>\n<meta property=\"og:locale\" content=\"es_ES\" \/>\n<meta property=\"og:type\" content=\"article\" \/>\n<meta property=\"og:title\" content=\"\u00c0 propos - Logiciel de billetterie en ligne (solution fullweb) pour th\u00e9\u00e2tres, salles de spectacle vivant, ...\" \/>\n<meta property=\"og:description\" content=\"[vc_row heading_color=\u00bblight\u00bb bg_type=\u00bbimage\u00bb bg_image=\u00bb263&#8243; padding_top_multiplier=\u00bb5x\u00bb padding_bottom_multiplier=\u00bb\u00bb columns_gap=\u00bbnone\u00bb section_id=\u00bbsplash\u00bb el_class=\u00bbslant-gray\u00bb][vc_column][vc_row_inner][vc_column_inner width=\u00bb1\/2&#8243;][\/vc_column_inner][vc_column_inner width=\u00bb1\/2&#8243;][\/vc_column_inner][\/vc_row_inner][\/vc_column][\/vc_row][vc_row bg_type=\u00bbcolor\u00bb padding_top_multiplier=\u00bb5x\u00bb padding_bottom_multiplier=\u00bb5x\u00bb columns_gap=\u00bb50&#8243; bg_color=\u00bb#f1eff4&#8243;][vc_column width=\u00bb1\/3&#8243; tablet_sm_width=\u00bb1&#8243; mobile_width=\u00bbhide\u00bb mobile_text_align=\u00bbcenter\u00bb css=\u00bb.vc_custom_1561124419357{margin-bottom: 3rem !important;padding-right: 5% !important;padding-left: 5% !important;}\u00bb][\/vc_column][vc_column width=\u00bb1\/3&#8243; tablet_sm_width=\u00bb1-2&#8243;][vc_column_text text_style=\u00bbleader-text\u00bb]En [&hellip;]\" \/>\n<meta property=\"og:url\" content=\"https:\/\/redtaag.com\/es\/a-propos\/\" \/>\n<meta property=\"og:site_name\" content=\"Logiciel de billetterie en ligne (solution fullweb) pour th\u00e9\u00e2tres, salles de spectacle vivant, ...\" \/>\n<meta property=\"article:modified_time\" content=\"2022-08-25T13:08:02+00:00\" \/>\n<meta name=\"twitter:card\" content=\"summary_large_image\" \/>\n<meta name=\"twitter:label1\" content=\"Tiempo de lectura\" \/>\n\t<meta name=\"twitter:data1\" content=\"2 minutos\" \/>\n<script type=\"application\/ld+json\" class=\"yoast-schema-graph\">{\"@context\":\"https:\\\/\\\/schema.org\",\"@graph\":[{\"@type\":\"WebPage\",\"@id\":\"https:\\\/\\\/redtaag.com\\\/es\\\/a-propos\\\/\",\"url\":\"https:\\\/\\\/redtaag.com\\\/es\\\/a-propos\\\/\",\"name\":\"\u00c0 propos - Logiciel de billetterie en ligne (solution fullweb) pour th\u00e9\u00e2tres, salles de spectacle vivant, ...\",\"isPartOf\":{\"@id\":\"https:\\\/\\\/redtaag.com\\\/es\\\/#website\"},\"datePublished\":\"2022-08-25T13:07:52+00:00\",\"dateModified\":\"2022-08-25T13:08:02+00:00\",\"breadcrumb\":{\"@id\":\"https:\\\/\\\/redtaag.com\\\/es\\\/a-propos\\\/#breadcrumb\"},\"inLanguage\":\"es\",\"potentialAction\":[{\"@type\":\"ReadAction\",\"target\":[\"https:\\\/\\\/redtaag.com\\\/es\\\/a-propos\\\/\"]}]},{\"@type\":\"BreadcrumbList\",\"@id\":\"https:\\\/\\\/redtaag.com\\\/es\\\/a-propos\\\/#breadcrumb\",\"itemListElement\":[{\"@type\":\"ListItem\",\"position\":1,\"name\":\"Accueil\",\"item\":\"https:\\\/\\\/redtaag.com\\\/es\\\/\"},{\"@type\":\"ListItem\",\"position\":2,\"name\":\"\u00c0 propos\"}]},{\"@type\":\"WebSite\",\"@id\":\"https:\\\/\\\/redtaag.com\\\/es\\\/#website\",\"url\":\"https:\\\/\\\/redtaag.com\\\/es\\\/\",\"name\":\"Logiciel de billetterie en ligne (solution fullweb) pour th\u00e9\u00e2tres, salles de spectacle vivant, ...\",\"description\":\"Logiciel de billetterie fullweb connect\u00e9 \u00e0 votre banque ou au tr\u00e9sor public\",\"publisher\":{\"@id\":\"https:\\\/\\\/redtaag.com\\\/es\\\/#organization\"},\"potentialAction\":[{\"@type\":\"SearchAction\",\"target\":{\"@type\":\"EntryPoint\",\"urlTemplate\":\"https:\\\/\\\/redtaag.com\\\/es\\\/?s={search_term_string}\"},\"query-input\":{\"@type\":\"PropertyValueSpecification\",\"valueRequired\":true,\"valueName\":\"search_term_string\"}}],\"inLanguage\":\"es\"},{\"@type\":\"Organization\",\"@id\":\"https:\\\/\\\/redtaag.com\\\/es\\\/#organization\",\"name\":\"Voodootix SAS\",\"url\":\"https:\\\/\\\/redtaag.com\\\/es\\\/\",\"logo\":{\"@type\":\"ImageObject\",\"inLanguage\":\"es\",\"@id\":\"https:\\\/\\\/redtaag.com\\\/es\\\/#\\\/schema\\\/logo\\\/image\\\/\",\"url\":\"https:\\\/\\\/i2.wp.com\\\/redtaag.com\\\/site-rtgv2\\\/wp-content\\\/uploads\\\/2019\\\/06\\\/redtaag_logo_dark.png?fit=328%2C47&ssl=1\",\"contentUrl\":\"https:\\\/\\\/i2.wp.com\\\/redtaag.com\\\/site-rtgv2\\\/wp-content\\\/uploads\\\/2019\\\/06\\\/redtaag_logo_dark.png?fit=328%2C47&ssl=1\",\"width\":328,\"height\":47,\"caption\":\"Voodootix SAS\"},\"image\":{\"@id\":\"https:\\\/\\\/redtaag.com\\\/es\\\/#\\\/schema\\\/logo\\\/image\\\/\"}}]}<\/script>\n<!-- \/ Yoast SEO plugin. -->","yoast_head_json":{"title":"\u00c0 propos - Logiciel de billetterie en ligne (solution fullweb) pour th\u00e9\u00e2tres, salles de spectacle vivant, ...","robots":{"index":"index","follow":"follow","max-snippet":"max-snippet:-1","max-image-preview":"max-image-preview:large","max-video-preview":"max-video-preview:-1"},"canonical":"https:\/\/redtaag.com\/es\/a-propos\/","og_locale":"es_ES","og_type":"article","og_title":"\u00c0 propos - Logiciel de billetterie en ligne (solution fullweb) pour th\u00e9\u00e2tres, salles de spectacle vivant, ...","og_description":"[vc_row heading_color=\u00bblight\u00bb bg_type=\u00bbimage\u00bb bg_image=\u00bb263&#8243; padding_top_multiplier=\u00bb5x\u00bb padding_bottom_multiplier=\u00bb\u00bb columns_gap=\u00bbnone\u00bb section_id=\u00bbsplash\u00bb el_class=\u00bbslant-gray\u00bb][vc_column][vc_row_inner][vc_column_inner width=\u00bb1\/2&#8243;][\/vc_column_inner][vc_column_inner width=\u00bb1\/2&#8243;][\/vc_column_inner][\/vc_row_inner][\/vc_column][\/vc_row][vc_row bg_type=\u00bbcolor\u00bb padding_top_multiplier=\u00bb5x\u00bb padding_bottom_multiplier=\u00bb5x\u00bb columns_gap=\u00bb50&#8243; bg_color=\u00bb#f1eff4&#8243;][vc_column width=\u00bb1\/3&#8243; tablet_sm_width=\u00bb1&#8243; mobile_width=\u00bbhide\u00bb mobile_text_align=\u00bbcenter\u00bb css=\u00bb.vc_custom_1561124419357{margin-bottom: 3rem !important;padding-right: 5% !important;padding-left: 5% !important;}\u00bb][\/vc_column][vc_column width=\u00bb1\/3&#8243; tablet_sm_width=\u00bb1-2&#8243;][vc_column_text text_style=\u00bbleader-text\u00bb]En [&hellip;]","og_url":"https:\/\/redtaag.com\/es\/a-propos\/","og_site_name":"Logiciel de billetterie en ligne (solution fullweb) pour th\u00e9\u00e2tres, salles de spectacle vivant, ...","article_modified_time":"2022-08-25T13:08:02+00:00","twitter_card":"summary_large_image","twitter_misc":{"Tiempo de lectura":"2 minutos"},"schema":{"@context":"https:\/\/schema.org","@graph":[{"@type":"WebPage","@id":"https:\/\/redtaag.com\/es\/a-propos\/","url":"https:\/\/redtaag.com\/es\/a-propos\/","name":"\u00c0 propos - Logiciel de billetterie en ligne (solution fullweb) pour th\u00e9\u00e2tres, salles de spectacle vivant, ...","isPartOf":{"@id":"https:\/\/redtaag.com\/es\/#website"},"datePublished":"2022-08-25T13:07:52+00:00","dateModified":"2022-08-25T13:08:02+00:00","breadcrumb":{"@id":"https:\/\/redtaag.com\/es\/a-propos\/#breadcrumb"},"inLanguage":"es","potentialAction":[{"@type":"ReadAction","target":["https:\/\/redtaag.com\/es\/a-propos\/"]}]},{"@type":"BreadcrumbList","@id":"https:\/\/redtaag.com\/es\/a-propos\/#breadcrumb","itemListElement":[{"@type":"ListItem","position":1,"name":"Accueil","item":"https:\/\/redtaag.com\/es\/"},{"@type":"ListItem","position":2,"name":"\u00c0 propos"}]},{"@type":"WebSite","@id":"https:\/\/redtaag.com\/es\/#website","url":"https:\/\/redtaag.com\/es\/","name":"Logiciel de billetterie en ligne (solution fullweb) pour th\u00e9\u00e2tres, salles de spectacle vivant, ...","description":"Logiciel de billetterie fullweb connect\u00e9 \u00e0 votre banque ou au tr\u00e9sor public","publisher":{"@id":"https:\/\/redtaag.com\/es\/#organization"},"potentialAction":[{"@type":"SearchAction","target":{"@type":"EntryPoint","urlTemplate":"https:\/\/redtaag.com\/es\/?s={search_term_string}"},"query-input":{"@type":"PropertyValueSpecification","valueRequired":true,"valueName":"search_term_string"}}],"inLanguage":"es"},{"@type":"Organization","@id":"https:\/\/redtaag.com\/es\/#organization","name":"Voodootix SAS","url":"https:\/\/redtaag.com\/es\/","logo":{"@type":"ImageObject","inLanguage":"es","@id":"https:\/\/redtaag.com\/es\/#\/schema\/logo\/image\/","url":"https:\/\/i2.wp.com\/redtaag.com\/site-rtgv2\/wp-content\/uploads\/2019\/06\/redtaag_logo_dark.png?fit=328%2C47&ssl=1","contentUrl":"https:\/\/i2.wp.com\/redtaag.com\/site-rtgv2\/wp-content\/uploads\/2019\/06\/redtaag_logo_dark.png?fit=328%2C47&ssl=1","width":328,"height":47,"caption":"Voodootix SAS"},"image":{"@id":"https:\/\/redtaag.com\/es\/#\/schema\/logo\/image\/"}}]}},"jetpack_sharing_enabled":true,"ticketed":false,"_links":{"self":[{"href":"https:\/\/redtaag.com\/es\/wp-json\/wp\/v2\/pages\/2528","targetHints":{"allow":["GET"]}}],"collection":[{"href":"https:\/\/redtaag.com\/es\/wp-json\/wp\/v2\/pages"}],"about":[{"href":"https:\/\/redtaag.com\/es\/wp-json\/wp\/v2\/types\/page"}],"author":[{"embeddable":true,"href":"https:\/\/redtaag.com\/es\/wp-json\/wp\/v2\/users\/2"}],"replies":[{"embeddable":true,"href":"https:\/\/redtaag.com\/es\/wp-json\/wp\/v2\/comments?post=2528"}],"version-history":[{"count":0,"href":"https:\/\/redtaag.com\/es\/wp-json\/wp\/v2\/pages\/2528\/revisions"}],"wp:attachment":[{"href":"https:\/\/redtaag.com\/es\/wp-json\/wp\/v2\/media?parent=2528"}],"curies":[{"name":"wp","href":"https:\/\/api.w.org\/{rel}","templated":true}]}}