{"id":2344,"date":"2020-03-28T20:33:15","date_gmt":"2020-03-28T19:33:15","guid":{"rendered":"https:\/\/redtaag.com\/produit\/android-sb-cwu1-pda-barcode-reader\/"},"modified":"2024-08-12T00:19:44","modified_gmt":"2024-08-11T22:19:44","slug":"android-sb-cwu1-pda-barcode-reader","status":"publish","type":"product","link":"https:\/\/redtaag.com\/en\/produit\/android-sb-cwu1-pda-barcode-reader\/","title":{"rendered":"Android SB-CWU1 PDA barcode reader"},"content":{"rendered":"<p><b>As powerful<\/b> (same reader) as the first scanner described, this model does not come <b>with a holster<\/b><\/p>\n<p>They are delivered with the <a href=\"https:\/\/play.google.com\/store\/apps\/details?id=com.redtaag.scanner.redtaag\">Redtaag app<\/a> pre-installed. Ready for use, all you need to do is pair to your device by adding a scanner in your back office and scanning the configuration code (or sending the code to be scanned to your access-control staff)<\/p>\n<p>Very easy to use, you can set the scanner up from the back office to determine the events and doors to be controlled. The barcode readers automatically update with no intervention from your access-control staff.<\/p>\n<p>You can place one or several scanners per door according to your access-control needs. You can continue sales after the start of control operations. In online mode, ticket scans update the reporting back office, which allows you to monitor numbers present at your event in real time.<\/p>\n<p>New versions of the control app are updated automatically via the Play Store. The scanners are shockproof and waterproof. They can be used online and offline.<\/p>\n","protected":false},"excerpt":{"rendered":"<p>Android PDA allowing you to scan your tickets and the tickets of your resellers (Fnac, France Billet, Digitick, etc.) and co-producers.<\/p>\n<p><b>New barcode reader<\/b> made compatible with Redtaag to allow customers to retain their barcode readers previously used with another ticketing solution<\/p>\n","protected":false},"featured_media":2352,"comment_status":"closed","ping_status":"closed","template":"","meta":{"_price":"395","_stock":"7.000000","_tribe_ticket_header":"","_tribe_default_ticket_provider":"","_tribe_ticket_capacity":"7","_ticket_start_date":"","_ticket_end_date":"","_tribe_ticket_show_description":"","_tribe_ticket_show_not_going":false,"_tribe_ticket_use_global_stock":"","_tribe_ticket_global_stock_level":"","_global_stock_mode":"","_global_stock_cap":"","_tribe_rsvp_for_event":"","_tribe_ticket_going_count":"","_tribe_ticket_not_going_count":"","_tribe_tickets_list":"[]","_tribe_ticket_has_attendee_info_fields":false},"product_brand":[],"product_cat":[],"product_tag":[],"class_list":{"0":"post-2344","1":"product","2":"type-product","3":"status-publish","4":"has-post-thumbnail","6":"tm-no-options","8":"first","9":"instock","10":"sale","11":"taxable","12":"shipping-taxable","13":"purchasable","14":"product-type-simple"},"yoast_head":"<!-- This site is optimized with the Yoast SEO plugin v27.3 - https:\/\/yoast.com\/product\/yoast-seo-wordpress\/ -->\n<title>Android SB-CWU1 PDA barcode reader - Logiciel de billetterie en ligne (solution fullweb) pour th\u00e9\u00e2tres, salles de spectacle vivant, ...<\/title>\n<meta name=\"robots\" content=\"index, follow, max-snippet:-1, max-image-preview:large, max-video-preview:-1\" \/>\n<link rel=\"canonical\" href=\"https:\/\/redtaag.com\/en\/produit\/android-sb-cwu1-pda-barcode-reader\/\" \/>\n<meta property=\"og:locale\" content=\"en_US\" \/>\n<meta property=\"og:type\" content=\"article\" \/>\n<meta property=\"og:title\" content=\"Android SB-CWU1 PDA barcode reader - Logiciel de billetterie en ligne (solution fullweb) pour th\u00e9\u00e2tres, salles de spectacle vivant, ...\" \/>\n<meta property=\"og:description\" content=\"Android PDA allowing you to scan your tickets and the tickets of your resellers (Fnac, France Billet, Digitick, etc.) and co-producers.  New barcode reader made compatible with Redtaag to allow customers to retain their barcode readers previously used with another ticketing solution\" \/>\n<meta property=\"og:url\" content=\"https:\/\/redtaag.com\/en\/produit\/android-sb-cwu1-pda-barcode-reader\/\" \/>\n<meta property=\"og:site_name\" content=\"Logiciel de billetterie en ligne (solution fullweb) pour th\u00e9\u00e2tres, salles de spectacle vivant, ...\" \/>\n<meta property=\"article:modified_time\" content=\"2024-08-11T22:19:44+00:00\" \/>\n<meta property=\"og:image\" content=\"https:\/\/redtaag.com\/site-rtgv2\/wp-content\/uploads\/2020\/03\/pda-scanner-douchette-billets-android-face-dos.jpg\" \/>\n\t<meta property=\"og:image:width\" content=\"1134\" \/>\n\t<meta property=\"og:image:height\" content=\"850\" \/>\n\t<meta property=\"og:image:type\" content=\"image\/jpeg\" \/>\n<meta name=\"twitter:card\" content=\"summary_large_image\" \/>\n<meta name=\"twitter:label1\" content=\"Est. reading time\" \/>\n\t<meta name=\"twitter:data1\" content=\"1 minute\" \/>\n<script type=\"application\/ld+json\" class=\"yoast-schema-graph\">{\"@context\":\"https:\\\/\\\/schema.org\",\"@graph\":[{\"@type\":\"WebPage\",\"@id\":\"https:\\\/\\\/redtaag.com\\\/en\\\/produit\\\/android-sb-cwu1-pda-barcode-reader\\\/\",\"url\":\"https:\\\/\\\/redtaag.com\\\/en\\\/produit\\\/android-sb-cwu1-pda-barcode-reader\\\/\",\"name\":\"Android SB-CWU1 PDA barcode reader - Logiciel de billetterie en ligne (solution fullweb) pour th\u00e9\u00e2tres, salles de spectacle vivant, ...\",\"isPartOf\":{\"@id\":\"https:\\\/\\\/redtaag.com\\\/en\\\/#website\"},\"primaryImageOfPage\":{\"@id\":\"https:\\\/\\\/redtaag.com\\\/en\\\/produit\\\/android-sb-cwu1-pda-barcode-reader\\\/#primaryimage\"},\"image\":{\"@id\":\"https:\\\/\\\/redtaag.com\\\/en\\\/produit\\\/android-sb-cwu1-pda-barcode-reader\\\/#primaryimage\"},\"thumbnailUrl\":\"https:\\\/\\\/i0.wp.com\\\/redtaag.com\\\/site-rtgv2\\\/wp-content\\\/uploads\\\/2020\\\/03\\\/pda-scanner-douchette-billets-android-face-dos.jpg?fit=1134%2C850&ssl=1\",\"datePublished\":\"2020-03-28T19:33:15+00:00\",\"dateModified\":\"2024-08-11T22:19:44+00:00\",\"breadcrumb\":{\"@id\":\"https:\\\/\\\/redtaag.com\\\/en\\\/produit\\\/android-sb-cwu1-pda-barcode-reader\\\/#breadcrumb\"},\"inLanguage\":\"en-US\",\"potentialAction\":[{\"@type\":\"ReadAction\",\"target\":[\"https:\\\/\\\/redtaag.com\\\/en\\\/produit\\\/android-sb-cwu1-pda-barcode-reader\\\/\"]}]},{\"@type\":\"ImageObject\",\"inLanguage\":\"en-US\",\"@id\":\"https:\\\/\\\/redtaag.com\\\/en\\\/produit\\\/android-sb-cwu1-pda-barcode-reader\\\/#primaryimage\",\"url\":\"https:\\\/\\\/i0.wp.com\\\/redtaag.com\\\/site-rtgv2\\\/wp-content\\\/uploads\\\/2020\\\/03\\\/pda-scanner-douchette-billets-android-face-dos.jpg?fit=1134%2C850&ssl=1\",\"contentUrl\":\"https:\\\/\\\/i0.wp.com\\\/redtaag.com\\\/site-rtgv2\\\/wp-content\\\/uploads\\\/2020\\\/03\\\/pda-scanner-douchette-billets-android-face-dos.jpg?fit=1134%2C850&ssl=1\",\"width\":1134,\"height\":850},{\"@type\":\"BreadcrumbList\",\"@id\":\"https:\\\/\\\/redtaag.com\\\/en\\\/produit\\\/android-sb-cwu1-pda-barcode-reader\\\/#breadcrumb\",\"itemListElement\":[{\"@type\":\"ListItem\",\"position\":1,\"name\":\"Accueil\",\"item\":\"https:\\\/\\\/redtaag.com\\\/en\\\/?lang=en\"},{\"@type\":\"ListItem\",\"position\":2,\"name\":\"Boutique\",\"item\":\"https:\\\/\\\/redtaag.com\\\/boutique\\\/\"},{\"@type\":\"ListItem\",\"position\":3,\"name\":\"Android SB-CWU1 PDA barcode reader\"}]},{\"@type\":\"WebSite\",\"@id\":\"https:\\\/\\\/redtaag.com\\\/en\\\/#website\",\"url\":\"https:\\\/\\\/redtaag.com\\\/en\\\/\",\"name\":\"Logiciel de billetterie en ligne (solution fullweb) pour th\u00e9\u00e2tres, salles de spectacle vivant, ...\",\"description\":\"Logiciel de billetterie fullweb connect\u00e9 \u00e0 votre banque ou au tr\u00e9sor public\",\"publisher\":{\"@id\":\"https:\\\/\\\/redtaag.com\\\/en\\\/#organization\"},\"potentialAction\":[{\"@type\":\"SearchAction\",\"target\":{\"@type\":\"EntryPoint\",\"urlTemplate\":\"https:\\\/\\\/redtaag.com\\\/en\\\/?s={search_term_string}\"},\"query-input\":{\"@type\":\"PropertyValueSpecification\",\"valueRequired\":true,\"valueName\":\"search_term_string\"}}],\"inLanguage\":\"en-US\"},{\"@type\":\"Organization\",\"@id\":\"https:\\\/\\\/redtaag.com\\\/en\\\/#organization\",\"name\":\"Voodootix SAS\",\"url\":\"https:\\\/\\\/redtaag.com\\\/en\\\/\",\"logo\":{\"@type\":\"ImageObject\",\"inLanguage\":\"en-US\",\"@id\":\"https:\\\/\\\/redtaag.com\\\/en\\\/#\\\/schema\\\/logo\\\/image\\\/\",\"url\":\"https:\\\/\\\/i2.wp.com\\\/redtaag.com\\\/site-rtgv2\\\/wp-content\\\/uploads\\\/2019\\\/06\\\/redtaag_logo_dark.png?fit=328%2C47&ssl=1\",\"contentUrl\":\"https:\\\/\\\/i2.wp.com\\\/redtaag.com\\\/site-rtgv2\\\/wp-content\\\/uploads\\\/2019\\\/06\\\/redtaag_logo_dark.png?fit=328%2C47&ssl=1\",\"width\":328,\"height\":47,\"caption\":\"Voodootix SAS\"},\"image\":{\"@id\":\"https:\\\/\\\/redtaag.com\\\/en\\\/#\\\/schema\\\/logo\\\/image\\\/\"}}]}<\/script>\n<!-- \/ Yoast SEO plugin. -->","yoast_head_json":{"title":"Android SB-CWU1 PDA barcode reader - Logiciel de billetterie en ligne (solution fullweb) pour th\u00e9\u00e2tres, salles de spectacle vivant, ...","robots":{"index":"index","follow":"follow","max-snippet":"max-snippet:-1","max-image-preview":"max-image-preview:large","max-video-preview":"max-video-preview:-1"},"canonical":"https:\/\/redtaag.com\/en\/produit\/android-sb-cwu1-pda-barcode-reader\/","og_locale":"en_US","og_type":"article","og_title":"Android SB-CWU1 PDA barcode reader - Logiciel de billetterie en ligne (solution fullweb) pour th\u00e9\u00e2tres, salles de spectacle vivant, ...","og_description":"Android PDA allowing you to scan your tickets and the tickets of your resellers (Fnac, France Billet, Digitick, etc.) and co-producers.  New barcode reader made compatible with Redtaag to allow customers to retain their barcode readers previously used with another ticketing solution","og_url":"https:\/\/redtaag.com\/en\/produit\/android-sb-cwu1-pda-barcode-reader\/","og_site_name":"Logiciel de billetterie en ligne (solution fullweb) pour th\u00e9\u00e2tres, salles de spectacle vivant, ...","article_modified_time":"2024-08-11T22:19:44+00:00","og_image":[{"width":1134,"height":850,"url":"https:\/\/redtaag.com\/site-rtgv2\/wp-content\/uploads\/2020\/03\/pda-scanner-douchette-billets-android-face-dos.jpg","type":"image\/jpeg"}],"twitter_card":"summary_large_image","twitter_misc":{"Est. reading time":"1 minute"},"schema":{"@context":"https:\/\/schema.org","@graph":[{"@type":"WebPage","@id":"https:\/\/redtaag.com\/en\/produit\/android-sb-cwu1-pda-barcode-reader\/","url":"https:\/\/redtaag.com\/en\/produit\/android-sb-cwu1-pda-barcode-reader\/","name":"Android SB-CWU1 PDA barcode reader - Logiciel de billetterie en ligne (solution fullweb) pour th\u00e9\u00e2tres, salles de spectacle vivant, ...","isPartOf":{"@id":"https:\/\/redtaag.com\/en\/#website"},"primaryImageOfPage":{"@id":"https:\/\/redtaag.com\/en\/produit\/android-sb-cwu1-pda-barcode-reader\/#primaryimage"},"image":{"@id":"https:\/\/redtaag.com\/en\/produit\/android-sb-cwu1-pda-barcode-reader\/#primaryimage"},"thumbnailUrl":"https:\/\/i0.wp.com\/redtaag.com\/site-rtgv2\/wp-content\/uploads\/2020\/03\/pda-scanner-douchette-billets-android-face-dos.jpg?fit=1134%2C850&ssl=1","datePublished":"2020-03-28T19:33:15+00:00","dateModified":"2024-08-11T22:19:44+00:00","breadcrumb":{"@id":"https:\/\/redtaag.com\/en\/produit\/android-sb-cwu1-pda-barcode-reader\/#breadcrumb"},"inLanguage":"en-US","potentialAction":[{"@type":"ReadAction","target":["https:\/\/redtaag.com\/en\/produit\/android-sb-cwu1-pda-barcode-reader\/"]}]},{"@type":"ImageObject","inLanguage":"en-US","@id":"https:\/\/redtaag.com\/en\/produit\/android-sb-cwu1-pda-barcode-reader\/#primaryimage","url":"https:\/\/i0.wp.com\/redtaag.com\/site-rtgv2\/wp-content\/uploads\/2020\/03\/pda-scanner-douchette-billets-android-face-dos.jpg?fit=1134%2C850&ssl=1","contentUrl":"https:\/\/i0.wp.com\/redtaag.com\/site-rtgv2\/wp-content\/uploads\/2020\/03\/pda-scanner-douchette-billets-android-face-dos.jpg?fit=1134%2C850&ssl=1","width":1134,"height":850},{"@type":"BreadcrumbList","@id":"https:\/\/redtaag.com\/en\/produit\/android-sb-cwu1-pda-barcode-reader\/#breadcrumb","itemListElement":[{"@type":"ListItem","position":1,"name":"Accueil","item":"https:\/\/redtaag.com\/en\/?lang=en"},{"@type":"ListItem","position":2,"name":"Boutique","item":"https:\/\/redtaag.com\/boutique\/"},{"@type":"ListItem","position":3,"name":"Android SB-CWU1 PDA barcode reader"}]},{"@type":"WebSite","@id":"https:\/\/redtaag.com\/en\/#website","url":"https:\/\/redtaag.com\/en\/","name":"Logiciel de billetterie en ligne (solution fullweb) pour th\u00e9\u00e2tres, salles de spectacle vivant, ...","description":"Logiciel de billetterie fullweb connect\u00e9 \u00e0 votre banque ou au tr\u00e9sor public","publisher":{"@id":"https:\/\/redtaag.com\/en\/#organization"},"potentialAction":[{"@type":"SearchAction","target":{"@type":"EntryPoint","urlTemplate":"https:\/\/redtaag.com\/en\/?s={search_term_string}"},"query-input":{"@type":"PropertyValueSpecification","valueRequired":true,"valueName":"search_term_string"}}],"inLanguage":"en-US"},{"@type":"Organization","@id":"https:\/\/redtaag.com\/en\/#organization","name":"Voodootix SAS","url":"https:\/\/redtaag.com\/en\/","logo":{"@type":"ImageObject","inLanguage":"en-US","@id":"https:\/\/redtaag.com\/en\/#\/schema\/logo\/image\/","url":"https:\/\/i2.wp.com\/redtaag.com\/site-rtgv2\/wp-content\/uploads\/2019\/06\/redtaag_logo_dark.png?fit=328%2C47&ssl=1","contentUrl":"https:\/\/i2.wp.com\/redtaag.com\/site-rtgv2\/wp-content\/uploads\/2019\/06\/redtaag_logo_dark.png?fit=328%2C47&ssl=1","width":328,"height":47,"caption":"Voodootix SAS"},"image":{"@id":"https:\/\/redtaag.com\/en\/#\/schema\/logo\/image\/"}}]}},"jetpack_sharing_enabled":true,"_links":{"self":[{"href":"https:\/\/redtaag.com\/en\/wp-json\/wp\/v2\/product\/2344","targetHints":{"allow":["GET"]}}],"collection":[{"href":"https:\/\/redtaag.com\/en\/wp-json\/wp\/v2\/product"}],"about":[{"href":"https:\/\/redtaag.com\/en\/wp-json\/wp\/v2\/types\/product"}],"replies":[{"embeddable":true,"href":"https:\/\/redtaag.com\/en\/wp-json\/wp\/v2\/comments?post=2344"}],"wp:featuredmedia":[{"embeddable":true,"href":"https:\/\/redtaag.com\/en\/wp-json\/wp\/v2\/media\/2352"}],"wp:attachment":[{"href":"https:\/\/redtaag.com\/en\/wp-json\/wp\/v2\/media?parent=2344"}],"wp:term":[{"taxonomy":"product_brand","embeddable":true,"href":"https:\/\/redtaag.com\/en\/wp-json\/wp\/v2\/product_brand?post=2344"},{"taxonomy":"product_cat","embeddable":true,"href":"https:\/\/redtaag.com\/en\/wp-json\/wp\/v2\/product_cat?post=2344"},{"taxonomy":"product_tag","embeddable":true,"href":"https:\/\/redtaag.com\/en\/wp-json\/wp\/v2\/product_tag?post=2344"}],"curies":[{"name":"wp","href":"https:\/\/api.w.org\/{rel}","templated":true}]}}