{"id":2341,"date":"2020-03-29T17:21:59","date_gmt":"2020-03-29T15:21:59","guid":{"rendered":"https:\/\/redtaag.com\/produit\/android-sb-pl40-pda-barcode-reader-discontinued-2\/"},"modified":"2020-03-29T17:21:59","modified_gmt":"2020-03-29T15:21:59","slug":"android-sb-pl40-pda-barcode-reader-discontinued-2","status":"publish","type":"product","link":"https:\/\/redtaag.com\/en\/produit\/android-sb-pl40-pda-barcode-reader-discontinued-2\/","title":{"rendered":"Android SB-PL40 PDA barcode reader (discontinued)"},"content":{"rendered":"<p>This Android PDA barcode reader is still compatible with our solutions and ticket-scanning app. However, it is no longer available for sale, as it has been replaced by the <a href=\"https:\/\/redtaag.com\/produit\/pda-douchette-scanner-a-billet-android-sb-pl40l\/\">new model<\/a>.<\/p>\n","protected":false},"excerpt":{"rendered":"<p>Android PDA allowing you to scan your tickets and the tickets of your resellers (Fnac, France Billet, Digitick, etc.) and co-producers.<\/p>\n<p>quantity of Android SB-PL40 PDA barcode readers (discontinued)<\/p>\n","protected":false},"featured_media":0,"comment_status":"closed","ping_status":"closed","template":"","meta":{"_price":"395","_stock":"","_tribe_ticket_header":"","_tribe_default_ticket_provider":"","_tribe_ticket_capacity":"0","_ticket_start_date":"","_ticket_end_date":"","_tribe_ticket_show_description":"","_tribe_ticket_show_not_going":false,"_tribe_ticket_use_global_stock":"","_tribe_ticket_global_stock_level":"","_global_stock_mode":"","_global_stock_cap":"","_tribe_rsvp_for_event":"","_tribe_ticket_going_count":"","_tribe_ticket_not_going_count":"","_tribe_tickets_list":"[]","_tribe_ticket_has_attendee_info_fields":false},"product_brand":[],"product_cat":[],"product_tag":[61],"class_list":{"0":"post-2341","1":"product","2":"type-product","3":"status-publish","5":"product_tag-discontinued","6":"tm-no-options","8":"first","9":"instock","10":"taxable","11":"shipping-taxable","12":"purchasable","13":"product-type-simple"},"yoast_head":"<!-- This site is optimized with the Yoast SEO plugin v27.3 - https:\/\/yoast.com\/product\/yoast-seo-wordpress\/ -->\n<title>Android SB-PL40 PDA barcode reader (discontinued) - Logiciel de billetterie en ligne (solution fullweb) pour th\u00e9\u00e2tres, salles de spectacle vivant, ...<\/title>\n<meta name=\"robots\" content=\"index, follow, max-snippet:-1, max-image-preview:large, max-video-preview:-1\" \/>\n<link rel=\"canonical\" href=\"https:\/\/redtaag.com\/en\/produit\/android-sb-pl40-pda-barcode-reader-discontinued-2\/\" \/>\n<meta property=\"og:locale\" content=\"en_US\" \/>\n<meta property=\"og:type\" content=\"article\" \/>\n<meta property=\"og:title\" content=\"Android SB-PL40 PDA barcode reader (discontinued) - Logiciel de billetterie en ligne (solution fullweb) pour th\u00e9\u00e2tres, salles de spectacle vivant, ...\" \/>\n<meta property=\"og:description\" content=\"Android PDA allowing you to scan your tickets and the tickets of your resellers (Fnac, France Billet, Digitick, etc.) and co-producers.  quantity of Android SB-PL40 PDA barcode readers (discontinued)\" \/>\n<meta property=\"og:url\" content=\"https:\/\/redtaag.com\/en\/produit\/android-sb-pl40-pda-barcode-reader-discontinued-2\/\" \/>\n<meta property=\"og:site_name\" content=\"Logiciel de billetterie en ligne (solution fullweb) pour th\u00e9\u00e2tres, salles de spectacle vivant, ...\" \/>\n<meta name=\"twitter:card\" content=\"summary_large_image\" \/>\n<script type=\"application\/ld+json\" class=\"yoast-schema-graph\">{\"@context\":\"https:\\\/\\\/schema.org\",\"@graph\":[{\"@type\":\"WebPage\",\"@id\":\"https:\\\/\\\/redtaag.com\\\/en\\\/produit\\\/android-sb-pl40-pda-barcode-reader-discontinued-2\\\/\",\"url\":\"https:\\\/\\\/redtaag.com\\\/en\\\/produit\\\/android-sb-pl40-pda-barcode-reader-discontinued-2\\\/\",\"name\":\"Android SB-PL40 PDA barcode reader (discontinued) - Logiciel de billetterie en ligne (solution fullweb) pour th\u00e9\u00e2tres, salles de spectacle vivant, ...\",\"isPartOf\":{\"@id\":\"https:\\\/\\\/redtaag.com\\\/en\\\/#website\"},\"datePublished\":\"2020-03-29T15:21:59+00:00\",\"breadcrumb\":{\"@id\":\"https:\\\/\\\/redtaag.com\\\/en\\\/produit\\\/android-sb-pl40-pda-barcode-reader-discontinued-2\\\/#breadcrumb\"},\"inLanguage\":\"en-US\",\"potentialAction\":[{\"@type\":\"ReadAction\",\"target\":[\"https:\\\/\\\/redtaag.com\\\/en\\\/produit\\\/android-sb-pl40-pda-barcode-reader-discontinued-2\\\/\"]}]},{\"@type\":\"BreadcrumbList\",\"@id\":\"https:\\\/\\\/redtaag.com\\\/en\\\/produit\\\/android-sb-pl40-pda-barcode-reader-discontinued-2\\\/#breadcrumb\",\"itemListElement\":[{\"@type\":\"ListItem\",\"position\":1,\"name\":\"Accueil\",\"item\":\"https:\\\/\\\/redtaag.com\\\/en\\\/?lang=en\"},{\"@type\":\"ListItem\",\"position\":2,\"name\":\"Boutique\",\"item\":\"https:\\\/\\\/redtaag.com\\\/boutique\\\/\"},{\"@type\":\"ListItem\",\"position\":3,\"name\":\"Android SB-PL40 PDA barcode reader (discontinued)\"}]},{\"@type\":\"WebSite\",\"@id\":\"https:\\\/\\\/redtaag.com\\\/en\\\/#website\",\"url\":\"https:\\\/\\\/redtaag.com\\\/en\\\/\",\"name\":\"Logiciel de billetterie en ligne (solution fullweb) pour th\u00e9\u00e2tres, salles de spectacle vivant, ...\",\"description\":\"Logiciel de billetterie fullweb connect\u00e9 \u00e0 votre banque ou au tr\u00e9sor public\",\"publisher\":{\"@id\":\"https:\\\/\\\/redtaag.com\\\/en\\\/#organization\"},\"potentialAction\":[{\"@type\":\"SearchAction\",\"target\":{\"@type\":\"EntryPoint\",\"urlTemplate\":\"https:\\\/\\\/redtaag.com\\\/en\\\/?s={search_term_string}\"},\"query-input\":{\"@type\":\"PropertyValueSpecification\",\"valueRequired\":true,\"valueName\":\"search_term_string\"}}],\"inLanguage\":\"en-US\"},{\"@type\":\"Organization\",\"@id\":\"https:\\\/\\\/redtaag.com\\\/en\\\/#organization\",\"name\":\"Voodootix SAS\",\"url\":\"https:\\\/\\\/redtaag.com\\\/en\\\/\",\"logo\":{\"@type\":\"ImageObject\",\"inLanguage\":\"en-US\",\"@id\":\"https:\\\/\\\/redtaag.com\\\/en\\\/#\\\/schema\\\/logo\\\/image\\\/\",\"url\":\"https:\\\/\\\/i2.wp.com\\\/redtaag.com\\\/site-rtgv2\\\/wp-content\\\/uploads\\\/2019\\\/06\\\/redtaag_logo_dark.png?fit=328%2C47&ssl=1\",\"contentUrl\":\"https:\\\/\\\/i2.wp.com\\\/redtaag.com\\\/site-rtgv2\\\/wp-content\\\/uploads\\\/2019\\\/06\\\/redtaag_logo_dark.png?fit=328%2C47&ssl=1\",\"width\":328,\"height\":47,\"caption\":\"Voodootix SAS\"},\"image\":{\"@id\":\"https:\\\/\\\/redtaag.com\\\/en\\\/#\\\/schema\\\/logo\\\/image\\\/\"}}]}<\/script>\n<!-- \/ Yoast SEO plugin. -->","yoast_head_json":{"title":"Android SB-PL40 PDA barcode reader (discontinued) - Logiciel de billetterie en ligne (solution fullweb) pour th\u00e9\u00e2tres, salles de spectacle vivant, ...","robots":{"index":"index","follow":"follow","max-snippet":"max-snippet:-1","max-image-preview":"max-image-preview:large","max-video-preview":"max-video-preview:-1"},"canonical":"https:\/\/redtaag.com\/en\/produit\/android-sb-pl40-pda-barcode-reader-discontinued-2\/","og_locale":"en_US","og_type":"article","og_title":"Android SB-PL40 PDA barcode reader (discontinued) - Logiciel de billetterie en ligne (solution fullweb) pour th\u00e9\u00e2tres, salles de spectacle vivant, ...","og_description":"Android PDA allowing you to scan your tickets and the tickets of your resellers (Fnac, France Billet, Digitick, etc.) and co-producers.  quantity of Android SB-PL40 PDA barcode readers (discontinued)","og_url":"https:\/\/redtaag.com\/en\/produit\/android-sb-pl40-pda-barcode-reader-discontinued-2\/","og_site_name":"Logiciel de billetterie en ligne (solution fullweb) pour th\u00e9\u00e2tres, salles de spectacle vivant, ...","twitter_card":"summary_large_image","schema":{"@context":"https:\/\/schema.org","@graph":[{"@type":"WebPage","@id":"https:\/\/redtaag.com\/en\/produit\/android-sb-pl40-pda-barcode-reader-discontinued-2\/","url":"https:\/\/redtaag.com\/en\/produit\/android-sb-pl40-pda-barcode-reader-discontinued-2\/","name":"Android SB-PL40 PDA barcode reader (discontinued) - Logiciel de billetterie en ligne (solution fullweb) pour th\u00e9\u00e2tres, salles de spectacle vivant, ...","isPartOf":{"@id":"https:\/\/redtaag.com\/en\/#website"},"datePublished":"2020-03-29T15:21:59+00:00","breadcrumb":{"@id":"https:\/\/redtaag.com\/en\/produit\/android-sb-pl40-pda-barcode-reader-discontinued-2\/#breadcrumb"},"inLanguage":"en-US","potentialAction":[{"@type":"ReadAction","target":["https:\/\/redtaag.com\/en\/produit\/android-sb-pl40-pda-barcode-reader-discontinued-2\/"]}]},{"@type":"BreadcrumbList","@id":"https:\/\/redtaag.com\/en\/produit\/android-sb-pl40-pda-barcode-reader-discontinued-2\/#breadcrumb","itemListElement":[{"@type":"ListItem","position":1,"name":"Accueil","item":"https:\/\/redtaag.com\/en\/?lang=en"},{"@type":"ListItem","position":2,"name":"Boutique","item":"https:\/\/redtaag.com\/boutique\/"},{"@type":"ListItem","position":3,"name":"Android SB-PL40 PDA barcode reader (discontinued)"}]},{"@type":"WebSite","@id":"https:\/\/redtaag.com\/en\/#website","url":"https:\/\/redtaag.com\/en\/","name":"Logiciel de billetterie en ligne (solution fullweb) pour th\u00e9\u00e2tres, salles de spectacle vivant, ...","description":"Logiciel de billetterie fullweb connect\u00e9 \u00e0 votre banque ou au tr\u00e9sor public","publisher":{"@id":"https:\/\/redtaag.com\/en\/#organization"},"potentialAction":[{"@type":"SearchAction","target":{"@type":"EntryPoint","urlTemplate":"https:\/\/redtaag.com\/en\/?s={search_term_string}"},"query-input":{"@type":"PropertyValueSpecification","valueRequired":true,"valueName":"search_term_string"}}],"inLanguage":"en-US"},{"@type":"Organization","@id":"https:\/\/redtaag.com\/en\/#organization","name":"Voodootix SAS","url":"https:\/\/redtaag.com\/en\/","logo":{"@type":"ImageObject","inLanguage":"en-US","@id":"https:\/\/redtaag.com\/en\/#\/schema\/logo\/image\/","url":"https:\/\/i2.wp.com\/redtaag.com\/site-rtgv2\/wp-content\/uploads\/2019\/06\/redtaag_logo_dark.png?fit=328%2C47&ssl=1","contentUrl":"https:\/\/i2.wp.com\/redtaag.com\/site-rtgv2\/wp-content\/uploads\/2019\/06\/redtaag_logo_dark.png?fit=328%2C47&ssl=1","width":328,"height":47,"caption":"Voodootix SAS"},"image":{"@id":"https:\/\/redtaag.com\/en\/#\/schema\/logo\/image\/"}}]}},"jetpack_sharing_enabled":true,"_links":{"self":[{"href":"https:\/\/redtaag.com\/en\/wp-json\/wp\/v2\/product\/2341","targetHints":{"allow":["GET"]}}],"collection":[{"href":"https:\/\/redtaag.com\/en\/wp-json\/wp\/v2\/product"}],"about":[{"href":"https:\/\/redtaag.com\/en\/wp-json\/wp\/v2\/types\/product"}],"replies":[{"embeddable":true,"href":"https:\/\/redtaag.com\/en\/wp-json\/wp\/v2\/comments?post=2341"}],"wp:attachment":[{"href":"https:\/\/redtaag.com\/en\/wp-json\/wp\/v2\/media?parent=2341"}],"wp:term":[{"taxonomy":"product_brand","embeddable":true,"href":"https:\/\/redtaag.com\/en\/wp-json\/wp\/v2\/product_brand?post=2341"},{"taxonomy":"product_cat","embeddable":true,"href":"https:\/\/redtaag.com\/en\/wp-json\/wp\/v2\/product_cat?post=2341"},{"taxonomy":"product_tag","embeddable":true,"href":"https:\/\/redtaag.com\/en\/wp-json\/wp\/v2\/product_tag?post=2341"}],"curies":[{"name":"wp","href":"https:\/\/api.w.org\/{rel}","templated":true}]}}