{"id":2309,"date":"2020-05-12T11:36:34","date_gmt":"2020-05-12T09:36:34","guid":{"rendered":"https:\/\/redtaag.com\/produit\/infrared-thermometer-thermal-camera\/"},"modified":"2020-05-12T11:36:34","modified_gmt":"2020-05-12T09:36:34","slug":"infrared-thermometer-thermal-camera","status":"publish","type":"product","link":"https:\/\/redtaag.com\/en\/produit\/infrared-thermometer-thermal-camera\/","title":{"rendered":"Infrared thermometer, thermal camera"},"content":{"rendered":"<p>This thermal camera includes an automatic, high-precision infrared thermometer. It makes it possible to check the body temperature of a large number of people upon entrance to public or commercial buildings, contact free. Thanks to its integrated screen or on monitors, it allows staff controlling access to buildings to identify people with high temperatures at a glance.<\/p>\n<p>Made in a single piece, it is delivered ready for use. Its implementation requires only basic training, making it possible to implement temperature-check measures for all people entering the building in around 15 minutes.<\/p>\n<p>Characteristics:<\/p>\n<ul>\n<li style=\"list-style-type: none;\">\n<ul>\n<li>Infrared thermometer: high precision, multipoint, automatic, and contact free.<\/li>\n<li>Number of detections: 10 people at once<\/li>\n<li>Body temperature range: 30\u2103 to 45\u2103<\/li>\n<li>Precision of body-temperature measurement: \u00b10.3\u00b0C<\/li>\n<li>Connectivity: 4G, Wi-Fi, NFC, Bluetooth, USB Type-C<\/li>\n<li>Max. flow: 300 pers.\/minute<\/li>\n<li>Infrared resolution: 384 \u00d7 288<\/li>\n<li>Usage mode: fixed, fixed + monitor, portable<\/li>\n<li>Screen: multitouch, 8-inch, high definition (1920 x 1200) + 30-inch monitor (optional)<\/li>\n<li>Length x Width x Thickness (mm) 265 x 195 x 40<\/li>\n<li>Weight (g): 1,200<\/li>\n<li>Power source: 4V<\/li>\n<\/ul>\n<\/li>\n<\/ul>\n","protected":false},"excerpt":{"rendered":"<p>Thermal camera with automatic, high-precision infrared thermometer to check body temperature for access to buildings contact free.<\/p>\n","protected":false},"featured_media":2312,"comment_status":"closed","ping_status":"closed","template":"","meta":{"_price":"5810","_stock":"","_tribe_ticket_header":"","_tribe_default_ticket_provider":"","_tribe_ticket_capacity":"0","_ticket_start_date":"","_ticket_end_date":"","_tribe_ticket_show_description":"","_tribe_ticket_show_not_going":false,"_tribe_ticket_use_global_stock":"","_tribe_ticket_global_stock_level":"","_global_stock_mode":"","_global_stock_cap":"","_tribe_rsvp_for_event":"","_tribe_ticket_going_count":"","_tribe_ticket_not_going_count":"","_tribe_tickets_list":"[]","_tribe_ticket_has_attendee_info_fields":false},"product_brand":[],"product_cat":[56,57],"product_tag":[],"class_list":{"0":"post-2309","1":"product","2":"type-product","3":"status-publish","4":"has-post-thumbnail","6":"product_cat-access-control","7":"product_cat-emergency-solutions","8":"tm-no-options","10":"first","11":"instock","12":"taxable","13":"shipping-taxable","14":"purchasable","15":"product-type-simple"},"yoast_head":"<!-- This site is optimized with the Yoast SEO plugin v27.3 - https:\/\/yoast.com\/product\/yoast-seo-wordpress\/ -->\n<title>Infrared thermometer, thermal camera - Logiciel de billetterie en ligne (solution fullweb) pour th\u00e9\u00e2tres, salles de spectacle vivant, ...<\/title>\n<meta name=\"description\" content=\"Thermal camera with automatic, high-precision infrared thermometer to check body temperature for access to buildings contact free.\" \/>\n<meta name=\"robots\" content=\"index, follow, max-snippet:-1, max-image-preview:large, max-video-preview:-1\" \/>\n<link rel=\"canonical\" href=\"https:\/\/redtaag.com\/en\/produit\/infrared-thermometer-thermal-camera\/\" \/>\n<meta property=\"og:locale\" content=\"en_US\" \/>\n<meta property=\"og:type\" content=\"article\" \/>\n<meta property=\"og:title\" content=\"Infrared thermometer, thermal camera - Logiciel de billetterie en ligne (solution fullweb) pour th\u00e9\u00e2tres, salles de spectacle vivant, ...\" \/>\n<meta property=\"og:description\" content=\"Thermal camera with automatic, high-precision infrared thermometer to check body temperature for access to buildings contact free.\" \/>\n<meta property=\"og:url\" content=\"https:\/\/redtaag.com\/en\/produit\/infrared-thermometer-thermal-camera\/\" \/>\n<meta property=\"og:site_name\" content=\"Logiciel de billetterie en ligne (solution fullweb) pour th\u00e9\u00e2tres, salles de spectacle vivant, ...\" \/>\n<meta property=\"og:image\" content=\"https:\/\/redtaag.com\/site-rtgv2\/wp-content\/uploads\/2020\/05\/scanner_thermique_sans_contact.jpg\" \/>\n\t<meta property=\"og:image:width\" content=\"551\" \/>\n\t<meta property=\"og:image:height\" content=\"551\" \/>\n\t<meta property=\"og:image:type\" content=\"image\/jpeg\" \/>\n<meta name=\"twitter:card\" content=\"summary_large_image\" \/>\n<meta name=\"twitter:label1\" content=\"Est. reading time\" \/>\n\t<meta name=\"twitter:data1\" content=\"1 minute\" \/>\n<script type=\"application\/ld+json\" class=\"yoast-schema-graph\">{\"@context\":\"https:\\\/\\\/schema.org\",\"@graph\":[{\"@type\":\"WebPage\",\"@id\":\"https:\\\/\\\/redtaag.com\\\/en\\\/produit\\\/infrared-thermometer-thermal-camera\\\/\",\"url\":\"https:\\\/\\\/redtaag.com\\\/en\\\/produit\\\/infrared-thermometer-thermal-camera\\\/\",\"name\":\"Infrared thermometer, thermal camera - Logiciel de billetterie en ligne (solution fullweb) pour th\u00e9\u00e2tres, salles de spectacle vivant, ...\",\"isPartOf\":{\"@id\":\"https:\\\/\\\/redtaag.com\\\/en\\\/#website\"},\"primaryImageOfPage\":{\"@id\":\"https:\\\/\\\/redtaag.com\\\/en\\\/produit\\\/infrared-thermometer-thermal-camera\\\/#primaryimage\"},\"image\":{\"@id\":\"https:\\\/\\\/redtaag.com\\\/en\\\/produit\\\/infrared-thermometer-thermal-camera\\\/#primaryimage\"},\"thumbnailUrl\":\"https:\\\/\\\/i0.wp.com\\\/redtaag.com\\\/site-rtgv2\\\/wp-content\\\/uploads\\\/2020\\\/05\\\/scanner_thermique_sans_contact.jpg?fit=551%2C551&ssl=1\",\"datePublished\":\"2020-05-12T09:36:34+00:00\",\"description\":\"Thermal camera with automatic, high-precision infrared thermometer to check body temperature for access to buildings contact free.\",\"breadcrumb\":{\"@id\":\"https:\\\/\\\/redtaag.com\\\/en\\\/produit\\\/infrared-thermometer-thermal-camera\\\/#breadcrumb\"},\"inLanguage\":\"en-US\",\"potentialAction\":[{\"@type\":\"ReadAction\",\"target\":[\"https:\\\/\\\/redtaag.com\\\/en\\\/produit\\\/infrared-thermometer-thermal-camera\\\/\"]}]},{\"@type\":\"ImageObject\",\"inLanguage\":\"en-US\",\"@id\":\"https:\\\/\\\/redtaag.com\\\/en\\\/produit\\\/infrared-thermometer-thermal-camera\\\/#primaryimage\",\"url\":\"https:\\\/\\\/i0.wp.com\\\/redtaag.com\\\/site-rtgv2\\\/wp-content\\\/uploads\\\/2020\\\/05\\\/scanner_thermique_sans_contact.jpg?fit=551%2C551&ssl=1\",\"contentUrl\":\"https:\\\/\\\/i0.wp.com\\\/redtaag.com\\\/site-rtgv2\\\/wp-content\\\/uploads\\\/2020\\\/05\\\/scanner_thermique_sans_contact.jpg?fit=551%2C551&ssl=1\",\"width\":551,\"height\":551},{\"@type\":\"BreadcrumbList\",\"@id\":\"https:\\\/\\\/redtaag.com\\\/en\\\/produit\\\/infrared-thermometer-thermal-camera\\\/#breadcrumb\",\"itemListElement\":[{\"@type\":\"ListItem\",\"position\":1,\"name\":\"Accueil\",\"item\":\"https:\\\/\\\/redtaag.com\\\/en\\\/?lang=en\"},{\"@type\":\"ListItem\",\"position\":2,\"name\":\"Boutique\",\"item\":\"https:\\\/\\\/redtaag.com\\\/boutique\\\/\"},{\"@type\":\"ListItem\",\"position\":3,\"name\":\"Infrared thermometer, thermal camera\"}]},{\"@type\":\"WebSite\",\"@id\":\"https:\\\/\\\/redtaag.com\\\/en\\\/#website\",\"url\":\"https:\\\/\\\/redtaag.com\\\/en\\\/\",\"name\":\"Logiciel de billetterie en ligne (solution fullweb) pour th\u00e9\u00e2tres, salles de spectacle vivant, ...\",\"description\":\"Logiciel de billetterie fullweb connect\u00e9 \u00e0 votre banque ou au tr\u00e9sor public\",\"publisher\":{\"@id\":\"https:\\\/\\\/redtaag.com\\\/en\\\/#organization\"},\"potentialAction\":[{\"@type\":\"SearchAction\",\"target\":{\"@type\":\"EntryPoint\",\"urlTemplate\":\"https:\\\/\\\/redtaag.com\\\/en\\\/?s={search_term_string}\"},\"query-input\":{\"@type\":\"PropertyValueSpecification\",\"valueRequired\":true,\"valueName\":\"search_term_string\"}}],\"inLanguage\":\"en-US\"},{\"@type\":\"Organization\",\"@id\":\"https:\\\/\\\/redtaag.com\\\/en\\\/#organization\",\"name\":\"Voodootix SAS\",\"url\":\"https:\\\/\\\/redtaag.com\\\/en\\\/\",\"logo\":{\"@type\":\"ImageObject\",\"inLanguage\":\"en-US\",\"@id\":\"https:\\\/\\\/redtaag.com\\\/en\\\/#\\\/schema\\\/logo\\\/image\\\/\",\"url\":\"https:\\\/\\\/i2.wp.com\\\/redtaag.com\\\/site-rtgv2\\\/wp-content\\\/uploads\\\/2019\\\/06\\\/redtaag_logo_dark.png?fit=328%2C47&ssl=1\",\"contentUrl\":\"https:\\\/\\\/i2.wp.com\\\/redtaag.com\\\/site-rtgv2\\\/wp-content\\\/uploads\\\/2019\\\/06\\\/redtaag_logo_dark.png?fit=328%2C47&ssl=1\",\"width\":328,\"height\":47,\"caption\":\"Voodootix SAS\"},\"image\":{\"@id\":\"https:\\\/\\\/redtaag.com\\\/en\\\/#\\\/schema\\\/logo\\\/image\\\/\"}}]}<\/script>\n<!-- \/ Yoast SEO plugin. -->","yoast_head_json":{"title":"Infrared thermometer, thermal camera - Logiciel de billetterie en ligne (solution fullweb) pour th\u00e9\u00e2tres, salles de spectacle vivant, ...","description":"Thermal camera with automatic, high-precision infrared thermometer to check body temperature for access to buildings contact free.","robots":{"index":"index","follow":"follow","max-snippet":"max-snippet:-1","max-image-preview":"max-image-preview:large","max-video-preview":"max-video-preview:-1"},"canonical":"https:\/\/redtaag.com\/en\/produit\/infrared-thermometer-thermal-camera\/","og_locale":"en_US","og_type":"article","og_title":"Infrared thermometer, thermal camera - Logiciel de billetterie en ligne (solution fullweb) pour th\u00e9\u00e2tres, salles de spectacle vivant, ...","og_description":"Thermal camera with automatic, high-precision infrared thermometer to check body temperature for access to buildings contact free.","og_url":"https:\/\/redtaag.com\/en\/produit\/infrared-thermometer-thermal-camera\/","og_site_name":"Logiciel de billetterie en ligne (solution fullweb) pour th\u00e9\u00e2tres, salles de spectacle vivant, ...","og_image":[{"width":551,"height":551,"url":"https:\/\/redtaag.com\/site-rtgv2\/wp-content\/uploads\/2020\/05\/scanner_thermique_sans_contact.jpg","type":"image\/jpeg"}],"twitter_card":"summary_large_image","twitter_misc":{"Est. reading time":"1 minute"},"schema":{"@context":"https:\/\/schema.org","@graph":[{"@type":"WebPage","@id":"https:\/\/redtaag.com\/en\/produit\/infrared-thermometer-thermal-camera\/","url":"https:\/\/redtaag.com\/en\/produit\/infrared-thermometer-thermal-camera\/","name":"Infrared thermometer, thermal camera - Logiciel de billetterie en ligne (solution fullweb) pour th\u00e9\u00e2tres, salles de spectacle vivant, ...","isPartOf":{"@id":"https:\/\/redtaag.com\/en\/#website"},"primaryImageOfPage":{"@id":"https:\/\/redtaag.com\/en\/produit\/infrared-thermometer-thermal-camera\/#primaryimage"},"image":{"@id":"https:\/\/redtaag.com\/en\/produit\/infrared-thermometer-thermal-camera\/#primaryimage"},"thumbnailUrl":"https:\/\/i0.wp.com\/redtaag.com\/site-rtgv2\/wp-content\/uploads\/2020\/05\/scanner_thermique_sans_contact.jpg?fit=551%2C551&ssl=1","datePublished":"2020-05-12T09:36:34+00:00","description":"Thermal camera with automatic, high-precision infrared thermometer to check body temperature for access to buildings contact free.","breadcrumb":{"@id":"https:\/\/redtaag.com\/en\/produit\/infrared-thermometer-thermal-camera\/#breadcrumb"},"inLanguage":"en-US","potentialAction":[{"@type":"ReadAction","target":["https:\/\/redtaag.com\/en\/produit\/infrared-thermometer-thermal-camera\/"]}]},{"@type":"ImageObject","inLanguage":"en-US","@id":"https:\/\/redtaag.com\/en\/produit\/infrared-thermometer-thermal-camera\/#primaryimage","url":"https:\/\/i0.wp.com\/redtaag.com\/site-rtgv2\/wp-content\/uploads\/2020\/05\/scanner_thermique_sans_contact.jpg?fit=551%2C551&ssl=1","contentUrl":"https:\/\/i0.wp.com\/redtaag.com\/site-rtgv2\/wp-content\/uploads\/2020\/05\/scanner_thermique_sans_contact.jpg?fit=551%2C551&ssl=1","width":551,"height":551},{"@type":"BreadcrumbList","@id":"https:\/\/redtaag.com\/en\/produit\/infrared-thermometer-thermal-camera\/#breadcrumb","itemListElement":[{"@type":"ListItem","position":1,"name":"Accueil","item":"https:\/\/redtaag.com\/en\/?lang=en"},{"@type":"ListItem","position":2,"name":"Boutique","item":"https:\/\/redtaag.com\/boutique\/"},{"@type":"ListItem","position":3,"name":"Infrared thermometer, thermal camera"}]},{"@type":"WebSite","@id":"https:\/\/redtaag.com\/en\/#website","url":"https:\/\/redtaag.com\/en\/","name":"Logiciel de billetterie en ligne (solution fullweb) pour th\u00e9\u00e2tres, salles de spectacle vivant, ...","description":"Logiciel de billetterie fullweb connect\u00e9 \u00e0 votre banque ou au tr\u00e9sor public","publisher":{"@id":"https:\/\/redtaag.com\/en\/#organization"},"potentialAction":[{"@type":"SearchAction","target":{"@type":"EntryPoint","urlTemplate":"https:\/\/redtaag.com\/en\/?s={search_term_string}"},"query-input":{"@type":"PropertyValueSpecification","valueRequired":true,"valueName":"search_term_string"}}],"inLanguage":"en-US"},{"@type":"Organization","@id":"https:\/\/redtaag.com\/en\/#organization","name":"Voodootix SAS","url":"https:\/\/redtaag.com\/en\/","logo":{"@type":"ImageObject","inLanguage":"en-US","@id":"https:\/\/redtaag.com\/en\/#\/schema\/logo\/image\/","url":"https:\/\/i2.wp.com\/redtaag.com\/site-rtgv2\/wp-content\/uploads\/2019\/06\/redtaag_logo_dark.png?fit=328%2C47&ssl=1","contentUrl":"https:\/\/i2.wp.com\/redtaag.com\/site-rtgv2\/wp-content\/uploads\/2019\/06\/redtaag_logo_dark.png?fit=328%2C47&ssl=1","width":328,"height":47,"caption":"Voodootix SAS"},"image":{"@id":"https:\/\/redtaag.com\/en\/#\/schema\/logo\/image\/"}}]}},"jetpack_sharing_enabled":true,"_links":{"self":[{"href":"https:\/\/redtaag.com\/en\/wp-json\/wp\/v2\/product\/2309","targetHints":{"allow":["GET"]}}],"collection":[{"href":"https:\/\/redtaag.com\/en\/wp-json\/wp\/v2\/product"}],"about":[{"href":"https:\/\/redtaag.com\/en\/wp-json\/wp\/v2\/types\/product"}],"replies":[{"embeddable":true,"href":"https:\/\/redtaag.com\/en\/wp-json\/wp\/v2\/comments?post=2309"}],"wp:featuredmedia":[{"embeddable":true,"href":"https:\/\/redtaag.com\/en\/wp-json\/wp\/v2\/media\/2312"}],"wp:attachment":[{"href":"https:\/\/redtaag.com\/en\/wp-json\/wp\/v2\/media?parent=2309"}],"wp:term":[{"taxonomy":"product_brand","embeddable":true,"href":"https:\/\/redtaag.com\/en\/wp-json\/wp\/v2\/product_brand?post=2309"},{"taxonomy":"product_cat","embeddable":true,"href":"https:\/\/redtaag.com\/en\/wp-json\/wp\/v2\/product_cat?post=2309"},{"taxonomy":"product_tag","embeddable":true,"href":"https:\/\/redtaag.com\/en\/wp-json\/wp\/v2\/product_tag?post=2309"}],"curies":[{"name":"wp","href":"https:\/\/api.w.org\/{rel}","templated":true}]}}