{"id":2308,"date":"2021-03-03T18:51:49","date_gmt":"2021-03-03T17:51:49","guid":{"rendered":"https:\/\/redtaag.com\/produit\/ticket-order-terminal\/"},"modified":"2021-03-03T18:51:49","modified_gmt":"2021-03-03T17:51:49","slug":"ticket-order-terminal","status":"publish","type":"product","link":"https:\/\/redtaag.com\/en\/produit\/ticket-order-terminal\/","title":{"rendered":"Ticket-order terminal"},"content":{"rendered":"<p>Ticket-order terminal allowing audiences to choose their events, seats (numbered or not) and prices, pay by bank card and immediately receive their tickets printed by the terminal or on their smartphone.<\/p>\n<p>Characteristics:<\/p>\n<ul>\n<li style=\"list-style-type: none;\">\n<ul>\n<li>Order and bank-card payment machine<\/li>\n<li>Connectivity: Ethernet, Wi-Fi (optional)<\/li>\n<li>TPE: Worldline Valina<\/li>\n<li>Printer: Star mc-print3<\/li>\n<li>Admin interface: remote access via secure VPN, incident email alerts<\/li>\n<li>Screen: multitouch, 27-inch, high definition (1920 \u00d7 1200), 1000:1 contrast<\/li>\n<li>Height x Width x Thickness (cm) 220 x 60 x 10<\/li>\n<li>Weight (kg): 40<\/li>\n<li>Power source: 220V<\/li>\n<\/ul>\n<\/li>\n<\/ul>\n<p>This ticket-order terminal has been specifically developed to function with our solutions, allowing you to select the shows and prices you wish to offer on them.<\/p>\n","protected":false},"excerpt":{"rendered":"<p>Autonomous ticket-order terminals for the purchase of tickets for seated or non-seated events with choice of multiple prices. Payment by bank card and automatic printing of tickets from the terminal.<\/p>\n<p>In standby mode, a slide show of posters for the scheduled shows will appear on the terminal, thereby serving a two-fold role: autonomous sales channel and schedule-promotion tool.<\/p>\n<p>Perfectly integrated within the Redtaag ecosystem, BC-27 terminals can be managed from the full-web back office. You can select which shows and prices will be available at each terminal. They will then query the shared availability for all sales channels, without allocation.<\/p>\n<p>Once connected, the BC-27 terminal can be updated and controlled remotely. It also features an algorithm that proactively warns operators by sending messages to avoid any interruption to service. For example, to signal that paper must be refilled in the printer.<\/p>\n<h5><strong>Why should knowledge be less accessible than a hamburger?<\/strong><\/h5>\n<p><strong>Ideal for allowing your audiences to access your ticketing service in sites with no cashier staff: media library, town hall, administrative hall, etc.<\/strong><\/p>\n","protected":false},"featured_media":1587,"comment_status":"closed","ping_status":"closed","template":"","meta":{"_price":"8700","_stock":"","_tribe_ticket_header":"","_tribe_default_ticket_provider":"","_tribe_ticket_capacity":"0","_ticket_start_date":"","_ticket_end_date":"","_tribe_ticket_show_description":"","_tribe_ticket_show_not_going":false,"_tribe_ticket_use_global_stock":"","_tribe_ticket_global_stock_level":"","_global_stock_mode":"","_global_stock_cap":"","_tribe_rsvp_for_event":"","_tribe_ticket_going_count":"","_tribe_ticket_not_going_count":"","_tribe_tickets_list":"[]","_tribe_ticket_has_attendee_info_fields":false},"product_brand":[],"product_cat":[34],"product_tag":[],"class_list":{"0":"post-2308","1":"product","2":"type-product","3":"status-publish","4":"has-post-thumbnail","6":"product_cat-non-classe","7":"tm-no-options","9":"first","10":"instock","11":"taxable","12":"shipping-taxable","13":"purchasable","14":"product-type-simple"},"yoast_head":"<!-- This site is optimized with the Yoast SEO plugin v27.3 - https:\/\/yoast.com\/product\/yoast-seo-wordpress\/ -->\n<title>Ticket-order terminal - Logiciel de billetterie en ligne (solution fullweb) pour th\u00e9\u00e2tres, salles de spectacle vivant, ...<\/title>\n<meta name=\"robots\" content=\"index, follow, max-snippet:-1, max-image-preview:large, max-video-preview:-1\" \/>\n<link rel=\"canonical\" href=\"https:\/\/redtaag.com\/en\/produit\/ticket-order-terminal\/\" \/>\n<meta property=\"og:locale\" content=\"en_US\" \/>\n<meta property=\"og:type\" content=\"article\" \/>\n<meta property=\"og:title\" content=\"Ticket-order terminal - Logiciel de billetterie en ligne (solution fullweb) pour th\u00e9\u00e2tres, salles de spectacle vivant, ...\" \/>\n<meta property=\"og:description\" content=\"Autonomous ticket-order terminals for the purchase of tickets for seated or non-seated events with choice of multiple prices. Payment by bank card and automatic printing of tickets from the terminal.  In standby mode, a slide show of posters for the scheduled shows will appear on the terminal, thereby serving a two-fold role: autonomous sales channel and schedule-promotion tool.  Perfectly integrated within the Redtaag ecosystem, BC-27 terminals can be managed from the full-web back office. You can select which shows and prices will be available at each terminal. They will then query the shared availability for all sales channels, without allocation.  Once connected, the BC-27 terminal can be updated and controlled remotely. It also features an algorithm that proactively warns operators by sending messages to avoid any interruption to service. For example, to signal that paper must be refilled in the printer. Why should knowledge be less accessible than a hamburger? Ideal for allowing your audiences to access your ticketing service in sites with no cashier staff: media library, town hall, administrative hall, etc.\" \/>\n<meta property=\"og:url\" content=\"https:\/\/redtaag.com\/en\/produit\/ticket-order-terminal\/\" \/>\n<meta property=\"og:site_name\" content=\"Logiciel de billetterie en ligne (solution fullweb) pour th\u00e9\u00e2tres, salles de spectacle vivant, ...\" \/>\n<meta property=\"og:image\" content=\"https:\/\/redtaag.com\/site-rtgv2\/wp-content\/uploads\/2021\/03\/borne-redtaag-12.jpg\" \/>\n\t<meta property=\"og:image:width\" content=\"600\" \/>\n\t<meta property=\"og:image:height\" content=\"1361\" \/>\n\t<meta property=\"og:image:type\" content=\"image\/jpeg\" \/>\n<meta name=\"twitter:card\" content=\"summary_large_image\" \/>\n<meta name=\"twitter:label1\" content=\"Est. reading time\" \/>\n\t<meta name=\"twitter:data1\" content=\"1 minute\" \/>\n<script type=\"application\/ld+json\" class=\"yoast-schema-graph\">{\"@context\":\"https:\\\/\\\/schema.org\",\"@graph\":[{\"@type\":\"WebPage\",\"@id\":\"https:\\\/\\\/redtaag.com\\\/en\\\/produit\\\/ticket-order-terminal\\\/\",\"url\":\"https:\\\/\\\/redtaag.com\\\/en\\\/produit\\\/ticket-order-terminal\\\/\",\"name\":\"Ticket-order terminal - Logiciel de billetterie en ligne (solution fullweb) pour th\u00e9\u00e2tres, salles de spectacle vivant, ...\",\"isPartOf\":{\"@id\":\"https:\\\/\\\/redtaag.com\\\/en\\\/#website\"},\"primaryImageOfPage\":{\"@id\":\"https:\\\/\\\/redtaag.com\\\/en\\\/produit\\\/ticket-order-terminal\\\/#primaryimage\"},\"image\":{\"@id\":\"https:\\\/\\\/redtaag.com\\\/en\\\/produit\\\/ticket-order-terminal\\\/#primaryimage\"},\"thumbnailUrl\":\"https:\\\/\\\/i0.wp.com\\\/redtaag.com\\\/site-rtgv2\\\/wp-content\\\/uploads\\\/2021\\\/03\\\/borne-redtaag-12.jpg?fit=600%2C1361&ssl=1\",\"datePublished\":\"2021-03-03T17:51:49+00:00\",\"breadcrumb\":{\"@id\":\"https:\\\/\\\/redtaag.com\\\/en\\\/produit\\\/ticket-order-terminal\\\/#breadcrumb\"},\"inLanguage\":\"en-US\",\"potentialAction\":[{\"@type\":\"ReadAction\",\"target\":[\"https:\\\/\\\/redtaag.com\\\/en\\\/produit\\\/ticket-order-terminal\\\/\"]}]},{\"@type\":\"ImageObject\",\"inLanguage\":\"en-US\",\"@id\":\"https:\\\/\\\/redtaag.com\\\/en\\\/produit\\\/ticket-order-terminal\\\/#primaryimage\",\"url\":\"https:\\\/\\\/i0.wp.com\\\/redtaag.com\\\/site-rtgv2\\\/wp-content\\\/uploads\\\/2021\\\/03\\\/borne-redtaag-12.jpg?fit=600%2C1361&ssl=1\",\"contentUrl\":\"https:\\\/\\\/i0.wp.com\\\/redtaag.com\\\/site-rtgv2\\\/wp-content\\\/uploads\\\/2021\\\/03\\\/borne-redtaag-12.jpg?fit=600%2C1361&ssl=1\",\"width\":600,\"height\":1361,\"caption\":\"Bornes de commande billetterie\"},{\"@type\":\"BreadcrumbList\",\"@id\":\"https:\\\/\\\/redtaag.com\\\/en\\\/produit\\\/ticket-order-terminal\\\/#breadcrumb\",\"itemListElement\":[{\"@type\":\"ListItem\",\"position\":1,\"name\":\"Accueil\",\"item\":\"https:\\\/\\\/redtaag.com\\\/en\\\/?lang=en\"},{\"@type\":\"ListItem\",\"position\":2,\"name\":\"Boutique\",\"item\":\"https:\\\/\\\/redtaag.com\\\/boutique\\\/\"},{\"@type\":\"ListItem\",\"position\":3,\"name\":\"Ticket-order terminal\"}]},{\"@type\":\"WebSite\",\"@id\":\"https:\\\/\\\/redtaag.com\\\/en\\\/#website\",\"url\":\"https:\\\/\\\/redtaag.com\\\/en\\\/\",\"name\":\"Logiciel de billetterie en ligne (solution fullweb) pour th\u00e9\u00e2tres, salles de spectacle vivant, ...\",\"description\":\"Logiciel de billetterie fullweb connect\u00e9 \u00e0 votre banque ou au tr\u00e9sor public\",\"publisher\":{\"@id\":\"https:\\\/\\\/redtaag.com\\\/en\\\/#organization\"},\"potentialAction\":[{\"@type\":\"SearchAction\",\"target\":{\"@type\":\"EntryPoint\",\"urlTemplate\":\"https:\\\/\\\/redtaag.com\\\/en\\\/?s={search_term_string}\"},\"query-input\":{\"@type\":\"PropertyValueSpecification\",\"valueRequired\":true,\"valueName\":\"search_term_string\"}}],\"inLanguage\":\"en-US\"},{\"@type\":\"Organization\",\"@id\":\"https:\\\/\\\/redtaag.com\\\/en\\\/#organization\",\"name\":\"Voodootix SAS\",\"url\":\"https:\\\/\\\/redtaag.com\\\/en\\\/\",\"logo\":{\"@type\":\"ImageObject\",\"inLanguage\":\"en-US\",\"@id\":\"https:\\\/\\\/redtaag.com\\\/en\\\/#\\\/schema\\\/logo\\\/image\\\/\",\"url\":\"https:\\\/\\\/i2.wp.com\\\/redtaag.com\\\/site-rtgv2\\\/wp-content\\\/uploads\\\/2019\\\/06\\\/redtaag_logo_dark.png?fit=328%2C47&ssl=1\",\"contentUrl\":\"https:\\\/\\\/i2.wp.com\\\/redtaag.com\\\/site-rtgv2\\\/wp-content\\\/uploads\\\/2019\\\/06\\\/redtaag_logo_dark.png?fit=328%2C47&ssl=1\",\"width\":328,\"height\":47,\"caption\":\"Voodootix SAS\"},\"image\":{\"@id\":\"https:\\\/\\\/redtaag.com\\\/en\\\/#\\\/schema\\\/logo\\\/image\\\/\"}}]}<\/script>\n<!-- \/ Yoast SEO plugin. -->","yoast_head_json":{"title":"Ticket-order terminal - Logiciel de billetterie en ligne (solution fullweb) pour th\u00e9\u00e2tres, salles de spectacle vivant, ...","robots":{"index":"index","follow":"follow","max-snippet":"max-snippet:-1","max-image-preview":"max-image-preview:large","max-video-preview":"max-video-preview:-1"},"canonical":"https:\/\/redtaag.com\/en\/produit\/ticket-order-terminal\/","og_locale":"en_US","og_type":"article","og_title":"Ticket-order terminal - Logiciel de billetterie en ligne (solution fullweb) pour th\u00e9\u00e2tres, salles de spectacle vivant, ...","og_description":"Autonomous ticket-order terminals for the purchase of tickets for seated or non-seated events with choice of multiple prices. Payment by bank card and automatic printing of tickets from the terminal.  In standby mode, a slide show of posters for the scheduled shows will appear on the terminal, thereby serving a two-fold role: autonomous sales channel and schedule-promotion tool.  Perfectly integrated within the Redtaag ecosystem, BC-27 terminals can be managed from the full-web back office. You can select which shows and prices will be available at each terminal. They will then query the shared availability for all sales channels, without allocation.  Once connected, the BC-27 terminal can be updated and controlled remotely. It also features an algorithm that proactively warns operators by sending messages to avoid any interruption to service. For example, to signal that paper must be refilled in the printer. Why should knowledge be less accessible than a hamburger? Ideal for allowing your audiences to access your ticketing service in sites with no cashier staff: media library, town hall, administrative hall, etc.","og_url":"https:\/\/redtaag.com\/en\/produit\/ticket-order-terminal\/","og_site_name":"Logiciel de billetterie en ligne (solution fullweb) pour th\u00e9\u00e2tres, salles de spectacle vivant, ...","og_image":[{"width":600,"height":1361,"url":"https:\/\/redtaag.com\/site-rtgv2\/wp-content\/uploads\/2021\/03\/borne-redtaag-12.jpg","type":"image\/jpeg"}],"twitter_card":"summary_large_image","twitter_misc":{"Est. reading time":"1 minute"},"schema":{"@context":"https:\/\/schema.org","@graph":[{"@type":"WebPage","@id":"https:\/\/redtaag.com\/en\/produit\/ticket-order-terminal\/","url":"https:\/\/redtaag.com\/en\/produit\/ticket-order-terminal\/","name":"Ticket-order terminal - Logiciel de billetterie en ligne (solution fullweb) pour th\u00e9\u00e2tres, salles de spectacle vivant, ...","isPartOf":{"@id":"https:\/\/redtaag.com\/en\/#website"},"primaryImageOfPage":{"@id":"https:\/\/redtaag.com\/en\/produit\/ticket-order-terminal\/#primaryimage"},"image":{"@id":"https:\/\/redtaag.com\/en\/produit\/ticket-order-terminal\/#primaryimage"},"thumbnailUrl":"https:\/\/i0.wp.com\/redtaag.com\/site-rtgv2\/wp-content\/uploads\/2021\/03\/borne-redtaag-12.jpg?fit=600%2C1361&ssl=1","datePublished":"2021-03-03T17:51:49+00:00","breadcrumb":{"@id":"https:\/\/redtaag.com\/en\/produit\/ticket-order-terminal\/#breadcrumb"},"inLanguage":"en-US","potentialAction":[{"@type":"ReadAction","target":["https:\/\/redtaag.com\/en\/produit\/ticket-order-terminal\/"]}]},{"@type":"ImageObject","inLanguage":"en-US","@id":"https:\/\/redtaag.com\/en\/produit\/ticket-order-terminal\/#primaryimage","url":"https:\/\/i0.wp.com\/redtaag.com\/site-rtgv2\/wp-content\/uploads\/2021\/03\/borne-redtaag-12.jpg?fit=600%2C1361&ssl=1","contentUrl":"https:\/\/i0.wp.com\/redtaag.com\/site-rtgv2\/wp-content\/uploads\/2021\/03\/borne-redtaag-12.jpg?fit=600%2C1361&ssl=1","width":600,"height":1361,"caption":"Bornes de commande billetterie"},{"@type":"BreadcrumbList","@id":"https:\/\/redtaag.com\/en\/produit\/ticket-order-terminal\/#breadcrumb","itemListElement":[{"@type":"ListItem","position":1,"name":"Accueil","item":"https:\/\/redtaag.com\/en\/?lang=en"},{"@type":"ListItem","position":2,"name":"Boutique","item":"https:\/\/redtaag.com\/boutique\/"},{"@type":"ListItem","position":3,"name":"Ticket-order terminal"}]},{"@type":"WebSite","@id":"https:\/\/redtaag.com\/en\/#website","url":"https:\/\/redtaag.com\/en\/","name":"Logiciel de billetterie en ligne (solution fullweb) pour th\u00e9\u00e2tres, salles de spectacle vivant, ...","description":"Logiciel de billetterie fullweb connect\u00e9 \u00e0 votre banque ou au tr\u00e9sor public","publisher":{"@id":"https:\/\/redtaag.com\/en\/#organization"},"potentialAction":[{"@type":"SearchAction","target":{"@type":"EntryPoint","urlTemplate":"https:\/\/redtaag.com\/en\/?s={search_term_string}"},"query-input":{"@type":"PropertyValueSpecification","valueRequired":true,"valueName":"search_term_string"}}],"inLanguage":"en-US"},{"@type":"Organization","@id":"https:\/\/redtaag.com\/en\/#organization","name":"Voodootix SAS","url":"https:\/\/redtaag.com\/en\/","logo":{"@type":"ImageObject","inLanguage":"en-US","@id":"https:\/\/redtaag.com\/en\/#\/schema\/logo\/image\/","url":"https:\/\/i2.wp.com\/redtaag.com\/site-rtgv2\/wp-content\/uploads\/2019\/06\/redtaag_logo_dark.png?fit=328%2C47&ssl=1","contentUrl":"https:\/\/i2.wp.com\/redtaag.com\/site-rtgv2\/wp-content\/uploads\/2019\/06\/redtaag_logo_dark.png?fit=328%2C47&ssl=1","width":328,"height":47,"caption":"Voodootix SAS"},"image":{"@id":"https:\/\/redtaag.com\/en\/#\/schema\/logo\/image\/"}}]}},"jetpack_sharing_enabled":true,"_links":{"self":[{"href":"https:\/\/redtaag.com\/en\/wp-json\/wp\/v2\/product\/2308","targetHints":{"allow":["GET"]}}],"collection":[{"href":"https:\/\/redtaag.com\/en\/wp-json\/wp\/v2\/product"}],"about":[{"href":"https:\/\/redtaag.com\/en\/wp-json\/wp\/v2\/types\/product"}],"replies":[{"embeddable":true,"href":"https:\/\/redtaag.com\/en\/wp-json\/wp\/v2\/comments?post=2308"}],"wp:featuredmedia":[{"embeddable":true,"href":"https:\/\/redtaag.com\/en\/wp-json\/wp\/v2\/media\/1587"}],"wp:attachment":[{"href":"https:\/\/redtaag.com\/en\/wp-json\/wp\/v2\/media?parent=2308"}],"wp:term":[{"taxonomy":"product_brand","embeddable":true,"href":"https:\/\/redtaag.com\/en\/wp-json\/wp\/v2\/product_brand?post=2308"},{"taxonomy":"product_cat","embeddable":true,"href":"https:\/\/redtaag.com\/en\/wp-json\/wp\/v2\/product_cat?post=2308"},{"taxonomy":"product_tag","embeddable":true,"href":"https:\/\/redtaag.com\/en\/wp-json\/wp\/v2\/product_tag?post=2308"}],"curies":[{"name":"wp","href":"https:\/\/api.w.org\/{rel}","templated":true}]}}