{"id":2307,"date":"2020-08-19T18:31:20","date_gmt":"2021-08-19T16:31:20","guid":{"rendered":"https:\/\/redtaag.com\/produit\/health-pass-control-reader-monthly-rental\/"},"modified":"2021-08-19T18:31:20","modified_gmt":"2021-08-19T16:31:20","slug":"health-pass-control-reader-monthly-rental","status":"publish","type":"product","link":"https:\/\/redtaag.com\/en\/produit\/health-pass-control-reader-monthly-rental\/","title":{"rendered":"Health-pass control reader (monthly rental)"},"content":{"rendered":"<ul>\n<li>Technical characteristics of our health-pass readers:<\/li>\n<li>High autonomy<\/li>\n<li>Very high resistance to falls<\/li>\n<li>Rainproof<\/li>\n<li>\u2018Agile\u2019 QR-code scan of European health passes<\/li>\n<li>Works with Wi-Fi or 4G (sim + plan not included)<\/li>\n<li>High-luminosity screen<\/li>\n<\/ul>\n","protected":false},"excerpt":{"rendered":"<p><strong>In order to comply with the obligation to check health passes imposed by the government, we offer you the ability to rent adapted readers.<\/strong><\/p>\n<p>These Android readers offer characteristics that make it possible to efficiently check passes both inside and out, over a wide range of operating hours.<\/p>\n<p>We deliver the devices entirely preconfigured with the \u2018tous anti covid verif\u2019 health-pass verification app pre-installed and ready for use.<\/p>\n","protected":false},"featured_media":1818,"comment_status":"closed","ping_status":"closed","template":"","meta":{"_price":"30","_stock":"","_tribe_ticket_header":"","_tribe_default_ticket_provider":"","_tribe_ticket_capacity":"1","_ticket_start_date":"","_ticket_end_date":"","_tribe_ticket_show_description":"","_tribe_ticket_show_not_going":false,"_tribe_ticket_use_global_stock":"","_tribe_ticket_global_stock_level":"","_global_stock_mode":"","_global_stock_cap":"","_tribe_rsvp_for_event":"","_tribe_ticket_going_count":"","_tribe_ticket_not_going_count":"","_tribe_tickets_list":"[]","_tribe_ticket_has_attendee_info_fields":false},"product_brand":[],"product_cat":[],"product_tag":[],"class_list":{"0":"post-2307","1":"product","2":"type-product","3":"status-publish","4":"has-post-thumbnail","6":"tm-no-options","8":"first","9":"instock","10":"taxable","11":"shipping-taxable","12":"purchasable","13":"product-type-simple"},"yoast_head":"<!-- This site is optimized with the Yoast SEO plugin v27.3 - https:\/\/yoast.com\/product\/yoast-seo-wordpress\/ -->\n<title>Health-pass control reader (monthly rental) - Logiciel de billetterie en ligne (solution fullweb) pour th\u00e9\u00e2tres, salles de spectacle vivant, ...<\/title>\n<meta name=\"robots\" content=\"index, follow, max-snippet:-1, max-image-preview:large, max-video-preview:-1\" \/>\n<link rel=\"canonical\" href=\"https:\/\/redtaag.com\/en\/produit\/health-pass-control-reader-monthly-rental\/\" \/>\n<meta property=\"og:locale\" content=\"en_US\" \/>\n<meta property=\"og:type\" content=\"article\" \/>\n<meta property=\"og:title\" content=\"Health-pass control reader (monthly rental) - Logiciel de billetterie en ligne (solution fullweb) pour th\u00e9\u00e2tres, salles de spectacle vivant, ...\" \/>\n<meta property=\"og:description\" content=\"In order to comply with the obligation to check health passes imposed by the government, we offer you the ability to rent adapted readers.  These Android readers offer characteristics that make it possible to efficiently check passes both inside and out, over a wide range of operating hours.  We deliver the devices entirely preconfigured with the \u2018tous anti covid verif\u2019 health-pass verification app pre-installed and ready for use.\" \/>\n<meta property=\"og:url\" content=\"https:\/\/redtaag.com\/en\/produit\/health-pass-control-reader-monthly-rental\/\" \/>\n<meta property=\"og:site_name\" content=\"Logiciel de billetterie en ligne (solution fullweb) pour th\u00e9\u00e2tres, salles de spectacle vivant, ...\" \/>\n<meta property=\"og:image\" content=\"https:\/\/redtaag.com\/site-rtgv2\/wp-content\/uploads\/2021\/08\/Lecteur-de-controle-des-pass-sanitaires-grande-autonomie.jpg\" \/>\n\t<meta property=\"og:image:width\" content=\"1200\" \/>\n\t<meta property=\"og:image:height\" content=\"1435\" \/>\n\t<meta property=\"og:image:type\" content=\"image\/jpeg\" \/>\n<meta name=\"twitter:card\" content=\"summary_large_image\" \/>\n<script type=\"application\/ld+json\" class=\"yoast-schema-graph\">{\"@context\":\"https:\\\/\\\/schema.org\",\"@graph\":[{\"@type\":\"WebPage\",\"@id\":\"https:\\\/\\\/redtaag.com\\\/en\\\/produit\\\/health-pass-control-reader-monthly-rental\\\/\",\"url\":\"https:\\\/\\\/redtaag.com\\\/en\\\/produit\\\/health-pass-control-reader-monthly-rental\\\/\",\"name\":\"Health-pass control reader (monthly rental) - Logiciel de billetterie en ligne (solution fullweb) pour th\u00e9\u00e2tres, salles de spectacle vivant, ...\",\"isPartOf\":{\"@id\":\"https:\\\/\\\/redtaag.com\\\/en\\\/#website\"},\"primaryImageOfPage\":{\"@id\":\"https:\\\/\\\/redtaag.com\\\/en\\\/produit\\\/health-pass-control-reader-monthly-rental\\\/#primaryimage\"},\"image\":{\"@id\":\"https:\\\/\\\/redtaag.com\\\/en\\\/produit\\\/health-pass-control-reader-monthly-rental\\\/#primaryimage\"},\"thumbnailUrl\":\"https:\\\/\\\/i0.wp.com\\\/redtaag.com\\\/site-rtgv2\\\/wp-content\\\/uploads\\\/2021\\\/08\\\/Lecteur-de-controle-des-pass-sanitaires-grande-autonomie.jpg?fit=1200%2C1435&ssl=1\",\"datePublished\":\"2021-08-19T16:31:20+00:00\",\"breadcrumb\":{\"@id\":\"https:\\\/\\\/redtaag.com\\\/en\\\/produit\\\/health-pass-control-reader-monthly-rental\\\/#breadcrumb\"},\"inLanguage\":\"en-US\",\"potentialAction\":[{\"@type\":\"ReadAction\",\"target\":[\"https:\\\/\\\/redtaag.com\\\/en\\\/produit\\\/health-pass-control-reader-monthly-rental\\\/\"]}]},{\"@type\":\"ImageObject\",\"inLanguage\":\"en-US\",\"@id\":\"https:\\\/\\\/redtaag.com\\\/en\\\/produit\\\/health-pass-control-reader-monthly-rental\\\/#primaryimage\",\"url\":\"https:\\\/\\\/i0.wp.com\\\/redtaag.com\\\/site-rtgv2\\\/wp-content\\\/uploads\\\/2021\\\/08\\\/Lecteur-de-controle-des-pass-sanitaires-grande-autonomie.jpg?fit=1200%2C1435&ssl=1\",\"contentUrl\":\"https:\\\/\\\/i0.wp.com\\\/redtaag.com\\\/site-rtgv2\\\/wp-content\\\/uploads\\\/2021\\\/08\\\/Lecteur-de-controle-des-pass-sanitaires-grande-autonomie.jpg?fit=1200%2C1435&ssl=1\",\"width\":1200,\"height\":1435,\"caption\":\"Lecteur-de-contr\u00f4le-des-pass-sanitaires-grande-autonomie\"},{\"@type\":\"BreadcrumbList\",\"@id\":\"https:\\\/\\\/redtaag.com\\\/en\\\/produit\\\/health-pass-control-reader-monthly-rental\\\/#breadcrumb\",\"itemListElement\":[{\"@type\":\"ListItem\",\"position\":1,\"name\":\"Accueil\",\"item\":\"https:\\\/\\\/redtaag.com\\\/en\\\/?lang=en\"},{\"@type\":\"ListItem\",\"position\":2,\"name\":\"Boutique\",\"item\":\"https:\\\/\\\/redtaag.com\\\/boutique\\\/\"},{\"@type\":\"ListItem\",\"position\":3,\"name\":\"Health-pass control reader (monthly rental)\"}]},{\"@type\":\"WebSite\",\"@id\":\"https:\\\/\\\/redtaag.com\\\/en\\\/#website\",\"url\":\"https:\\\/\\\/redtaag.com\\\/en\\\/\",\"name\":\"Logiciel de billetterie en ligne (solution fullweb) pour th\u00e9\u00e2tres, salles de spectacle vivant, ...\",\"description\":\"Logiciel de billetterie fullweb connect\u00e9 \u00e0 votre banque ou au tr\u00e9sor public\",\"publisher\":{\"@id\":\"https:\\\/\\\/redtaag.com\\\/en\\\/#organization\"},\"potentialAction\":[{\"@type\":\"SearchAction\",\"target\":{\"@type\":\"EntryPoint\",\"urlTemplate\":\"https:\\\/\\\/redtaag.com\\\/en\\\/?s={search_term_string}\"},\"query-input\":{\"@type\":\"PropertyValueSpecification\",\"valueRequired\":true,\"valueName\":\"search_term_string\"}}],\"inLanguage\":\"en-US\"},{\"@type\":\"Organization\",\"@id\":\"https:\\\/\\\/redtaag.com\\\/en\\\/#organization\",\"name\":\"Voodootix SAS\",\"url\":\"https:\\\/\\\/redtaag.com\\\/en\\\/\",\"logo\":{\"@type\":\"ImageObject\",\"inLanguage\":\"en-US\",\"@id\":\"https:\\\/\\\/redtaag.com\\\/en\\\/#\\\/schema\\\/logo\\\/image\\\/\",\"url\":\"https:\\\/\\\/i2.wp.com\\\/redtaag.com\\\/site-rtgv2\\\/wp-content\\\/uploads\\\/2019\\\/06\\\/redtaag_logo_dark.png?fit=328%2C47&ssl=1\",\"contentUrl\":\"https:\\\/\\\/i2.wp.com\\\/redtaag.com\\\/site-rtgv2\\\/wp-content\\\/uploads\\\/2019\\\/06\\\/redtaag_logo_dark.png?fit=328%2C47&ssl=1\",\"width\":328,\"height\":47,\"caption\":\"Voodootix SAS\"},\"image\":{\"@id\":\"https:\\\/\\\/redtaag.com\\\/en\\\/#\\\/schema\\\/logo\\\/image\\\/\"}}]}<\/script>\n<!-- \/ Yoast SEO plugin. -->","yoast_head_json":{"title":"Health-pass control reader (monthly rental) - Logiciel de billetterie en ligne (solution fullweb) pour th\u00e9\u00e2tres, salles de spectacle vivant, ...","robots":{"index":"index","follow":"follow","max-snippet":"max-snippet:-1","max-image-preview":"max-image-preview:large","max-video-preview":"max-video-preview:-1"},"canonical":"https:\/\/redtaag.com\/en\/produit\/health-pass-control-reader-monthly-rental\/","og_locale":"en_US","og_type":"article","og_title":"Health-pass control reader (monthly rental) - Logiciel de billetterie en ligne (solution fullweb) pour th\u00e9\u00e2tres, salles de spectacle vivant, ...","og_description":"In order to comply with the obligation to check health passes imposed by the government, we offer you the ability to rent adapted readers.  These Android readers offer characteristics that make it possible to efficiently check passes both inside and out, over a wide range of operating hours.  We deliver the devices entirely preconfigured with the \u2018tous anti covid verif\u2019 health-pass verification app pre-installed and ready for use.","og_url":"https:\/\/redtaag.com\/en\/produit\/health-pass-control-reader-monthly-rental\/","og_site_name":"Logiciel de billetterie en ligne (solution fullweb) pour th\u00e9\u00e2tres, salles de spectacle vivant, ...","og_image":[{"width":1200,"height":1435,"url":"https:\/\/redtaag.com\/site-rtgv2\/wp-content\/uploads\/2021\/08\/Lecteur-de-controle-des-pass-sanitaires-grande-autonomie.jpg","type":"image\/jpeg"}],"twitter_card":"summary_large_image","schema":{"@context":"https:\/\/schema.org","@graph":[{"@type":"WebPage","@id":"https:\/\/redtaag.com\/en\/produit\/health-pass-control-reader-monthly-rental\/","url":"https:\/\/redtaag.com\/en\/produit\/health-pass-control-reader-monthly-rental\/","name":"Health-pass control reader (monthly rental) - Logiciel de billetterie en ligne (solution fullweb) pour th\u00e9\u00e2tres, salles de spectacle vivant, ...","isPartOf":{"@id":"https:\/\/redtaag.com\/en\/#website"},"primaryImageOfPage":{"@id":"https:\/\/redtaag.com\/en\/produit\/health-pass-control-reader-monthly-rental\/#primaryimage"},"image":{"@id":"https:\/\/redtaag.com\/en\/produit\/health-pass-control-reader-monthly-rental\/#primaryimage"},"thumbnailUrl":"https:\/\/i0.wp.com\/redtaag.com\/site-rtgv2\/wp-content\/uploads\/2021\/08\/Lecteur-de-controle-des-pass-sanitaires-grande-autonomie.jpg?fit=1200%2C1435&ssl=1","datePublished":"2021-08-19T16:31:20+00:00","breadcrumb":{"@id":"https:\/\/redtaag.com\/en\/produit\/health-pass-control-reader-monthly-rental\/#breadcrumb"},"inLanguage":"en-US","potentialAction":[{"@type":"ReadAction","target":["https:\/\/redtaag.com\/en\/produit\/health-pass-control-reader-monthly-rental\/"]}]},{"@type":"ImageObject","inLanguage":"en-US","@id":"https:\/\/redtaag.com\/en\/produit\/health-pass-control-reader-monthly-rental\/#primaryimage","url":"https:\/\/i0.wp.com\/redtaag.com\/site-rtgv2\/wp-content\/uploads\/2021\/08\/Lecteur-de-controle-des-pass-sanitaires-grande-autonomie.jpg?fit=1200%2C1435&ssl=1","contentUrl":"https:\/\/i0.wp.com\/redtaag.com\/site-rtgv2\/wp-content\/uploads\/2021\/08\/Lecteur-de-controle-des-pass-sanitaires-grande-autonomie.jpg?fit=1200%2C1435&ssl=1","width":1200,"height":1435,"caption":"Lecteur-de-contr\u00f4le-des-pass-sanitaires-grande-autonomie"},{"@type":"BreadcrumbList","@id":"https:\/\/redtaag.com\/en\/produit\/health-pass-control-reader-monthly-rental\/#breadcrumb","itemListElement":[{"@type":"ListItem","position":1,"name":"Accueil","item":"https:\/\/redtaag.com\/en\/?lang=en"},{"@type":"ListItem","position":2,"name":"Boutique","item":"https:\/\/redtaag.com\/boutique\/"},{"@type":"ListItem","position":3,"name":"Health-pass control reader (monthly rental)"}]},{"@type":"WebSite","@id":"https:\/\/redtaag.com\/en\/#website","url":"https:\/\/redtaag.com\/en\/","name":"Logiciel de billetterie en ligne (solution fullweb) pour th\u00e9\u00e2tres, salles de spectacle vivant, ...","description":"Logiciel de billetterie fullweb connect\u00e9 \u00e0 votre banque ou au tr\u00e9sor public","publisher":{"@id":"https:\/\/redtaag.com\/en\/#organization"},"potentialAction":[{"@type":"SearchAction","target":{"@type":"EntryPoint","urlTemplate":"https:\/\/redtaag.com\/en\/?s={search_term_string}"},"query-input":{"@type":"PropertyValueSpecification","valueRequired":true,"valueName":"search_term_string"}}],"inLanguage":"en-US"},{"@type":"Organization","@id":"https:\/\/redtaag.com\/en\/#organization","name":"Voodootix SAS","url":"https:\/\/redtaag.com\/en\/","logo":{"@type":"ImageObject","inLanguage":"en-US","@id":"https:\/\/redtaag.com\/en\/#\/schema\/logo\/image\/","url":"https:\/\/i2.wp.com\/redtaag.com\/site-rtgv2\/wp-content\/uploads\/2019\/06\/redtaag_logo_dark.png?fit=328%2C47&ssl=1","contentUrl":"https:\/\/i2.wp.com\/redtaag.com\/site-rtgv2\/wp-content\/uploads\/2019\/06\/redtaag_logo_dark.png?fit=328%2C47&ssl=1","width":328,"height":47,"caption":"Voodootix SAS"},"image":{"@id":"https:\/\/redtaag.com\/en\/#\/schema\/logo\/image\/"}}]}},"jetpack_sharing_enabled":true,"_links":{"self":[{"href":"https:\/\/redtaag.com\/en\/wp-json\/wp\/v2\/product\/2307","targetHints":{"allow":["GET"]}}],"collection":[{"href":"https:\/\/redtaag.com\/en\/wp-json\/wp\/v2\/product"}],"about":[{"href":"https:\/\/redtaag.com\/en\/wp-json\/wp\/v2\/types\/product"}],"replies":[{"embeddable":true,"href":"https:\/\/redtaag.com\/en\/wp-json\/wp\/v2\/comments?post=2307"}],"wp:featuredmedia":[{"embeddable":true,"href":"https:\/\/redtaag.com\/en\/wp-json\/wp\/v2\/media\/1818"}],"wp:attachment":[{"href":"https:\/\/redtaag.com\/en\/wp-json\/wp\/v2\/media?parent=2307"}],"wp:term":[{"taxonomy":"product_brand","embeddable":true,"href":"https:\/\/redtaag.com\/en\/wp-json\/wp\/v2\/product_brand?post=2307"},{"taxonomy":"product_cat","embeddable":true,"href":"https:\/\/redtaag.com\/en\/wp-json\/wp\/v2\/product_cat?post=2307"},{"taxonomy":"product_tag","embeddable":true,"href":"https:\/\/redtaag.com\/en\/wp-json\/wp\/v2\/product_tag?post=2307"}],"curies":[{"name":"wp","href":"https:\/\/api.w.org\/{rel}","templated":true}]}}